{"id":25174,"date":"2021-10-20T12:35:15","date_gmt":"2021-10-20T11:35:15","guid":{"rendered":"https:\/\/solupak.eu\/?page_id=25174"},"modified":"2021-10-25T10:22:01","modified_gmt":"2021-10-25T09:22:01","slug":"benefits-checklist","status":"publish","type":"page","link":"https:\/\/solupak.eu\/sk\/benefits-checklist\/","title":{"rendered":"Kontroln\u00fd zoznam v\u00fdhod"},"content":{"rendered":"<table>\n<thead>\n<tr>\n\n<th>Solupak<\/th>\n<th>Tekut\u00e9 vrec\u00fa\u0161ka<\/th>\n<th>Lisovan\u00e9 tablety<\/th>\n<th>Chemik\u00e1lie RTU<\/th>\n<th>Tekut\u00e9 koncentr\u00e1ty<\/th>\n<th>D\u00e1vkovacie f\u013ea\u0161e<\/th>\n<\/tr>\n<\/thead>\n<tbody>\n<tr>\n<th>Pripraven\u00e9 za nieko\u013eko sek\u00fand<\/th>\n\n\n\n\n\n\n<\/tr>\n<tr>\n<th>Kontrolovan\u00e9 n\u00e1klady<\/th>\n\n\n\n\n\n\n<\/tr>\n<tr>\n<th>\u017diadna prepravn\u00e1 voda<\/th>\n\n\n\n\n\n\n<\/tr>\n<tr>\n<th>N\u00edzke riziko ru\u010dnej manipul\u00e1cie<\/th>\n\n\n\n\n\n\n<\/tr>\n<tr>\n<th>Op\u00e4tovn\u00e9 pou\u017eitie flia\u0161<\/th>\n\n\n\n\n\n\n<\/tr>\n<tr>\n<th>\u017diadne probl\u00e9my so zam\u0155zan\u00edm<\/th>\n\n\n\n\n\n\n<\/tr>\n<tr>\n<th>Nulov\u00fd kontakt s chemik\u00e1liami<\/th>\n\n\n\n\n\n\n<\/tr>\n<tr>\n<th>\u017diadna \u00fadr\u017eba<\/th>\n\n\n\n\n\n\n<\/tr>\n<tr>\n<th>\u017diadne riziko rozliatia<\/th>\n\n\n\n\n\n\n<\/tr>\n<tr>\n<th>Zn\u00ed\u017eenie skladovania<\/th>\n\n\n\n\n\n\n<\/tr>\n<tr>\n<th>Zn\u00ed\u017eenie dopravy<\/th>\n\n\n\n\n\n\n<\/tr>\n<tr>\n<th>V\u017edy dokonal\u00e1 d\u00e1vka<\/th>\n\n\n\n\n\n\n<\/tr>\n<tr>\n<th>Robustn\u00fd dizajn<\/th>\n\n\n\n\n\n\n<\/tr>\n<\/tbody><\/table>","protected":false},"excerpt":{"rendered":"<p>Solupak Liquid sachets Compressed tablets RTU chemicals Liquid concentrates Dosing bottles Ready in seconds Cost controlled No shipping water Low manual handling risk Reuse bottles No freezing issues Zero Chemical contact No maintenance No Spillage risk Reduction of storage Reduction of transport Perfect dose every time Robust design<\/p>","protected":false},"author":1,"featured_media":0,"parent":0,"menu_order":0,"comment_status":"closed","ping_status":"closed","template":"","meta":[],"yoast_head":"<!-- This site is optimized with the Yoast SEO plugin v19.7.2 - https:\/\/yoast.com\/wordpress\/plugins\/seo\/ -->\n<title>Benefits Checklist - Solupak<\/title>\n<meta name=\"robots\" content=\"index, follow, max-snippet:-1, max-image-preview:large, max-video-preview:-1\" \/>\n<link rel=\"canonical\" href=\"https:\/\/solupak.eu\/sk\/benefits-checklist\/\" \/>\n<meta property=\"og:locale\" content=\"sk_SK\" \/>\n<meta property=\"og:type\" content=\"article\" \/>\n<meta property=\"og:title\" content=\"Benefits Checklist - Solupak\" \/>\n<meta property=\"og:description\" content=\"Solupak Liquid sachets Compressed tablets RTU chemicals Liquid concentrates Dosing bottles Ready in seconds Cost controlled No shipping water Low manual handling risk Reuse bottles No freezing issues Zero Chemical contact No maintenance No Spillage risk Reduction of storage Reduction of transport Perfect dose every time Robust design\" \/>\n<meta property=\"og:url\" content=\"https:\/\/solupak.eu\/sk\/benefits-checklist\/\" \/>\n<meta property=\"og:site_name\" content=\"Solupak\" \/>\n<meta property=\"article:modified_time\" content=\"2021-10-25T09:22:01+00:00\" \/>\n<meta name=\"twitter:card\" content=\"summary_large_image\" \/>\n<script type=\"application\/ld+json\" class=\"yoast-schema-graph\">{\"@context\":\"https:\/\/schema.org\",\"@graph\":[{\"@type\":\"WebPage\",\"@id\":\"https:\/\/solupak.eu\/es\/benefits-checklist\/\",\"url\":\"https:\/\/solupak.eu\/es\/benefits-checklist\/\",\"name\":\"Benefits Checklist - Solupak\",\"isPartOf\":{\"@id\":\"https:\/\/solupak.eu\/#website\"},\"datePublished\":\"2021-10-20T11:35:15+00:00\",\"dateModified\":\"2021-10-25T09:22:01+00:00\",\"breadcrumb\":{\"@id\":\"https:\/\/solupak.eu\/es\/benefits-checklist\/#breadcrumb\"},\"inLanguage\":\"sk-SK\",\"potentialAction\":[{\"@type\":\"ReadAction\",\"target\":[\"https:\/\/solupak.eu\/es\/benefits-checklist\/\"]}]},{\"@type\":\"BreadcrumbList\",\"@id\":\"https:\/\/solupak.eu\/es\/benefits-checklist\/#breadcrumb\",\"itemListElement\":[{\"@type\":\"ListItem\",\"position\":1,\"name\":\"Home\",\"item\":\"https:\/\/solupak.eu\/\"},{\"@type\":\"ListItem\",\"position\":2,\"name\":\"Benefits Checklist\"}]},{\"@type\":\"WebSite\",\"@id\":\"https:\/\/solupak.eu\/#website\",\"url\":\"https:\/\/solupak.eu\/\",\"name\":\"Solupak\",\"description\":\"...just add water\",\"potentialAction\":[{\"@type\":\"SearchAction\",\"target\":{\"@type\":\"EntryPoint\",\"urlTemplate\":\"https:\/\/solupak.eu\/?s={search_term_string}\"},\"query-input\":\"required name=search_term_string\"}],\"inLanguage\":\"sk-SK\"}]}<\/script>\n<!-- \/ Yoast SEO plugin. -->","yoast_head_json":{"title":"Benefits Checklist - Solupak","robots":{"index":"index","follow":"follow","max-snippet":"max-snippet:-1","max-image-preview":"max-image-preview:large","max-video-preview":"max-video-preview:-1"},"canonical":"https:\/\/solupak.eu\/sk\/benefits-checklist\/","og_locale":"sk_SK","og_type":"article","og_title":"Benefits Checklist - Solupak","og_description":"Solupak Liquid sachets Compressed tablets RTU chemicals Liquid concentrates Dosing bottles Ready in seconds Cost controlled No shipping water Low manual handling risk Reuse bottles No freezing issues Zero Chemical contact No maintenance No Spillage risk Reduction of storage Reduction of transport Perfect dose every time Robust design","og_url":"https:\/\/solupak.eu\/sk\/benefits-checklist\/","og_site_name":"Solupak","article_modified_time":"2021-10-25T09:22:01+00:00","twitter_card":"summary_large_image","schema":{"@context":"https:\/\/schema.org","@graph":[{"@type":"WebPage","@id":"https:\/\/solupak.eu\/es\/benefits-checklist\/","url":"https:\/\/solupak.eu\/es\/benefits-checklist\/","name":"Benefits Checklist - Solupak","isPartOf":{"@id":"https:\/\/solupak.eu\/#website"},"datePublished":"2021-10-20T11:35:15+00:00","dateModified":"2021-10-25T09:22:01+00:00","breadcrumb":{"@id":"https:\/\/solupak.eu\/es\/benefits-checklist\/#breadcrumb"},"inLanguage":"sk-SK","potentialAction":[{"@type":"ReadAction","target":["https:\/\/solupak.eu\/es\/benefits-checklist\/"]}]},{"@type":"BreadcrumbList","@id":"https:\/\/solupak.eu\/es\/benefits-checklist\/#breadcrumb","itemListElement":[{"@type":"ListItem","position":1,"name":"Home","item":"https:\/\/solupak.eu\/"},{"@type":"ListItem","position":2,"name":"Benefits Checklist"}]},{"@type":"WebSite","@id":"https:\/\/solupak.eu\/#website","url":"https:\/\/solupak.eu\/","name":"Solupak","description":"...just add water","potentialAction":[{"@type":"SearchAction","target":{"@type":"EntryPoint","urlTemplate":"https:\/\/solupak.eu\/?s={search_term_string}"},"query-input":"required name=search_term_string"}],"inLanguage":"sk-SK"}]}},"_links":{"self":[{"href":"https:\/\/solupak.eu\/sk\/wp-json\/wp\/v2\/pages\/25174"}],"collection":[{"href":"https:\/\/solupak.eu\/sk\/wp-json\/wp\/v2\/pages"}],"about":[{"href":"https:\/\/solupak.eu\/sk\/wp-json\/wp\/v2\/types\/page"}],"author":[{"embeddable":true,"href":"https:\/\/solupak.eu\/sk\/wp-json\/wp\/v2\/users\/1"}],"replies":[{"embeddable":true,"href":"https:\/\/solupak.eu\/sk\/wp-json\/wp\/v2\/comments?post=25174"}],"version-history":[{"count":5,"href":"https:\/\/solupak.eu\/sk\/wp-json\/wp\/v2\/pages\/25174\/revisions"}],"predecessor-version":[{"id":25632,"href":"https:\/\/solupak.eu\/sk\/wp-json\/wp\/v2\/pages\/25174\/revisions\/25632"}],"wp:attachment":[{"href":"https:\/\/solupak.eu\/sk\/wp-json\/wp\/v2\/media?parent=25174"}],"curies":[{"name":"wp","href":"https:\/\/api.w.org\/{rel}","templated":true}]}}