{"id":22097,"date":"2021-09-19T18:01:59","date_gmt":"2021-09-19T17:01:59","guid":{"rendered":"https:\/\/solupak.eu\/?page_id=22097"},"modified":"2021-10-01T13:21:22","modified_gmt":"2021-10-01T12:21:22","slug":"distributor-scheme","status":"publish","type":"page","link":"https:\/\/solupak.eu\/sk\/distributor-scheme\/","title":{"rendered":"Distribu\u010dn\u00fd syst\u00e9m"},"content":{"rendered":"<h1>Zdie\u013eajte n\u00e1\u0161 \u00e9tos a z\u00edskajte odmenu<\/h1>\n<p>Spolo\u010dnos\u0165 Solupak je postaven\u00e1 na princ\u00edpoch zodpovednej v\u00fdroby s vysokokvalitn\u00fdmi v\u00fdrobkami a slu\u017ebami, ktor\u00e9 pom\u00e1haj\u00fa podnikom, s ktor\u00fdmi spolupracujeme, zni\u017eova\u0165 ich vplyv na \u017eivotn\u00e9 prostredie a z\u00e1rove\u0148 robi\u0165 nulov\u00e9 kompromisy vo\u010di svojim z\u00e1kazn\u00edkom.<\/p>\n\t\t\t\t<img loading=\"lazy\" src=\"https:\/\/solupak.eu\/wp-content\/uploads\/2021\/09\/SoluPak_-_Distributor_awards_1@4x-1.png\" alt=\"SoluPak_-_Distributor_awards_1@4x (1)\" itemprop=\"image\" height=\"400\" width=\"1000\" title=\"SoluPak_-_Distributor_awards_1@4x (1)\" onerror=\"this.style.display='none'\"  \/>\n\t<h2>\u017diadan\u00fd syst\u00e9m distrib\u00fatorov<\/h2>\n<p>Na\u0161\u00edm cie\u013eom je spolupracova\u0165 s partnermi, ktor\u00ed poskytuj\u00fa koncov\u00fdm pou\u017e\u00edvate\u013eom vysokokvalitn\u00e9 v\u00fdrobky s vynikaj\u00facimi slu\u017ebami a preukazuj\u00fa z\u00e1v\u00e4zok k udr\u017eate\u013en\u00e9mu a zodpovedn\u00e9mu podnikaniu. Program Desirable Distributor Scheme odme\u0148uje distrib\u00fatorov, ktor\u00ed plnia tieto \u017eelate\u013en\u00e9 obchodn\u00e9 z\u00e1v\u00e4zky.<\/p>\n    <a href=\"https:\/\/solupak.eu\/sk\/contact\/\" target=\"_self\" rel=\"noopener noreferrer\">\n      Zistite viac\n    <\/a>\n\t\t\t\t<img loading=\"lazy\" src=\"https:\/\/solupak.eu\/wp-content\/uploads\/2021\/09\/SoluPak_-_Distributor_awards_2@4x-1.png\" alt=\"SoluPak_-_Distributor_awards_2@4x (1)\" itemprop=\"image\" height=\"699\" width=\"1000\" title=\"SoluPak_-_Distributor_awards_2@4x (1)\" onerror=\"this.style.display='none'\"  \/>\n\t\t\t\t<img loading=\"lazy\" src=\"https:\/\/solupak.eu\/wp-content\/uploads\/2020\/11\/shapes-flipped-2.png\" alt=\"shapes-flipped-2\" itemprop=\"image\" height=\"413\" width=\"2471\" title=\"tvary-obr\u00e1ten\u00e9-2\" onerror=\"this.style.display='none'\"  \/>\n\t\t\t\t<img loading=\"lazy\" src=\"https:\/\/solupak.eu\/wp-content\/uploads\/2021\/03\/Trigger-bottles-1024x599.png\" alt=\"Trigger-bottles\" itemprop=\"image\" height=\"599\" width=\"1024\" title=\"Sp\u00fa\u0161\u0165acie f\u013ea\u0161e\" onerror=\"this.style.display='none'\"  \/>\n\t<h1>Sta\u0148te sa \u017eiadan\u00fdm distrib\u00fatorom<\/h1>\n<p>Existuj\u00fa \u0161tyri vzostupn\u00e9 \u00farovne odmien, od bronzovej cez strieborn\u00fa, zlat\u00fa a platinov\u00fa. Ke\u010f distrib\u00fator zv\u00fd\u0161i objem svojich z\u00e1v\u00e4zkov vo\u010di etike spolo\u010dnosti Solupak a pou\u017e\u00edvaniu v\u00fdrobkov, post\u00fapi na vy\u0161\u0161iu \u00farove\u0148 odme\u0148ovania a z\u00edska \u010fal\u0161ie v\u00fdhody pre svoje podnikanie.<\/p>\n<p>&nbsp;<\/p>\n<p>Ak m\u00e1te z\u00e1ujem o viac inform\u00e1ci\u00ed o tom, ako sa sta\u0165 \u017eiadan\u00fdm distrib\u00fatorom spolo\u010dnosti Solupak, vypl\u0148te pros\u00edm kontaktn\u00fd formul\u00e1r ni\u017e\u0161ie a my v\u00e1s budeme kontaktova\u0165.<\/p>\n    <a href=\"https:\/\/solupak.eu\/sk\/contact\/\" target=\"_self\" rel=\"noopener noreferrer\">\n      Kontaktujte n\u00e1s\n    <\/a>","protected":false},"excerpt":{"rendered":"<p>Zdie\u013eajte n\u00e1\u0161 \u00e9tos a z\u00edskajte odmenu Spolo\u010dnos\u0165 Solupak je postaven\u00e1 na princ\u00edpoch zodpovednej v\u00fdroby s vysokokvalitn\u00fdmi v\u00fdrobkami a slu\u017ebami, ktor\u00e9 pom\u00e1haj\u00fa podnikom, s ktor\u00fdmi spolupracujeme, zni\u017eova\u0165 ich vplyv na \u017eivotn\u00e9 prostredie a z\u00e1rove\u0148 nerobi\u0165 \u017eiadne kompromisy vo\u010di svojim z\u00e1kazn\u00edkom. \u017diadan\u00fd distribu\u010dn\u00fd program Na\u0161\u00edm cie\u013eom je spolupracova\u0165 s partnermi, ktor\u00ed poskytuj\u00fa koncov\u00e9...<\/p>","protected":false},"author":1,"featured_media":0,"parent":0,"menu_order":0,"comment_status":"closed","ping_status":"closed","template":"","meta":[],"yoast_head":"<!-- This site is optimized with the Yoast SEO plugin v19.7.2 - https:\/\/yoast.com\/wordpress\/plugins\/seo\/ -->\n<title>Distributor Scheme - Solupak<\/title>\n<meta name=\"robots\" content=\"index, follow, max-snippet:-1, max-image-preview:large, max-video-preview:-1\" \/>\n<link rel=\"canonical\" href=\"https:\/\/solupak.eu\/sk\/distributor-scheme\/\" \/>\n<meta property=\"og:locale\" content=\"sk_SK\" \/>\n<meta property=\"og:type\" content=\"article\" \/>\n<meta property=\"og:title\" content=\"Distributor Scheme - Solupak\" \/>\n<meta property=\"og:description\" content=\"Share our ethos and reap the rewards Solupak is built on principles of responsible manufacturing with high quality products and service that help the businesses we work with to reduce their impact on the environment whilst making zero compromise to their customers. Desirable Distributor Scheme Our aim is to work with partners who provide end&hellip;\" \/>\n<meta property=\"og:url\" content=\"https:\/\/solupak.eu\/sk\/distributor-scheme\/\" \/>\n<meta property=\"og:site_name\" content=\"Solupak\" \/>\n<meta property=\"article:modified_time\" content=\"2021-10-01T12:21:22+00:00\" \/>\n<meta property=\"og:image\" content=\"https:\/\/solupak.eu\/wp-content\/uploads\/2021\/09\/SoluPak_-_Distributor_awards_1@4x-1.png\" \/>\n<meta name=\"twitter:card\" content=\"summary_large_image\" \/>\n<meta name=\"twitter:label1\" content=\"Predpokladan\u00fd \u010das \u010d\u00edtania\" \/>\n\t<meta name=\"twitter:data1\" content=\"2 min\u00faty\" \/>\n<script type=\"application\/ld+json\" class=\"yoast-schema-graph\">{\"@context\":\"https:\/\/schema.org\",\"@graph\":[{\"@type\":\"WebPage\",\"@id\":\"https:\/\/solupak.eu\/es\/distributor-scheme\/\",\"url\":\"https:\/\/solupak.eu\/es\/distributor-scheme\/\",\"name\":\"Distributor Scheme - Solupak\",\"isPartOf\":{\"@id\":\"https:\/\/solupak.eu\/#website\"},\"datePublished\":\"2021-09-19T17:01:59+00:00\",\"dateModified\":\"2021-10-01T12:21:22+00:00\",\"breadcrumb\":{\"@id\":\"https:\/\/solupak.eu\/es\/distributor-scheme\/#breadcrumb\"},\"inLanguage\":\"sk-SK\",\"potentialAction\":[{\"@type\":\"ReadAction\",\"target\":[\"https:\/\/solupak.eu\/es\/distributor-scheme\/\"]}]},{\"@type\":\"BreadcrumbList\",\"@id\":\"https:\/\/solupak.eu\/es\/distributor-scheme\/#breadcrumb\",\"itemListElement\":[{\"@type\":\"ListItem\",\"position\":1,\"name\":\"Home\",\"item\":\"https:\/\/solupak.eu\/\"},{\"@type\":\"ListItem\",\"position\":2,\"name\":\"Distributor Scheme\"}]},{\"@type\":\"WebSite\",\"@id\":\"https:\/\/solupak.eu\/#website\",\"url\":\"https:\/\/solupak.eu\/\",\"name\":\"Solupak\",\"description\":\"...just add water\",\"potentialAction\":[{\"@type\":\"SearchAction\",\"target\":{\"@type\":\"EntryPoint\",\"urlTemplate\":\"https:\/\/solupak.eu\/?s={search_term_string}\"},\"query-input\":\"required name=search_term_string\"}],\"inLanguage\":\"sk-SK\"}]}<\/script>\n<!-- \/ Yoast SEO plugin. -->","yoast_head_json":{"title":"Distributor Scheme - Solupak","robots":{"index":"index","follow":"follow","max-snippet":"max-snippet:-1","max-image-preview":"max-image-preview:large","max-video-preview":"max-video-preview:-1"},"canonical":"https:\/\/solupak.eu\/sk\/distributor-scheme\/","og_locale":"sk_SK","og_type":"article","og_title":"Distributor Scheme - Solupak","og_description":"Share our ethos and reap the rewards Solupak is built on principles of responsible manufacturing with high quality products and service that help the businesses we work with to reduce their impact on the environment whilst making zero compromise to their customers. Desirable Distributor Scheme Our aim is to work with partners who provide end&hellip;","og_url":"https:\/\/solupak.eu\/sk\/distributor-scheme\/","og_site_name":"Solupak","article_modified_time":"2021-10-01T12:21:22+00:00","og_image":[{"url":"https:\/\/solupak.eu\/wp-content\/uploads\/2021\/09\/SoluPak_-_Distributor_awards_1@4x-1.png"}],"twitter_card":"summary_large_image","twitter_misc":{"Predpokladan\u00fd \u010das \u010d\u00edtania":"2 min\u00faty"},"schema":{"@context":"https:\/\/schema.org","@graph":[{"@type":"WebPage","@id":"https:\/\/solupak.eu\/es\/distributor-scheme\/","url":"https:\/\/solupak.eu\/es\/distributor-scheme\/","name":"Distributor Scheme - Solupak","isPartOf":{"@id":"https:\/\/solupak.eu\/#website"},"datePublished":"2021-09-19T17:01:59+00:00","dateModified":"2021-10-01T12:21:22+00:00","breadcrumb":{"@id":"https:\/\/solupak.eu\/es\/distributor-scheme\/#breadcrumb"},"inLanguage":"sk-SK","potentialAction":[{"@type":"ReadAction","target":["https:\/\/solupak.eu\/es\/distributor-scheme\/"]}]},{"@type":"BreadcrumbList","@id":"https:\/\/solupak.eu\/es\/distributor-scheme\/#breadcrumb","itemListElement":[{"@type":"ListItem","position":1,"name":"Home","item":"https:\/\/solupak.eu\/"},{"@type":"ListItem","position":2,"name":"Distributor Scheme"}]},{"@type":"WebSite","@id":"https:\/\/solupak.eu\/#website","url":"https:\/\/solupak.eu\/","name":"Solupak","description":"...just add water","potentialAction":[{"@type":"SearchAction","target":{"@type":"EntryPoint","urlTemplate":"https:\/\/solupak.eu\/?s={search_term_string}"},"query-input":"required name=search_term_string"}],"inLanguage":"sk-SK"}]}},"_links":{"self":[{"href":"https:\/\/solupak.eu\/sk\/wp-json\/wp\/v2\/pages\/22097"}],"collection":[{"href":"https:\/\/solupak.eu\/sk\/wp-json\/wp\/v2\/pages"}],"about":[{"href":"https:\/\/solupak.eu\/sk\/wp-json\/wp\/v2\/types\/page"}],"author":[{"embeddable":true,"href":"https:\/\/solupak.eu\/sk\/wp-json\/wp\/v2\/users\/1"}],"replies":[{"embeddable":true,"href":"https:\/\/solupak.eu\/sk\/wp-json\/wp\/v2\/comments?post=22097"}],"version-history":[{"count":14,"href":"https:\/\/solupak.eu\/sk\/wp-json\/wp\/v2\/pages\/22097\/revisions"}],"predecessor-version":[{"id":23325,"href":"https:\/\/solupak.eu\/sk\/wp-json\/wp\/v2\/pages\/22097\/revisions\/23325"}],"wp:attachment":[{"href":"https:\/\/solupak.eu\/sk\/wp-json\/wp\/v2\/media?parent=22097"}],"curies":[{"name":"wp","href":"https:\/\/api.w.org\/{rel}","templated":true}]}}