{"id":20,"date":"2020-10-23T11:48:48","date_gmt":"2020-10-23T10:48:48","guid":{"rendered":"https:\/\/solupak.eu\/?page_id=20"},"modified":"2021-03-30T11:56:31","modified_gmt":"2021-03-30T10:56:31","slug":"capabilities","status":"publish","type":"page","link":"https:\/\/solupak.eu\/sk\/capabilities\/","title":{"rendered":"Schopnosti"},"content":{"rendered":"<h1>\n\t\tRadi vyv\u00edjame rie\u0161enia\n\t<\/h1>\n\t<p>Sme v\u00fdrobcovia a inov\u00e1tori v oblasti syst\u00e9mov rozpustn\u00fdch vo vode. Prostredn\u00edctvom miestneho skladovania a distrib\u00facie udr\u017eiavame n\u00edzkouhl\u00edkov\u00fa v\u00fdrobu v Spojenom kr\u00e1\u013eovstve. Mie\u0161anie pr\u00e1\u0161kov priamo na mieste a stroje na v\u00fdrobu s\u00e1\u010dkov vyroben\u00e9 vo vlastnej r\u00e9\u017eii poskytuj\u00fa na\u0161im z\u00e1kazn\u00edkom vysok\u00fa r\u00fdchlos\u0165 v\u00fdroby.<\/p>\n<p>Zameriavame sa na to, aby sme po\u010das v\u0161etk\u00fdch na\u0161ich v\u00fdrobn\u00fdch, testovac\u00edch, recept\u00farnych a baliacich procesov zachovali mal\u00fa uhl\u00edkov\u00fa stopu (pou\u017e\u00edvame recyklovate\u013en\u00e9 obaly a opakovane pou\u017eite\u013en\u00e9 f\u013ea\u0161e) a z\u00e1rove\u0148 vyr\u00e1bali v\u00fdrobok, ktor\u00fd je bez krutosti.<\/p>\n<p>Pou\u017e\u00edvate\u013e m\u00e1 n\u00edzke riziko kontaktu s chemik\u00e1liami, minim\u00e1lnu manu\u00e1lnu manipul\u00e1ciu a jednoduch\u00e9 pou\u017e\u00edvanie \u010distiacich prostriedkov. Farba vrecka aj farba riedidla je k\u00f3dovan\u00e1 pod\u013ea BICSc. Ke\u010f\u017ee je superkoncentrovan\u00fd, nevznikaj\u00fa \u017eiadne dodato\u010dn\u00e9 n\u00e1klady na prepravu vody po krajine a na skladovanie je potrebn\u00fd ve\u013emi mal\u00fd priestor.<\/p>\n\t\t\t\t<img loading=\"lazy\" src=\"https:\/\/solupak.eu\/wp-content\/uploads\/2020\/11\/Solupak-products-web-png-1024x550.png\" alt=\"Solupak-products-web-png\" itemprop=\"image\" height=\"550\" width=\"1024\" title=\"Solupak-products-web-png\" onerror=\"this.style.display='none'\"  \/>\n\t<h2>Milujeme \u010distiace rie\u0161enia<\/h2>\n<p>Spolo\u010dnos\u0165 Solupak je jedn\u00fdm z popredn\u00fdch britsk\u00fdch odborn\u00edkov na navrhovanie a v\u00fdrobu \u010distiacich prostriedkov rozpustn\u00fdch vo vode a syst\u00e9mov na ka\u017edodenn\u00e9 \u010distenie. V\u00fdrobky sa mie\u0161aj\u00fa, vyr\u00e1baj\u00fa a balia v na\u0161ej v\u00fdrobnej a administrat\u00edvnej kancel\u00e1rii v Yorkshire a distribuuj\u00fa sa do cel\u00e9ho sveta. N\u00e1\u0161 sortiment v\u00fdrobkov na ka\u017edodenn\u00e9 \u010distenie je dostupn\u00fd prostredn\u00edctvom siete distrib\u00fatorov v Spojenom kr\u00e1\u013eovstve.<\/p>\n    <a href=\"#get-in-touch\" target=\"_self\" rel=\"noopener noreferrer\">\n    \tKontaktujte n\u00e1s\n    <\/a>\n\t<p>Medzi v\u00fdhody na\u0161ich vo vode rozpustn\u00fdch roztokov patria:<\/p>\n<p>Zn\u00ed\u017eenie logistick\u00fdch n\u00e1kladov, preto\u017ee v\u00fdrobok je vysoko koncentrovan\u00fd a nie je potrebn\u00e9 prepravova\u0165 vodu<\/p>\n<p>Kontrola porci\u00ed<\/p>\n<p>\u017diadny kontakt s chemik\u00e1liami<\/p>\n<p>Skladovanie sa zni\u017euje v\u010faka \u00fasporn\u00e9mu koncentrovan\u00e9mu d\u00e1vkovaniu Bez manu\u00e1lnej manipul\u00e1cie<\/p>\n<p>N\u00e1\u0161 priate\u013esk\u00fd a kompetentn\u00fd t\u00edm m\u00f4\u017eete kontaktova\u0165 na \u010d\u00edsle 44 (0) 1924 565120<\/p>\n    <a href=\"#\" target=\"\" rel=\"noopener noreferrer\">\n    \tPozrite si na\u0161u ponuku produktov\n    <\/a>\n\t\t\t\t<img loading=\"lazy\" src=\"https:\/\/solupak.eu\/wp-content\/uploads\/2021\/03\/All-purpose_cleaner.png\" alt=\"All-purpose_cleaner\" itemprop=\"image\" height=\"1359\" width=\"1000\" title=\"Univerz\u00e1lny_\u010disti\u010d\" onerror=\"this.style.display='none'\"  \/>","protected":false},"excerpt":{"rendered":"<p>Radi vyv\u00edjame rie\u0161enia Sme v\u00fdrobcovia a inov\u00e1tori v oblasti syst\u00e9mov rozpustn\u00fdch vo vode. Prostredn\u00edctvom miestneho skladovania a distrib\u00facie udr\u017eiavame n\u00edzkouhl\u00edkov\u00fa v\u00fdrobu v Spojenom kr\u00e1\u013eovstve. Mie\u0161anie pr\u00e1\u0161kov priamo na mieste a stroje na v\u00fdrobu s\u00e1\u010dkov vyroben\u00e9 vo vlastnej r\u00e9\u017eii poskytuj\u00fa na\u0161im z\u00e1kazn\u00edkom vysok\u00fa r\u00fdchlos\u0165 v\u00fdroby. Zameriavame sa na to, aby sme po\u010das celej na\u0161ej v\u00fdroby, testovania, formul\u00e1cie a balenia...<\/p>","protected":false},"author":1,"featured_media":0,"parent":0,"menu_order":0,"comment_status":"closed","ping_status":"closed","template":"","meta":[],"yoast_head":"<!-- This site is optimized with the Yoast SEO plugin v19.7.2 - https:\/\/yoast.com\/wordpress\/plugins\/seo\/ -->\n<title>Capabilities - Solupak<\/title>\n<meta name=\"robots\" content=\"index, follow, max-snippet:-1, max-image-preview:large, max-video-preview:-1\" \/>\n<link rel=\"canonical\" href=\"https:\/\/solupak.eu\/sk\/capabilities\/\" \/>\n<meta property=\"og:locale\" content=\"sk_SK\" \/>\n<meta property=\"og:type\" content=\"article\" \/>\n<meta property=\"og:title\" content=\"Capabilities - Solupak\" \/>\n<meta property=\"og:description\" content=\"We Love Developing Solutions We are manufacturers and innovators in water soluble systems. Through local warehousing and distribution we maintain low carbon manufacturing in the UK. On-site blending of powders and in-house built sachet production machinery gives our customers high speed output. We focus on ensuring that throughout all our manufacturing, testing, formulation and packaging&hellip;\" \/>\n<meta property=\"og:url\" content=\"https:\/\/solupak.eu\/sk\/capabilities\/\" \/>\n<meta property=\"og:site_name\" content=\"Solupak\" \/>\n<meta property=\"article:modified_time\" content=\"2021-03-30T10:56:31+00:00\" \/>\n<meta property=\"og:image\" content=\"https:\/\/solupak.eu\/wp-content\/uploads\/2020\/11\/Solupak-products-web-png-1024x550.png\" \/>\n<meta name=\"twitter:card\" content=\"summary_large_image\" \/>\n<meta name=\"twitter:label1\" content=\"Predpokladan\u00fd \u010das \u010d\u00edtania\" \/>\n\t<meta name=\"twitter:data1\" content=\"1 min\u00fata\" \/>\n<script type=\"application\/ld+json\" class=\"yoast-schema-graph\">{\"@context\":\"https:\/\/schema.org\",\"@graph\":[{\"@type\":\"WebPage\",\"@id\":\"https:\/\/solupak.eu\/capabilities\/\",\"url\":\"https:\/\/solupak.eu\/capabilities\/\",\"name\":\"Capabilities - Solupak\",\"isPartOf\":{\"@id\":\"https:\/\/solupak.eu\/#website\"},\"datePublished\":\"2020-10-23T10:48:48+00:00\",\"dateModified\":\"2021-03-30T10:56:31+00:00\",\"breadcrumb\":{\"@id\":\"https:\/\/solupak.eu\/capabilities\/#breadcrumb\"},\"inLanguage\":\"sk-SK\",\"potentialAction\":[{\"@type\":\"ReadAction\",\"target\":[\"https:\/\/solupak.eu\/capabilities\/\"]}]},{\"@type\":\"BreadcrumbList\",\"@id\":\"https:\/\/solupak.eu\/capabilities\/#breadcrumb\",\"itemListElement\":[{\"@type\":\"ListItem\",\"position\":1,\"name\":\"Home\",\"item\":\"https:\/\/solupak.eu\/\"},{\"@type\":\"ListItem\",\"position\":2,\"name\":\"Capabilities\"}]},{\"@type\":\"WebSite\",\"@id\":\"https:\/\/solupak.eu\/#website\",\"url\":\"https:\/\/solupak.eu\/\",\"name\":\"Solupak\",\"description\":\"...just add water\",\"potentialAction\":[{\"@type\":\"SearchAction\",\"target\":{\"@type\":\"EntryPoint\",\"urlTemplate\":\"https:\/\/solupak.eu\/?s={search_term_string}\"},\"query-input\":\"required name=search_term_string\"}],\"inLanguage\":\"sk-SK\"}]}<\/script>\n<!-- \/ Yoast SEO plugin. -->","yoast_head_json":{"title":"Capabilities - Solupak","robots":{"index":"index","follow":"follow","max-snippet":"max-snippet:-1","max-image-preview":"max-image-preview:large","max-video-preview":"max-video-preview:-1"},"canonical":"https:\/\/solupak.eu\/sk\/capabilities\/","og_locale":"sk_SK","og_type":"article","og_title":"Capabilities - Solupak","og_description":"We Love Developing Solutions We are manufacturers and innovators in water soluble systems. Through local warehousing and distribution we maintain low carbon manufacturing in the UK. On-site blending of powders and in-house built sachet production machinery gives our customers high speed output. We focus on ensuring that throughout all our manufacturing, testing, formulation and packaging&hellip;","og_url":"https:\/\/solupak.eu\/sk\/capabilities\/","og_site_name":"Solupak","article_modified_time":"2021-03-30T10:56:31+00:00","og_image":[{"url":"https:\/\/solupak.eu\/wp-content\/uploads\/2020\/11\/Solupak-products-web-png-1024x550.png"}],"twitter_card":"summary_large_image","twitter_misc":{"Predpokladan\u00fd \u010das \u010d\u00edtania":"1 min\u00fata"},"schema":{"@context":"https:\/\/schema.org","@graph":[{"@type":"WebPage","@id":"https:\/\/solupak.eu\/capabilities\/","url":"https:\/\/solupak.eu\/capabilities\/","name":"Capabilities - Solupak","isPartOf":{"@id":"https:\/\/solupak.eu\/#website"},"datePublished":"2020-10-23T10:48:48+00:00","dateModified":"2021-03-30T10:56:31+00:00","breadcrumb":{"@id":"https:\/\/solupak.eu\/capabilities\/#breadcrumb"},"inLanguage":"sk-SK","potentialAction":[{"@type":"ReadAction","target":["https:\/\/solupak.eu\/capabilities\/"]}]},{"@type":"BreadcrumbList","@id":"https:\/\/solupak.eu\/capabilities\/#breadcrumb","itemListElement":[{"@type":"ListItem","position":1,"name":"Home","item":"https:\/\/solupak.eu\/"},{"@type":"ListItem","position":2,"name":"Capabilities"}]},{"@type":"WebSite","@id":"https:\/\/solupak.eu\/#website","url":"https:\/\/solupak.eu\/","name":"Solupak","description":"...just add water","potentialAction":[{"@type":"SearchAction","target":{"@type":"EntryPoint","urlTemplate":"https:\/\/solupak.eu\/?s={search_term_string}"},"query-input":"required name=search_term_string"}],"inLanguage":"sk-SK"}]}},"_links":{"self":[{"href":"https:\/\/solupak.eu\/sk\/wp-json\/wp\/v2\/pages\/20"}],"collection":[{"href":"https:\/\/solupak.eu\/sk\/wp-json\/wp\/v2\/pages"}],"about":[{"href":"https:\/\/solupak.eu\/sk\/wp-json\/wp\/v2\/types\/page"}],"author":[{"embeddable":true,"href":"https:\/\/solupak.eu\/sk\/wp-json\/wp\/v2\/users\/1"}],"replies":[{"embeddable":true,"href":"https:\/\/solupak.eu\/sk\/wp-json\/wp\/v2\/comments?post=20"}],"version-history":[{"count":13,"href":"https:\/\/solupak.eu\/sk\/wp-json\/wp\/v2\/pages\/20\/revisions"}],"predecessor-version":[{"id":4212,"href":"https:\/\/solupak.eu\/sk\/wp-json\/wp\/v2\/pages\/20\/revisions\/4212"}],"wp:attachment":[{"href":"https:\/\/solupak.eu\/sk\/wp-json\/wp\/v2\/media?parent=20"}],"curies":[{"name":"wp","href":"https:\/\/api.w.org\/{rel}","templated":true}]}}