{"id":198,"date":"2020-11-06T10:31:31","date_gmt":"2020-11-06T10:31:31","guid":{"rendered":"https:\/\/solupak.eu\/?page_id=198"},"modified":"2020-11-17T17:45:52","modified_gmt":"2020-11-17T17:45:52","slug":"cost","status":"publish","type":"page","link":"https:\/\/solupak.eu\/sk\/cost\/","title":{"rendered":"N\u00e1klady"},"content":{"rendered":"<h1>\n\t\tV\u00fdhody \u00faspory n\u00e1kladov\n\t<\/h1>\n\t\n<p>Okrem obrovsk\u00e9ho pozit\u00edvneho vplyvu na \u017eivotn\u00e9 prostredie, ktor\u00fd m\u00e1 bezvod\u00e1 doprava, s\u00fa tu aj v\u00fdhody z h\u013eadiska n\u00e1kladov a \u00faspor. Hmotnos\u0165 n\u00e1kladu je n\u00e1sledne ni\u017e\u0161ia v\u010faka tomu, \u017ee nie je potrebn\u00e9 prepravova\u0165 k z\u00e1kazn\u00edkom \u017eiadnu kvapalinu; to znamen\u00e1, \u017ee n\u00e1klady na doru\u010denie na\u0161ich v\u00fdrobkov v\u00e1m a va\u0161im distrib\u00fatorom sa v\u00fdrazne zni\u017euj\u00fa.<\/p>\n<p>Na\u0161e syst\u00e9my s\u00fa cenovo v\u00fdhodn\u00e9 rie\u0161enia pre mal\u00fdch klientov aj ve\u013ek\u00fdch pou\u017e\u00edvate\u013eov. M\u00f4\u017eeme toti\u017e zavies\u0165 syst\u00e9my d\u00e1vkovania koncentr\u00e1tov pre v\u00e4\u010d\u0161\u00edch pou\u017e\u00edvate\u013eov, ako aj poskytova\u0165 vo vode rozpustn\u00e9 vrec\u00fa\u0161ka pre klientov na opa\u010dnom konci spektra. In\u00fdmi slovami, produkty Solupak s\u00fa \u0161k\u00e1lovate\u013en\u00e9 od jedn\u00e9ho \u010distiaceho prostriedku a\u017e po viac ako 100. V d\u00f4sledku toho <strong>istota d\u00e1vkovania<\/strong>, nie je potrebn\u00e9 sa ob\u00e1va\u0165, \u017ee sa pou\u017eije pr\u00edli\u0161 ve\u013ea v\u00fdrobku, \u010do vedie k <strong>istota n\u00e1kladov<\/strong> ke\u010f\u017ee sa neplytv\u00e1 \u017eiadnym produktom.<\/p>\n<p>Nielen to, ale v\u00fdrobky Solupak maj\u00fa trojro\u010dn\u00fa trvanlivos\u0165 (samozrejme, ak sa uchov\u00e1vaj\u00fa v suchu!) Nie je potrebn\u00e9 sa pon\u00e1h\u013ea\u0165, aby ste v\u00fdrobky pou\u017eili v kr\u00e1tkom \u010dase, a zaberaj\u00fa minimum miesta v reg\u00e1loch, preto\u017ee a\u017e do pou\u017eitia sa do nich neprid\u00e1va voda.<\/p>","protected":false},"excerpt":{"rendered":"<p>V\u00fdhody \u00faspory n\u00e1kladov Okrem obrovsk\u00e9ho pozit\u00edvneho vplyvu na \u017eivotn\u00e9 prostredie, ktor\u00fd m\u00e1 bezvod\u00e1 doprava, s\u00fa tu aj v\u00fdhody z h\u013eadiska n\u00e1kladov a \u00faspor. Hmotnos\u0165 n\u00e1kladu je n\u00e1sledne ni\u017e\u0161ia v\u010faka tomu, \u017ee nie je potrebn\u00e9 prepravova\u0165 k z\u00e1kazn\u00edkom \u017eiadnu kvapalinu; to znamen\u00e1, \u017ee n\u00e1klady na doru\u010denie na\u0161ich v\u00fdrobkov k v\u00e1m a...<\/p>","protected":false},"author":1,"featured_media":0,"parent":0,"menu_order":0,"comment_status":"closed","ping_status":"closed","template":"","meta":[],"yoast_head":"<!-- This site is optimized with the Yoast SEO plugin v19.7.2 - https:\/\/yoast.com\/wordpress\/plugins\/seo\/ -->\n<title>Cost - Solupak<\/title>\n<meta name=\"robots\" content=\"index, follow, max-snippet:-1, max-image-preview:large, max-video-preview:-1\" \/>\n<link rel=\"canonical\" href=\"https:\/\/solupak.eu\/sk\/cost\/\" \/>\n<meta property=\"og:locale\" content=\"sk_SK\" \/>\n<meta property=\"og:type\" content=\"article\" \/>\n<meta property=\"og:title\" content=\"Cost - Solupak\" \/>\n<meta property=\"og:description\" content=\"Cost Saving Benefits In addition to the enormous positive environmental impact that zero water transportation has, there are also benefits in terms of costs and savings. The weight of the load is consequently lighter due to there being no liquid to transport to customers; meaning that the cost of delivering our products to you and&hellip;\" \/>\n<meta property=\"og:url\" content=\"https:\/\/solupak.eu\/sk\/cost\/\" \/>\n<meta property=\"og:site_name\" content=\"Solupak\" \/>\n<meta property=\"article:modified_time\" content=\"2020-11-17T17:45:52+00:00\" \/>\n<meta name=\"twitter:card\" content=\"summary_large_image\" \/>\n<meta name=\"twitter:label1\" content=\"Predpokladan\u00fd \u010das \u010d\u00edtania\" \/>\n\t<meta name=\"twitter:data1\" content=\"1 min\u00fata\" \/>\n<script type=\"application\/ld+json\" class=\"yoast-schema-graph\">{\"@context\":\"https:\/\/schema.org\",\"@graph\":[{\"@type\":\"WebPage\",\"@id\":\"https:\/\/solupak.eu\/fr\/cost\/\",\"url\":\"https:\/\/solupak.eu\/fr\/cost\/\",\"name\":\"Cost - Solupak\",\"isPartOf\":{\"@id\":\"https:\/\/solupak.eu\/#website\"},\"datePublished\":\"2020-11-06T10:31:31+00:00\",\"dateModified\":\"2020-11-17T17:45:52+00:00\",\"breadcrumb\":{\"@id\":\"https:\/\/solupak.eu\/fr\/cost\/#breadcrumb\"},\"inLanguage\":\"sk-SK\",\"potentialAction\":[{\"@type\":\"ReadAction\",\"target\":[\"https:\/\/solupak.eu\/fr\/cost\/\"]}]},{\"@type\":\"BreadcrumbList\",\"@id\":\"https:\/\/solupak.eu\/fr\/cost\/#breadcrumb\",\"itemListElement\":[{\"@type\":\"ListItem\",\"position\":1,\"name\":\"Home\",\"item\":\"https:\/\/solupak.eu\/\"},{\"@type\":\"ListItem\",\"position\":2,\"name\":\"Cost\"}]},{\"@type\":\"WebSite\",\"@id\":\"https:\/\/solupak.eu\/#website\",\"url\":\"https:\/\/solupak.eu\/\",\"name\":\"Solupak\",\"description\":\"...just add water\",\"potentialAction\":[{\"@type\":\"SearchAction\",\"target\":{\"@type\":\"EntryPoint\",\"urlTemplate\":\"https:\/\/solupak.eu\/?s={search_term_string}\"},\"query-input\":\"required name=search_term_string\"}],\"inLanguage\":\"sk-SK\"}]}<\/script>\n<!-- \/ Yoast SEO plugin. -->","yoast_head_json":{"title":"Cost - Solupak","robots":{"index":"index","follow":"follow","max-snippet":"max-snippet:-1","max-image-preview":"max-image-preview:large","max-video-preview":"max-video-preview:-1"},"canonical":"https:\/\/solupak.eu\/sk\/cost\/","og_locale":"sk_SK","og_type":"article","og_title":"Cost - Solupak","og_description":"Cost Saving Benefits In addition to the enormous positive environmental impact that zero water transportation has, there are also benefits in terms of costs and savings. The weight of the load is consequently lighter due to there being no liquid to transport to customers; meaning that the cost of delivering our products to you and&hellip;","og_url":"https:\/\/solupak.eu\/sk\/cost\/","og_site_name":"Solupak","article_modified_time":"2020-11-17T17:45:52+00:00","twitter_card":"summary_large_image","twitter_misc":{"Predpokladan\u00fd \u010das \u010d\u00edtania":"1 min\u00fata"},"schema":{"@context":"https:\/\/schema.org","@graph":[{"@type":"WebPage","@id":"https:\/\/solupak.eu\/fr\/cost\/","url":"https:\/\/solupak.eu\/fr\/cost\/","name":"Cost - Solupak","isPartOf":{"@id":"https:\/\/solupak.eu\/#website"},"datePublished":"2020-11-06T10:31:31+00:00","dateModified":"2020-11-17T17:45:52+00:00","breadcrumb":{"@id":"https:\/\/solupak.eu\/fr\/cost\/#breadcrumb"},"inLanguage":"sk-SK","potentialAction":[{"@type":"ReadAction","target":["https:\/\/solupak.eu\/fr\/cost\/"]}]},{"@type":"BreadcrumbList","@id":"https:\/\/solupak.eu\/fr\/cost\/#breadcrumb","itemListElement":[{"@type":"ListItem","position":1,"name":"Home","item":"https:\/\/solupak.eu\/"},{"@type":"ListItem","position":2,"name":"Cost"}]},{"@type":"WebSite","@id":"https:\/\/solupak.eu\/#website","url":"https:\/\/solupak.eu\/","name":"Solupak","description":"...just add water","potentialAction":[{"@type":"SearchAction","target":{"@type":"EntryPoint","urlTemplate":"https:\/\/solupak.eu\/?s={search_term_string}"},"query-input":"required name=search_term_string"}],"inLanguage":"sk-SK"}]}},"_links":{"self":[{"href":"https:\/\/solupak.eu\/sk\/wp-json\/wp\/v2\/pages\/198"}],"collection":[{"href":"https:\/\/solupak.eu\/sk\/wp-json\/wp\/v2\/pages"}],"about":[{"href":"https:\/\/solupak.eu\/sk\/wp-json\/wp\/v2\/types\/page"}],"author":[{"embeddable":true,"href":"https:\/\/solupak.eu\/sk\/wp-json\/wp\/v2\/users\/1"}],"replies":[{"embeddable":true,"href":"https:\/\/solupak.eu\/sk\/wp-json\/wp\/v2\/comments?post=198"}],"version-history":[{"count":6,"href":"https:\/\/solupak.eu\/sk\/wp-json\/wp\/v2\/pages\/198\/revisions"}],"predecessor-version":[{"id":597,"href":"https:\/\/solupak.eu\/sk\/wp-json\/wp\/v2\/pages\/198\/revisions\/597"}],"wp:attachment":[{"href":"https:\/\/solupak.eu\/sk\/wp-json\/wp\/v2\/media?parent=198"}],"curies":[{"name":"wp","href":"https:\/\/api.w.org\/{rel}","templated":true}]}}