{"id":196,"date":"2020-11-06T10:31:31","date_gmt":"2020-11-06T10:31:31","guid":{"rendered":"https:\/\/solupak.eu\/?page_id=196"},"modified":"2020-11-17T17:36:47","modified_gmt":"2020-11-17T17:36:47","slug":"innovative","status":"publish","type":"page","link":"https:\/\/solupak.eu\/sk\/innovative\/","title":{"rendered":"Inovat\u00edvne"},"content":{"rendered":"<h1>\n\t\tV\u00fdhody - inov\u00e1cie\n\t<\/h1>\n\t\n<p>Inov\u00e1cia je z\u00e1kladom sortimentu v\u00fdrobkov Solupak, na\u0161e v\u00fdrobky nielen\u017ee zni\u017euj\u00fa mno\u017estvo odpadu, \u010do je v s\u00fa\u010dasnosti naliehav\u00fd probl\u00e9m, ale prin\u00e1\u0161aj\u00fa aj pozit\u00edvnu zmenu bez zvy\u0161ovania n\u00e1kladov.<\/p>\n<p>N\u00e1\u0161 vlastn\u00fd t\u00edm dizajn\u00e9rov a baliacich pracovn\u00edkov vyvinul n\u00e1\u0161 sortiment v\u00fdrobkov pod\u013ea syst\u00e9mu farebn\u00e9ho ozna\u010dovania Britsk\u00e9ho in\u0161tit\u00fatu pre \u010distiace prostriedky (BICSc), ako je zn\u00e1zornen\u00e9 na obr\u00e1zku.<\/p>\n<p>Obr\u00e1zkov\u00e9 pr\u00edru\u010dky a etikety na f\u013ea\u0161iach zd\u00f4raz\u0148uj\u00fa 4-krokov\u00fd postup a farebn\u00e9 ozna\u010denie, aby sa zabezpe\u010dilo spr\u00e1vne pou\u017eitie. Pom\u00e1haj\u00fa tie\u017e v\u0161etk\u00fdm pou\u017e\u00edvate\u013eom, ktor\u00ed maj\u00fa jazykov\u00e9 probl\u00e9my alebo probl\u00e9my s u\u010den\u00edm. Rozp\u00fa\u0161\u0165acie vrec\u00fa\u0161ka sfarbuj\u00fa vodu, tak\u017ee je okam\u017eite zrejm\u00e9, kde sa m\u00e1 f\u013ea\u0161a so sp\u00fa\u0161\u0165ac\u00edm sprejom pou\u017ei\u0165, a zabra\u0148uje sa tak mo\u017enej kr\u00ed\u017eovej kontamin\u00e1cii.<\/p>\n<p>&nbsp;<\/p>","protected":false},"excerpt":{"rendered":"<p>V\u00fdhody - inov\u00e1cia Inov\u00e1cia je z\u00e1kladom sortimentu v\u00fdrobkov Solupak, na\u0161e v\u00fdrobky nielen\u017ee zni\u017euj\u00fa mno\u017estvo odpadu, \u010do je v s\u00fa\u010dasnosti naliehav\u00fd probl\u00e9m, ale prin\u00e1\u0161aj\u00fa aj pozit\u00edvnu zmenu bez zvy\u0161ovania n\u00e1kladov. N\u00e1\u0161 vlastn\u00fd t\u00edm dizajn\u00e9rov a baliacich pracovn\u00edkov vyvinul n\u00e1\u0161 sortiment v\u00fdrobkov tak, aby sa riadil farebn\u00fdmi...<\/p>","protected":false},"author":1,"featured_media":0,"parent":0,"menu_order":0,"comment_status":"closed","ping_status":"closed","template":"","meta":[],"yoast_head":"<!-- This site is optimized with the Yoast SEO plugin v19.7.2 - https:\/\/yoast.com\/wordpress\/plugins\/seo\/ -->\n<title>Innovative - Solupak<\/title>\n<meta name=\"robots\" content=\"index, follow, max-snippet:-1, max-image-preview:large, max-video-preview:-1\" \/>\n<link rel=\"canonical\" href=\"http:\/\/solupak.eu\/sk\/innovative\/\" \/>\n<meta property=\"og:locale\" content=\"sk_SK\" \/>\n<meta property=\"og:type\" content=\"article\" \/>\n<meta property=\"og:title\" content=\"Innovative - Solupak\" \/>\n<meta property=\"og:description\" content=\"Benefits &#8211; Innovation Innovation is at the heart of the Solupak product range, not only do our products reduce waste, a pressing issue today, but they also provide a positive change, without increasing costs. Our in-house design and packaging team have developed our product range to follow the British Institute of Cleaning Science (BICSc) colour&hellip;\" \/>\n<meta property=\"og:url\" content=\"http:\/\/solupak.eu\/sk\/innovative\/\" \/>\n<meta property=\"og:site_name\" content=\"Solupak\" \/>\n<meta property=\"article:modified_time\" content=\"2020-11-17T17:36:47+00:00\" \/>\n<meta name=\"twitter:card\" content=\"summary_large_image\" \/>\n<meta name=\"twitter:label1\" content=\"Predpokladan\u00fd \u010das \u010d\u00edtania\" \/>\n\t<meta name=\"twitter:data1\" content=\"1 min\u00fata\" \/>\n<script type=\"application\/ld+json\" class=\"yoast-schema-graph\">{\"@context\":\"https:\/\/schema.org\",\"@graph\":[{\"@type\":\"WebPage\",\"@id\":\"http:\/\/solupak.eu\/es\/innovative\/\",\"url\":\"http:\/\/solupak.eu\/es\/innovative\/\",\"name\":\"Innovative - Solupak\",\"isPartOf\":{\"@id\":\"https:\/\/solupak.eu\/#website\"},\"datePublished\":\"2020-11-06T10:31:31+00:00\",\"dateModified\":\"2020-11-17T17:36:47+00:00\",\"breadcrumb\":{\"@id\":\"http:\/\/solupak.eu\/es\/innovative\/#breadcrumb\"},\"inLanguage\":\"sk-SK\",\"potentialAction\":[{\"@type\":\"ReadAction\",\"target\":[\"http:\/\/solupak.eu\/es\/innovative\/\"]}]},{\"@type\":\"BreadcrumbList\",\"@id\":\"http:\/\/solupak.eu\/es\/innovative\/#breadcrumb\",\"itemListElement\":[{\"@type\":\"ListItem\",\"position\":1,\"name\":\"Home\",\"item\":\"https:\/\/solupak.eu\/\"},{\"@type\":\"ListItem\",\"position\":2,\"name\":\"Innovative\"}]},{\"@type\":\"WebSite\",\"@id\":\"https:\/\/solupak.eu\/#website\",\"url\":\"https:\/\/solupak.eu\/\",\"name\":\"Solupak\",\"description\":\"...just add water\",\"potentialAction\":[{\"@type\":\"SearchAction\",\"target\":{\"@type\":\"EntryPoint\",\"urlTemplate\":\"https:\/\/solupak.eu\/?s={search_term_string}\"},\"query-input\":\"required name=search_term_string\"}],\"inLanguage\":\"sk-SK\"}]}<\/script>\n<!-- \/ Yoast SEO plugin. -->","yoast_head_json":{"title":"Innovative - Solupak","robots":{"index":"index","follow":"follow","max-snippet":"max-snippet:-1","max-image-preview":"max-image-preview:large","max-video-preview":"max-video-preview:-1"},"canonical":"http:\/\/solupak.eu\/sk\/innovative\/","og_locale":"sk_SK","og_type":"article","og_title":"Innovative - Solupak","og_description":"Benefits &#8211; Innovation Innovation is at the heart of the Solupak product range, not only do our products reduce waste, a pressing issue today, but they also provide a positive change, without increasing costs. Our in-house design and packaging team have developed our product range to follow the British Institute of Cleaning Science (BICSc) colour&hellip;","og_url":"http:\/\/solupak.eu\/sk\/innovative\/","og_site_name":"Solupak","article_modified_time":"2020-11-17T17:36:47+00:00","twitter_card":"summary_large_image","twitter_misc":{"Predpokladan\u00fd \u010das \u010d\u00edtania":"1 min\u00fata"},"schema":{"@context":"https:\/\/schema.org","@graph":[{"@type":"WebPage","@id":"http:\/\/solupak.eu\/es\/innovative\/","url":"http:\/\/solupak.eu\/es\/innovative\/","name":"Innovative - Solupak","isPartOf":{"@id":"https:\/\/solupak.eu\/#website"},"datePublished":"2020-11-06T10:31:31+00:00","dateModified":"2020-11-17T17:36:47+00:00","breadcrumb":{"@id":"http:\/\/solupak.eu\/es\/innovative\/#breadcrumb"},"inLanguage":"sk-SK","potentialAction":[{"@type":"ReadAction","target":["http:\/\/solupak.eu\/es\/innovative\/"]}]},{"@type":"BreadcrumbList","@id":"http:\/\/solupak.eu\/es\/innovative\/#breadcrumb","itemListElement":[{"@type":"ListItem","position":1,"name":"Home","item":"https:\/\/solupak.eu\/"},{"@type":"ListItem","position":2,"name":"Innovative"}]},{"@type":"WebSite","@id":"https:\/\/solupak.eu\/#website","url":"https:\/\/solupak.eu\/","name":"Solupak","description":"...just add water","potentialAction":[{"@type":"SearchAction","target":{"@type":"EntryPoint","urlTemplate":"https:\/\/solupak.eu\/?s={search_term_string}"},"query-input":"required name=search_term_string"}],"inLanguage":"sk-SK"}]}},"_links":{"self":[{"href":"https:\/\/solupak.eu\/sk\/wp-json\/wp\/v2\/pages\/196"}],"collection":[{"href":"https:\/\/solupak.eu\/sk\/wp-json\/wp\/v2\/pages"}],"about":[{"href":"https:\/\/solupak.eu\/sk\/wp-json\/wp\/v2\/types\/page"}],"author":[{"embeddable":true,"href":"https:\/\/solupak.eu\/sk\/wp-json\/wp\/v2\/users\/1"}],"replies":[{"embeddable":true,"href":"https:\/\/solupak.eu\/sk\/wp-json\/wp\/v2\/comments?post=196"}],"version-history":[{"count":6,"href":"https:\/\/solupak.eu\/sk\/wp-json\/wp\/v2\/pages\/196\/revisions"}],"predecessor-version":[{"id":586,"href":"https:\/\/solupak.eu\/sk\/wp-json\/wp\/v2\/pages\/196\/revisions\/586"}],"wp:attachment":[{"href":"https:\/\/solupak.eu\/sk\/wp-json\/wp\/v2\/media?parent=196"}],"curies":[{"name":"wp","href":"https:\/\/api.w.org\/{rel}","templated":true}]}}