{"id":195,"date":"2020-11-06T10:31:31","date_gmt":"2020-11-06T10:31:31","guid":{"rendered":"https:\/\/solupak.eu\/?page_id=195"},"modified":"2021-03-30T11:58:41","modified_gmt":"2021-03-30T10:58:41","slug":"physical","status":"publish","type":"page","link":"https:\/\/solupak.eu\/sk\/physical\/","title":{"rendered":"Fyzick\u00e1 str\u00e1nka"},"content":{"rendered":"<h1>\n\t\tFyzick\u00e9 v\u00fdhody\n\t<\/h1>\n\t\n<p>Pr\u00edrodn\u00e9 zdroje s\u00fa vz\u00e1cne a pri navrhovan\u00ed a v\u00fdrobe na\u0161ich v\u00fdrobkov sa v\u017edy sna\u017e\u00edme minimalizova\u0165 ich pou\u017e\u00edvanie. Pri syst\u00e9moch Solupak sa neprepravuje \u017eiadna voda, preto je objem a hmotnos\u0165 prepravovan\u00fdch v\u00fdrobkov n\u00edzka. To sa m\u00f4\u017ee zda\u0165 ako mal\u00e1 v\u00fdhoda, ale boli by ste prekvapen\u00ed, ako ve\u013emi sa t\u00fdm zni\u017euj\u00fa emisie v\u010faka men\u0161iemu po\u010dtu prepravn\u00fdch kilometrov a v\u00e4\u010d\u0161ej kapacite prepravn\u00fdch vozidiel.<\/p>\n\n<p>Cel\u00fa paletu 5 litrov tekut\u00e9ho koncentr\u00e1tu mo\u017eno nahradi\u0165 4 baleniami n\u00e1\u0161ho v\u00fdrobku. V\u0161etky tieto 5 litrov\u00e9 obaly sa vyhodia.<\/p>\n<ul>\n<li>Sta\u010d\u00ed prida\u0165 vodu... neprepravova\u0165 ju<\/li>\n<li>Nulov\u00fd odpad<\/li>\n<li>Etick\u00e9 akredit\u00e1cie<\/li>\n<li>Glob\u00e1lne normy<\/li>\n<li>Pridajte vodu v mieste pou\u017eitia<\/li>\n<\/ul>\n\t\t\t\t<img loading=\"lazy\" src=\"https:\/\/solupak.eu\/wp-content\/uploads\/2020\/11\/Physical-benefits.png\" alt=\"Physical benefits\" itemprop=\"image\" height=\"415\" width=\"513\" title=\"Fyzick\u00e9 v\u00fdhody\" onerror=\"this.style.display='none'\"  \/>\n\t<h2>Na\u0161a hist\u00f3ria. Bud\u00facnos\u0165.<\/h2>\n<p>Spolo\u010dnos\u0165 Solupak vznikla v roku 1998 a je zn\u00e1ma ako popredn\u00fd odborn\u00edk na v\u00fdrobky rozpustn\u00e9 vo vode. Po\u010das takmer 20 rokov spolo\u010dnos\u0165 spolupracovala s mnoh\u00fdmi popredn\u00fdmi zna\u010dkami na v\u00fdvoji, formul\u00e1cii, balen\u00ed a distrib\u00facii vo vode rozpustn\u00fdch (PVOH) f\u00f3li\u00ed a gran\u00fal.<\/p>\n<p>So s\u00eddlom v Yorkshire na severe Anglicka poskytujeme slu\u017eby v Spojenom kr\u00e1\u013eovstve a na\u0161im distrib\u00fatorom v Eur\u00f3pe, na \u010ealekom v\u00fdchode a v Austr\u00e1lii. Ako \u0161pecialisti na komer\u010dn\u00e9 \u010distiace prostriedky zamestn\u00e1vame kompletn\u00fd vlastn\u00fd t\u00edm pre technick\u00e9 zlo\u017eenie a v\u00fdvoj. Cel\u00e1 v\u00fdroba prebieha na mieste v Spojenom kr\u00e1\u013eovstve, rovnako ako koncepcia, v\u00fdskum a v\u00fdvoj, testovanie, v\u00fdroba, balenie a distrib\u00facia.<\/p>\n<p>Sme ve\u013emi hrd\u00ed na na\u0161e ekologick\u00e9 referencie a sme akreditovan\u00ed organiz\u00e1ciou Cruelty Free International (ofici\u00e1lne zn\u00e1mou ako BUAV) a environment\u00e1lnou zna\u010dkou (v pr\u00edpade potreby). V\u0161etky na\u0161e v\u00fdrobky s\u00fa veg\u00e1nske. Na n\u00e1\u0161 sortiment sp\u00fa\u0161\u0165a\u010dov m\u00e1me patenty. N\u00e1\u0161 sortiment v\u00fdrobkov je \u0161peci\u00e1lne vyvinut\u00fd na ka\u017edodenn\u00e9 pou\u017eitie s men\u0161\u00edmi rozmermi balenia, ktor\u00e9 zni\u017euj\u00fa n\u00e1klady na dopravu a logistiku. Sme plne akreditovan\u00ed pod\u013ea normy ISO 9001: 2015; va\u0161e podnikanie je u n\u00e1s v bezpe\u010d\u00ed.<\/p>\n    <a href=\"#\" target=\"\" rel=\"noopener noreferrer\">\n    \tPozrite si na\u0161u ponuku produktov\n    <\/a>\n\t\t\t\t<img loading=\"lazy\" src=\"https:\/\/solupak.eu\/wp-content\/uploads\/2021\/03\/All-purpose_cleaner.png\" alt=\"All-purpose_cleaner\" itemprop=\"image\" height=\"1359\" width=\"1000\" title=\"Univerz\u00e1lny_\u010disti\u010d\" onerror=\"this.style.display='none'\"  \/>","protected":false},"excerpt":{"rendered":"<p>Fyzick\u00e9 v\u00fdhody Pr\u00edrodn\u00e9 zdroje s\u00fa vz\u00e1cne a pri navrhovan\u00ed a v\u00fdrobe na\u0161ich v\u00fdrobkov sa v\u017edy sna\u017e\u00edme minimalizova\u0165 ich pou\u017e\u00edvanie. Pri syst\u00e9moch Solupak sa neprepravuje \u017eiadna voda, preto je objem a hmotnos\u0165 prepravovan\u00fdch v\u00fdrobkov n\u00edzka. To sa m\u00f4\u017ee zda\u0165 ako mal\u00e1 v\u00fdhoda, ale boli by ste prekvapen\u00ed, len...<\/p>","protected":false},"author":1,"featured_media":0,"parent":0,"menu_order":0,"comment_status":"closed","ping_status":"closed","template":"","meta":[],"yoast_head":"<!-- This site is optimized with the Yoast SEO plugin v19.7.2 - https:\/\/yoast.com\/wordpress\/plugins\/seo\/ -->\n<title>Physical - Solupak<\/title>\n<meta name=\"robots\" content=\"index, follow, max-snippet:-1, max-image-preview:large, max-video-preview:-1\" \/>\n<link rel=\"canonical\" href=\"https:\/\/solupak.eu\/sk\/physical\/\" \/>\n<meta property=\"og:locale\" content=\"sk_SK\" \/>\n<meta property=\"og:type\" content=\"article\" \/>\n<meta property=\"og:title\" content=\"Physical - Solupak\" \/>\n<meta property=\"og:description\" content=\"Physical Benefits Natural resources are precious, and we seek to always minimise our use of them in the design and manufacture of our products. With Solupak systems, zero water is transported, thus the volume and weight of products in transit is low. That might seem to be a small benefit, but you&#8217;d be amazed just&hellip;\" \/>\n<meta property=\"og:url\" content=\"https:\/\/solupak.eu\/sk\/physical\/\" \/>\n<meta property=\"og:site_name\" content=\"Solupak\" \/>\n<meta property=\"article:modified_time\" content=\"2021-03-30T10:58:41+00:00\" \/>\n<meta property=\"og:image\" content=\"https:\/\/solupak.eu\/wp-content\/uploads\/2020\/11\/Physical-benefits.png\" \/>\n<meta name=\"twitter:card\" content=\"summary_large_image\" \/>\n<meta name=\"twitter:label1\" content=\"Predpokladan\u00fd \u010das \u010d\u00edtania\" \/>\n\t<meta name=\"twitter:data1\" content=\"1 min\u00fata\" \/>\n<script type=\"application\/ld+json\" class=\"yoast-schema-graph\">{\"@context\":\"https:\/\/schema.org\",\"@graph\":[{\"@type\":\"WebPage\",\"@id\":\"https:\/\/solupak.eu\/es\/physical\/\",\"url\":\"https:\/\/solupak.eu\/es\/physical\/\",\"name\":\"Physical - Solupak\",\"isPartOf\":{\"@id\":\"https:\/\/solupak.eu\/#website\"},\"datePublished\":\"2020-11-06T10:31:31+00:00\",\"dateModified\":\"2021-03-30T10:58:41+00:00\",\"breadcrumb\":{\"@id\":\"https:\/\/solupak.eu\/es\/physical\/#breadcrumb\"},\"inLanguage\":\"sk-SK\",\"potentialAction\":[{\"@type\":\"ReadAction\",\"target\":[\"https:\/\/solupak.eu\/es\/physical\/\"]}]},{\"@type\":\"BreadcrumbList\",\"@id\":\"https:\/\/solupak.eu\/es\/physical\/#breadcrumb\",\"itemListElement\":[{\"@type\":\"ListItem\",\"position\":1,\"name\":\"Home\",\"item\":\"https:\/\/solupak.eu\/\"},{\"@type\":\"ListItem\",\"position\":2,\"name\":\"Physical\"}]},{\"@type\":\"WebSite\",\"@id\":\"https:\/\/solupak.eu\/#website\",\"url\":\"https:\/\/solupak.eu\/\",\"name\":\"Solupak\",\"description\":\"...just add water\",\"potentialAction\":[{\"@type\":\"SearchAction\",\"target\":{\"@type\":\"EntryPoint\",\"urlTemplate\":\"https:\/\/solupak.eu\/?s={search_term_string}\"},\"query-input\":\"required name=search_term_string\"}],\"inLanguage\":\"sk-SK\"}]}<\/script>\n<!-- \/ Yoast SEO plugin. -->","yoast_head_json":{"title":"Physical - Solupak","robots":{"index":"index","follow":"follow","max-snippet":"max-snippet:-1","max-image-preview":"max-image-preview:large","max-video-preview":"max-video-preview:-1"},"canonical":"https:\/\/solupak.eu\/sk\/physical\/","og_locale":"sk_SK","og_type":"article","og_title":"Physical - Solupak","og_description":"Physical Benefits Natural resources are precious, and we seek to always minimise our use of them in the design and manufacture of our products. With Solupak systems, zero water is transported, thus the volume and weight of products in transit is low. That might seem to be a small benefit, but you&#8217;d be amazed just&hellip;","og_url":"https:\/\/solupak.eu\/sk\/physical\/","og_site_name":"Solupak","article_modified_time":"2021-03-30T10:58:41+00:00","og_image":[{"url":"https:\/\/solupak.eu\/wp-content\/uploads\/2020\/11\/Physical-benefits.png"}],"twitter_card":"summary_large_image","twitter_misc":{"Predpokladan\u00fd \u010das \u010d\u00edtania":"1 min\u00fata"},"schema":{"@context":"https:\/\/schema.org","@graph":[{"@type":"WebPage","@id":"https:\/\/solupak.eu\/es\/physical\/","url":"https:\/\/solupak.eu\/es\/physical\/","name":"Physical - Solupak","isPartOf":{"@id":"https:\/\/solupak.eu\/#website"},"datePublished":"2020-11-06T10:31:31+00:00","dateModified":"2021-03-30T10:58:41+00:00","breadcrumb":{"@id":"https:\/\/solupak.eu\/es\/physical\/#breadcrumb"},"inLanguage":"sk-SK","potentialAction":[{"@type":"ReadAction","target":["https:\/\/solupak.eu\/es\/physical\/"]}]},{"@type":"BreadcrumbList","@id":"https:\/\/solupak.eu\/es\/physical\/#breadcrumb","itemListElement":[{"@type":"ListItem","position":1,"name":"Home","item":"https:\/\/solupak.eu\/"},{"@type":"ListItem","position":2,"name":"Physical"}]},{"@type":"WebSite","@id":"https:\/\/solupak.eu\/#website","url":"https:\/\/solupak.eu\/","name":"Solupak","description":"...just add water","potentialAction":[{"@type":"SearchAction","target":{"@type":"EntryPoint","urlTemplate":"https:\/\/solupak.eu\/?s={search_term_string}"},"query-input":"required name=search_term_string"}],"inLanguage":"sk-SK"}]}},"_links":{"self":[{"href":"https:\/\/solupak.eu\/sk\/wp-json\/wp\/v2\/pages\/195"}],"collection":[{"href":"https:\/\/solupak.eu\/sk\/wp-json\/wp\/v2\/pages"}],"about":[{"href":"https:\/\/solupak.eu\/sk\/wp-json\/wp\/v2\/types\/page"}],"author":[{"embeddable":true,"href":"https:\/\/solupak.eu\/sk\/wp-json\/wp\/v2\/users\/1"}],"replies":[{"embeddable":true,"href":"https:\/\/solupak.eu\/sk\/wp-json\/wp\/v2\/comments?post=195"}],"version-history":[{"count":5,"href":"https:\/\/solupak.eu\/sk\/wp-json\/wp\/v2\/pages\/195\/revisions"}],"predecessor-version":[{"id":4217,"href":"https:\/\/solupak.eu\/sk\/wp-json\/wp\/v2\/pages\/195\/revisions\/4217"}],"wp:attachment":[{"href":"https:\/\/solupak.eu\/sk\/wp-json\/wp\/v2\/media?parent=195"}],"curies":[{"name":"wp","href":"https:\/\/api.w.org\/{rel}","templated":true}]}}