{"id":194,"date":"2020-11-06T10:31:31","date_gmt":"2020-11-06T10:31:31","guid":{"rendered":"https:\/\/solupak.eu\/?page_id=194"},"modified":"2021-03-30T11:57:40","modified_gmt":"2021-03-30T10:57:40","slug":"environmental","status":"publish","type":"page","link":"https:\/\/solupak.eu\/sk\/environmental\/","title":{"rendered":"\u017divotn\u00e9 prostredie"},"content":{"rendered":"<h1>\n\t\tPr\u00ednosy pre \u017eivotn\u00e9 prostredie\n\t<\/h1>\n\t<p>V spolo\u010dnosti Solupak je oh\u013eaduplnos\u0165 k \u017eivotn\u00e9mu prostrediu v popred\u00ed v\u0161etk\u00fdch na\u0161ich procesov a aplik\u00e1ci\u00ed. Sna\u017e\u00edme sa zn\u00ed\u017ei\u0165 mno\u017estvo jednorazov\u00fdch plastov v r\u00e1mci \u010distiaceho priemyslu a ma\u0165 \u010do najmen\u0161\u00ed negat\u00edvny vplyv na \u017eivotn\u00e9 prostredie. Na\u0161\u00edm poslan\u00edm je sta\u0165 sa popredn\u00fdm v\u00fdrobcom \u00fa\u010dinn\u00e9ho a cenovo v\u00fdhodn\u00e9ho \u010distiaceho koncentr\u00e1tu, balen\u00e9ho v <strong>vo vode rozpustn\u00e9 vrec\u00fa\u0161ka<\/strong>, ktor\u00e9 sa uskuto\u010dnilo prijat\u00edm <strong>najvy\u0161\u0161ie mo\u017en\u00e9 etick\u00e9 normy<\/strong>.<\/p>\n        <img src=\"https:\/\/solupak.eu\/wp-content\/uploads\/2021\/01\/Plastic_reduction@3x.png\" alt=\"Plastic Reduction&#8230; #bottle4life\" \/>\n        <h3>Zn\u00ed\u017eenie mno\u017estva plastov... #bottle4life<\/h3>\n        Pr\u00edstup spolo\u010dnosti Solupak v\u017edy spo\u010d\u00edval v minimaliz\u00e1cii potreby recyklova\u0165 materi\u00e1ly, ktor\u00e9 pou\u017e\u00edvame v na\u0161ich v\u00fdrobkoch a obaloch. Na\u0161e patentovan\u00e9 f\u013ea\u0161e s rozpra\u0161ova\u010dom s\u00fa navrhnut\u00e9 tak, aby sa mohli bez probl\u00e9mov pou\u017e\u00edva\u0165 ka\u017ed\u00fd de\u0148, rok \u010do rok; ak sa ich \u017eivotnos\u0165 skon\u010d\u00ed (\u010do sa zatia\u013e nestalo), s\u00fa tie\u017e \u00faplne recyklovate\u013en\u00e9. Okrem toho s\u00fa vo vode rozpustn\u00e9 vrec\u00fa\u0161ka zabalen\u00e9 vo vodeodoln\u00fdch materi\u00e1loch, ktor\u00e9 sa m\u00f4\u017eu na mieste op\u00e4tovne pou\u017e\u00edva\u0165 nieko\u013eko rokov. V momente, ke\u010f ich bude potrebn\u00e9 vymeni\u0165, m\u00f4\u017eu by\u0165 zahrnut\u00e9 do zmie\u0161an\u00fdch such\u00fdch recyklovate\u013en\u00fdch materi\u00e1lov, ktor\u00e9 sa odvez\u00fa z miesta na op\u00e4tovn\u00e9 pou\u017eitie.\n        <img src=\"https:\/\/solupak.eu\/wp-content\/uploads\/2021\/01\/Statistics@3x.png\" alt=\"The Statistics\" \/>\n        <h3>\u0160tatistiky<\/h3>\n        D\u00e1vkovacie f\u013ea\u0161e s\u00fa nehospod\u00e1rne, n\u00e1\u0161 syst\u00e9m spotrebuje o 15 kg menej plastov na \u010distiaci prostriedok ro\u010dne v porovnan\u00ed s d\u00e1vkovac\u00edmi syst\u00e9mami. \u010cistiace prostriedky pripraven\u00e9 na pou\u017eitie s\u00fa nehospod\u00e1rne, n\u00e1\u0161 syst\u00e9m spotrebuje o 20 kg MIERNEJ\u0160IE mno\u017estvo plastov na \u010distiaci prostriedok za rok v porovnan\u00ed s \u010distiacimi prostriedkami pripraven\u00fdmi na pou\u017eitie.\n        <img src=\"https:\/\/solupak.eu\/wp-content\/uploads\/2021\/01\/Carbon_footprint@3x.png\" alt=\"Carbon Footprint Reduction\" \/>\n        <h3>Zn\u00ed\u017eenie uhl\u00edkovej stopy<\/h3>\n        Na\u0161a environment\u00e1lna politika sa nezastavuje pri redukcii plastov. K zni\u017eovaniu emisi\u00ed oxidu uhli\u010dit\u00e9ho prispievame aj v r\u00e1mci na\u0161ich met\u00f3d a postupov prepravy a balenia. Na\u0161e v\u00fdrobky nezah\u0155\u0148aj\u00fa prepravu vody, t\u00e1 sa m\u00f4\u017ee prida\u0165 pod\u013ea potreby v\u00fdrobku. V d\u00f4sledku toho sa na u\u013eah\u010denie prepravy v\u00fdrobkov pou\u017e\u00edva menej pr\u00edrodn\u00fdch zdrojov, preto\u017ee hmotnos\u0165 a objem v\u00fdrobkov s\u00fa ve\u013emi n\u00edzke.\n\t\t\t\t<img loading=\"lazy\" src=\"https:\/\/solupak.eu\/wp-content\/uploads\/2021\/03\/4_Pakets.png\" alt=\"4_Pakets\" itemprop=\"image\" height=\"894\" width=\"1965\" title=\"4_Pakety\" onerror=\"this.style.display='none'\"  \/>\n\t<h2>Na\u0161a hist\u00f3ria. Bud\u00facnos\u0165.<\/h2>\n<p>Spolo\u010dnos\u0165 Solupak vznikla v roku 1998 a je zn\u00e1ma ako popredn\u00fd odborn\u00edk na v\u00fdrobky rozpustn\u00e9 vo vode. Po\u010das takmer 20 rokov spolo\u010dnos\u0165 spolupracovala s mnoh\u00fdmi popredn\u00fdmi zna\u010dkami na v\u00fdvoji, formul\u00e1cii, balen\u00ed a distrib\u00facii vo vode rozpustn\u00fdch (PVOH) f\u00f3li\u00ed a gran\u00fal.<\/p>\n<p>So s\u00eddlom v Yorkshire na severe Anglicka poskytujeme slu\u017eby v Spojenom kr\u00e1\u013eovstve a na\u0161im distrib\u00fatorom v Eur\u00f3pe, na \u010ealekom v\u00fdchode a v Austr\u00e1lii. Ako \u0161pecialisti na komer\u010dn\u00e9 \u010distiace prostriedky zamestn\u00e1vame kompletn\u00fd vlastn\u00fd t\u00edm pre technick\u00e9 zlo\u017eenie a v\u00fdvoj. Cel\u00e1 v\u00fdroba prebieha na mieste v Spojenom kr\u00e1\u013eovstve, rovnako ako koncepcia, v\u00fdskum a v\u00fdvoj, testovanie, v\u00fdroba, balenie a distrib\u00facia.<\/p>\n<p>Sme ve\u013emi hrd\u00ed na na\u0161e ekologick\u00e9 referencie a sme akreditovan\u00ed organiz\u00e1ciou Cruelty Free International (ofici\u00e1lne zn\u00e1mou ako BUAV) a environment\u00e1lnou zna\u010dkou (v pr\u00edpade potreby). V\u0161etky na\u0161e v\u00fdrobky s\u00fa veg\u00e1nske. Na n\u00e1\u0161 sortiment sp\u00fa\u0161\u0165a\u010dov m\u00e1me patenty. N\u00e1\u0161 sortiment v\u00fdrobkov je \u0161peci\u00e1lne vyvinut\u00fd na ka\u017edodenn\u00e9 pou\u017eitie s men\u0161\u00edmi rozmermi balenia, ktor\u00e9 zni\u017euj\u00fa n\u00e1klady na dopravu a logistiku. Sme plne akreditovan\u00ed pod\u013ea normy ISO 9001: 2015; va\u0161e podnikanie je u n\u00e1s v bezpe\u010d\u00ed.<\/p>\n    <a href=\"#\" target=\"\" rel=\"noopener noreferrer\">\n    \tPozrite si na\u0161u ponuku produktov\n    <\/a>\n\t\t\t\t<img loading=\"lazy\" src=\"https:\/\/solupak.eu\/wp-content\/uploads\/2021\/03\/All-purpose_cleaner.png\" alt=\"All-purpose_cleaner\" itemprop=\"image\" height=\"1359\" width=\"1000\" title=\"Univerz\u00e1lny_\u010disti\u010d\" onerror=\"this.style.display='none'\"  \/>","protected":false},"excerpt":{"rendered":"<p>V\u00fdhody pre \u017eivotn\u00e9 prostredie V spolo\u010dnosti Solupak je oh\u013eaduplnos\u0165 k \u017eivotn\u00e9mu prostrediu v popred\u00ed v\u0161etk\u00fdch na\u0161ich procesov a aplik\u00e1ci\u00ed. Sna\u017e\u00edme sa zn\u00ed\u017ei\u0165 mno\u017estvo jednorazov\u00fdch plastov v r\u00e1mci \u010distiaceho priemyslu a ma\u0165 \u010do najmen\u0161\u00ed negat\u00edvny vplyv na \u017eivotn\u00e9 prostredie. Na\u0161\u00edm poslan\u00edm je sta\u0165 sa popredn\u00fdm v\u00fdrobcom \u00fa\u010dinn\u00fdch...<\/p>","protected":false},"author":1,"featured_media":0,"parent":0,"menu_order":0,"comment_status":"closed","ping_status":"closed","template":"","meta":[],"yoast_head":"<!-- This site is optimized with the Yoast SEO plugin v19.7.2 - https:\/\/yoast.com\/wordpress\/plugins\/seo\/ -->\n<title>Environmental - Solupak<\/title>\n<meta name=\"robots\" content=\"index, follow, max-snippet:-1, max-image-preview:large, max-video-preview:-1\" \/>\n<link rel=\"canonical\" href=\"https:\/\/solupak.eu\/sk\/environmental\/\" \/>\n<meta property=\"og:locale\" content=\"sk_SK\" \/>\n<meta property=\"og:type\" content=\"article\" \/>\n<meta property=\"og:title\" content=\"Environmental - Solupak\" \/>\n<meta property=\"og:description\" content=\"Environmental Benefits Here at Solupak, consideration for the environment is at the forefront of all of our processes and applications. We strive to reduce the amount of single use plastic within the cleaning industry and have as little negative impact as possible on the environment. Our mission is to become the leading producer of effective&hellip;\" \/>\n<meta property=\"og:url\" content=\"https:\/\/solupak.eu\/sk\/environmental\/\" \/>\n<meta property=\"og:site_name\" content=\"Solupak\" \/>\n<meta property=\"article:modified_time\" content=\"2021-03-30T10:57:40+00:00\" \/>\n<meta property=\"og:image\" content=\"https:\/\/solupak.eu\/wp-content\/uploads\/2021\/01\/Plastic_reduction@3x.png\" \/>\n<meta name=\"twitter:card\" content=\"summary_large_image\" \/>\n<meta name=\"twitter:label1\" content=\"Predpokladan\u00fd \u010das \u010d\u00edtania\" \/>\n\t<meta name=\"twitter:data1\" content=\"2 min\u00faty\" \/>\n<script type=\"application\/ld+json\" class=\"yoast-schema-graph\">{\"@context\":\"https:\/\/schema.org\",\"@graph\":[{\"@type\":\"WebPage\",\"@id\":\"https:\/\/solupak.eu\/environmental\/\",\"url\":\"https:\/\/solupak.eu\/environmental\/\",\"name\":\"Environmental - Solupak\",\"isPartOf\":{\"@id\":\"https:\/\/solupak.eu\/#website\"},\"datePublished\":\"2020-11-06T10:31:31+00:00\",\"dateModified\":\"2021-03-30T10:57:40+00:00\",\"breadcrumb\":{\"@id\":\"https:\/\/solupak.eu\/environmental\/#breadcrumb\"},\"inLanguage\":\"sk-SK\",\"potentialAction\":[{\"@type\":\"ReadAction\",\"target\":[\"https:\/\/solupak.eu\/environmental\/\"]}]},{\"@type\":\"BreadcrumbList\",\"@id\":\"https:\/\/solupak.eu\/environmental\/#breadcrumb\",\"itemListElement\":[{\"@type\":\"ListItem\",\"position\":1,\"name\":\"Home\",\"item\":\"https:\/\/solupak.eu\/\"},{\"@type\":\"ListItem\",\"position\":2,\"name\":\"Environmental\"}]},{\"@type\":\"WebSite\",\"@id\":\"https:\/\/solupak.eu\/#website\",\"url\":\"https:\/\/solupak.eu\/\",\"name\":\"Solupak\",\"description\":\"...just add water\",\"potentialAction\":[{\"@type\":\"SearchAction\",\"target\":{\"@type\":\"EntryPoint\",\"urlTemplate\":\"https:\/\/solupak.eu\/?s={search_term_string}\"},\"query-input\":\"required name=search_term_string\"}],\"inLanguage\":\"sk-SK\"}]}<\/script>\n<!-- \/ Yoast SEO plugin. -->","yoast_head_json":{"title":"Environmental - Solupak","robots":{"index":"index","follow":"follow","max-snippet":"max-snippet:-1","max-image-preview":"max-image-preview:large","max-video-preview":"max-video-preview:-1"},"canonical":"https:\/\/solupak.eu\/sk\/environmental\/","og_locale":"sk_SK","og_type":"article","og_title":"Environmental - Solupak","og_description":"Environmental Benefits Here at Solupak, consideration for the environment is at the forefront of all of our processes and applications. We strive to reduce the amount of single use plastic within the cleaning industry and have as little negative impact as possible on the environment. Our mission is to become the leading producer of effective&hellip;","og_url":"https:\/\/solupak.eu\/sk\/environmental\/","og_site_name":"Solupak","article_modified_time":"2021-03-30T10:57:40+00:00","og_image":[{"url":"https:\/\/solupak.eu\/wp-content\/uploads\/2021\/01\/Plastic_reduction@3x.png"}],"twitter_card":"summary_large_image","twitter_misc":{"Predpokladan\u00fd \u010das \u010d\u00edtania":"2 min\u00faty"},"schema":{"@context":"https:\/\/schema.org","@graph":[{"@type":"WebPage","@id":"https:\/\/solupak.eu\/environmental\/","url":"https:\/\/solupak.eu\/environmental\/","name":"Environmental - Solupak","isPartOf":{"@id":"https:\/\/solupak.eu\/#website"},"datePublished":"2020-11-06T10:31:31+00:00","dateModified":"2021-03-30T10:57:40+00:00","breadcrumb":{"@id":"https:\/\/solupak.eu\/environmental\/#breadcrumb"},"inLanguage":"sk-SK","potentialAction":[{"@type":"ReadAction","target":["https:\/\/solupak.eu\/environmental\/"]}]},{"@type":"BreadcrumbList","@id":"https:\/\/solupak.eu\/environmental\/#breadcrumb","itemListElement":[{"@type":"ListItem","position":1,"name":"Home","item":"https:\/\/solupak.eu\/"},{"@type":"ListItem","position":2,"name":"Environmental"}]},{"@type":"WebSite","@id":"https:\/\/solupak.eu\/#website","url":"https:\/\/solupak.eu\/","name":"Solupak","description":"...just add water","potentialAction":[{"@type":"SearchAction","target":{"@type":"EntryPoint","urlTemplate":"https:\/\/solupak.eu\/?s={search_term_string}"},"query-input":"required name=search_term_string"}],"inLanguage":"sk-SK"}]}},"_links":{"self":[{"href":"https:\/\/solupak.eu\/sk\/wp-json\/wp\/v2\/pages\/194"}],"collection":[{"href":"https:\/\/solupak.eu\/sk\/wp-json\/wp\/v2\/pages"}],"about":[{"href":"https:\/\/solupak.eu\/sk\/wp-json\/wp\/v2\/types\/page"}],"author":[{"embeddable":true,"href":"https:\/\/solupak.eu\/sk\/wp-json\/wp\/v2\/users\/1"}],"replies":[{"embeddable":true,"href":"https:\/\/solupak.eu\/sk\/wp-json\/wp\/v2\/comments?post=194"}],"version-history":[{"count":19,"href":"https:\/\/solupak.eu\/sk\/wp-json\/wp\/v2\/pages\/194\/revisions"}],"predecessor-version":[{"id":4215,"href":"https:\/\/solupak.eu\/sk\/wp-json\/wp\/v2\/pages\/194\/revisions\/4215"}],"wp:attachment":[{"href":"https:\/\/solupak.eu\/sk\/wp-json\/wp\/v2\/media?parent=194"}],"curies":[{"name":"wp","href":"https:\/\/api.w.org\/{rel}","templated":true}]}}