{"id":191,"date":"2020-11-06T10:31:31","date_gmt":"2020-11-06T10:31:31","guid":{"rendered":"https:\/\/solupak.eu\/?page_id=191"},"modified":"2022-06-07T15:10:09","modified_gmt":"2022-06-07T14:10:09","slug":"industry-sectors","status":"publish","type":"page","link":"https:\/\/solupak.eu\/sk\/industry-sectors\/","title":{"rendered":"Odvetvia priemyslu"},"content":{"rendered":"<h1>\n\t\tOdvetvia\n\t<\/h1>\n\t<p>V spolo\u010dnosti Solupak poskytujeme produkty pre viacer\u00e9 priemyseln\u00e9 odvetvia a sektory a n\u00e1\u0161 sortiment \u010distiacich prostriedkov pokr\u00fdva \u0161irok\u00e9 spektrum potrieb, od \u0161pecifick\u00fdch oblast\u00ed a\u017e po v\u0161eobecn\u00e9 \u010distenie. D\u00e1vkovan\u00fd \u010distiaci syst\u00e9m rozpustn\u00fd vo vode m\u00e1 \u0161irok\u00fa \u0161k\u00e1lu v\u00fdhod.<\/p>\n        <img src=\"https:\/\/solupak.eu\/wp-content\/uploads\/2020\/11\/storage3-1.png\" alt=\"Space saving\">\n        <h3>\u00daspora miesta<\/h3>\n        Zn\u00ed\u017eenie potrebn\u00e9ho \u00falo\u017en\u00e9ho priestoru o viac ako 90%\n        <img src=\"https:\/\/solupak.eu\/wp-content\/uploads\/2020\/11\/90reduction3-1.png\" alt=\"Transport\">\n        <h3>Doprava<\/h3>\n        Zn\u00ed\u017eenie prepravnej hmotnosti a\u017e o 90% v porovnan\u00ed s be\u017en\u00fdmi \u010distiacimi syst\u00e9mami\n        <img src=\"https:\/\/solupak.eu\/wp-content\/uploads\/2020\/11\/minimal-waste4-1.png\" alt=\"Minimal Waste\">\n        <h3>Minim\u00e1lne mno\u017estvo odpadu<\/h3>\n        \u017diadne plasty na jedno pou\u017eitie, dod\u00e1van\u00e9 v recyklovate\u013en\u00fdch obaloch\n        <img src=\"https:\/\/solupak.eu\/wp-content\/uploads\/2020\/11\/packaging3.png\" alt=\"No manual handling risk\">\n        <h3>\u017diadne riziko ru\u010dnej manipul\u00e1cie<\/h3>\n        7,5 kg be\u017en\u00fdch chemik\u00e1li\u00ed nahraden\u00fdch 100 g balen\u00edm\n        <img src=\"https:\/\/solupak.eu\/wp-content\/uploads\/2020\/11\/chemical2.png\" alt=\"No chemical contact\">\n        <h3>\u017diadny kontakt s chemik\u00e1liami<\/h3>\n        Pou\u017e\u00edvatelia chr\u00e1nen\u00ed vrstvou vo vode rozpustnej f\u00f3lie\n        <img src=\"https:\/\/solupak.eu\/wp-content\/uploads\/2020\/11\/sachet2.png\" alt=\"Cost controlled\">\n        <h3>Kontrolovan\u00e9 n\u00e1klady<\/h3>\n        Presn\u00e1 d\u00e1vka zaka\u017ed\u00fdm\n        <img src=\"https:\/\/solupak.eu\/wp-content\/uploads\/2020\/11\/correct-load2.png\" alt=\"No over use of chemicals\">\n        <h3>\u017diadne nadmern\u00e9 pou\u017e\u00edvanie chemik\u00e1li\u00ed<\/h3>\n        D\u00e1vkovanie navrhnut\u00e9 tak, aby bolo spr\u00e1vne \u010distiace za\u0165a\u017eenie\n        <img src=\"https:\/\/solupak.eu\/wp-content\/uploads\/2020\/11\/bin-1.png\" alt=\"Zero single use plastic\">\n        <h3>Nulov\u00fd podiel plastov na jedno pou\u017eitie<\/h3>\n        <img src=\"https:\/\/solupak.eu\/wp-content\/uploads\/2021\/01\/Facilities_management@3x.png\" alt=\"Facilities Management\">\n        <h3>Spr\u00e1va zariaden\u00ed<\/h3>\n        N\u00e1\u0161 rad Soluclean Daily Cleaning je dokonal\u00fdm rie\u0161en\u00edm pre v\u0161etky oblasti \u010distenia.<br><br> Od \u010distenia povrchov po um\u00fdvacie priestory, od ru\u010dn\u00e9ho \u010distenia po strojov\u00e9.  Kompletn\u00fd sortiment v\u00fdrobkov Solupak vr\u00e1tane na\u0161ich dezinfek\u010dn\u00fdch prostriedkov, dezinfek\u010dn\u00fdch prostriedkov a antiv\u00edrusov\u00fdch \u010distiacich prostriedkov je testovan\u00fd pod\u013ea najvy\u0161\u0161\u00edch mo\u017en\u00fdch noriem EN; ke\u010f\u017ee bol testovan\u00fd na \u00fa\u010dinnos\u0165 proti koronav\u00edrusom, vieme, \u017ee tento sortiment v\u00fdrobkov je \u00fa\u010dinn\u00fd.  <br><br>Okrem toho s\u00fa na\u0161e v\u00fdrobky vhodn\u00e9 a bezpe\u010dn\u00e9 na pou\u017eitie vo viacer\u00fdch prostrediach a priestoroch. V s\u00fa\u010dasnosti sa v\u00fdrobky Solupak pou\u017e\u00edvaj\u00fa v r\u00f4znych priemyseln\u00fdch odvetviach vr\u00e1tane dopravy, v\u00fdroby a maloobchodu, ako aj na bezpe\u010dn\u00e9 a \u00fa\u010dinn\u00e9 \u010distenie \u0161k\u00f4l a kancel\u00e1ri\u00ed. Na\u0161i klienti sa pohybuj\u00fa od jednotliv\u00fdch spolo\u010dnost\u00ed a\u017e po obrovsk\u00e9 fran\u0161\u00edzy, pri\u010dom v\u00fdrobky Solupak sa v s\u00fa\u010dasnosti pou\u017e\u00edvaj\u00fa na \u010distenie potravin\u00e1rskych re\u0165azcov Greggs v celej krajine.\n        <img src=\"https:\/\/solupak.eu\/wp-content\/uploads\/2021\/01\/Catering@3x.png\" alt=\"Catering\">\n        <h3>Stravovanie<\/h3>\n        Spolo\u010dnos\u0165 Solupak vyr\u00e1ba \u0161pecializovan\u00fd sortiment ur\u010den\u00fd pre konkr\u00e9tne potreby stravovacieho priemyslu. V \u013eahko pou\u017eite\u013enom predd\u00e1vkovanom sortimente n\u00e1jdete v\u0161etko od odmas\u0165ova\u010dov a\u017e po \u010distenie podl\u00e1h. Sortiment \u010distiacich prostriedkov je doplnen\u00fd o dezinfek\u010dn\u00e9 prostriedky na povrchy, dezinfek\u010dn\u00e9 prostriedky a antiv\u00edrusov\u00e9 \u010distiace prostriedky, aby sa poskytol \u0161pi\u010dkov\u00fd bal\u00edk \u010distiacich prostriedkov.\n        <img src=\"https:\/\/solupak.eu\/wp-content\/uploads\/2021\/01\/Building_and_construction@3x.png\" alt=\"Building and Construction\">\n        <h3>Stavebn\u00edctvo a v\u00fdstavba<\/h3>\n        V\u010faka na\u0161im strojom na mieru a baleniu na mieru v spolo\u010dnosti Solupak sme schopn\u00ed spracova\u0165 a zabali\u0165 stavebn\u00e9 a cementov\u00e9 pr\u00edsady. To m\u00e1 obrovsk\u00e9 v\u00fdhody pre kone\u010dn\u00e9ho pou\u017e\u00edvate\u013ea aj pre \u017eivotn\u00e9 prostredie. Syst\u00e9m predbe\u017en\u00e9ho d\u00e1vkovania zabezpe\u010duje minim\u00e1lny odpad a optim\u00e1lny produkt. V\u010faka \u0161pecializovan\u00e9mu strojov\u00e9mu zariadeniu dok\u00e1\u017eeme vyr\u00e1ba\u0165 naplnen\u00e9 vrecia s hmotnos\u0165ou do 1 kg, \u010do umo\u017enilo spolo\u010dnosti Solupak vst\u00fapi\u0165 do stavebn\u00e9ho priemyslu. V\u010faka na\u0161im rie\u0161eniam je pou\u017eitie na stavbe r\u00fdchle a efekt\u00edvne a je potrebn\u00e9 likvidova\u0165 minim\u00e1lne mno\u017estvo obalov. Tieto koncepty boli aplikovan\u00e9 na pr\u00e1\u0161kov\u00e9 aj tekut\u00e9 v\u00fdrobky, ktor\u00e9 sa aplikuj\u00fa lok\u00e1lne na stavenisku.\n        <img src=\"https:\/\/solupak.eu\/wp-content\/uploads\/2021\/01\/Dental_and_optical@3x.png\" alt=\"Dental and Optical\">\n        <h3>Zubn\u00e9 a optick\u00e9 slu\u017eby<\/h3>\n        Technol\u00f3giu Solupak rozpustn\u00fa vo vode mo\u017eno pou\u017ei\u0165 aj v zubn\u00fdch a optick\u00fdch procesoch. V\u010faka na\u0161im odborn\u00fdm znalostiam sme dok\u00e1zali vybra\u0165 najlep\u0161iu vo vode rozpustn\u00fa f\u00f3liu pre po\u017eadovan\u00e9 pou\u017eitie a n\u00e1\u0161 v\u00fdskumn\u00fd a v\u00fdvojov\u00fd t\u00edm neust\u00e1le vykon\u00e1va testy kompatibility, aby sa zabezpe\u010dili najlep\u0161ie v\u00fdsledky kvality. Predd\u00e1vkovan\u00e9 chemik\u00e1lie Solupak zabezpe\u010duj\u00fa r\u00fdchle rozp\u00fa\u0161\u0165anie a v\u00fdrobu vo vysokom tempe v zubnom a optickom prostred\u00ed, od pr\u00edsad a\u017e po t\u00f3novanie.\n        <img src=\"https:\/\/solupak.eu\/wp-content\/uploads\/2021\/01\/Agriculture_and_horticulture@3x.png\" alt=\"Agriculture and Horticulture\">\n        <h3>Po\u013enohospod\u00e1rstvo a z\u00e1hradn\u00edctvo<\/h3>\n        Pomocou technol\u00f3gie spolo\u010dnosti Solupak mo\u017eno po\u013enohospod\u00e1rske chemik\u00e1lie jednoducho bali\u0165 do vo vode rozpustn\u00fdch vrec\u00fa\u0161ok a obalov. To umo\u017e\u0148uje efekt\u00edvne d\u00e1vkovanie a z\u00e1rove\u0148 pon\u00faka bezpe\u010dn\u00fa bari\u00e9ru medzi koncov\u00fdmi pou\u017e\u00edvate\u013emi a chemik\u00e1liami. Do f\u00f3li\u00ed rozpustn\u00fdch vo vode sa m\u00f4\u017eu bali\u0165 aj \u017eiviny, \u010do znamen\u00e1, \u017ee sa m\u00f4\u017eu zav\u00e1dza\u0165 vo vopred odmeran\u00fdch mno\u017estv\u00e1ch. Na\u0161e vrec\u00fa\u0161ka si nevy\u017eaduj\u00fa \u017eiadne trhanie ani roztrhnutie; sta\u010d\u00ed prida\u0165 vodu a aplik\u00e1cia je hotov\u00e1.\n        <img src=\"https:\/\/solupak.eu\/wp-content\/uploads\/2021\/01\/Medical_cleaning@3x.png\" alt=\"Medical Cleaning\">\n        <h3>Zdravotn\u00edcke \u010distenie<\/h3>\n        Spolo\u010dnos\u0165 Solupak, ktor\u00e1 u\u017e mnoho rokov spolupracuje s v\u00fdrobcami zdravotn\u00edckych pom\u00f4cok, vytvorila na mieru \u0161it\u00fd sortiment \u010distiacich prostriedkov, ktor\u00e9 s\u00fa \u0161peci\u00e1lne navrhnut\u00e9 a prisp\u00f4soben\u00e9 na vykon\u00e1vanie po\u017eadovan\u00fdch \u00faloh. V\u00fdrobky s\u00fa formulovan\u00e9 a testovan\u00e9 pod\u013ea najvy\u0161\u0161\u00edch \u0161tandardov a boli navrhnut\u00e9 \u0161peci\u00e1lne na enzymatick\u00e9 \u010distenie. V\u010faka vysok\u00fdm \u0161tandardom a postupom kvality, ktor\u00e9 spolo\u010dnos\u0165 Solupak dodr\u017eiava, sme si udr\u017eali vysok\u00fd dopyt po dod\u00e1vkach a na\u010falej vyv\u00edjame nov\u00e9 rie\u0161enia pod\u013ea po\u017eiadaviek z\u00e1kazn\u00edkov.","protected":false},"excerpt":{"rendered":"<p>Odvetvia V spolo\u010dnosti Solupak poskytujeme produkty pre viacer\u00e9 odvetvia a sektory a n\u00e1\u0161 sortiment \u010distiacich prostriedkov pokr\u00fdva \u0161irok\u00e9 spektrum potrieb, od \u0161pecifick\u00fdch oblast\u00ed a\u017e po v\u0161eobecn\u00e9 \u010distenie. D\u00e1vkovan\u00fd \u010distiaci syst\u00e9m rozpustn\u00fd vo vode m\u00e1 \u0161irok\u00fa \u0161k\u00e1lu v\u00fdhod. \u00daspora miesta Zn\u00ed\u017eenie potrebn\u00e9ho skladovacieho priestoru o viac ako 90% Preprava Zn\u00ed\u017eenie prepravn\u00e9ho priestoru a\u017e o 90%...<\/p>","protected":false},"author":1,"featured_media":0,"parent":0,"menu_order":0,"comment_status":"closed","ping_status":"closed","template":"","meta":[],"yoast_head":"<!-- This site is optimized with the Yoast SEO plugin v19.7.2 - https:\/\/yoast.com\/wordpress\/plugins\/seo\/ -->\n<title>Industry Sectors - Solupak<\/title>\n<meta name=\"robots\" content=\"index, follow, max-snippet:-1, max-image-preview:large, max-video-preview:-1\" \/>\n<link rel=\"canonical\" href=\"https:\/\/solupak.eu\/sk\/industry-sectors\/\" \/>\n<meta property=\"og:locale\" content=\"sk_SK\" \/>\n<meta property=\"og:type\" content=\"article\" \/>\n<meta property=\"og:title\" content=\"Industry Sectors - Solupak\" \/>\n<meta property=\"og:description\" content=\"Industries Here at Solupak, we provide products to multiple industries and sectors and our cleaning range covers a wide spectrum of needs, from specific areas to general cleaning. The water-soluble dosed cleaning system has a wide range of benefits. Space saving Over 90% reduction in storage space needed Transport Up to 90% reduction in shipping&hellip;\" \/>\n<meta property=\"og:url\" content=\"https:\/\/solupak.eu\/sk\/industry-sectors\/\" \/>\n<meta property=\"og:site_name\" content=\"Solupak\" \/>\n<meta property=\"article:modified_time\" content=\"2022-06-07T14:10:09+00:00\" \/>\n<meta property=\"og:image\" content=\"https:\/\/solupak.eu\/wp-content\/uploads\/2020\/11\/storage3-1.png\" \/>\n<meta name=\"twitter:card\" content=\"summary_large_image\" \/>\n<meta name=\"twitter:label1\" content=\"Predpokladan\u00fd \u010das \u010d\u00edtania\" \/>\n\t<meta name=\"twitter:data1\" content=\"6 min\u00fat\" \/>\n<script type=\"application\/ld+json\" class=\"yoast-schema-graph\">{\"@context\":\"https:\/\/schema.org\",\"@graph\":[{\"@type\":\"WebPage\",\"@id\":\"https:\/\/solupak.eu\/industry-sectors\/\",\"url\":\"https:\/\/solupak.eu\/industry-sectors\/\",\"name\":\"Industry Sectors - Solupak\",\"isPartOf\":{\"@id\":\"https:\/\/solupak.eu\/#website\"},\"datePublished\":\"2020-11-06T10:31:31+00:00\",\"dateModified\":\"2022-06-07T14:10:09+00:00\",\"breadcrumb\":{\"@id\":\"https:\/\/solupak.eu\/industry-sectors\/#breadcrumb\"},\"inLanguage\":\"sk-SK\",\"potentialAction\":[{\"@type\":\"ReadAction\",\"target\":[\"https:\/\/solupak.eu\/industry-sectors\/\"]}]},{\"@type\":\"BreadcrumbList\",\"@id\":\"https:\/\/solupak.eu\/industry-sectors\/#breadcrumb\",\"itemListElement\":[{\"@type\":\"ListItem\",\"position\":1,\"name\":\"Home\",\"item\":\"https:\/\/solupak.eu\/\"},{\"@type\":\"ListItem\",\"position\":2,\"name\":\"Industry Sectors\"}]},{\"@type\":\"WebSite\",\"@id\":\"https:\/\/solupak.eu\/#website\",\"url\":\"https:\/\/solupak.eu\/\",\"name\":\"Solupak\",\"description\":\"...just add water\",\"potentialAction\":[{\"@type\":\"SearchAction\",\"target\":{\"@type\":\"EntryPoint\",\"urlTemplate\":\"https:\/\/solupak.eu\/?s={search_term_string}\"},\"query-input\":\"required name=search_term_string\"}],\"inLanguage\":\"sk-SK\"}]}<\/script>\n<!-- \/ Yoast SEO plugin. -->","yoast_head_json":{"title":"Industry Sectors - Solupak","robots":{"index":"index","follow":"follow","max-snippet":"max-snippet:-1","max-image-preview":"max-image-preview:large","max-video-preview":"max-video-preview:-1"},"canonical":"https:\/\/solupak.eu\/sk\/industry-sectors\/","og_locale":"sk_SK","og_type":"article","og_title":"Industry Sectors - Solupak","og_description":"Industries Here at Solupak, we provide products to multiple industries and sectors and our cleaning range covers a wide spectrum of needs, from specific areas to general cleaning. The water-soluble dosed cleaning system has a wide range of benefits. Space saving Over 90% reduction in storage space needed Transport Up to 90% reduction in shipping&hellip;","og_url":"https:\/\/solupak.eu\/sk\/industry-sectors\/","og_site_name":"Solupak","article_modified_time":"2022-06-07T14:10:09+00:00","og_image":[{"url":"https:\/\/solupak.eu\/wp-content\/uploads\/2020\/11\/storage3-1.png"}],"twitter_card":"summary_large_image","twitter_misc":{"Predpokladan\u00fd \u010das \u010d\u00edtania":"6 min\u00fat"},"schema":{"@context":"https:\/\/schema.org","@graph":[{"@type":"WebPage","@id":"https:\/\/solupak.eu\/industry-sectors\/","url":"https:\/\/solupak.eu\/industry-sectors\/","name":"Industry Sectors - Solupak","isPartOf":{"@id":"https:\/\/solupak.eu\/#website"},"datePublished":"2020-11-06T10:31:31+00:00","dateModified":"2022-06-07T14:10:09+00:00","breadcrumb":{"@id":"https:\/\/solupak.eu\/industry-sectors\/#breadcrumb"},"inLanguage":"sk-SK","potentialAction":[{"@type":"ReadAction","target":["https:\/\/solupak.eu\/industry-sectors\/"]}]},{"@type":"BreadcrumbList","@id":"https:\/\/solupak.eu\/industry-sectors\/#breadcrumb","itemListElement":[{"@type":"ListItem","position":1,"name":"Home","item":"https:\/\/solupak.eu\/"},{"@type":"ListItem","position":2,"name":"Industry Sectors"}]},{"@type":"WebSite","@id":"https:\/\/solupak.eu\/#website","url":"https:\/\/solupak.eu\/","name":"Solupak","description":"...just add water","potentialAction":[{"@type":"SearchAction","target":{"@type":"EntryPoint","urlTemplate":"https:\/\/solupak.eu\/?s={search_term_string}"},"query-input":"required name=search_term_string"}],"inLanguage":"sk-SK"}]}},"_links":{"self":[{"href":"https:\/\/solupak.eu\/sk\/wp-json\/wp\/v2\/pages\/191"}],"collection":[{"href":"https:\/\/solupak.eu\/sk\/wp-json\/wp\/v2\/pages"}],"about":[{"href":"https:\/\/solupak.eu\/sk\/wp-json\/wp\/v2\/types\/page"}],"author":[{"embeddable":true,"href":"https:\/\/solupak.eu\/sk\/wp-json\/wp\/v2\/users\/1"}],"replies":[{"embeddable":true,"href":"https:\/\/solupak.eu\/sk\/wp-json\/wp\/v2\/comments?post=191"}],"version-history":[{"count":16,"href":"https:\/\/solupak.eu\/sk\/wp-json\/wp\/v2\/pages\/191\/revisions"}],"predecessor-version":[{"id":60272,"href":"https:\/\/solupak.eu\/sk\/wp-json\/wp\/v2\/pages\/191\/revisions\/60272"}],"wp:attachment":[{"href":"https:\/\/solupak.eu\/sk\/wp-json\/wp\/v2\/media?parent=191"}],"curies":[{"name":"wp","href":"https:\/\/api.w.org\/{rel}","templated":true}]}}