{"id":18,"date":"2020-10-23T11:48:48","date_gmt":"2020-10-23T10:48:48","guid":{"rendered":"https:\/\/solupak.eu\/?page_id=18"},"modified":"2021-12-02T14:06:36","modified_gmt":"2021-12-02T14:06:36","slug":"our-mission","status":"publish","type":"page","link":"https:\/\/solupak.eu\/sk\/our-mission\/","title":{"rendered":"Na\u0161e poslanie"},"content":{"rendered":"<h1>\n\t\tNa\u0161e poslanie\n\t<\/h1>\n\t<h3>By\u0165 popredn\u00fdm v\u00fdrobcom \u00fa\u010dinn\u00fdch a cenovo v\u00fdhodn\u00fdch \u010distiacich koncentr\u00e1tov balen\u00fdch do vo vode rozpustn\u00fdch f\u00f3liov\u00fdch vreciek, vyroben\u00fdch pod\u013ea najvy\u0161\u0161\u00edch mo\u017en\u00fdch etick\u00fdch noriem.<\/h3>\n\t\t\t\t<img loading=\"lazy\" src=\"https:\/\/solupak.eu\/wp-content\/uploads\/2021\/03\/Trigger-bottles.png\" alt=\"Trigger-bottles\" itemprop=\"image\" height=\"928\" width=\"1586\" title=\"Sp\u00fa\u0161\u0165acie f\u013ea\u0161e\" onerror=\"this.style.display='none'\">\n\t<h2>Na\u0161a hist\u00f3ria. Bud\u00facnos\u0165.<\/h2>\n<p>Spolo\u010dnos\u0165 Solupak vznikla v roku 1998 a je zn\u00e1ma ako popredn\u00fd odborn\u00edk na v\u00fdrobky rozpustn\u00e9 vo vode. Po\u010das takmer 20 rokov spolo\u010dnos\u0165 spolupracovala s mnoh\u00fdmi popredn\u00fdmi zna\u010dkami na v\u00fdvoji, formul\u00e1cii, balen\u00ed a distrib\u00facii vo vode rozpustn\u00fdch (PVOH) f\u00f3li\u00ed a gran\u00fal.<\/p>\n<p>So s\u00eddlom v Yorkshire na severe Anglicka poskytujeme slu\u017eby v Spojenom kr\u00e1\u013eovstve a na\u0161im distrib\u00fatorom v Eur\u00f3pe, na \u010ealekom v\u00fdchode a v Austr\u00e1lii. Ako \u0161pecialisti na komer\u010dn\u00e9 \u010distiace prostriedky zamestn\u00e1vame kompletn\u00fd vlastn\u00fd t\u00edm pre technick\u00e9 zlo\u017eenie a v\u00fdvoj. Cel\u00e1 v\u00fdroba prebieha na mieste v Spojenom kr\u00e1\u013eovstve, rovnako ako koncepcia, v\u00fdskum a v\u00fdvoj, testovanie, v\u00fdroba, balenie a distrib\u00facia.<\/p>\n<p>Sme ve\u013emi hrd\u00ed na na\u0161e ekologick\u00e9 referencie a sme akreditovan\u00ed organiz\u00e1ciou Cruelty Free International (ofici\u00e1lne zn\u00e1mou ako BUAV) a environment\u00e1lnou zna\u010dkou (v pr\u00edpade potreby). V\u0161etky na\u0161e v\u00fdrobky s\u00fa veg\u00e1nske. Na n\u00e1\u0161 sortiment sp\u00fa\u0161\u0165a\u010dov m\u00e1me patenty. N\u00e1\u0161 sortiment v\u00fdrobkov je \u0161peci\u00e1lne vyvinut\u00fd na ka\u017edodenn\u00e9 pou\u017eitie s men\u0161\u00edmi rozmermi balenia, ktor\u00e9 zni\u017euj\u00fa n\u00e1klady na dopravu a logistiku. Sme plne akreditovan\u00ed pod\u013ea noriem ISO 9001: 2015 a ISO 14001; va\u0161e podnikanie je u n\u00e1s v bezpe\u010d\u00ed.<\/p>\n    <a href=\"https:\/\/solupak.eu\/sk\/products\/\" target=\"_self\" rel=\"noopener noreferrer\">\n    \tPozrite si na\u0161u ponuku produktov\n    <\/a>\n\t\t\t\t<img loading=\"lazy\" src=\"https:\/\/solupak.eu\/wp-content\/uploads\/2021\/03\/Degraser-cleaner.png\" alt=\"Degraser-cleaner\" itemprop=\"image\" height=\"1498\" width=\"1000\" title=\"Odmas\u0165ova\u010d-\u010disti\u010d\" onerror=\"this.style.display='none'\">","protected":false},"excerpt":{"rendered":"<p>Na\u0161e poslanie By\u0165 popredn\u00fdm v\u00fdrobcom \u00fa\u010dinn\u00fdch a cenovo v\u00fdhodn\u00fdch \u010distiacich koncentr\u00e1tov balen\u00fdch do vo vode rozpustn\u00fdch f\u00f3liov\u00fdch vreciek, vyr\u00e1ban\u00fdch pod\u013ea najvy\u0161\u0161\u00edch mo\u017en\u00fdch etick\u00fdch noriem. Na\u0161a hist\u00f3ria. Bud\u00facnos\u0165. Spolo\u010dnos\u0165 Solupak vznikla v roku 1998 a je zn\u00e1ma ako popredn\u00fd odborn\u00edk na v\u00fdrobky rozpustn\u00e9 vo vode. Po\u010das takmer 20 rokov spolo\u010dnos\u0165 spolupracovala s...<\/p>","protected":false},"author":1,"featured_media":0,"parent":0,"menu_order":0,"comment_status":"closed","ping_status":"closed","template":"","meta":[],"yoast_head":"<!-- This site is optimized with the Yoast SEO plugin v19.7.2 - https:\/\/yoast.com\/wordpress\/plugins\/seo\/ -->\n<title>Our Mission - Solupak<\/title>\n<meta name=\"robots\" content=\"index, follow, max-snippet:-1, max-image-preview:large, max-video-preview:-1\" \/>\n<link rel=\"canonical\" href=\"https:\/\/solupak.eu\/sk\/our-mission\/\" \/>\n<meta property=\"og:locale\" content=\"sk_SK\" \/>\n<meta property=\"og:type\" content=\"article\" \/>\n<meta property=\"og:title\" content=\"Our Mission - Solupak\" \/>\n<meta property=\"og:description\" content=\"Our Mission To be the leading producer of effective and value-for-money cleaning concentrate, packed in water soluble film sachets, made by adopting the highest possible ethical standards. Our History.&nbsp;The Future. Solupak was formed in 1998 and is renowned as the leading expert in water soluble products. Over nearly 20 years, the company has worked with&hellip;\" \/>\n<meta property=\"og:url\" content=\"https:\/\/solupak.eu\/sk\/our-mission\/\" \/>\n<meta property=\"og:site_name\" content=\"Solupak\" \/>\n<meta property=\"article:modified_time\" content=\"2021-12-02T14:06:36+00:00\" \/>\n<meta property=\"og:image\" content=\"https:\/\/solupak.eu\/wp-content\/uploads\/2021\/03\/Trigger-bottles.png\" \/>\n<meta name=\"twitter:card\" content=\"summary_large_image\" \/>\n<meta name=\"twitter:label1\" content=\"Predpokladan\u00fd \u010das \u010d\u00edtania\" \/>\n\t<meta name=\"twitter:data1\" content=\"2 min\u00faty\" \/>\n<script type=\"application\/ld+json\" class=\"yoast-schema-graph\">{\"@context\":\"https:\/\/schema.org\",\"@graph\":[{\"@type\":\"WebPage\",\"@id\":\"https:\/\/solupak.eu\/our-mission\/\",\"url\":\"https:\/\/solupak.eu\/our-mission\/\",\"name\":\"Our Mission - Solupak\",\"isPartOf\":{\"@id\":\"https:\/\/solupak.eu\/#website\"},\"datePublished\":\"2020-10-23T10:48:48+00:00\",\"dateModified\":\"2021-12-02T14:06:36+00:00\",\"breadcrumb\":{\"@id\":\"https:\/\/solupak.eu\/our-mission\/#breadcrumb\"},\"inLanguage\":\"sk-SK\",\"potentialAction\":[{\"@type\":\"ReadAction\",\"target\":[\"https:\/\/solupak.eu\/our-mission\/\"]}]},{\"@type\":\"BreadcrumbList\",\"@id\":\"https:\/\/solupak.eu\/our-mission\/#breadcrumb\",\"itemListElement\":[{\"@type\":\"ListItem\",\"position\":1,\"name\":\"Home\",\"item\":\"https:\/\/solupak.eu\/\"},{\"@type\":\"ListItem\",\"position\":2,\"name\":\"Our Mission\"}]},{\"@type\":\"WebSite\",\"@id\":\"https:\/\/solupak.eu\/#website\",\"url\":\"https:\/\/solupak.eu\/\",\"name\":\"Solupak\",\"description\":\"...just add water\",\"potentialAction\":[{\"@type\":\"SearchAction\",\"target\":{\"@type\":\"EntryPoint\",\"urlTemplate\":\"https:\/\/solupak.eu\/?s={search_term_string}\"},\"query-input\":\"required name=search_term_string\"}],\"inLanguage\":\"sk-SK\"}]}<\/script>\n<!-- \/ Yoast SEO plugin. -->","yoast_head_json":{"title":"Our Mission - Solupak","robots":{"index":"index","follow":"follow","max-snippet":"max-snippet:-1","max-image-preview":"max-image-preview:large","max-video-preview":"max-video-preview:-1"},"canonical":"https:\/\/solupak.eu\/sk\/our-mission\/","og_locale":"sk_SK","og_type":"article","og_title":"Our Mission - Solupak","og_description":"Our Mission To be the leading producer of effective and value-for-money cleaning concentrate, packed in water soluble film sachets, made by adopting the highest possible ethical standards. Our History.&nbsp;The Future. Solupak was formed in 1998 and is renowned as the leading expert in water soluble products. Over nearly 20 years, the company has worked with&hellip;","og_url":"https:\/\/solupak.eu\/sk\/our-mission\/","og_site_name":"Solupak","article_modified_time":"2021-12-02T14:06:36+00:00","og_image":[{"url":"https:\/\/solupak.eu\/wp-content\/uploads\/2021\/03\/Trigger-bottles.png"}],"twitter_card":"summary_large_image","twitter_misc":{"Predpokladan\u00fd \u010das \u010d\u00edtania":"2 min\u00faty"},"schema":{"@context":"https:\/\/schema.org","@graph":[{"@type":"WebPage","@id":"https:\/\/solupak.eu\/our-mission\/","url":"https:\/\/solupak.eu\/our-mission\/","name":"Our Mission - Solupak","isPartOf":{"@id":"https:\/\/solupak.eu\/#website"},"datePublished":"2020-10-23T10:48:48+00:00","dateModified":"2021-12-02T14:06:36+00:00","breadcrumb":{"@id":"https:\/\/solupak.eu\/our-mission\/#breadcrumb"},"inLanguage":"sk-SK","potentialAction":[{"@type":"ReadAction","target":["https:\/\/solupak.eu\/our-mission\/"]}]},{"@type":"BreadcrumbList","@id":"https:\/\/solupak.eu\/our-mission\/#breadcrumb","itemListElement":[{"@type":"ListItem","position":1,"name":"Home","item":"https:\/\/solupak.eu\/"},{"@type":"ListItem","position":2,"name":"Our Mission"}]},{"@type":"WebSite","@id":"https:\/\/solupak.eu\/#website","url":"https:\/\/solupak.eu\/","name":"Solupak","description":"...just add water","potentialAction":[{"@type":"SearchAction","target":{"@type":"EntryPoint","urlTemplate":"https:\/\/solupak.eu\/?s={search_term_string}"},"query-input":"required name=search_term_string"}],"inLanguage":"sk-SK"}]}},"_links":{"self":[{"href":"https:\/\/solupak.eu\/sk\/wp-json\/wp\/v2\/pages\/18"}],"collection":[{"href":"https:\/\/solupak.eu\/sk\/wp-json\/wp\/v2\/pages"}],"about":[{"href":"https:\/\/solupak.eu\/sk\/wp-json\/wp\/v2\/types\/page"}],"author":[{"embeddable":true,"href":"https:\/\/solupak.eu\/sk\/wp-json\/wp\/v2\/users\/1"}],"replies":[{"embeddable":true,"href":"https:\/\/solupak.eu\/sk\/wp-json\/wp\/v2\/comments?post=18"}],"version-history":[{"count":16,"href":"https:\/\/solupak.eu\/sk\/wp-json\/wp\/v2\/pages\/18\/revisions"}],"predecessor-version":[{"id":30577,"href":"https:\/\/solupak.eu\/sk\/wp-json\/wp\/v2\/pages\/18\/revisions\/30577"}],"wp:attachment":[{"href":"https:\/\/solupak.eu\/sk\/wp-json\/wp\/v2\/media?parent=18"}],"curies":[{"name":"wp","href":"https:\/\/api.w.org\/{rel}","templated":true}]}}