{"id":1174,"date":"2021-02-21T16:40:10","date_gmt":"2021-02-21T16:40:10","guid":{"rendered":"https:\/\/solupak.eu\/?page_id=1174"},"modified":"2021-02-21T16:40:10","modified_gmt":"2021-02-21T16:40:10","slug":"cookie-policy","status":"publish","type":"page","link":"https:\/\/solupak.eu\/sk\/cookie-policy\/","title":{"rendered":"Z\u00e1sady pou\u017e\u00edvania s\u00faborov cookie"},"content":{"rendered":"<h2>T\u00e1to webov\u00e1 str\u00e1nka pou\u017e\u00edva s\u00fabory cookie.<\/h2>\n\n\n\n<p>\u00dadaje v t\u00fdchto s\u00faboroch cookie s\u00fa anonymn\u00e9 a pou\u017e\u00edvaj\u00fa sa na zabezpe\u010denie lep\u0161ej funk\u010dnosti, lep\u0161ej relevantnosti inform\u00e1ci\u00ed a na pomoc pri anal\u00fdze n\u00e1v\u0161tevnosti.  Tieto anonymizovan\u00e9 inform\u00e1cie o pou\u017e\u00edvan\u00ed na\u0161ich str\u00e1nok poskytujeme aj na\u0161im analytick\u00fdm partnerom.<\/p>\n\n\n\n<p>S\u00fabory cookie nepou\u017e\u00edvame na zhroma\u017e\u010fovanie alebo ukladanie va\u0161ich osobn\u00fdch \u00fadajov, preto tieto inform\u00e1cie nemo\u017eno pou\u017ei\u0165 na identifik\u00e1ciu va\u0161ej osoby.  V\u017edy je mo\u017en\u00e9 svoj s\u00fahlas odvola\u0165. M\u00f4\u017eete tak urobi\u0165&nbsp;<a href=\"https:\/\/solupak.eu\/sk\/cookies-policy\/\" target=\"_blank\" rel=\"noreferrer noopener\">tu<\/a>. Spracovate\u013emi \u00fadajov sme my a ak\u00e1ko\u013evek tretia strana, ktor\u00e1 m\u00e1 pr\u00edstup k administr\u00e1torovi str\u00e1nky. M\u00f4\u017eete n\u00e1s kontaktova\u0165 na \u010d\u00edsle 01924565120<\/p>\n\n\n\n<p>S\u00fabory cookie s\u00fa mal\u00e9 textov\u00e9 s\u00fabory, ktor\u00e9 m\u00f4\u017eu webov\u00e9 str\u00e1nky pou\u017e\u00edva\u0165 na zefekt\u00edvnenie pr\u00e1ce pou\u017e\u00edvate\u013ea.<br><br>Pod\u013ea z\u00e1kona m\u00f4\u017eeme uklada\u0165 s\u00fabory cookie do v\u00e1\u0161ho zariadenia, ak s\u00fa nevyhnutne potrebn\u00e9 na prev\u00e1dzku tejto str\u00e1nky. Na v\u0161etky ostatn\u00e9 typy s\u00faborov cookie potrebujeme v\u00e1\u0161 s\u00fahlas.<br><br>T\u00e1to str\u00e1nka pou\u017e\u00edva r\u00f4zne typy s\u00faborov cookie. Niektor\u00e9 s\u00fabory cookie umiest\u0148uj\u00fa slu\u017eby tret\u00edch str\u00e1n, ktor\u00e9 sa zobrazuj\u00fa na na\u0161ich str\u00e1nkach.<br><br>Svoj s\u00fahlas m\u00f4\u017eete kedyko\u013evek zmeni\u0165 alebo odvola\u0165 z vyhl\u00e1senia o s\u00faboroch cookie na na\u0161ej webovej str\u00e1nke.<br><br>Viac inform\u00e1ci\u00ed o tom, kto sme, ako n\u00e1s m\u00f4\u017eete kontaktova\u0165 a ako sprac\u00favame osobn\u00e9 \u00fadaje, n\u00e1jdete v na\u0161ich Z\u00e1sad\u00e1ch ochrany osobn\u00fdch \u00fadajov.<\/p>\n\n\n\n<p>V\u00e1\u0161 s\u00fahlas sa vz\u0165ahuje na tieto dom\u00e9ny: www.solupak.eu<\/p>","protected":false},"excerpt":{"rendered":"<p>T\u00e1to webov\u00e1 str\u00e1nka pou\u017e\u00edva s\u00fabory cookie. \u00dadaje v t\u00fdchto s\u00faboroch cookie s\u00fa anonymn\u00e9 a pou\u017e\u00edvaj\u00fa sa na zabezpe\u010denie lep\u0161ej funk\u010dnosti, lep\u0161ej relevantnosti inform\u00e1ci\u00ed a na pomoc pri anal\u00fdze n\u00e1v\u0161tevnosti.  Tieto anonymizovan\u00e9 inform\u00e1cie o pou\u017e\u00edvan\u00ed na\u0161ej webovej lokality zdie\u013eame aj s na\u0161imi partnermi pre anal\u00fdzu. S\u00fabory cookie nepou\u017e\u00edvame na zhroma\u017e\u010fovanie alebo ukladanie va\u0161ich...<\/p>","protected":false},"author":1,"featured_media":0,"parent":0,"menu_order":0,"comment_status":"closed","ping_status":"closed","template":"","meta":[],"yoast_head":"<!-- This site is optimized with the Yoast SEO plugin v19.7.2 - https:\/\/yoast.com\/wordpress\/plugins\/seo\/ -->\n<title>Cookie Policy - Solupak<\/title>\n<meta name=\"robots\" content=\"index, follow, max-snippet:-1, max-image-preview:large, max-video-preview:-1\" \/>\n<link rel=\"canonical\" href=\"https:\/\/solupak.eu\/sk\/cookie-policy\/\" \/>\n<meta property=\"og:locale\" content=\"sk_SK\" \/>\n<meta property=\"og:type\" content=\"article\" \/>\n<meta property=\"og:title\" content=\"Cookie Policy - Solupak\" \/>\n<meta property=\"og:description\" content=\"This website uses cookies. The data in these cookies is anonymous and is used to provide enhanced functionality, improved relevancy of information and to help us analyse our traffic.&nbsp; We also share that anonymised information about the use of our site with our analytics partners. We do not use cookies to collect or store your&hellip;\" \/>\n<meta property=\"og:url\" content=\"https:\/\/solupak.eu\/sk\/cookie-policy\/\" \/>\n<meta property=\"og:site_name\" content=\"Solupak\" \/>\n<meta name=\"twitter:card\" content=\"summary_large_image\" \/>\n<meta name=\"twitter:label1\" content=\"Predpokladan\u00fd \u010das \u010d\u00edtania\" \/>\n\t<meta name=\"twitter:data1\" content=\"1 min\u00fata\" \/>\n<script type=\"application\/ld+json\" class=\"yoast-schema-graph\">{\"@context\":\"https:\/\/schema.org\",\"@graph\":[{\"@type\":\"WebPage\",\"@id\":\"https:\/\/solupak.eu\/es\/cookie-policy\/\",\"url\":\"https:\/\/solupak.eu\/es\/cookie-policy\/\",\"name\":\"Cookie Policy - Solupak\",\"isPartOf\":{\"@id\":\"https:\/\/solupak.eu\/#website\"},\"datePublished\":\"2021-02-21T16:40:10+00:00\",\"dateModified\":\"2021-02-21T16:40:10+00:00\",\"breadcrumb\":{\"@id\":\"https:\/\/solupak.eu\/es\/cookie-policy\/#breadcrumb\"},\"inLanguage\":\"sk-SK\",\"potentialAction\":[{\"@type\":\"ReadAction\",\"target\":[\"https:\/\/solupak.eu\/es\/cookie-policy\/\"]}]},{\"@type\":\"BreadcrumbList\",\"@id\":\"https:\/\/solupak.eu\/es\/cookie-policy\/#breadcrumb\",\"itemListElement\":[{\"@type\":\"ListItem\",\"position\":1,\"name\":\"Home\",\"item\":\"https:\/\/solupak.eu\/\"},{\"@type\":\"ListItem\",\"position\":2,\"name\":\"Cookie Policy\"}]},{\"@type\":\"WebSite\",\"@id\":\"https:\/\/solupak.eu\/#website\",\"url\":\"https:\/\/solupak.eu\/\",\"name\":\"Solupak\",\"description\":\"...just add water\",\"potentialAction\":[{\"@type\":\"SearchAction\",\"target\":{\"@type\":\"EntryPoint\",\"urlTemplate\":\"https:\/\/solupak.eu\/?s={search_term_string}\"},\"query-input\":\"required name=search_term_string\"}],\"inLanguage\":\"sk-SK\"}]}<\/script>\n<!-- \/ Yoast SEO plugin. -->","yoast_head_json":{"title":"Cookie Policy - Solupak","robots":{"index":"index","follow":"follow","max-snippet":"max-snippet:-1","max-image-preview":"max-image-preview:large","max-video-preview":"max-video-preview:-1"},"canonical":"https:\/\/solupak.eu\/sk\/cookie-policy\/","og_locale":"sk_SK","og_type":"article","og_title":"Cookie Policy - Solupak","og_description":"This website uses cookies. The data in these cookies is anonymous and is used to provide enhanced functionality, improved relevancy of information and to help us analyse our traffic.&nbsp; We also share that anonymised information about the use of our site with our analytics partners. We do not use cookies to collect or store your&hellip;","og_url":"https:\/\/solupak.eu\/sk\/cookie-policy\/","og_site_name":"Solupak","twitter_card":"summary_large_image","twitter_misc":{"Predpokladan\u00fd \u010das \u010d\u00edtania":"1 min\u00fata"},"schema":{"@context":"https:\/\/schema.org","@graph":[{"@type":"WebPage","@id":"https:\/\/solupak.eu\/es\/cookie-policy\/","url":"https:\/\/solupak.eu\/es\/cookie-policy\/","name":"Cookie Policy - Solupak","isPartOf":{"@id":"https:\/\/solupak.eu\/#website"},"datePublished":"2021-02-21T16:40:10+00:00","dateModified":"2021-02-21T16:40:10+00:00","breadcrumb":{"@id":"https:\/\/solupak.eu\/es\/cookie-policy\/#breadcrumb"},"inLanguage":"sk-SK","potentialAction":[{"@type":"ReadAction","target":["https:\/\/solupak.eu\/es\/cookie-policy\/"]}]},{"@type":"BreadcrumbList","@id":"https:\/\/solupak.eu\/es\/cookie-policy\/#breadcrumb","itemListElement":[{"@type":"ListItem","position":1,"name":"Home","item":"https:\/\/solupak.eu\/"},{"@type":"ListItem","position":2,"name":"Cookie Policy"}]},{"@type":"WebSite","@id":"https:\/\/solupak.eu\/#website","url":"https:\/\/solupak.eu\/","name":"Solupak","description":"...just add water","potentialAction":[{"@type":"SearchAction","target":{"@type":"EntryPoint","urlTemplate":"https:\/\/solupak.eu\/?s={search_term_string}"},"query-input":"required name=search_term_string"}],"inLanguage":"sk-SK"}]}},"_links":{"self":[{"href":"https:\/\/solupak.eu\/sk\/wp-json\/wp\/v2\/pages\/1174"}],"collection":[{"href":"https:\/\/solupak.eu\/sk\/wp-json\/wp\/v2\/pages"}],"about":[{"href":"https:\/\/solupak.eu\/sk\/wp-json\/wp\/v2\/types\/page"}],"author":[{"embeddable":true,"href":"https:\/\/solupak.eu\/sk\/wp-json\/wp\/v2\/users\/1"}],"replies":[{"embeddable":true,"href":"https:\/\/solupak.eu\/sk\/wp-json\/wp\/v2\/comments?post=1174"}],"version-history":[{"count":1,"href":"https:\/\/solupak.eu\/sk\/wp-json\/wp\/v2\/pages\/1174\/revisions"}],"predecessor-version":[{"id":1175,"href":"https:\/\/solupak.eu\/sk\/wp-json\/wp\/v2\/pages\/1174\/revisions\/1175"}],"wp:attachment":[{"href":"https:\/\/solupak.eu\/sk\/wp-json\/wp\/v2\/media?parent=1174"}],"curies":[{"name":"wp","href":"https:\/\/api.w.org\/{rel}","templated":true}]}}