{"id":45652,"date":"2022-03-15T17:07:32","date_gmt":"2022-03-15T17:07:32","guid":{"rendered":"https:\/\/solupak.eu\/?page_id=45652"},"modified":"2022-03-21T10:58:15","modified_gmt":"2022-03-21T10:58:15","slug":"introducing-two-new-fragrances","status":"publish","type":"page","link":"https:\/\/solupak.eu\/fr\/introducing-two-new-fragrances\/","title":{"rendered":"Pr\u00e9sentation de deux nouveaux parfums"},"content":{"rendered":"<h1>Pr\u00e9sentation de deux nouveaux parfums<\/h1>\n<p>Votre avis est important pour nous ! Votez pour votre parfum pr\u00e9f\u00e9r\u00e9.<\/p>\n<form id=\"cred_form_45656_1_1\" action=\"https:\/\/solupak.eu\/fr\/introducing-two-new-fragrances\/\" data-form=\"{&quot;form_id&quot;:&quot;cred_form_45656_1_1&quot;,&quot;use_ajax&quot;:&quot;1&quot;,&quot;wpv_page&quot;:1}\" data-conditionals=\"[]\" method=\"post\" data-trp-original-action=\"\/?page_id=45652&amp;fl_builder=&amp;_tt=1647514040\">\n        <img src=\"https:\/\/solupak.eu\/wp-content\/uploads\/2022\/03\/Sachet-red.png\">\n        <label for=\"sp-vote-1\">\n          <input type=\"checkbox\" id=\"sp-vote-1\" name=\"sp-vote-1\" data-wpt-type=\"checkbox\" value=\"Spring Blossom\">\n            <strong>Vote &#8211; Spring Blossom<\/strong>\n            <p>Notre parfum Spring Blossom fait entrer l'ext\u00e9rieur dans la maison avec sa douceur florale subtile et son soup\u00e7on d'agrumes frais.<\/p>\n        <\/label>\n        <img src=\"https:\/\/solupak.eu\/wp-content\/uploads\/2022\/03\/Sachet-green.png\">\n        <label for=\"sp-vote-2\">\n          <input type=\"checkbox\" id=\"sp-vote-2\" name=\"sp-vote-2\" data-wpt-type=\"checkbox\" value=\"Clean and Fresh\">\n            <strong>Vote &#8211; Clean and Fresh<\/strong>\n            <p>The Fresh and Clean fragrance truly heightens the senses &#8211; the bright and airy aroma brings purity and pleasure to every cleaning job. <\/p>\n        <\/label>\n  <p><strong>Please enter your email to register your vote and a chance to win a \u00a350 voucher.<\/strong><\/p>\n<input type=\"text\" id=\"cred_form_45656_1_1_post_title\" name=\"post_title\" value=\"Fragrance Vote Submission\" output=\"bootstrap\" preset_value=\"\" urlparam=\"\" value_escape=\"\" make_readonly=\"\" placeholder=\"\" select_text=\"\" data-wpt-validate=\"{&quot;required&quot;:{&quot;args&quot;:{&quot;1&quot;:true},&quot;message&quot;:&quot;This field is required&quot;}}\" data-wpt-field-title=\"Website Contact Title\" data-parsley-required=\"true\" data-parsley-required-message=\"This field is required\" data-parsley-credfilesize=\"62914560\" data-wpt-type=\"textfield\" data-wpt-id=\"cred_form_45656_1_1_cred_form_45656_1_1_post_title\" data-wpt-name=\"post_title\">\n<input type=\"text\" id=\"cred_form_45656_1_1_fragrance-vote\" name=\"wpcf-fragrance-vote\" value=\"\" output=\"bootstrap\" preset_value=\"\" urlparam=\"\" preview=\"\" previewsize=\"\" select_label=\"\" edit_label=\"\" value_escape=\"\" make_readonly=\"\" placeholder=\"\" select_text=\"\" data-wpt-validate=\"{&quot;required&quot;:{&quot;args&quot;:{&quot;1&quot;:true},&quot;message&quot;:&quot;This field is required.&quot;}}\" data-wpt-field-title=\"Fragrance Vote\" data-parsley-required=\"true\" data-parsley-required-message=\"This field is required.\" data-parsley-credfilesize=\"62914560\" data-wpt-type=\"textfield\" data-wpt-id=\"cred_form_45656_1_1_cred_form_45656_1_1_fragrance-vote\" data-wpt-name=\"wpcf-fragrance-vote\">\n<input type=\"text\" id=\"cred_form_45656_1_1_email\" name=\"wpcf-email\" value=\"\" output=\"bootstrap\" preset_value=\"\" urlparam=\"\" preview=\"\" previewsize=\"\" select_label=\"\" edit_label=\"\" value_escape=\"\" make_readonly=\"\" placeholder=\"Adresse \u00e9lectronique\" select_text=\"\" data-wpt-validate=\"{&quot;required&quot;:{&quot;args&quot;:{&quot;1&quot;:true},&quot;message&quot;:&quot;This field is required.&quot;}}\" data-wpt-field-title=\"Email\" data-parsley-required=\"true\" data-parsley-required-message=\"This field is required.\" data-parsley-credfilesize=\"62914560\" data-wpt-type=\"textfield\" data-wpt-id=\"cred_form_45656_1_1_cred_form_45656_1_1_email\" data-wpt-name=\"wpcf-email\">\n  Veuillez valider le reCAPTCHA\n<input type=\"text\" id=\"cred_form_45656_1_1__recaptcha\" name=\"_recaptcha\" value=\"\" data-wpt-type=\"textfield\" data-wpt-id=\"cred_form_45656_1_1_cred_form_45656_1_1__recaptcha\" data-wpt-name=\"_recaptcha\">\n  <input type=\"submit\" id=\"cred_form_45656_1_1_form_submit_1\" name=\"form_submit_1\" value=\"Soumettre\">\n<input type=\"hidden\" id=\"cred_form_45656_1_1__cred_cred_wpnonce_cred_form_45656_1\" name=\"_cred_cred_wpnonce_cred_form_45656_1\" value=\"2245ba0c7d\" data-wpt-id=\"cred_form_45656_1_1_cred_form_45656_1_1__cred_cred_wpnonce_cred_form_45656_1\" data-wpt-name=\"_cred_cred_wpnonce_cred_form_45656_1\"><input type=\"hidden\" id=\"cred_form_45656_1_1__cred_cred_prefix_post_id\" name=\"_cred_cred_prefix_post_id\" value=\"45805\" data-wpt-id=\"cred_form_45656_1_1_cred_form_45656_1_1__cred_cred_prefix_post_id\" data-wpt-name=\"_cred_cred_prefix_post_id\"><input type=\"hidden\" id=\"cred_form_45656_1_1__cred_cred_prefix_cred_container_id\" name=\"_cred_cred_prefix_cred_container_id\" value=\"45652\" data-wpt-id=\"cred_form_45656_1_1_cred_form_45656_1_1__cred_cred_prefix_cred_container_id\" data-wpt-name=\"_cred_cred_prefix_cred_container_id\"><input type=\"hidden\" id=\"cred_form_45656_1_1__cred_cred_prefix_form_id\" name=\"_cred_cred_prefix_form_id\" value=\"45656\" data-wpt-id=\"cred_form_45656_1_1_cred_form_45656_1_1__cred_cred_prefix_form_id\" data-wpt-name=\"_cred_cred_prefix_form_id\"><input type=\"hidden\" id=\"cred_form_45656_1_1__cred_cred_prefix_form_count\" name=\"_cred_cred_prefix_form_count\" value=\"1\" data-wpt-id=\"cred_form_45656_1_1_cred_form_45656_1_1__cred_cred_prefix_form_count\" data-wpt-name=\"_cred_cred_prefix_form_count\"><input type=\"hidden\" name=\"trp-form-language\" value=\"fr\"\/><\/form>","protected":false},"excerpt":{"rendered":"<p>Your view is important to us! Please vote for your favourite fragrance. Vote &#8211; Spring Blossom Our Spring Blossom fragrance really brings the outdoors in with its subtle, floral sweetness and hint of fresh citrus fruits. Vote &#8211; Clean and Fresh The Fresh and Clean fragrance truly heightens the senses &#8211; the bright and airy&hellip;<\/p>","protected":false},"author":1,"featured_media":0,"parent":0,"menu_order":0,"comment_status":"closed","ping_status":"closed","template":"","meta":[],"yoast_head":"<!-- This site is optimized with the Yoast SEO plugin v19.7.2 - https:\/\/yoast.com\/wordpress\/plugins\/seo\/ -->\n<title>Introducing two new fragrances - Solupak<\/title>\n<meta name=\"robots\" content=\"index, follow, max-snippet:-1, max-image-preview:large, max-video-preview:-1\" \/>\n<link rel=\"canonical\" href=\"https:\/\/solupak.eu\/fr\/introducing-two-new-fragrances\/\" \/>\n<meta property=\"og:locale\" content=\"fr_FR\" \/>\n<meta property=\"og:type\" content=\"article\" \/>\n<meta property=\"og:title\" content=\"Introducing two new fragrances - Solupak\" \/>\n<meta property=\"og:description\" content=\"Your view is important to us! Please vote for your favourite fragrance. Vote &#8211; Spring Blossom Our Spring Blossom fragrance really brings the outdoors in with its subtle, floral sweetness and hint of fresh citrus fruits. Vote &#8211; Clean and Fresh The Fresh and Clean fragrance truly heightens the senses &#8211; the bright and airy&hellip;\" \/>\n<meta property=\"og:url\" content=\"https:\/\/solupak.eu\/fr\/introducing-two-new-fragrances\/\" \/>\n<meta property=\"og:site_name\" content=\"Solupak\" \/>\n<meta property=\"article:modified_time\" content=\"2022-03-21T10:58:15+00:00\" \/>\n<meta property=\"og:image\" content=\"https:\/\/solupak.eu\/wp-content\/uploads\/2022\/03\/Sachet-red.png\" \/>\n<meta name=\"twitter:card\" content=\"summary_large_image\" \/>\n<meta name=\"twitter:label1\" content=\"Dur\u00e9e de lecture estim\u00e9e\" \/>\n\t<meta name=\"twitter:data1\" content=\"1 minute\" \/>\n<script type=\"application\/ld+json\" class=\"yoast-schema-graph\">{\"@context\":\"https:\/\/schema.org\",\"@graph\":[{\"@type\":\"WebPage\",\"@id\":\"https:\/\/solupak.eu\/fr\/introducing-two-new-fragrances\/\",\"url\":\"https:\/\/solupak.eu\/fr\/introducing-two-new-fragrances\/\",\"name\":\"Introducing two new fragrances - Solupak\",\"isPartOf\":{\"@id\":\"https:\/\/solupak.eu\/#website\"},\"datePublished\":\"2022-03-15T17:07:32+00:00\",\"dateModified\":\"2022-03-21T10:58:15+00:00\",\"breadcrumb\":{\"@id\":\"https:\/\/solupak.eu\/fr\/introducing-two-new-fragrances\/#breadcrumb\"},\"inLanguage\":\"fr-FR\",\"potentialAction\":[{\"@type\":\"ReadAction\",\"target\":[\"https:\/\/solupak.eu\/fr\/introducing-two-new-fragrances\/\"]}]},{\"@type\":\"BreadcrumbList\",\"@id\":\"https:\/\/solupak.eu\/fr\/introducing-two-new-fragrances\/#breadcrumb\",\"itemListElement\":[{\"@type\":\"ListItem\",\"position\":1,\"name\":\"Home\",\"item\":\"https:\/\/solupak.eu\/\"},{\"@type\":\"ListItem\",\"position\":2,\"name\":\"Introducing two new fragrances\"}]},{\"@type\":\"WebSite\",\"@id\":\"https:\/\/solupak.eu\/#website\",\"url\":\"https:\/\/solupak.eu\/\",\"name\":\"Solupak\",\"description\":\"...just add water\",\"potentialAction\":[{\"@type\":\"SearchAction\",\"target\":{\"@type\":\"EntryPoint\",\"urlTemplate\":\"https:\/\/solupak.eu\/?s={search_term_string}\"},\"query-input\":\"required name=search_term_string\"}],\"inLanguage\":\"fr-FR\"}]}<\/script>\n<!-- \/ Yoast SEO plugin. -->","yoast_head_json":{"title":"Introducing two new fragrances - Solupak","robots":{"index":"index","follow":"follow","max-snippet":"max-snippet:-1","max-image-preview":"max-image-preview:large","max-video-preview":"max-video-preview:-1"},"canonical":"https:\/\/solupak.eu\/fr\/introducing-two-new-fragrances\/","og_locale":"fr_FR","og_type":"article","og_title":"Introducing two new fragrances - Solupak","og_description":"Your view is important to us! Please vote for your favourite fragrance. Vote &#8211; Spring Blossom Our Spring Blossom fragrance really brings the outdoors in with its subtle, floral sweetness and hint of fresh citrus fruits. Vote &#8211; Clean and Fresh The Fresh and Clean fragrance truly heightens the senses &#8211; the bright and airy&hellip;","og_url":"https:\/\/solupak.eu\/fr\/introducing-two-new-fragrances\/","og_site_name":"Solupak","article_modified_time":"2022-03-21T10:58:15+00:00","og_image":[{"url":"https:\/\/solupak.eu\/wp-content\/uploads\/2022\/03\/Sachet-red.png"}],"twitter_card":"summary_large_image","twitter_misc":{"Dur\u00e9e de lecture estim\u00e9e":"1 minute"},"schema":{"@context":"https:\/\/schema.org","@graph":[{"@type":"WebPage","@id":"https:\/\/solupak.eu\/fr\/introducing-two-new-fragrances\/","url":"https:\/\/solupak.eu\/fr\/introducing-two-new-fragrances\/","name":"Introducing two new fragrances - Solupak","isPartOf":{"@id":"https:\/\/solupak.eu\/#website"},"datePublished":"2022-03-15T17:07:32+00:00","dateModified":"2022-03-21T10:58:15+00:00","breadcrumb":{"@id":"https:\/\/solupak.eu\/fr\/introducing-two-new-fragrances\/#breadcrumb"},"inLanguage":"fr-FR","potentialAction":[{"@type":"ReadAction","target":["https:\/\/solupak.eu\/fr\/introducing-two-new-fragrances\/"]}]},{"@type":"BreadcrumbList","@id":"https:\/\/solupak.eu\/fr\/introducing-two-new-fragrances\/#breadcrumb","itemListElement":[{"@type":"ListItem","position":1,"name":"Home","item":"https:\/\/solupak.eu\/"},{"@type":"ListItem","position":2,"name":"Introducing two new fragrances"}]},{"@type":"WebSite","@id":"https:\/\/solupak.eu\/#website","url":"https:\/\/solupak.eu\/","name":"Solupak","description":"...just add water","potentialAction":[{"@type":"SearchAction","target":{"@type":"EntryPoint","urlTemplate":"https:\/\/solupak.eu\/?s={search_term_string}"},"query-input":"required name=search_term_string"}],"inLanguage":"fr-FR"}]}},"_links":{"self":[{"href":"https:\/\/solupak.eu\/fr\/wp-json\/wp\/v2\/pages\/45652"}],"collection":[{"href":"https:\/\/solupak.eu\/fr\/wp-json\/wp\/v2\/pages"}],"about":[{"href":"https:\/\/solupak.eu\/fr\/wp-json\/wp\/v2\/types\/page"}],"author":[{"embeddable":true,"href":"https:\/\/solupak.eu\/fr\/wp-json\/wp\/v2\/users\/1"}],"replies":[{"embeddable":true,"href":"https:\/\/solupak.eu\/fr\/wp-json\/wp\/v2\/comments?post=45652"}],"version-history":[{"count":3,"href":"https:\/\/solupak.eu\/fr\/wp-json\/wp\/v2\/pages\/45652\/revisions"}],"predecessor-version":[{"id":46630,"href":"https:\/\/solupak.eu\/fr\/wp-json\/wp\/v2\/pages\/45652\/revisions\/46630"}],"wp:attachment":[{"href":"https:\/\/solupak.eu\/fr\/wp-json\/wp\/v2\/media?parent=45652"}],"curies":[{"name":"wp","href":"https:\/\/api.w.org\/{rel}","templated":true}]}}