{"id":3464,"date":"2021-03-21T16:41:58","date_gmt":"2021-03-21T16:41:58","guid":{"rendered":"https:\/\/solupak.eu\/?page_id=3464"},"modified":"2021-04-01T10:39:55","modified_gmt":"2021-04-01T09:39:55","slug":"case-studies","status":"publish","type":"page","link":"https:\/\/solupak.eu\/fr\/case-studies\/","title":{"rendered":"\u00c9tudes de cas"},"content":{"rendered":"<img src=\"https:\/\/solupak.eu\/wp-content\/uploads\/2021\/03\/Total-Support-Services-full-logo-png.png\" \/>\n          <img src=\"https:\/\/solupak.eu\/wp-content\/uploads\/2021\/03\/logo.png\" \/>\n          <img src=\"https:\/\/solupak.eu\/wp-content\/uploads\/2021\/03\/BOTTLE4LIFE-banner-e1614938234788.png\" \/>\n          <img src=\"https:\/\/solupak.eu\/wp-content\/uploads\/2021\/03\/Greggs-logo.png\" \/>\n      <a href=\"#why-solupak\">Pourquoi Solupak<\/a>\n      <a href=\"#the-backstory\">Les dessous de l'histoire<\/a>\n      <a href=\"#the-benefits\">Les avantages<\/a>\n      <a href=\"#customer-testimonial\">T\u00e9moignage d'un client<\/a>\n        \n<p>TSS a \u00e9tabli des relations de longue date et continue de favoriser de nouveaux partenariats avec des entreprises de divers secteurs et industries.<\/p>\n<p>La mission de TSS : Fournir des services de qualit\u00e9, rentables, innovants et ax\u00e9s sur le client \u00e0 tous nos clients.<\/p>\n        \n<p>Reconnu comme un partenaire de choix, avec des normes incroyablement \u00e9lev\u00e9es et une excellente r\u00e9putation, ses services sont fournis par des \u00e9quipes exp\u00e9riment\u00e9es \u00e0 certaines des entreprises les plus connues du Royaume-Uni.<\/p>\n        \n\n<p>Broadfords est une soci\u00e9t\u00e9 de nettoyage professionnel rapide, amicale et enti\u00e8rement fonctionnelle, op\u00e9rant principalement dans les secteurs des entreprises et du commerce de d\u00e9tail. Bien connue dans toute la R\u00e9publique d'Irlande, Broadfords est devenue l'op\u00e9rateur phare de la gamme de produits Soluclean dans ce pays.<\/p>\n        \n<p>Ils vendent un grand volume de sandwichs \u00e0 emporter, de tartes et de produits sal\u00e9s cuits, ainsi que des sucreries et des p\u00e2tisseries. Greggs a \u00e9largi son offre en proposant un petit-d\u00e9jeuner et des boissons chaudes tous les jours.<\/p>\n<p>Ils dominent le march\u00e9 des plats cuisin\u00e9s \u00e0 emporter pour les achats quotidiens et d\u00e9veloppent des options plus saines pour compl\u00e9ter cette gamme. Une majorit\u00e9 croissante de magasins de vente au d\u00e9tail propose d\u00e9sormais des tables pour offrir une option de restauration \u00e0 l'int\u00e9rieur, ce qui exige une attention beaucoup plus grande au nettoyage de la fa\u00e7ade ainsi qu'au nettoyage g\u00e9n\u00e9ral de la pr\u00e9paration des aliments.<\/p>\n\t\t\t\t<img loading=\"lazy\" src=\"https:\/\/solupak.eu\/wp-content\/uploads\/2021\/03\/Dark-blue-curve-top@2x-1.png\" alt=\"Dark-blue-curve-top@2x\" itemprop=\"image\" height=\"317\" width=\"2000\" title=\"Bleu fonc\u00e9-courbe-top@2x\" onerror=\"this.style.display='none'\"  \/>\n<h2>\n\t\tPourquoi Solupak\n\t<\/h2>\n        \n<p>Nos produits sont de la plus haute qualit\u00e9, emball\u00e9s et con\u00e7us \u00e0 la maison. Nous mettons du temps et de la patience pour nous assurer que nos produits sont de la meilleure qualit\u00e9.<\/p>\n<p>La rentabilit\u00e9 est au premier plan de la gamme de produits Solupak ; avec une dur\u00e9e de conservation de trois ans et la certitude du co\u00fbt et du dosage, aucun produit (ou argent) n'est gaspill\u00e9.<\/p>\n<p>L'innovation est le moteur de Solupak depuis le tout d\u00e9but. Nous apportons des changements positifs sans augmenter les co\u00fbts OU les dommages \u00e0 l'environnement.<\/p>\n        \n<p>Nos produits sont fabriqu\u00e9s conform\u00e9ment \u00e0 la strat\u00e9gie de cha\u00eene d'approvisionnement durable de Peartree.<\/p>\n<p>La rentabilit\u00e9 est un v\u00e9ritable atout de la gamme de produits Solupak. Nous avons convenu avec Peartree d'un cadre de co\u00fbts qui correspondait parfaitement \u00e0 leur plan de d\u00e9penses.<\/p>\n<p>La r\u00e9duction des d\u00e9chets et du plastique est un facteur important pour Peartree et Solupak. Au cours de la premi\u00e8re ann\u00e9e de notre partenariat, Peartree a r\u00e9duit de 22 000 le nombre de vaporisateurs \u00e0 g\u00e2chette utilis\u00e9s. Le d\u00e9veloppement des produits se fait en interne, ce qui donne \u00e0 Peartree une certaine flexibilit\u00e9 en termes de couleur, de taille d'emballage et de parfums.<\/p>\n        \n<p>Les exigences de Broadfords : \u00e9conomiser de l'espace, de la taille de livraison et des co\u00fbts de carburant.<\/p>\n<p>1. Gagnez de l'espace... la gamme de produits Solupak est conditionn\u00e9e dans un film hydrosoluble, sans plastique \u00e0 usage unique, et les produits occupent un espace minimal. En utilisant nos produits, une palette enti\u00e8re de 5 litres de concentr\u00e9 liquide peut \u00eatre remplac\u00e9e par 4 paquets de notre produit.<\/p>\n<p>2. Taille des livraisons... comme l'eau est ajout\u00e9e apr\u00e8s le transport et que les produits sont distribu\u00e9s dans des sachets hydrosolubles, la taille des livraisons est relativement petite, ce qui signifie que de plus grandes quantit\u00e9s de produits peuvent \u00eatre command\u00e9es.<\/p>\n<p>3. Co\u00fbts de carburant... le poids de la charge est par cons\u00e9quent plus l\u00e9ger car il n'y a pas de liquide \u00e0 transporter vers les clients ; ce qui signifie que le co\u00fbt de la livraison de nos produits \u00e0 vous et \u00e0 vos distributeurs est consid\u00e9rablement r\u00e9duit.<\/p>\n        \n<p>Fournir un nouveau syst\u00e8me innovant de dosage de produits chimiques permettant de r\u00e9duire le volume d'eau contenu dans les formulations utilis\u00e9es dans les 2200 magasins du Royaume-Uni.<\/p>\n<p>Notre r\u00e9ponse \u00e9tait simple : nos produits \u00e9taient parfaitement adapt\u00e9s au cahier des charges...<\/p>\n<p>En tant que fabricant sp\u00e9cialis\u00e9, SoluPak a propos\u00e9 une gamme de produits en sachets solubles \u00e0 dose unique pour g\u00e9rer la majorit\u00e9 des activit\u00e9s de nettoyage et de d\u00e9sinfection dans les magasins Greggs, et des essais approfondis ont \u00e9t\u00e9 mis en place.<\/p>\n\t\t\t\t<img loading=\"lazy\" src=\"https:\/\/solupak.eu\/wp-content\/uploads\/2021\/03\/Dark-blue-curve@2x.png\" alt=\"Dark-blue-curve@2x\" itemprop=\"image\" height=\"440\" width=\"2000\" title=\"Courbe bleu fonc\u00e9@2x\" onerror=\"this.style.display='none'\"  \/>\n<h2>\n\t\tL'histoire du pass\u00e9\n\t<\/h2>\n        \n<p>La gamme de produits SoluClean est approuv\u00e9e par le JLP pour \u00eatre utilis\u00e9e dans ses grands magasins, supermarch\u00e9s, bureaux et centres de distribution.<\/p>\n<p>Constatant les avantages du syst\u00e8me SoluPak, TSS a mis en \u0153uvre SoluClean sur un certain nombre de ses sites patrimoniaux embl\u00e9matiques et mondialement connus.<\/p>\n        <p>Des essais de produits ont \u00e9t\u00e9 r\u00e9alis\u00e9s sur les principaux sites des clients en 2018 et des commentaires critiques ont \u00e9t\u00e9 recueillis aupr\u00e8s de toutes les parties prenantes afin de justifier l'inclusion de Solupak dans un exercice d'appel d'offres commercial.<\/p>\n<p>Apr\u00e8s l'appel d'offres, Solupak a soutenu Peartree, si n\u00e9cessaire, avec des pr\u00e9sentations d'\u00e9quipe, des \u00e9chantillons de produits, des visites de sites, des donn\u00e9es H&amp;S, des planches murales et des supports de formation, tous adapt\u00e9s \u00e0 la gamme de produits Peartree approuv\u00e9e.<\/p>\n<p>Au cours de la pand\u00e9mie de COVID-19, Solupak a d\u00e9velopp\u00e9 et test\u00e9 un d\u00e9sinfectant virucide que Peartree a mis en \u0153uvre avec succ\u00e8s dans toute l'entreprise, tant pour le nettoyage manuel que pour la protection des surfaces par pulv\u00e9risation.<\/p>\n        <p>Le partenariat entre Broadfords et Solupak a d\u00e9but\u00e9 en 2018, apr\u00e8s que Broadfords ait eu du mal \u00e0 trouver des fournisseurs d'agents nettoyants hydrosolubles de qualit\u00e9 sup\u00e9rieure.<\/p>\n<p>Apr\u00e8s avoir fait l'exp\u00e9rience de fournisseurs peu fiables et de produits peu satisfaisants, Broadfords a pu mettre un terme \u00e0 sa recherche de produits de nettoyage solubles lorsqu'il a d\u00e9couvert la gamme Solupak.<\/p>\n<p>Ayant d\u00e9velopp\u00e9 une relation solide au cours de ce partenariat de deux ans, Broadfords commande d\u00e9sormais quatre produits de la gamme. Il s'agit du nettoyant d\u00e9graissant pour sols sans danger pour les aliments, du nettoyant r\u00e9curant et s\u00e9chant \u00e0 usage intensif, du nettoyant pour vitres et du d\u00e9sinfectant pour surfaces.<\/p>\n        <p>Avec notre aide... Dans le cadre de ce projet Greggs, la technologie SoluPak a permis d'\u00e9viter que plus de 3 tonnes de plastique par an n'entrent dans le flux des d\u00e9chets, et le d\u00e9veloppement ult\u00e9rieur du produit devrait permettre d'augmenter ce chiffre \u00e0 plus de 6 tonnes par an avec le d\u00e9ploiement des produits de vaisselle et de rin\u00e7age. Avant l'intervention de SoluPak, Greggs devait vider les poubelles locales trois fois par semaine pour \u00e9liminer les d\u00e9chets d'emballage. Avec notre aide, ce travail a \u00e9t\u00e9 r\u00e9duit \u00e0 une seule fois par semaine. Apr\u00e8s des essais approfondis dans plus de 30 points de vente, le 1er juin 2017, le nouveau r\u00e9gime a \u00e9t\u00e9 d\u00e9ploy\u00e9 en un seul \" big bang \", avec un niveau d'acceptation sans pr\u00e9c\u00e9dent de la part des utilisateurs, sans qu'il soit n\u00e9cessaire d'organiser des formations suppl\u00e9mentaires ou des visites sur site.<\/p>\n\t\t\t\t<img loading=\"lazy\" src=\"https:\/\/solupak.eu\/wp-content\/uploads\/2021\/03\/Dark-blue-curve-top@2x-1.png\" alt=\"Dark-blue-curve-top@2x\" itemprop=\"image\" height=\"317\" width=\"2000\" title=\"Bleu fonc\u00e9-courbe-top@2x\" onerror=\"this.style.display='none'\"  \/>\n<h2>\n\t\tLes avantages de la gamme Solupak\n\t<\/h2>\n\t\n        <img src=\"https:\/\/solupak.eu\/wp-content\/uploads\/2021\/03\/Icon-One-tab@2x.png\" alt=\"Guaranteed dosing of one tab per application.\" \/>\n        <h3>Dosage garanti d'un comprim\u00e9 par application.<\/h3>\n        Cela r\u00e9duit la surutilisation, \u00e9vite les concentrations insuffisantes et minimise le risque pour l'op\u00e9rateur qui utilise le produit. \n        <img src=\"https:\/\/solupak.eu\/wp-content\/uploads\/2021\/03\/Icon-97-reduction@2x.png\" alt=\"97% reduction in volume and space.\" \/>\n        <h3>97% r\u00e9duction du volume et de l'espace.<\/h3>\n        Un petit sachet \u00e9quivaut \u00e0 10 pulv\u00e9risations (7,5 litres) d'assainisseur de surface.\n        <img src=\"https:\/\/solupak.eu\/wp-content\/uploads\/2021\/03\/Icon-safe-and-sure@2x.png\" alt=\"Safe and sure.\" \/>\n        <h3>S\u00fbr et certain.<\/h3>\n        Comme chaque dose unique est contenue dans son propre emballage dissoluble, l'op\u00e9rateur n'entre jamais en contact avec un produit chimique potentiellement dangereux. Cela permet d'am\u00e9liorer consid\u00e9rablement le respect des r\u00e9glementations en mati\u00e8re de sant\u00e9 et de s\u00e9curit\u00e9. Les produits sont cod\u00e9s par couleur selon le BICSc, avec des conseils d'utilisation simples et imag\u00e9s qui ne d\u00e9pendent pas de la langue.\n        <img src=\"https:\/\/solupak.eu\/wp-content\/uploads\/2021\/03\/Icon-ZERO-single-plastic-waste@2x.png\" alt=\"ZERO single use plastic waste.\" \/>\n        <h3>Z\u00c9RO d\u00e9chets plastiques \u00e0 usage unique.<\/h3>\n        Gr\u00e2ce \u00e0 la s\u00e9rigraphie, aux vaporisateurs r\u00e9utilisables et \u00e0 l'absence de r\u00e9cipients de 5 litres de liquide, les d\u00e9chets plastiques \u00e0 usage unique sont totalement \u00e9limin\u00e9s de l'op\u00e9ration Peartree.\n        <img src=\"https:\/\/solupak.eu\/wp-content\/uploads\/2021\/03\/Icon-92.5-reduction@2x.png\" alt=\"92.5% reduction in carbon footprint.\" \/>\n        <h3>92,5% de r\u00e9duction de l'empreinte carbone.<\/h3>\n        Gr\u00e2ce au d\u00e9placement des produits et \u00e0 la logistique, \u00e0 la suppression du transport de l'eau, \u00e0 la r\u00e9duction des emballages, etc., l'empreinte carbone est r\u00e9duite d'environ 92,5% par rapport \u00e0 l'utilisation de la RTU et des concentr\u00e9s liquides.\n\t\t\t\t<img loading=\"lazy\" src=\"https:\/\/solupak.eu\/wp-content\/uploads\/2021\/03\/Dark-blue-curve@2x.png\" alt=\"Dark-blue-curve@2x\" itemprop=\"image\" height=\"440\" width=\"2000\" title=\"Courbe bleu fonc\u00e9@2x\" onerror=\"this.style.display='none'\"  \/>\n<h2>\n\t\t\u00c9thique, durable et s\u00fbr\n\t<\/h2>\n\t\n<p>Nous veillons \u00e0 ce qu'aucune de nos mati\u00e8res premi\u00e8res ne soit d'origine animale ou test\u00e9e sur des animaux.<\/p>\n\t\t\t\t<img loading=\"lazy\" src=\"https:\/\/solupak.eu\/wp-content\/uploads\/2021\/03\/Ethical-logos@2x.png\" alt=\"Ethical-logos@2x\" itemprop=\"image\" height=\"584\" width=\"1951\" title=\"Logos \u00e9thiques@2x\" onerror=\"this.style.display='none'\"  \/>\n\t\t\t\t<img loading=\"lazy\" src=\"https:\/\/solupak.eu\/wp-content\/uploads\/2021\/03\/Bunny@2x.png\" alt=\"Bunny@2x\" itemprop=\"image\" height=\"1501\" width=\"2000\" title=\"Bunny@2x\" onerror=\"this.style.display='none'\"  \/>\n\t\t\t\t<img loading=\"lazy\" src=\"https:\/\/solupak.eu\/wp-content\/uploads\/2021\/03\/Light-blue-curve@2x.png\" alt=\"Light-blue-curve@2x\" itemprop=\"image\" height=\"346\" width=\"2000\" title=\"Courbe bleu clair@2x\" onerror=\"this.style.display='none'\"  \/>\n<h2>\n\t\tT\u00e9moignage d'un client\n\t<\/h2>\n            <p>\" Nous avons commenc\u00e9 \u00e0 utiliser les produits SoluPak en 2016 car ils constituent la gamme approuv\u00e9e par John Lewis et Waitrose. Il m'est rapidement apparu que le syst\u00e8me pr\u00e9sente de nombreux avantages qui seraient appr\u00e9ci\u00e9s par nos autres clients pour la contribution \u00e0 leurs objectifs RSE et environnementaux. Les accr\u00e9ditations \u00e9thiques deviennent de plus en plus importantes pour nos clients et pour nous en tant qu'organisation, les certifications Cruelty Free, Vegan et EcoFlower donnent confiance que SoluPak est une organisation \u00e9thique.<\/p>\n<p>Le plus grand avantage pour l'utilisateur final est l'\u00e9norme r\u00e9duction des d\u00e9chets plastiques \u00e0 usage unique. Nous estimons avoir \u00e9vit\u00e9 que plus de 6000 kg de plastique n'entrent dans les flux de d\u00e9chets dans les locaux de nos clients. Avec le gain d'espace, la simplicit\u00e9 d'utilisation, les accr\u00e9ditations \u00e9thiques et les \u00e9normes r\u00e9ductions de volume pour nos distributeurs, il y a beaucoup de bonnes raisons de s'associer \u00e0 SoluPak\".<\/p>\n            <strong>Danny Gostt<\/strong>,<br \/>\n            Directeur des op\u00e9rations de TSS\n            <p>\"En tant que famille et bien respect\u00e9 nettoyage commercial et le soutien \u00e0 utiliser, ce qui explique pourquoi notre partenariat avec Solupak a \u00e9t\u00e9 un succ\u00e8s ... nous avons commenc\u00e9 \u00e0 d\u00e9ployer les produits Solupak en 2018, et cette transition a \u00e9t\u00e9 faite avec facilit\u00e9, gr\u00e2ce aux mat\u00e9riaux de formation pr\u00e9cieux et les services qui ont \u00e9t\u00e9 fournis par leur \u00e9quipe. Nous avons fait fonctionner les produits Solupak de la mani\u00e8re la plus fluide possible.\"<\/p>\n            <strong>Mike Rowley<\/strong>,<br \/>\n            Directeur des op\u00e9rations\n            <p>\"Nous avons commenc\u00e9 \u00e0 utiliser les produits Solupak en 2018 apr\u00e8s avoir eu des probl\u00e8mes avec les fournisseurs pr\u00e9c\u00e9dents qui se sont av\u00e9r\u00e9s peu fiables. Nous n'avons jamais eu de probl\u00e8me pour obtenir du stock de Solupak, et les produits ont \u00e9t\u00e9 les plus efficaces que nous ayons essay\u00e9s. Les valeurs et l'\u00e9thique de Solupak les distinguent des entreprises avec lesquelles nous avons travaill\u00e9 dans le pass\u00e9, et leurs accr\u00e9ditations vegan et cruelty free ont \u00e9t\u00e9 la cl\u00e9 de notre engagement initial et continu avec eux. Nous limitons nos listes de stock dans l'ensemble, mais nous commandons 4 produits \u00e0 Solupak, et nous ne refuserions pas d'avancer sur ce point \u00e0 l'avenir en raison de la fiabilit\u00e9 de l'entreprise ! Nous sommes impatients de maintenir notre relation avec la marque Solupak.\"<\/p>\n            <strong>Eoin O'Brien<\/strong>,<br \/>\n            Directeur des op\u00e9rations\n            <p>\"En tant qu'entreprise en \u00e9volution rapide, orient\u00e9e vers le consommateur et comptant plus de 1700 magasins, Greggs est toujours \u00e0 la recherche de moyens pour faciliter la vie de son personnel, afin qu'il puisse consacrer plus de temps \u00e0 offrir un excellent service \u00e0 ses clients. Greggs prend \u00e9galement au s\u00e9rieux ses responsabilit\u00e9s sociales et, dans ce cadre, recherche continuellement des opportunit\u00e9s pour r\u00e9duire son impact sur l'environnement. En 2015, nous avons contact\u00e9 notre fournisseur de produits chimiques actuel, Christeyns Food Hygiene, et l'avons mis au d\u00e9fi de nous fournir un moyen de livrer des produits de nettoyage dans nos magasins, d'une mani\u00e8re simple et conviviale qui \u00e9limine la n\u00e9cessit\u00e9 de stocker et d'exp\u00e9dier des produits lourds dans tout le pays, sans compromettre les normes \u00e9lev\u00e9es requises en mati\u00e8re de contr\u00f4le microbiologique et allerg\u00e9nique. Christeyns Food Hygiene a relev\u00e9 ce d\u00e9fi et a travaill\u00e9 en \u00e9troite collaboration avec nous pour trouver une solution dont nous sommes ravis - des sachets solubles \u00e0 dose unique dans de petits emballages l\u00e9gers \u00e0 transporter, simples et faciles \u00e0 utiliser et s\u00fbrs pour notre personnel. Ces produits pr\u00e9sentent de nombreux avantages, notamment la facilit\u00e9 d'utilisation, car il suffit de remplir d'eau le sachet unidose, la s\u00e9curit\u00e9 de la manipulation, qui ne n\u00e9cessite aucun EPI, et le respect de l'environnement. Ils sont \u00e9galement transport\u00e9s dans des sachets compacts, refermables et faciles \u00e0 stocker et \u00e0 r\u00e9approvisionner. Apr\u00e8s des essais approfondis dans trois r\u00e9gions, nous sommes fiers d'\u00eatre le premier d\u00e9taillant alimentaire national \u00e0 adopter cette technologie dans l'ensemble de son parc de magasins. La r\u00e9ponse de nos coll\u00e8gues de la distribution a \u00e9t\u00e9 excellente, avec une adoption rapide et des \u00e9loges pour cette solution innovante. Nous sommes heureux de soutenir la candidature de Christeyns Food Hygiene au titre de \"Produit de l'ann\u00e9e\" lors des prix SOFHT 2017.\"<\/p>\n            <strong>Ally Stephenson<\/strong>,<br \/>\n            Chef des Achats (GNFR)\n<h2>\n\t<\/h2>\n        <a href=\"\" target=\"_blank\" rel=\"noopener\">T\u00e9l\u00e9chargez l'\u00e9tude de cas compl\u00e8te ici<\/a>\n        <a href=\"\" target=\"_blank\" rel=\"noopener\">T\u00e9l\u00e9chargez l'\u00e9tude de cas compl\u00e8te ici<\/a>\n        <a href=\"\" target=\"_blank\" rel=\"noopener\">T\u00e9l\u00e9chargez l'\u00e9tude de cas compl\u00e8te ici<\/a>\n        <a href=\"\" target=\"_blank\" rel=\"noopener\">T\u00e9l\u00e9chargez l'\u00e9tude de cas compl\u00e8te ici<\/a>","protected":false},"excerpt":{"rendered":"<p>Pourquoi Solupak L'histoire Les avantages T\u00e9moignage de client TSS a construit des relations de longue date et continue de favoriser de nouveaux partenariats avec des entreprises de diff\u00e9rents secteurs et industries. La mission de TSS : Fournir des services de qualit\u00e9, rentables, innovants et ax\u00e9s sur le client \u00e0 tous nos clients. Reconnu comme un partenaire de choix, avec des normes incroyablement \u00e9lev\u00e9es...<\/p>","protected":false},"author":1,"featured_media":0,"parent":0,"menu_order":0,"comment_status":"closed","ping_status":"closed","template":"","meta":[],"yoast_head":"<!-- This site is optimized with the Yoast SEO plugin v19.7.2 - https:\/\/yoast.com\/wordpress\/plugins\/seo\/ -->\n<title>Case Studies - Solupak<\/title>\n<meta name=\"robots\" content=\"index, follow, max-snippet:-1, max-image-preview:large, max-video-preview:-1\" \/>\n<link rel=\"canonical\" href=\"https:\/\/solupak.eu\/fr\/case-studies\/\" \/>\n<meta property=\"og:locale\" content=\"fr_FR\" \/>\n<meta property=\"og:type\" content=\"article\" \/>\n<meta property=\"og:title\" content=\"Case Studies - Solupak\" \/>\n<meta property=\"og:description\" content=\"Why Solupak The Backstory The Benefits Customer Testimonial TSS has built long standing relationships and continues to foster new partnerships with businesses across varying industries and sectors. The TSS mission: To provide quality, cost effective, innovative and customer focused services to all of our clients. Recognised as a partner of choice, with incredibly high standards&hellip;\" \/>\n<meta property=\"og:url\" content=\"https:\/\/solupak.eu\/fr\/case-studies\/\" \/>\n<meta property=\"og:site_name\" content=\"Solupak\" \/>\n<meta property=\"article:modified_time\" content=\"2021-04-01T09:39:55+00:00\" \/>\n<meta property=\"og:image\" content=\"https:\/\/solupak.eu\/wp-content\/uploads\/2021\/03\/Total-Support-Services-full-logo-png.png\" \/>\n<meta name=\"twitter:card\" content=\"summary_large_image\" \/>\n<meta name=\"twitter:label1\" content=\"Dur\u00e9e de lecture estim\u00e9e\" \/>\n\t<meta name=\"twitter:data1\" content=\"8 minutes\" \/>\n<script type=\"application\/ld+json\" class=\"yoast-schema-graph\">{\"@context\":\"https:\/\/schema.org\",\"@graph\":[{\"@type\":\"WebPage\",\"@id\":\"https:\/\/solupak.eu\/es\/case-studies\/\",\"url\":\"https:\/\/solupak.eu\/es\/case-studies\/\",\"name\":\"Case Studies - Solupak\",\"isPartOf\":{\"@id\":\"https:\/\/solupak.eu\/#website\"},\"datePublished\":\"2021-03-21T16:41:58+00:00\",\"dateModified\":\"2021-04-01T09:39:55+00:00\",\"breadcrumb\":{\"@id\":\"https:\/\/solupak.eu\/es\/case-studies\/#breadcrumb\"},\"inLanguage\":\"fr-FR\",\"potentialAction\":[{\"@type\":\"ReadAction\",\"target\":[\"https:\/\/solupak.eu\/es\/case-studies\/\"]}]},{\"@type\":\"BreadcrumbList\",\"@id\":\"https:\/\/solupak.eu\/es\/case-studies\/#breadcrumb\",\"itemListElement\":[{\"@type\":\"ListItem\",\"position\":1,\"name\":\"Home\",\"item\":\"https:\/\/solupak.eu\/\"},{\"@type\":\"ListItem\",\"position\":2,\"name\":\"Case Studies\"}]},{\"@type\":\"WebSite\",\"@id\":\"https:\/\/solupak.eu\/#website\",\"url\":\"https:\/\/solupak.eu\/\",\"name\":\"Solupak\",\"description\":\"...just add water\",\"potentialAction\":[{\"@type\":\"SearchAction\",\"target\":{\"@type\":\"EntryPoint\",\"urlTemplate\":\"https:\/\/solupak.eu\/?s={search_term_string}\"},\"query-input\":\"required name=search_term_string\"}],\"inLanguage\":\"fr-FR\"}]}<\/script>\n<!-- \/ Yoast SEO plugin. -->","yoast_head_json":{"title":"Case Studies - Solupak","robots":{"index":"index","follow":"follow","max-snippet":"max-snippet:-1","max-image-preview":"max-image-preview:large","max-video-preview":"max-video-preview:-1"},"canonical":"https:\/\/solupak.eu\/fr\/case-studies\/","og_locale":"fr_FR","og_type":"article","og_title":"Case Studies - Solupak","og_description":"Why Solupak The Backstory The Benefits Customer Testimonial TSS has built long standing relationships and continues to foster new partnerships with businesses across varying industries and sectors. The TSS mission: To provide quality, cost effective, innovative and customer focused services to all of our clients. Recognised as a partner of choice, with incredibly high standards&hellip;","og_url":"https:\/\/solupak.eu\/fr\/case-studies\/","og_site_name":"Solupak","article_modified_time":"2021-04-01T09:39:55+00:00","og_image":[{"url":"https:\/\/solupak.eu\/wp-content\/uploads\/2021\/03\/Total-Support-Services-full-logo-png.png"}],"twitter_card":"summary_large_image","twitter_misc":{"Dur\u00e9e de lecture estim\u00e9e":"8 minutes"},"schema":{"@context":"https:\/\/schema.org","@graph":[{"@type":"WebPage","@id":"https:\/\/solupak.eu\/es\/case-studies\/","url":"https:\/\/solupak.eu\/es\/case-studies\/","name":"Case Studies - Solupak","isPartOf":{"@id":"https:\/\/solupak.eu\/#website"},"datePublished":"2021-03-21T16:41:58+00:00","dateModified":"2021-04-01T09:39:55+00:00","breadcrumb":{"@id":"https:\/\/solupak.eu\/es\/case-studies\/#breadcrumb"},"inLanguage":"fr-FR","potentialAction":[{"@type":"ReadAction","target":["https:\/\/solupak.eu\/es\/case-studies\/"]}]},{"@type":"BreadcrumbList","@id":"https:\/\/solupak.eu\/es\/case-studies\/#breadcrumb","itemListElement":[{"@type":"ListItem","position":1,"name":"Home","item":"https:\/\/solupak.eu\/"},{"@type":"ListItem","position":2,"name":"Case Studies"}]},{"@type":"WebSite","@id":"https:\/\/solupak.eu\/#website","url":"https:\/\/solupak.eu\/","name":"Solupak","description":"...just add water","potentialAction":[{"@type":"SearchAction","target":{"@type":"EntryPoint","urlTemplate":"https:\/\/solupak.eu\/?s={search_term_string}"},"query-input":"required name=search_term_string"}],"inLanguage":"fr-FR"}]}},"_links":{"self":[{"href":"https:\/\/solupak.eu\/fr\/wp-json\/wp\/v2\/pages\/3464"}],"collection":[{"href":"https:\/\/solupak.eu\/fr\/wp-json\/wp\/v2\/pages"}],"about":[{"href":"https:\/\/solupak.eu\/fr\/wp-json\/wp\/v2\/types\/page"}],"author":[{"embeddable":true,"href":"https:\/\/solupak.eu\/fr\/wp-json\/wp\/v2\/users\/1"}],"replies":[{"embeddable":true,"href":"https:\/\/solupak.eu\/fr\/wp-json\/wp\/v2\/comments?post=3464"}],"version-history":[{"count":35,"href":"https:\/\/solupak.eu\/fr\/wp-json\/wp\/v2\/pages\/3464\/revisions"}],"predecessor-version":[{"id":4382,"href":"https:\/\/solupak.eu\/fr\/wp-json\/wp\/v2\/pages\/3464\/revisions\/4382"}],"wp:attachment":[{"href":"https:\/\/solupak.eu\/fr\/wp-json\/wp\/v2\/media?parent=3464"}],"curies":[{"name":"wp","href":"https:\/\/api.w.org\/{rel}","templated":true}]}}