{"id":25174,"date":"2021-10-20T12:35:15","date_gmt":"2021-10-20T11:35:15","guid":{"rendered":"https:\/\/solupak.eu\/?page_id=25174"},"modified":"2021-10-25T10:22:01","modified_gmt":"2021-10-25T09:22:01","slug":"benefits-checklist","status":"publish","type":"page","link":"https:\/\/solupak.eu\/fr\/benefits-checklist\/","title":{"rendered":"Liste de contr\u00f4le des avantages"},"content":{"rendered":"<table>\n<thead>\n<tr>\n\n<th>Solupak<\/th>\n<th>Sachets liquides<\/th>\n<th>Comprim\u00e9s compress\u00e9s<\/th>\n<th>Produits chimiques RTU<\/th>\n<th>Concentr\u00e9s liquides<\/th>\n<th>Flacons doseurs<\/th>\n<\/tr>\n<\/thead>\n<tbody>\n<tr>\n<th>Pr\u00eat en quelques secondes<\/th>\n\n\n\n\n\n\n<\/tr>\n<tr>\n<th>Co\u00fbt contr\u00f4l\u00e9<\/th>\n\n\n\n\n\n\n<\/tr>\n<tr>\n<th>Pas d'eau de navigation<\/th>\n\n\n\n\n\n\n<\/tr>\n<tr>\n<th>Faible risque de manutention manuelle<\/th>\n\n\n\n\n\n\n<\/tr>\n<tr>\n<th>R\u00e9utiliser les bouteilles<\/th>\n\n\n\n\n\n\n<\/tr>\n<tr>\n<th>Pas de probl\u00e8mes de gel<\/th>\n\n\n\n\n\n\n<\/tr>\n<tr>\n<th>Z\u00e9ro Contact chimique<\/th>\n\n\n\n\n\n\n<\/tr>\n<tr>\n<th>Pas de maintenance<\/th>\n\n\n\n\n\n\n<\/tr>\n<tr>\n<th>Pas de risque de d\u00e9versement<\/th>\n\n\n\n\n\n\n<\/tr>\n<tr>\n<th>R\u00e9duction du stockage<\/th>\n\n\n\n\n\n\n<\/tr>\n<tr>\n<th>R\u00e9duction des transports<\/th>\n\n\n\n\n\n\n<\/tr>\n<tr>\n<th>Une dose parfaite \u00e0 chaque fois<\/th>\n\n\n\n\n\n\n<\/tr>\n<tr>\n<th>Conception robuste<\/th>\n\n\n\n\n\n\n<\/tr>\n<\/tbody><\/table>","protected":false},"excerpt":{"rendered":"<p>Solupak Liquid sachets Compressed tablets RTU chemicals Liquid concentrates Dosing bottles Ready in seconds Cost controlled No shipping water Low manual handling risk Reuse bottles No freezing issues Zero Chemical contact No maintenance No Spillage risk Reduction of storage Reduction of transport Perfect dose every time Robust design<\/p>","protected":false},"author":1,"featured_media":0,"parent":0,"menu_order":0,"comment_status":"closed","ping_status":"closed","template":"","meta":[],"yoast_head":"<!-- This site is optimized with the Yoast SEO plugin v19.7.2 - https:\/\/yoast.com\/wordpress\/plugins\/seo\/ -->\n<title>Benefits Checklist - Solupak<\/title>\n<meta name=\"robots\" content=\"index, follow, max-snippet:-1, max-image-preview:large, max-video-preview:-1\" \/>\n<link rel=\"canonical\" href=\"https:\/\/solupak.eu\/fr\/benefits-checklist\/\" \/>\n<meta property=\"og:locale\" content=\"fr_FR\" \/>\n<meta property=\"og:type\" content=\"article\" \/>\n<meta property=\"og:title\" content=\"Benefits Checklist - Solupak\" \/>\n<meta property=\"og:description\" content=\"Solupak Liquid sachets Compressed tablets RTU chemicals Liquid concentrates Dosing bottles Ready in seconds Cost controlled No shipping water Low manual handling risk Reuse bottles No freezing issues Zero Chemical contact No maintenance No Spillage risk Reduction of storage Reduction of transport Perfect dose every time Robust design\" \/>\n<meta property=\"og:url\" content=\"https:\/\/solupak.eu\/fr\/benefits-checklist\/\" \/>\n<meta property=\"og:site_name\" content=\"Solupak\" \/>\n<meta property=\"article:modified_time\" content=\"2021-10-25T09:22:01+00:00\" \/>\n<meta name=\"twitter:card\" content=\"summary_large_image\" \/>\n<script type=\"application\/ld+json\" class=\"yoast-schema-graph\">{\"@context\":\"https:\/\/schema.org\",\"@graph\":[{\"@type\":\"WebPage\",\"@id\":\"https:\/\/solupak.eu\/es\/benefits-checklist\/\",\"url\":\"https:\/\/solupak.eu\/es\/benefits-checklist\/\",\"name\":\"Benefits Checklist - Solupak\",\"isPartOf\":{\"@id\":\"https:\/\/solupak.eu\/#website\"},\"datePublished\":\"2021-10-20T11:35:15+00:00\",\"dateModified\":\"2021-10-25T09:22:01+00:00\",\"breadcrumb\":{\"@id\":\"https:\/\/solupak.eu\/es\/benefits-checklist\/#breadcrumb\"},\"inLanguage\":\"fr-FR\",\"potentialAction\":[{\"@type\":\"ReadAction\",\"target\":[\"https:\/\/solupak.eu\/es\/benefits-checklist\/\"]}]},{\"@type\":\"BreadcrumbList\",\"@id\":\"https:\/\/solupak.eu\/es\/benefits-checklist\/#breadcrumb\",\"itemListElement\":[{\"@type\":\"ListItem\",\"position\":1,\"name\":\"Home\",\"item\":\"https:\/\/solupak.eu\/\"},{\"@type\":\"ListItem\",\"position\":2,\"name\":\"Benefits Checklist\"}]},{\"@type\":\"WebSite\",\"@id\":\"https:\/\/solupak.eu\/#website\",\"url\":\"https:\/\/solupak.eu\/\",\"name\":\"Solupak\",\"description\":\"...just add water\",\"potentialAction\":[{\"@type\":\"SearchAction\",\"target\":{\"@type\":\"EntryPoint\",\"urlTemplate\":\"https:\/\/solupak.eu\/?s={search_term_string}\"},\"query-input\":\"required name=search_term_string\"}],\"inLanguage\":\"fr-FR\"}]}<\/script>\n<!-- \/ Yoast SEO plugin. -->","yoast_head_json":{"title":"Benefits Checklist - Solupak","robots":{"index":"index","follow":"follow","max-snippet":"max-snippet:-1","max-image-preview":"max-image-preview:large","max-video-preview":"max-video-preview:-1"},"canonical":"https:\/\/solupak.eu\/fr\/benefits-checklist\/","og_locale":"fr_FR","og_type":"article","og_title":"Benefits Checklist - Solupak","og_description":"Solupak Liquid sachets Compressed tablets RTU chemicals Liquid concentrates Dosing bottles Ready in seconds Cost controlled No shipping water Low manual handling risk Reuse bottles No freezing issues Zero Chemical contact No maintenance No Spillage risk Reduction of storage Reduction of transport Perfect dose every time Robust design","og_url":"https:\/\/solupak.eu\/fr\/benefits-checklist\/","og_site_name":"Solupak","article_modified_time":"2021-10-25T09:22:01+00:00","twitter_card":"summary_large_image","schema":{"@context":"https:\/\/schema.org","@graph":[{"@type":"WebPage","@id":"https:\/\/solupak.eu\/es\/benefits-checklist\/","url":"https:\/\/solupak.eu\/es\/benefits-checklist\/","name":"Benefits Checklist - Solupak","isPartOf":{"@id":"https:\/\/solupak.eu\/#website"},"datePublished":"2021-10-20T11:35:15+00:00","dateModified":"2021-10-25T09:22:01+00:00","breadcrumb":{"@id":"https:\/\/solupak.eu\/es\/benefits-checklist\/#breadcrumb"},"inLanguage":"fr-FR","potentialAction":[{"@type":"ReadAction","target":["https:\/\/solupak.eu\/es\/benefits-checklist\/"]}]},{"@type":"BreadcrumbList","@id":"https:\/\/solupak.eu\/es\/benefits-checklist\/#breadcrumb","itemListElement":[{"@type":"ListItem","position":1,"name":"Home","item":"https:\/\/solupak.eu\/"},{"@type":"ListItem","position":2,"name":"Benefits Checklist"}]},{"@type":"WebSite","@id":"https:\/\/solupak.eu\/#website","url":"https:\/\/solupak.eu\/","name":"Solupak","description":"...just add water","potentialAction":[{"@type":"SearchAction","target":{"@type":"EntryPoint","urlTemplate":"https:\/\/solupak.eu\/?s={search_term_string}"},"query-input":"required name=search_term_string"}],"inLanguage":"fr-FR"}]}},"_links":{"self":[{"href":"https:\/\/solupak.eu\/fr\/wp-json\/wp\/v2\/pages\/25174"}],"collection":[{"href":"https:\/\/solupak.eu\/fr\/wp-json\/wp\/v2\/pages"}],"about":[{"href":"https:\/\/solupak.eu\/fr\/wp-json\/wp\/v2\/types\/page"}],"author":[{"embeddable":true,"href":"https:\/\/solupak.eu\/fr\/wp-json\/wp\/v2\/users\/1"}],"replies":[{"embeddable":true,"href":"https:\/\/solupak.eu\/fr\/wp-json\/wp\/v2\/comments?post=25174"}],"version-history":[{"count":5,"href":"https:\/\/solupak.eu\/fr\/wp-json\/wp\/v2\/pages\/25174\/revisions"}],"predecessor-version":[{"id":25632,"href":"https:\/\/solupak.eu\/fr\/wp-json\/wp\/v2\/pages\/25174\/revisions\/25632"}],"wp:attachment":[{"href":"https:\/\/solupak.eu\/fr\/wp-json\/wp\/v2\/media?parent=25174"}],"curies":[{"name":"wp","href":"https:\/\/api.w.org\/{rel}","templated":true}]}}