{"id":22097,"date":"2021-09-19T18:01:59","date_gmt":"2021-09-19T17:01:59","guid":{"rendered":"https:\/\/solupak.eu\/?page_id=22097"},"modified":"2021-10-01T13:21:22","modified_gmt":"2021-10-01T12:21:22","slug":"distributor-scheme","status":"publish","type":"page","link":"https:\/\/solupak.eu\/fr\/distributor-scheme\/","title":{"rendered":"R\u00e9gime des distributeurs"},"content":{"rendered":"<h1>Partagez notre philosophie et r\u00e9coltez les fruits de votre travail.<\/h1>\n<p>Solupak s'appuie sur des principes de fabrication responsable avec des produits et des services de haute qualit\u00e9 qui aident les entreprises avec lesquelles nous travaillons \u00e0 r\u00e9duire leur impact sur l'environnement tout en ne faisant aucun compromis pour leurs clients.<\/p>\n\t\t\t\t<img loading=\"lazy\" src=\"https:\/\/solupak.eu\/wp-content\/uploads\/2021\/09\/SoluPak_-_Distributor_awards_1@4x-1.png\" alt=\"SoluPak_-_Distributor_awards_1@4x (1)\" itemprop=\"image\" height=\"400\" width=\"1000\" title=\"SoluPak_-_Distributor_awards_1@4x (1)\" onerror=\"this.style.display='none'\"  \/>\n\t<h2>Sch\u00e9ma de distribution souhaitable<\/h2>\n<p>Notre objectif est de travailler avec des partenaires qui fournissent aux utilisateurs finaux des produits de haute qualit\u00e9, avec un excellent service et qui font preuve d'un engagement envers une activit\u00e9 durable et responsable. Le programme \"Desirable Distributor Scheme\" r\u00e9compense les distributeurs qui remplissent ces engagements commerciaux souhaitables.<\/p>\n    <a href=\"https:\/\/solupak.eu\/fr\/contact\/\" target=\"_self\" rel=\"noopener noreferrer\">\n      Pour en savoir plus\n    <\/a>\n\t\t\t\t<img loading=\"lazy\" src=\"https:\/\/solupak.eu\/wp-content\/uploads\/2021\/09\/SoluPak_-_Distributor_awards_2@4x-1.png\" alt=\"SoluPak_-_Distributor_awards_2@4x (1)\" itemprop=\"image\" height=\"699\" width=\"1000\" title=\"SoluPak_-_Distributor_awards_2@4x (1)\" onerror=\"this.style.display='none'\"  \/>\n\t\t\t\t<img loading=\"lazy\" src=\"https:\/\/solupak.eu\/wp-content\/uploads\/2020\/11\/shapes-flipped-2.png\" alt=\"shapes-flipped-2\" itemprop=\"image\" height=\"413\" width=\"2471\" title=\"formes-flipp\u00e9es-2\" onerror=\"this.style.display='none'\"  \/>\n\t\t\t\t<img loading=\"lazy\" src=\"https:\/\/solupak.eu\/wp-content\/uploads\/2021\/03\/Trigger-bottles-1024x599.png\" alt=\"Trigger-bottles\" itemprop=\"image\" height=\"599\" width=\"1024\" title=\"Bouteilles \u00e0 g\u00e2chette\" onerror=\"this.style.display='none'\"  \/>\n\t<h1>Devenir un distributeur recherch\u00e9<\/h1>\n<p>Il existe quatre niveaux de r\u00e9compense ascendants, allant du bronze \u00e0 l'argent, l'or et le platine. Au fur et \u00e0 mesure qu'un distributeur augmente le volume de ses engagements envers l'\u00e9thique de Solupak et l'utilisation des produits, vous montez dans les niveaux de r\u00e9compense et b\u00e9n\u00e9ficiez d'avantages suppl\u00e9mentaires pour votre entreprise.<\/p>\n<p>&nbsp;<\/p>\n<p>Si vous souhaitez obtenir de plus amples informations sur la mani\u00e8re de devenir un distributeur souhaitable de Solupak, veuillez remplir le formulaire de contact ci-dessous et nous vous contacterons.<\/p>\n    <a href=\"https:\/\/solupak.eu\/fr\/contact\/\" target=\"_self\" rel=\"noopener noreferrer\">\n      Prenez contact avec nous\n    <\/a>","protected":false},"excerpt":{"rendered":"<p>Partagez notre \u00e9thique et r\u00e9coltez les r\u00e9compenses Solupak est construit sur des principes de fabrication responsable avec des produits et des services de haute qualit\u00e9 qui aident les entreprises avec lesquelles nous travaillons \u00e0 r\u00e9duire leur impact sur l'environnement tout en ne faisant aucun compromis pour leurs clients. Programme de distribution souhaitable Notre objectif est de travailler avec des partenaires qui fournissent des...<\/p>","protected":false},"author":1,"featured_media":0,"parent":0,"menu_order":0,"comment_status":"closed","ping_status":"closed","template":"","meta":[],"yoast_head":"<!-- This site is optimized with the Yoast SEO plugin v19.7.2 - https:\/\/yoast.com\/wordpress\/plugins\/seo\/ -->\n<title>Distributor Scheme - Solupak<\/title>\n<meta name=\"robots\" content=\"index, follow, max-snippet:-1, max-image-preview:large, max-video-preview:-1\" \/>\n<link rel=\"canonical\" href=\"https:\/\/solupak.eu\/fr\/distributor-scheme\/\" \/>\n<meta property=\"og:locale\" content=\"fr_FR\" \/>\n<meta property=\"og:type\" content=\"article\" \/>\n<meta property=\"og:title\" content=\"Distributor Scheme - Solupak\" \/>\n<meta property=\"og:description\" content=\"Share our ethos and reap the rewards Solupak is built on principles of responsible manufacturing with high quality products and service that help the businesses we work with to reduce their impact on the environment whilst making zero compromise to their customers. Desirable Distributor Scheme Our aim is to work with partners who provide end&hellip;\" \/>\n<meta property=\"og:url\" content=\"https:\/\/solupak.eu\/fr\/distributor-scheme\/\" \/>\n<meta property=\"og:site_name\" content=\"Solupak\" \/>\n<meta property=\"article:modified_time\" content=\"2021-10-01T12:21:22+00:00\" \/>\n<meta property=\"og:image\" content=\"https:\/\/solupak.eu\/wp-content\/uploads\/2021\/09\/SoluPak_-_Distributor_awards_1@4x-1.png\" \/>\n<meta name=\"twitter:card\" content=\"summary_large_image\" \/>\n<meta name=\"twitter:label1\" content=\"Dur\u00e9e de lecture estim\u00e9e\" \/>\n\t<meta name=\"twitter:data1\" content=\"2 minutes\" \/>\n<script type=\"application\/ld+json\" class=\"yoast-schema-graph\">{\"@context\":\"https:\/\/schema.org\",\"@graph\":[{\"@type\":\"WebPage\",\"@id\":\"https:\/\/solupak.eu\/es\/distributor-scheme\/\",\"url\":\"https:\/\/solupak.eu\/es\/distributor-scheme\/\",\"name\":\"Distributor Scheme - Solupak\",\"isPartOf\":{\"@id\":\"https:\/\/solupak.eu\/#website\"},\"datePublished\":\"2021-09-19T17:01:59+00:00\",\"dateModified\":\"2021-10-01T12:21:22+00:00\",\"breadcrumb\":{\"@id\":\"https:\/\/solupak.eu\/es\/distributor-scheme\/#breadcrumb\"},\"inLanguage\":\"fr-FR\",\"potentialAction\":[{\"@type\":\"ReadAction\",\"target\":[\"https:\/\/solupak.eu\/es\/distributor-scheme\/\"]}]},{\"@type\":\"BreadcrumbList\",\"@id\":\"https:\/\/solupak.eu\/es\/distributor-scheme\/#breadcrumb\",\"itemListElement\":[{\"@type\":\"ListItem\",\"position\":1,\"name\":\"Home\",\"item\":\"https:\/\/solupak.eu\/\"},{\"@type\":\"ListItem\",\"position\":2,\"name\":\"Distributor Scheme\"}]},{\"@type\":\"WebSite\",\"@id\":\"https:\/\/solupak.eu\/#website\",\"url\":\"https:\/\/solupak.eu\/\",\"name\":\"Solupak\",\"description\":\"...just add water\",\"potentialAction\":[{\"@type\":\"SearchAction\",\"target\":{\"@type\":\"EntryPoint\",\"urlTemplate\":\"https:\/\/solupak.eu\/?s={search_term_string}\"},\"query-input\":\"required name=search_term_string\"}],\"inLanguage\":\"fr-FR\"}]}<\/script>\n<!-- \/ Yoast SEO plugin. -->","yoast_head_json":{"title":"Distributor Scheme - Solupak","robots":{"index":"index","follow":"follow","max-snippet":"max-snippet:-1","max-image-preview":"max-image-preview:large","max-video-preview":"max-video-preview:-1"},"canonical":"https:\/\/solupak.eu\/fr\/distributor-scheme\/","og_locale":"fr_FR","og_type":"article","og_title":"Distributor Scheme - Solupak","og_description":"Share our ethos and reap the rewards Solupak is built on principles of responsible manufacturing with high quality products and service that help the businesses we work with to reduce their impact on the environment whilst making zero compromise to their customers. Desirable Distributor Scheme Our aim is to work with partners who provide end&hellip;","og_url":"https:\/\/solupak.eu\/fr\/distributor-scheme\/","og_site_name":"Solupak","article_modified_time":"2021-10-01T12:21:22+00:00","og_image":[{"url":"https:\/\/solupak.eu\/wp-content\/uploads\/2021\/09\/SoluPak_-_Distributor_awards_1@4x-1.png"}],"twitter_card":"summary_large_image","twitter_misc":{"Dur\u00e9e de lecture estim\u00e9e":"2 minutes"},"schema":{"@context":"https:\/\/schema.org","@graph":[{"@type":"WebPage","@id":"https:\/\/solupak.eu\/es\/distributor-scheme\/","url":"https:\/\/solupak.eu\/es\/distributor-scheme\/","name":"Distributor Scheme - Solupak","isPartOf":{"@id":"https:\/\/solupak.eu\/#website"},"datePublished":"2021-09-19T17:01:59+00:00","dateModified":"2021-10-01T12:21:22+00:00","breadcrumb":{"@id":"https:\/\/solupak.eu\/es\/distributor-scheme\/#breadcrumb"},"inLanguage":"fr-FR","potentialAction":[{"@type":"ReadAction","target":["https:\/\/solupak.eu\/es\/distributor-scheme\/"]}]},{"@type":"BreadcrumbList","@id":"https:\/\/solupak.eu\/es\/distributor-scheme\/#breadcrumb","itemListElement":[{"@type":"ListItem","position":1,"name":"Home","item":"https:\/\/solupak.eu\/"},{"@type":"ListItem","position":2,"name":"Distributor Scheme"}]},{"@type":"WebSite","@id":"https:\/\/solupak.eu\/#website","url":"https:\/\/solupak.eu\/","name":"Solupak","description":"...just add water","potentialAction":[{"@type":"SearchAction","target":{"@type":"EntryPoint","urlTemplate":"https:\/\/solupak.eu\/?s={search_term_string}"},"query-input":"required name=search_term_string"}],"inLanguage":"fr-FR"}]}},"_links":{"self":[{"href":"https:\/\/solupak.eu\/fr\/wp-json\/wp\/v2\/pages\/22097"}],"collection":[{"href":"https:\/\/solupak.eu\/fr\/wp-json\/wp\/v2\/pages"}],"about":[{"href":"https:\/\/solupak.eu\/fr\/wp-json\/wp\/v2\/types\/page"}],"author":[{"embeddable":true,"href":"https:\/\/solupak.eu\/fr\/wp-json\/wp\/v2\/users\/1"}],"replies":[{"embeddable":true,"href":"https:\/\/solupak.eu\/fr\/wp-json\/wp\/v2\/comments?post=22097"}],"version-history":[{"count":14,"href":"https:\/\/solupak.eu\/fr\/wp-json\/wp\/v2\/pages\/22097\/revisions"}],"predecessor-version":[{"id":23325,"href":"https:\/\/solupak.eu\/fr\/wp-json\/wp\/v2\/pages\/22097\/revisions\/23325"}],"wp:attachment":[{"href":"https:\/\/solupak.eu\/fr\/wp-json\/wp\/v2\/media?parent=22097"}],"curies":[{"name":"wp","href":"https:\/\/api.w.org\/{rel}","templated":true}]}}