{"id":21,"date":"2020-10-23T11:48:48","date_gmt":"2020-10-23T10:48:48","guid":{"rendered":"https:\/\/solupak.eu\/?page_id=21"},"modified":"2020-11-11T12:14:21","modified_gmt":"2020-11-11T12:14:21","slug":"faqs","status":"publish","type":"page","link":"https:\/\/solupak.eu\/fr\/faqs\/","title":{"rendered":"FAQs"},"content":{"rendered":"<h1>Questions fr\u00e9quemment pos\u00e9es\u00a0<strong>Questions<\/strong><\/h1>\n          <a data-toggle=\"collapse\" href=\"#how-can-i-purchase-the-solupak-daily-cleaning-range-products\" role=\"button\" aria-expanded=\"false\" aria-controls=\"how-can-i-purchase-the-solupak-daily-cleaning-range-products\">\n          <\/a>\n            <strong>Comment puis-je acheter les produits de la gamme de nettoyage quotidien Solupak ?<\/strong>\n            <p>Contact <a href=\"mailto:sales@solupak.eu\">sales@solupak.eu<\/a> ou appelez notre \u00e9quipe du service client\u00e8le au 01924 565120 qui sera en mesure de discuter de vos besoins et de vous mettre en contact avec le bon distributeur.<\/p>\n          <a data-toggle=\"collapse\" href=\"#what-material-is-the-sachet-wrapped-in-and-what-happens-when-it-dissolves\" role=\"button\" aria-expanded=\"false\" aria-controls=\"what-material-is-the-sachet-wrapped-in-and-what-happens-when-it-dissolves\">\n          <\/a>\n            <strong>Dans quelle mati\u00e8re le sachet est-il envelopp\u00e9 et que se passe-t-il lorsqu'il se dissout ?<\/strong>\n            <p>Tous nos sachets hydrosolubles sont emball\u00e9s dans un film PVA (alcool polyvinylique) qui n'est PAS du plastique et se dissout enti\u00e8rement dans l'eau. Il est biod\u00e9gradable et fait partie de la chimie de l'action nettoyante.<\/p>\n          <a data-toggle=\"collapse\" href=\"#how-do-i-become-a-distributor-for-the-solupak-daily-cleaning-product-range\" role=\"button\" aria-expanded=\"false\" aria-controls=\"how-do-i-become-a-distributor-for-the-solupak-daily-cleaning-product-range\">\n          <\/a>\n            <strong>Comment devenir distributeur de la gamme de produits de nettoyage quotidien Solupak ?<\/strong>\n            \n          <a data-toggle=\"collapse\" href=\"#what-does-the-clp-hazard-symbol-mean\" role=\"button\" aria-expanded=\"false\" aria-controls=\"what-does-the-clp-hazard-symbol-mean\">\n          <\/a>\n            <strong>Que signifie le symbole de danger CLP ?<\/strong>\n            <p>Chaque produit porte son propre symbole de danger CLP, li\u00e9 \u00e0 la concentration de la poudre dans le sachet. Le sachet et le produit sont emball\u00e9s dans un film hydrosoluble, ce qui signifie qu'il existe une barri\u00e8re protectrice entre l'utilisateur et le produit. Une fois dilu\u00e9e, la solution ne comporte aucun avertissement de danger.<\/p>\n          <a data-toggle=\"collapse\" href=\"#i-have-a-new-product-i-would-to-be-developed-by-solupak-what-are-the-next-steps\" role=\"button\" aria-expanded=\"false\" aria-controls=\"i-have-a-new-product-i-would-to-be-developed-by-solupak-what-are-the-next-steps\">\n          <\/a>\n            <strong>J'ai un nouveau produit que j'aimerais faire d\u00e9velopper par Solupak. Quelles sont les prochaines \u00e9tapes ?<\/strong>\n            <p>Nous serions heureux d'en discuter plus avant, mais les informations qui nous seraient le plus utiles sont l'application du produit, la voie d'acc\u00e8s au march\u00e9 et la quantit\u00e9 de commande pr\u00e9vue.<\/p>\n          <a data-toggle=\"collapse\" href=\"#but-isnt-this-product-still-using-plastic-bottles\" role=\"button\" aria-expanded=\"false\" aria-controls=\"but-isnt-this-product-still-using-plastic-bottles\">\n          <\/a>\n            <strong>Mais ce produit n'utilise-t-il pas encore des bouteilles en plastique ?<\/strong>\n            <p>C'est le plastique \u00e0 usage unique qui est le probl\u00e8me auquel nous sommes confront\u00e9s ! Notre syst\u00e8me Bottle 4 Life signifie qu'aucune bouteille en plastique \u00e0 usage unique n'est utilis\u00e9e dans notre syst\u00e8me. Elles sont s\u00e9rigraphi\u00e9es et peuvent \u00eatre r\u00e9utilis\u00e9es encore et encore et encore........ ou si elles arrivent en fin de vie, elles sont recyclables.<\/p>","protected":false},"excerpt":{"rendered":"<p>Questions fr\u00e9quemment pos\u00e9es Comment puis-je acheter les produits de la gamme de nettoyage quotidien Solupak ? Contactez sales@solupak.eu ou appelez notre \u00e9quipe du service client\u00e8le au 01924 565120 qui sera en mesure de discuter de vos besoins et de vous mettre en contact avec le bon distributeur. Dans quel mat\u00e9riau le sachet est-il emball\u00e9 et que se passe-t-il lorsqu'il se dissout ? Tous les...<\/p>","protected":false},"author":1,"featured_media":0,"parent":0,"menu_order":0,"comment_status":"closed","ping_status":"closed","template":"","meta":[],"yoast_head":"<!-- This site is optimized with the Yoast SEO plugin v19.7.2 - https:\/\/yoast.com\/wordpress\/plugins\/seo\/ -->\n<title>FAQs - Solupak<\/title>\n<meta name=\"robots\" content=\"index, follow, max-snippet:-1, max-image-preview:large, max-video-preview:-1\" \/>\n<link rel=\"canonical\" href=\"https:\/\/solupak.eu\/fr\/faqs\/\" \/>\n<meta property=\"og:locale\" content=\"fr_FR\" \/>\n<meta property=\"og:type\" content=\"article\" \/>\n<meta property=\"og:title\" content=\"FAQs - Solupak\" \/>\n<meta property=\"og:description\" content=\"Frequently Asked\u00a0Questions How can I purchase the Solupak daily cleaning range products? Contact sales@solupak.eu or call our customer service team on 01924 565120 who will be able to discuss your requirements and put you in touch with the right distributor. What material is the sachet wrapped in and what happens when it dissolves? All of&hellip;\" \/>\n<meta property=\"og:url\" content=\"https:\/\/solupak.eu\/fr\/faqs\/\" \/>\n<meta property=\"og:site_name\" content=\"Solupak\" \/>\n<meta property=\"article:modified_time\" content=\"2020-11-11T12:14:21+00:00\" \/>\n<meta name=\"twitter:card\" content=\"summary_large_image\" \/>\n<meta name=\"twitter:label1\" content=\"Dur\u00e9e de lecture estim\u00e9e\" \/>\n\t<meta name=\"twitter:data1\" content=\"1 minute\" \/>\n<script type=\"application\/ld+json\" class=\"yoast-schema-graph\">{\"@context\":\"https:\/\/schema.org\",\"@graph\":[{\"@type\":\"WebPage\",\"@id\":\"https:\/\/solupak.eu\/faqs\/\",\"url\":\"https:\/\/solupak.eu\/faqs\/\",\"name\":\"FAQs - Solupak\",\"isPartOf\":{\"@id\":\"https:\/\/solupak.eu\/#website\"},\"datePublished\":\"2020-10-23T10:48:48+00:00\",\"dateModified\":\"2020-11-11T12:14:21+00:00\",\"breadcrumb\":{\"@id\":\"https:\/\/solupak.eu\/faqs\/#breadcrumb\"},\"inLanguage\":\"fr-FR\",\"potentialAction\":[{\"@type\":\"ReadAction\",\"target\":[\"https:\/\/solupak.eu\/faqs\/\"]}]},{\"@type\":\"BreadcrumbList\",\"@id\":\"https:\/\/solupak.eu\/faqs\/#breadcrumb\",\"itemListElement\":[{\"@type\":\"ListItem\",\"position\":1,\"name\":\"Home\",\"item\":\"https:\/\/solupak.eu\/\"},{\"@type\":\"ListItem\",\"position\":2,\"name\":\"FAQs\"}]},{\"@type\":\"WebSite\",\"@id\":\"https:\/\/solupak.eu\/#website\",\"url\":\"https:\/\/solupak.eu\/\",\"name\":\"Solupak\",\"description\":\"...just add water\",\"potentialAction\":[{\"@type\":\"SearchAction\",\"target\":{\"@type\":\"EntryPoint\",\"urlTemplate\":\"https:\/\/solupak.eu\/?s={search_term_string}\"},\"query-input\":\"required name=search_term_string\"}],\"inLanguage\":\"fr-FR\"}]}<\/script>\n<!-- \/ Yoast SEO plugin. -->","yoast_head_json":{"title":"FAQs - Solupak","robots":{"index":"index","follow":"follow","max-snippet":"max-snippet:-1","max-image-preview":"max-image-preview:large","max-video-preview":"max-video-preview:-1"},"canonical":"https:\/\/solupak.eu\/fr\/faqs\/","og_locale":"fr_FR","og_type":"article","og_title":"FAQs - Solupak","og_description":"Frequently Asked\u00a0Questions How can I purchase the Solupak daily cleaning range products? Contact sales@solupak.eu or call our customer service team on 01924 565120 who will be able to discuss your requirements and put you in touch with the right distributor. What material is the sachet wrapped in and what happens when it dissolves? All of&hellip;","og_url":"https:\/\/solupak.eu\/fr\/faqs\/","og_site_name":"Solupak","article_modified_time":"2020-11-11T12:14:21+00:00","twitter_card":"summary_large_image","twitter_misc":{"Dur\u00e9e de lecture estim\u00e9e":"1 minute"},"schema":{"@context":"https:\/\/schema.org","@graph":[{"@type":"WebPage","@id":"https:\/\/solupak.eu\/faqs\/","url":"https:\/\/solupak.eu\/faqs\/","name":"FAQs - Solupak","isPartOf":{"@id":"https:\/\/solupak.eu\/#website"},"datePublished":"2020-10-23T10:48:48+00:00","dateModified":"2020-11-11T12:14:21+00:00","breadcrumb":{"@id":"https:\/\/solupak.eu\/faqs\/#breadcrumb"},"inLanguage":"fr-FR","potentialAction":[{"@type":"ReadAction","target":["https:\/\/solupak.eu\/faqs\/"]}]},{"@type":"BreadcrumbList","@id":"https:\/\/solupak.eu\/faqs\/#breadcrumb","itemListElement":[{"@type":"ListItem","position":1,"name":"Home","item":"https:\/\/solupak.eu\/"},{"@type":"ListItem","position":2,"name":"FAQs"}]},{"@type":"WebSite","@id":"https:\/\/solupak.eu\/#website","url":"https:\/\/solupak.eu\/","name":"Solupak","description":"...just add water","potentialAction":[{"@type":"SearchAction","target":{"@type":"EntryPoint","urlTemplate":"https:\/\/solupak.eu\/?s={search_term_string}"},"query-input":"required name=search_term_string"}],"inLanguage":"fr-FR"}]}},"_links":{"self":[{"href":"https:\/\/solupak.eu\/fr\/wp-json\/wp\/v2\/pages\/21"}],"collection":[{"href":"https:\/\/solupak.eu\/fr\/wp-json\/wp\/v2\/pages"}],"about":[{"href":"https:\/\/solupak.eu\/fr\/wp-json\/wp\/v2\/types\/page"}],"author":[{"embeddable":true,"href":"https:\/\/solupak.eu\/fr\/wp-json\/wp\/v2\/users\/1"}],"replies":[{"embeddable":true,"href":"https:\/\/solupak.eu\/fr\/wp-json\/wp\/v2\/comments?post=21"}],"version-history":[{"count":4,"href":"https:\/\/solupak.eu\/fr\/wp-json\/wp\/v2\/pages\/21\/revisions"}],"predecessor-version":[{"id":314,"href":"https:\/\/solupak.eu\/fr\/wp-json\/wp\/v2\/pages\/21\/revisions\/314"}],"wp:attachment":[{"href":"https:\/\/solupak.eu\/fr\/wp-json\/wp\/v2\/media?parent=21"}],"curies":[{"name":"wp","href":"https:\/\/api.w.org\/{rel}","templated":true}]}}