{"id":20,"date":"2020-10-23T11:48:48","date_gmt":"2020-10-23T10:48:48","guid":{"rendered":"https:\/\/solupak.eu\/?page_id=20"},"modified":"2021-03-30T11:56:31","modified_gmt":"2021-03-30T10:56:31","slug":"capabilities","status":"publish","type":"page","link":"https:\/\/solupak.eu\/fr\/capabilities\/","title":{"rendered":"Capacit\u00e9s"},"content":{"rendered":"<h1>\n\t\tNous aimons d\u00e9velopper des solutions\n\t<\/h1>\n\t<p>Nous sommes des fabricants et des innovateurs dans le domaine des syst\u00e8mes hydrosolubles. Gr\u00e2ce \u00e0 un entreposage et une distribution locaux, nous maintenons une production \u00e0 faible \u00e9mission de carbone au Royaume-Uni. Le m\u00e9lange des poudres sur place et les machines de production de sachets construites en interne permettent \u00e0 nos clients d'obtenir une production rapide.<\/p>\n<p>Nous veillons \u00e0 ce que, tout au long de nos processus de fabrication, de test, de formulation et de conditionnement, nous maintenions une faible empreinte carbone (en utilisant des emballages recyclables et des bouteilles r\u00e9utilisables), tout en fabriquant un produit sans cruaut\u00e9.<\/p>\n<p>L'utilisateur a un faible risque de contact chimique, une manipulation manuelle minimale et des produits de nettoyage faciles \u00e0 utiliser. La couleur du sachet et de la dilution est cod\u00e9e selon le BICSc. Comme il s'agit d'un produit tr\u00e8s concentr\u00e9, il n'y a pas de frais suppl\u00e9mentaires pour le transport de l'eau dans tout le pays et il faut tr\u00e8s peu d'espace pour le stockage.<\/p>\n\t\t\t\t<img loading=\"lazy\" src=\"https:\/\/solupak.eu\/wp-content\/uploads\/2021\/04\/Solupak-products-fr.png\" alt=\"Solupak-products-web-png\" itemprop=\"image\" height=\"550\" width=\"1024\" title=\"Solupak-produits-web-png\" onerror=\"this.style.display='none'\"  \/>\n\t<h2>Nous aimons les solutions de nettoyage<\/h2>\n<p>Solupak est l'un des principaux experts du Royaume-Uni en mati\u00e8re de conception et de fabrication de produits de nettoyage hydrosolubles sur mesure et de syst\u00e8mes de nettoyage quotidien. Les produits sont m\u00e9lang\u00e9s, fabriqu\u00e9s et conditionn\u00e9s dans notre bureau de production et d'administration du Yorkshire et sont distribu\u00e9s dans le monde entier. Notre gamme de produits de nettoyage quotidien est disponible aupr\u00e8s de notre r\u00e9seau de distributeurs au Royaume-Uni.<\/p>\n    <a href=\"#get-in-touch\" target=\"_self\" rel=\"noopener noreferrer\">\n    \tNous contacter\n    <\/a>\n\t<p>Les avantages de nos solutions hydrosolubles sont les suivants :<\/p>\n<p>R\u00e9duction des co\u00fbts logistiques car le produit est tr\u00e8s concentr\u00e9 et il n'y a pas de transport d'eau.<\/p>\n<p>Contr\u00f4le des portions<\/p>\n<p>Aucun contact chimique<\/p>\n<p>Le stockage est r\u00e9duit gr\u00e2ce \u00e0 un gain de place et \u00e0 un dosage concentr\u00e9 Aucune manipulation manuelle<\/p>\n<p>Vous pouvez contacter notre \u00e9quipe sympathique et comp\u00e9tente au 44 (0) 1924 565120.<\/p>\n    <a href=\"#\" target=\"\" rel=\"noopener noreferrer\">\n    \tVoir notre gamme de produits\n    <\/a>\n\t\t\t\t<img loading=\"lazy\" src=\"https:\/\/solupak.eu\/wp-content\/uploads\/2021\/04\/All-purpose_cleaner-french.png\" alt=\"All-purpose_cleaner\" itemprop=\"image\" height=\"1359\" width=\"1000\" title=\"Nettoyant polyvalent\" onerror=\"this.style.display='none'\"  \/>","protected":false},"excerpt":{"rendered":"<p>Nous aimons d\u00e9velopper des solutions Nous sommes des fabricants et des innovateurs dans le domaine des syst\u00e8mes hydrosolubles. Gr\u00e2ce \u00e0 un entreposage et une distribution locaux, nous maintenons une production \u00e0 faible \u00e9mission de carbone au Royaume-Uni. Le m\u00e9lange des poudres sur place et les machines de production de sachets construites en interne permettent \u00e0 nos clients d'obtenir une production rapide. Nous nous attachons \u00e0 garantir que, tout au long de nos activit\u00e9s de fabrication, de test, de formulation et de conditionnement...<\/p>","protected":false},"author":1,"featured_media":0,"parent":0,"menu_order":0,"comment_status":"closed","ping_status":"closed","template":"","meta":[],"yoast_head":"<!-- This site is optimized with the Yoast SEO plugin v19.7.2 - https:\/\/yoast.com\/wordpress\/plugins\/seo\/ -->\n<title>Capabilities - Solupak<\/title>\n<meta name=\"robots\" content=\"index, follow, max-snippet:-1, max-image-preview:large, max-video-preview:-1\" \/>\n<link rel=\"canonical\" href=\"https:\/\/solupak.eu\/fr\/capabilities\/\" \/>\n<meta property=\"og:locale\" content=\"fr_FR\" \/>\n<meta property=\"og:type\" content=\"article\" \/>\n<meta property=\"og:title\" content=\"Capabilities - Solupak\" \/>\n<meta property=\"og:description\" content=\"We Love Developing Solutions We are manufacturers and innovators in water soluble systems. Through local warehousing and distribution we maintain low carbon manufacturing in the UK. On-site blending of powders and in-house built sachet production machinery gives our customers high speed output. We focus on ensuring that throughout all our manufacturing, testing, formulation and packaging&hellip;\" \/>\n<meta property=\"og:url\" content=\"https:\/\/solupak.eu\/fr\/capabilities\/\" \/>\n<meta property=\"og:site_name\" content=\"Solupak\" \/>\n<meta property=\"article:modified_time\" content=\"2021-03-30T10:56:31+00:00\" \/>\n<meta property=\"og:image\" content=\"https:\/\/solupak.eu\/wp-content\/uploads\/2020\/11\/Solupak-products-web-png-1024x550.png\" \/>\n<meta name=\"twitter:card\" content=\"summary_large_image\" \/>\n<meta name=\"twitter:label1\" content=\"Dur\u00e9e de lecture estim\u00e9e\" \/>\n\t<meta name=\"twitter:data1\" content=\"1 minute\" \/>\n<script type=\"application\/ld+json\" class=\"yoast-schema-graph\">{\"@context\":\"https:\/\/schema.org\",\"@graph\":[{\"@type\":\"WebPage\",\"@id\":\"https:\/\/solupak.eu\/capabilities\/\",\"url\":\"https:\/\/solupak.eu\/capabilities\/\",\"name\":\"Capabilities - Solupak\",\"isPartOf\":{\"@id\":\"https:\/\/solupak.eu\/#website\"},\"datePublished\":\"2020-10-23T10:48:48+00:00\",\"dateModified\":\"2021-03-30T10:56:31+00:00\",\"breadcrumb\":{\"@id\":\"https:\/\/solupak.eu\/capabilities\/#breadcrumb\"},\"inLanguage\":\"fr-FR\",\"potentialAction\":[{\"@type\":\"ReadAction\",\"target\":[\"https:\/\/solupak.eu\/capabilities\/\"]}]},{\"@type\":\"BreadcrumbList\",\"@id\":\"https:\/\/solupak.eu\/capabilities\/#breadcrumb\",\"itemListElement\":[{\"@type\":\"ListItem\",\"position\":1,\"name\":\"Home\",\"item\":\"https:\/\/solupak.eu\/\"},{\"@type\":\"ListItem\",\"position\":2,\"name\":\"Capabilities\"}]},{\"@type\":\"WebSite\",\"@id\":\"https:\/\/solupak.eu\/#website\",\"url\":\"https:\/\/solupak.eu\/\",\"name\":\"Solupak\",\"description\":\"...just add water\",\"potentialAction\":[{\"@type\":\"SearchAction\",\"target\":{\"@type\":\"EntryPoint\",\"urlTemplate\":\"https:\/\/solupak.eu\/?s={search_term_string}\"},\"query-input\":\"required name=search_term_string\"}],\"inLanguage\":\"fr-FR\"}]}<\/script>\n<!-- \/ Yoast SEO plugin. -->","yoast_head_json":{"title":"Capabilities - Solupak","robots":{"index":"index","follow":"follow","max-snippet":"max-snippet:-1","max-image-preview":"max-image-preview:large","max-video-preview":"max-video-preview:-1"},"canonical":"https:\/\/solupak.eu\/fr\/capabilities\/","og_locale":"fr_FR","og_type":"article","og_title":"Capabilities - Solupak","og_description":"We Love Developing Solutions We are manufacturers and innovators in water soluble systems. Through local warehousing and distribution we maintain low carbon manufacturing in the UK. On-site blending of powders and in-house built sachet production machinery gives our customers high speed output. We focus on ensuring that throughout all our manufacturing, testing, formulation and packaging&hellip;","og_url":"https:\/\/solupak.eu\/fr\/capabilities\/","og_site_name":"Solupak","article_modified_time":"2021-03-30T10:56:31+00:00","og_image":[{"url":"https:\/\/solupak.eu\/wp-content\/uploads\/2020\/11\/Solupak-products-web-png-1024x550.png"}],"twitter_card":"summary_large_image","twitter_misc":{"Dur\u00e9e de lecture estim\u00e9e":"1 minute"},"schema":{"@context":"https:\/\/schema.org","@graph":[{"@type":"WebPage","@id":"https:\/\/solupak.eu\/capabilities\/","url":"https:\/\/solupak.eu\/capabilities\/","name":"Capabilities - Solupak","isPartOf":{"@id":"https:\/\/solupak.eu\/#website"},"datePublished":"2020-10-23T10:48:48+00:00","dateModified":"2021-03-30T10:56:31+00:00","breadcrumb":{"@id":"https:\/\/solupak.eu\/capabilities\/#breadcrumb"},"inLanguage":"fr-FR","potentialAction":[{"@type":"ReadAction","target":["https:\/\/solupak.eu\/capabilities\/"]}]},{"@type":"BreadcrumbList","@id":"https:\/\/solupak.eu\/capabilities\/#breadcrumb","itemListElement":[{"@type":"ListItem","position":1,"name":"Home","item":"https:\/\/solupak.eu\/"},{"@type":"ListItem","position":2,"name":"Capabilities"}]},{"@type":"WebSite","@id":"https:\/\/solupak.eu\/#website","url":"https:\/\/solupak.eu\/","name":"Solupak","description":"...just add water","potentialAction":[{"@type":"SearchAction","target":{"@type":"EntryPoint","urlTemplate":"https:\/\/solupak.eu\/?s={search_term_string}"},"query-input":"required name=search_term_string"}],"inLanguage":"fr-FR"}]}},"_links":{"self":[{"href":"https:\/\/solupak.eu\/fr\/wp-json\/wp\/v2\/pages\/20"}],"collection":[{"href":"https:\/\/solupak.eu\/fr\/wp-json\/wp\/v2\/pages"}],"about":[{"href":"https:\/\/solupak.eu\/fr\/wp-json\/wp\/v2\/types\/page"}],"author":[{"embeddable":true,"href":"https:\/\/solupak.eu\/fr\/wp-json\/wp\/v2\/users\/1"}],"replies":[{"embeddable":true,"href":"https:\/\/solupak.eu\/fr\/wp-json\/wp\/v2\/comments?post=20"}],"version-history":[{"count":13,"href":"https:\/\/solupak.eu\/fr\/wp-json\/wp\/v2\/pages\/20\/revisions"}],"predecessor-version":[{"id":4212,"href":"https:\/\/solupak.eu\/fr\/wp-json\/wp\/v2\/pages\/20\/revisions\/4212"}],"wp:attachment":[{"href":"https:\/\/solupak.eu\/fr\/wp-json\/wp\/v2\/media?parent=20"}],"curies":[{"name":"wp","href":"https:\/\/api.w.org\/{rel}","templated":true}]}}