{"id":2,"date":"2020-10-13T12:13:12","date_gmt":"2020-10-13T11:13:12","guid":{"rendered":"https:\/\/solupak.eu\/?page_id=2"},"modified":"2022-01-21T12:00:49","modified_gmt":"2022-01-21T12:00:49","slug":"home","status":"publish","type":"page","link":"https:\/\/solupak.eu\/fr\/","title":{"rendered":"Accueil"},"content":{"rendered":"<!-- \n  \t<img src=\"\/wp-content\/uploads\/2020\/10\/light-wave-1.png\" \/>\n   -->\n      <img src=\"\/wp-content\/uploads\/2021\/01\/Sachet@3x.png\">\n      <strong>Soluble<br>sachet<\/strong>\n      <img src=\"\/wp-content\/uploads\/2020\/10\/plus.png\">\n      <img src=\"\/wp-content\/uploads\/2020\/10\/bottle.png\">\n      <strong>Bouteille<br>pour la vie<\/strong>\n      <img src=\"\/wp-content\/uploads\/2020\/10\/equal.png\">\n      <img src=\"\/wp-content\/uploads\/2021\/01\/World@3x.png\">\n      <strong>Respectueux de l'environnement<br>Solution de nettoyage<\/strong>\n      <h2>Vous voulez une solution de nettoyage \u00e9cologique ?<\/h2>\n        <a href=\"https:\/\/solupak.eu\/wp-content\/uploads\/2021\/03\/Solupak_-_brochure_v4_proof.pdf\" target=\"_blank\" rel=\"noopener noreferrer\">\n            Notre brochure\n        <\/a> \n              <img src=\"\/wp-content\/uploads\/2021\/01\/Sachet@3x.png\">\n              <img src=\"\/wp-content\/uploads\/2020\/10\/bottle.png\">\n            <strong>1<\/strong>\n            =\n            <strong>1<\/strong>\n              <img src=\"\/wp-content\/uploads\/2021\/01\/Sachet@3x.png\">\n              <img src=\"\/wp-content\/uploads\/2021\/01\/5L_bottle@3x.png\">\n            <strong>5<\/strong>\n            =\n            <strong>1<\/strong>\n              <img src=\"\/wp-content\/uploads\/2020\/11\/small-box-pile.png\">\n              <img src=\"\/wp-content\/uploads\/2020\/11\/big-box-pile.png\">\n            <strong>1<\/strong>\n            =\n            <strong>15<\/strong>\n\t<h2>Voir nos produits en ligne maintenant<\/h2>\n    <a href=\"https:\/\/solupak.eu\/fr\/products\/\" target=\"\" rel=\"noopener noreferrer\">\n      Voir tous les produits\n    <\/a>\n\t\t\t\t<img loading=\"lazy\" src=\"https:\/\/solupak.eu\/wp-content\/uploads\/2020\/11\/sachet-bags.png\" alt=\"sachet-bags\" itemprop=\"image\" height=\"274\" width=\"592\" title=\"sachets-sacs\" onerror=\"this.style.display='none'\">\n\t<h2>D\u00e9velopper un nouveau produit<\/h2>\n    <a href=\"https:\/\/solupak.eu\/fr\/contact\/\" target=\"\" rel=\"noopener noreferrer\">\n      Demande de renseignements\n    <\/a>\n\t\t\t\t<img loading=\"lazy\" src=\"https:\/\/solupak.eu\/wp-content\/uploads\/2021\/02\/shapes-flipped-green-2.png\" alt=\"shapes-flipped-green (2)\" itemprop=\"image\" height=\"413\" width=\"2468\" title=\"formes-flipp\u00e9es-vertes (2)\" onerror=\"this.style.display='none'\">\n<h2>\n\t\tSolupak - d\u00e9couvrez les avantages\n\t<\/h2>\n\t<p>Explorez nos produits, nos \u00e9co-cr\u00e9dits et nos capacit\u00e9s pour voir comment la gamme Solupak peut aider votre entreprise et vos clients.<\/p>\n    <a href=\"https:\/\/solupak.eu\/fr\/courses\/general-training\/\" target=\"_self\" rel=\"noopener noreferrer\">\n      Compl\u00e9ter notre cours de formation en ligne\n    <\/a>\n          <img src=\"https:\/\/solupak.eu\/wp-content\/uploads\/2021\/07\/yellow-green-bottle.png\">\n          <img src=\"https:\/\/solupak.eu\/wp-content\/uploads\/2021\/08\/number-flipper_updated.png\">\n          Des tonnes de plastique \u00e9conomis\u00e9es chaque ann\u00e9e\n          <img src=\"https:\/\/solupak.eu\/wp-content\/uploads\/2021\/07\/blue-red-bottle.png\">\n        <h2>Combien de plastique pourriez-vous \u00e9conomiser ?<\/h2>\n          <form action=\"\">\n                      <input name=\"bottle-count\" id=\"sp-bottle-count\" type=\"text\" value=\"0\"><label for=\"sp-bottle-count\">Nombre de bouteilles en plastique utilis\u00e9es par mois<\/label>\n                        <select name=\"bottle-size\" id=\"sp-bottle-size\">\n                          <option value=\"\"><\/option>\n                          <option value=\"750ml\">750ml<\/option>\n                          <option value=\"1l\">1l<\/option>\n                          <option value=\"5l\">5l<\/option>\n                          <option value=\"10l\">10l<\/option>\n                          <option value=\"25l\">25l<\/option>\n                        <\/select>\n                      <label for=\"sp-bottle-size\">Veuillez choisir la taille du conteneur<\/label>\n                    <button type=\"button\" onclick=\"proceed();\">Calculer<\/button> \n                  <input name=\"email-address\" id=\"sp-email-address\" type=\"email\" placeholder=\"Entrez votre adresse e-mail pour voir les r\u00e9sultats\">\n                    <button type=\"button\" onclick=\"submitWithEmail();\">Soumettre<\/button> \n          <input type=\"hidden\" name=\"trp-form-language\" value=\"fr\"\/><\/form>\n            <video id=\"sp-calc-video\">\n              <source src=\"https:\/\/solupak.eu\/wp-content\/uploads\/2021\/07\/Solupak-Falling-Items-White-1.m4v\" type=\"video\/mp4\">\n            <\/video>\n              Vous pourriez \u00e9conomiser\n               tonnes de plastique par an\n              appelez d\u00e8s aujourd'hui pour commencer \u00e0 \u00e9conomiser !\n              +44 (0) 1924 565120\n                  <button type=\"button\" onclick=\"reset();\">Recommencer<\/button> \n\t<h2>D'un point de vue statistique<\/h2>\n\n      <img src=\"https:\/\/solupak.eu\/wp-content\/uploads\/2021\/04\/70____fr.png\" alt=\"\">","protected":false},"excerpt":{"rendered":"<p>Solublesachet Bottlefor life Solution de nettoyage \u00e9cologique Vous voulez une solution de nettoyage \u00e9cologique ? Notre brochure 1 = 1 5 = 1 1 = 15 Voir nos produits en ligne maintenant Voir tous les produits D\u00e9velopper un nouveau produit Demander maintenant Solupak - d\u00e9couvrez les avantages Explorez nos produits, nos \u00e9co-cr\u00e9dits et nos capacit\u00e9s pour voir comment la gamme Solupak...<\/p>","protected":false},"author":1,"featured_media":0,"parent":0,"menu_order":0,"comment_status":"closed","ping_status":"closed","template":"","meta":[],"yoast_head":"<!-- This site is optimized with the Yoast SEO plugin v19.7.2 - https:\/\/yoast.com\/wordpress\/plugins\/seo\/ -->\n<title>Home - ...just add water<\/title>\n<meta name=\"robots\" content=\"index, follow, max-snippet:-1, max-image-preview:large, max-video-preview:-1\" \/>\n<link rel=\"canonical\" href=\"https:\/\/solupak.eu\/fr\/\" \/>\n<meta property=\"og:locale\" content=\"fr_FR\" \/>\n<meta property=\"og:type\" content=\"article\" \/>\n<meta property=\"og:title\" content=\"Home - ...just add water\" \/>\n<meta property=\"og:description\" content=\"Solublesachet Bottlefor life Eco FriendlyCleaning Solution Do you want an eco-friendly cleaning solution? Our Brochure 1 = 1 5 = 1 1 = 15 View our products online now View All Products Develop a new product Enquire Now Solupak &#8211; discover the benefits Explore our products, eco-credentials and capabilities to see how the Solupak range&hellip;\" \/>\n<meta property=\"og:url\" content=\"https:\/\/solupak.eu\/fr\/\" \/>\n<meta property=\"og:site_name\" content=\"Solupak\" \/>\n<meta property=\"article:modified_time\" content=\"2022-01-21T12:00:49+00:00\" \/>\n<meta property=\"og:image\" content=\"https:\/\/solupak.eu\/wp-content\/uploads\/2020\/11\/sachet-bags.png\" \/>\n<meta name=\"twitter:card\" content=\"summary_large_image\" \/>\n<meta name=\"twitter:label1\" content=\"Dur\u00e9e de lecture estim\u00e9e\" \/>\n\t<meta name=\"twitter:data1\" content=\"5 minutes\" \/>\n<script type=\"application\/ld+json\" class=\"yoast-schema-graph\">{\"@context\":\"https:\/\/schema.org\",\"@graph\":[{\"@type\":\"WebPage\",\"@id\":\"https:\/\/solupak.eu\/\",\"url\":\"https:\/\/solupak.eu\/\",\"name\":\"Home - ...just add water\",\"isPartOf\":{\"@id\":\"https:\/\/solupak.eu\/#website\"},\"datePublished\":\"2020-10-13T11:13:12+00:00\",\"dateModified\":\"2022-01-21T12:00:49+00:00\",\"breadcrumb\":{\"@id\":\"https:\/\/solupak.eu\/#breadcrumb\"},\"inLanguage\":\"fr-FR\",\"potentialAction\":[{\"@type\":\"ReadAction\",\"target\":[\"https:\/\/solupak.eu\/\"]}]},{\"@type\":\"BreadcrumbList\",\"@id\":\"https:\/\/solupak.eu\/#breadcrumb\",\"itemListElement\":[{\"@type\":\"ListItem\",\"position\":1,\"name\":\"Home\",\"item\":\"https:\/\/solupak.eu\/\"},{\"@type\":\"ListItem\",\"position\":2,\"name\":\"Home\"}]},{\"@type\":\"WebSite\",\"@id\":\"https:\/\/solupak.eu\/#website\",\"url\":\"https:\/\/solupak.eu\/\",\"name\":\"Solupak\",\"description\":\"...just add water\",\"potentialAction\":[{\"@type\":\"SearchAction\",\"target\":{\"@type\":\"EntryPoint\",\"urlTemplate\":\"https:\/\/solupak.eu\/?s={search_term_string}\"},\"query-input\":\"required name=search_term_string\"}],\"inLanguage\":\"fr-FR\"}]}<\/script>\n<!-- \/ Yoast SEO plugin. -->","yoast_head_json":{"title":"Home - ...just add water","robots":{"index":"index","follow":"follow","max-snippet":"max-snippet:-1","max-image-preview":"max-image-preview:large","max-video-preview":"max-video-preview:-1"},"canonical":"https:\/\/solupak.eu\/fr\/","og_locale":"fr_FR","og_type":"article","og_title":"Home - ...just add water","og_description":"Solublesachet Bottlefor life Eco FriendlyCleaning Solution Do you want an eco-friendly cleaning solution? Our Brochure 1 = 1 5 = 1 1 = 15 View our products online now View All Products Develop a new product Enquire Now Solupak &#8211; discover the benefits Explore our products, eco-credentials and capabilities to see how the Solupak range&hellip;","og_url":"https:\/\/solupak.eu\/fr\/","og_site_name":"Solupak","article_modified_time":"2022-01-21T12:00:49+00:00","og_image":[{"url":"https:\/\/solupak.eu\/wp-content\/uploads\/2020\/11\/sachet-bags.png"}],"twitter_card":"summary_large_image","twitter_misc":{"Dur\u00e9e de lecture estim\u00e9e":"5 minutes"},"schema":{"@context":"https:\/\/schema.org","@graph":[{"@type":"WebPage","@id":"https:\/\/solupak.eu\/","url":"https:\/\/solupak.eu\/","name":"Home - ...just add water","isPartOf":{"@id":"https:\/\/solupak.eu\/#website"},"datePublished":"2020-10-13T11:13:12+00:00","dateModified":"2022-01-21T12:00:49+00:00","breadcrumb":{"@id":"https:\/\/solupak.eu\/#breadcrumb"},"inLanguage":"fr-FR","potentialAction":[{"@type":"ReadAction","target":["https:\/\/solupak.eu\/"]}]},{"@type":"BreadcrumbList","@id":"https:\/\/solupak.eu\/#breadcrumb","itemListElement":[{"@type":"ListItem","position":1,"name":"Home","item":"https:\/\/solupak.eu\/"},{"@type":"ListItem","position":2,"name":"Home"}]},{"@type":"WebSite","@id":"https:\/\/solupak.eu\/#website","url":"https:\/\/solupak.eu\/","name":"Solupak","description":"...just add water","potentialAction":[{"@type":"SearchAction","target":{"@type":"EntryPoint","urlTemplate":"https:\/\/solupak.eu\/?s={search_term_string}"},"query-input":"required name=search_term_string"}],"inLanguage":"fr-FR"}]}},"_links":{"self":[{"href":"https:\/\/solupak.eu\/fr\/wp-json\/wp\/v2\/pages\/2"}],"collection":[{"href":"https:\/\/solupak.eu\/fr\/wp-json\/wp\/v2\/pages"}],"about":[{"href":"https:\/\/solupak.eu\/fr\/wp-json\/wp\/v2\/types\/page"}],"author":[{"embeddable":true,"href":"https:\/\/solupak.eu\/fr\/wp-json\/wp\/v2\/users\/1"}],"replies":[{"embeddable":true,"href":"https:\/\/solupak.eu\/fr\/wp-json\/wp\/v2\/comments?post=2"}],"version-history":[{"count":91,"href":"https:\/\/solupak.eu\/fr\/wp-json\/wp\/v2\/pages\/2\/revisions"}],"predecessor-version":[{"id":37140,"href":"https:\/\/solupak.eu\/fr\/wp-json\/wp\/v2\/pages\/2\/revisions\/37140"}],"wp:attachment":[{"href":"https:\/\/solupak.eu\/fr\/wp-json\/wp\/v2\/media?parent=2"}],"curies":[{"name":"wp","href":"https:\/\/api.w.org\/{rel}","templated":true}]}}