{"id":197,"date":"2020-11-06T10:31:31","date_gmt":"2020-11-06T10:31:31","guid":{"rendered":"https:\/\/solupak.eu\/?page_id=197"},"modified":"2021-03-30T11:59:44","modified_gmt":"2021-03-30T10:59:44","slug":"ease-of-use","status":"publish","type":"page","link":"https:\/\/solupak.eu\/fr\/ease-of-use\/","title":{"rendered":"Facilit\u00e9 d'utilisation"},"content":{"rendered":"<h1>\n\t\tAvantages de la facilit\u00e9 d'utilisation\n\t<\/h1>\n\t\t\t\t<img src=\"https:\/\/solupak.eu\/wp-content\/uploads\/2021\/04\/Fill_add_shake__go_french.png\" alt=\"BOTTLE4LIFE-banner\" itemprop=\"image\" title=\"BOTTLE4LIFE-banni\u00e8re\" onerror=\"this.style.display='none'\"  \/>\n\t\n<p>Les produits sont faciles \u00e0 utiliser, comme le montre le processus en 4 \u00e9tapes :<\/p>\n        <img src=\"https:\/\/solupak.eu\/wp-content\/uploads\/2021\/01\/Step_2@3x.png\" alt=\"1. Add Water...\" \/>\n        <h3>1. Ajouter de l'eau...<\/h3>\n        <img src=\"https:\/\/solupak.eu\/wp-content\/uploads\/2021\/01\/Step_1@3x.png\" alt=\"2. Place the sachet(s) in the bottle \/ bucket \/ machine or other container\" \/>\n        <h3>2. Placez le(s) sachet(s) dans la bouteille \/ le seau \/ la machine ou tout autre r\u00e9cipient.<\/h3>\n        <img src=\"https:\/\/solupak.eu\/wp-content\/uploads\/2021\/01\/Step_3@3x.png\" alt=\"3. Agitate \/ shake \/ swirl the water until the sachet is completely dissolved\" \/>\n        <h3>3. Agitez \/ secouez \/ remuez l'eau jusqu'\u00e0 ce que le sachet soit compl\u00e8tement dissous.<\/h3>\n        <img src=\"https:\/\/solupak.eu\/wp-content\/uploads\/2021\/01\/Step_4@3x.png\" alt=\"4. Use\" \/>\n        <h3>4. Utilisez<\/h3>\n\t<p>Les flacons brevet\u00e9s Solupak ont \u00e9t\u00e9 con\u00e7us avec un col large, afin que le sachet puisse \u00eatre facilement plac\u00e9 \u00e0 l'int\u00e9rieur, et sont marqu\u00e9s pour indiquer le remplissage correct. Ainsi, le risque que le concentr\u00e9 entre en contact avec la peau ou les yeux de l'utilisateur est minimal. Aucune manipulation manuelle n'est n\u00e9cessaire lors de l'utilisation ou du d\u00e9placement des produits avant l'ajout d'eau.<\/p>\n<p>Le dosage est toujours correct, ce qui signifie que les ingr\u00e9dients actifs contenus dans les sachets agissent de mani\u00e8re optimale et que les co\u00fbts sont enti\u00e8rement contr\u00f4l\u00e9s au niveau du site.<\/p>\n\t<h2>Notre histoire. L'avenir.<\/h2>\n<p>Solupak a \u00e9t\u00e9 cr\u00e9\u00e9 en 1998 et est reconnu comme le principal expert en produits hydrosolubles. En pr\u00e8s de 20 ans, l'entreprise a travaill\u00e9 avec de nombreuses marques de premier plan pour d\u00e9velopper, formuler, conditionner et distribuer des films et des granul\u00e9s hydrosolubles (PVOH).<\/p>\n<p>Bas\u00e9s dans le Yorkshire, au nord de l'Angleterre, nous desservons le Royaume-Uni et nos distributeurs pour l'Europe, l'Extr\u00eame-Orient et l'Australasie. En tant que sp\u00e9cialistes des produits de nettoyage commerciaux, nous employons une \u00e9quipe interne compl\u00e8te de formulation technique et de d\u00e9veloppement. La fabrication est enti\u00e8rement r\u00e9alis\u00e9e sur place au Royaume-Uni, de m\u00eame que le concept, la R&amp;D, les tests, la fabrication, le conditionnement et la distribution.<\/p>\n<p>Nous sommes tr\u00e8s fiers de nos r\u00e9f\u00e9rences \u00e9cologiques et sommes accr\u00e9dit\u00e9s par Cruelty Free International (anciennement connu sous le nom de BUAV) et Ecolabel (le cas \u00e9ch\u00e9ant). Tous nos produits sont v\u00e9g\u00e9taliens. Nous d\u00e9tenons des brevets sur notre gamme de d\u00e9clencheurs. Notre gamme de produits est sp\u00e9cialement formul\u00e9e pour un usage quotidien, avec des emballages de petite taille r\u00e9duisant les co\u00fbts de transport et de logistique. Nous sommes enti\u00e8rement accr\u00e9dit\u00e9s ISO 9001 : 2015 ; votre entreprise est en s\u00e9curit\u00e9 avec nous.<\/p>\n    <a href=\"#\" target=\"\" rel=\"noopener noreferrer\">\n    \tVoir notre gamme de produits\n    <\/a>\n\t\t\t\t<img loading=\"lazy\" src=\"https:\/\/solupak.eu\/wp-content\/uploads\/2021\/04\/All-purpose_cleaner-french.png\" alt=\"All-purpose_cleaner\" itemprop=\"image\" height=\"1359\" width=\"1000\" title=\"Nettoyant polyvalent\" onerror=\"this.style.display='none'\"  \/>","protected":false},"excerpt":{"rendered":"<p>Facilit\u00e9 d'utilisation Avantages Les produits sont faciles \u00e0 utiliser, comme le montre le processus en 4 \u00e9tapes : 1. Ajouter de l'eau... 2. Placer le(s) sachet(s) dans la bouteille \/ le seau \/ la machine ou tout autre r\u00e9cipient 3. Agiter \/ secouer \/ remuer l'eau jusqu'\u00e0 ce que le sachet soit compl\u00e8tement dissous 4. Utilisation Les bouteilles brevet\u00e9es Solupak ont \u00e9t\u00e9...<\/p>","protected":false},"author":1,"featured_media":0,"parent":0,"menu_order":0,"comment_status":"closed","ping_status":"closed","template":"","meta":[],"yoast_head":"<!-- This site is optimized with the Yoast SEO plugin v19.7.2 - https:\/\/yoast.com\/wordpress\/plugins\/seo\/ -->\n<title>Ease of Use - Solupak<\/title>\n<meta name=\"robots\" content=\"index, follow, max-snippet:-1, max-image-preview:large, max-video-preview:-1\" \/>\n<link rel=\"canonical\" href=\"https:\/\/solupak.eu\/fr\/ease-of-use\/\" \/>\n<meta property=\"og:locale\" content=\"fr_FR\" \/>\n<meta property=\"og:type\" content=\"article\" \/>\n<meta property=\"og:title\" content=\"Ease of Use - Solupak\" \/>\n<meta property=\"og:description\" content=\"Ease of Use Benefits The products are easy to use, as demonstrated in the 4-step process: 1. Add Water&#8230; 2. Place the sachet(s) in the bottle \/ bucket \/ machine or other container 3. Agitate \/ shake \/ swirl the water until the sachet is completely dissolved 4. Use The Solupak patented bottles have been&hellip;\" \/>\n<meta property=\"og:url\" content=\"https:\/\/solupak.eu\/fr\/ease-of-use\/\" \/>\n<meta property=\"og:site_name\" content=\"Solupak\" \/>\n<meta property=\"article:modified_time\" content=\"2021-03-30T10:59:44+00:00\" \/>\n<meta property=\"og:image\" content=\"https:\/\/solupak.eu\/wp-content\/uploads\/2021\/03\/BOTTLE4LIFE-banner-e1614938169926.png\" \/>\n<meta name=\"twitter:card\" content=\"summary_large_image\" \/>\n<meta name=\"twitter:label1\" content=\"Dur\u00e9e de lecture estim\u00e9e\" \/>\n\t<meta name=\"twitter:data1\" content=\"2 minutes\" \/>\n<script type=\"application\/ld+json\" class=\"yoast-schema-graph\">{\"@context\":\"https:\/\/schema.org\",\"@graph\":[{\"@type\":\"WebPage\",\"@id\":\"https:\/\/solupak.eu\/ease-of-use\/\",\"url\":\"https:\/\/solupak.eu\/ease-of-use\/\",\"name\":\"Ease of Use - Solupak\",\"isPartOf\":{\"@id\":\"https:\/\/solupak.eu\/#website\"},\"datePublished\":\"2020-11-06T10:31:31+00:00\",\"dateModified\":\"2021-03-30T10:59:44+00:00\",\"breadcrumb\":{\"@id\":\"https:\/\/solupak.eu\/ease-of-use\/#breadcrumb\"},\"inLanguage\":\"fr-FR\",\"potentialAction\":[{\"@type\":\"ReadAction\",\"target\":[\"https:\/\/solupak.eu\/ease-of-use\/\"]}]},{\"@type\":\"BreadcrumbList\",\"@id\":\"https:\/\/solupak.eu\/ease-of-use\/#breadcrumb\",\"itemListElement\":[{\"@type\":\"ListItem\",\"position\":1,\"name\":\"Home\",\"item\":\"https:\/\/solupak.eu\/\"},{\"@type\":\"ListItem\",\"position\":2,\"name\":\"Ease of Use\"}]},{\"@type\":\"WebSite\",\"@id\":\"https:\/\/solupak.eu\/#website\",\"url\":\"https:\/\/solupak.eu\/\",\"name\":\"Solupak\",\"description\":\"...just add water\",\"potentialAction\":[{\"@type\":\"SearchAction\",\"target\":{\"@type\":\"EntryPoint\",\"urlTemplate\":\"https:\/\/solupak.eu\/?s={search_term_string}\"},\"query-input\":\"required name=search_term_string\"}],\"inLanguage\":\"fr-FR\"}]}<\/script>\n<!-- \/ Yoast SEO plugin. -->","yoast_head_json":{"title":"Ease of Use - Solupak","robots":{"index":"index","follow":"follow","max-snippet":"max-snippet:-1","max-image-preview":"max-image-preview:large","max-video-preview":"max-video-preview:-1"},"canonical":"https:\/\/solupak.eu\/fr\/ease-of-use\/","og_locale":"fr_FR","og_type":"article","og_title":"Ease of Use - Solupak","og_description":"Ease of Use Benefits The products are easy to use, as demonstrated in the 4-step process: 1. Add Water&#8230; 2. Place the sachet(s) in the bottle \/ bucket \/ machine or other container 3. Agitate \/ shake \/ swirl the water until the sachet is completely dissolved 4. Use The Solupak patented bottles have been&hellip;","og_url":"https:\/\/solupak.eu\/fr\/ease-of-use\/","og_site_name":"Solupak","article_modified_time":"2021-03-30T10:59:44+00:00","og_image":[{"url":"https:\/\/solupak.eu\/wp-content\/uploads\/2021\/03\/BOTTLE4LIFE-banner-e1614938169926.png"}],"twitter_card":"summary_large_image","twitter_misc":{"Dur\u00e9e de lecture estim\u00e9e":"2 minutes"},"schema":{"@context":"https:\/\/schema.org","@graph":[{"@type":"WebPage","@id":"https:\/\/solupak.eu\/ease-of-use\/","url":"https:\/\/solupak.eu\/ease-of-use\/","name":"Ease of Use - Solupak","isPartOf":{"@id":"https:\/\/solupak.eu\/#website"},"datePublished":"2020-11-06T10:31:31+00:00","dateModified":"2021-03-30T10:59:44+00:00","breadcrumb":{"@id":"https:\/\/solupak.eu\/ease-of-use\/#breadcrumb"},"inLanguage":"fr-FR","potentialAction":[{"@type":"ReadAction","target":["https:\/\/solupak.eu\/ease-of-use\/"]}]},{"@type":"BreadcrumbList","@id":"https:\/\/solupak.eu\/ease-of-use\/#breadcrumb","itemListElement":[{"@type":"ListItem","position":1,"name":"Home","item":"https:\/\/solupak.eu\/"},{"@type":"ListItem","position":2,"name":"Ease of Use"}]},{"@type":"WebSite","@id":"https:\/\/solupak.eu\/#website","url":"https:\/\/solupak.eu\/","name":"Solupak","description":"...just add water","potentialAction":[{"@type":"SearchAction","target":{"@type":"EntryPoint","urlTemplate":"https:\/\/solupak.eu\/?s={search_term_string}"},"query-input":"required name=search_term_string"}],"inLanguage":"fr-FR"}]}},"_links":{"self":[{"href":"https:\/\/solupak.eu\/fr\/wp-json\/wp\/v2\/pages\/197"}],"collection":[{"href":"https:\/\/solupak.eu\/fr\/wp-json\/wp\/v2\/pages"}],"about":[{"href":"https:\/\/solupak.eu\/fr\/wp-json\/wp\/v2\/types\/page"}],"author":[{"embeddable":true,"href":"https:\/\/solupak.eu\/fr\/wp-json\/wp\/v2\/users\/1"}],"replies":[{"embeddable":true,"href":"https:\/\/solupak.eu\/fr\/wp-json\/wp\/v2\/comments?post=197"}],"version-history":[{"count":13,"href":"https:\/\/solupak.eu\/fr\/wp-json\/wp\/v2\/pages\/197\/revisions"}],"predecessor-version":[{"id":4219,"href":"https:\/\/solupak.eu\/fr\/wp-json\/wp\/v2\/pages\/197\/revisions\/4219"}],"wp:attachment":[{"href":"https:\/\/solupak.eu\/fr\/wp-json\/wp\/v2\/media?parent=197"}],"curies":[{"name":"wp","href":"https:\/\/api.w.org\/{rel}","templated":true}]}}