{"id":196,"date":"2020-11-06T10:31:31","date_gmt":"2020-11-06T10:31:31","guid":{"rendered":"https:\/\/solupak.eu\/?page_id=196"},"modified":"2020-11-17T17:36:47","modified_gmt":"2020-11-17T17:36:47","slug":"innovative","status":"publish","type":"page","link":"https:\/\/solupak.eu\/fr\/innovative\/","title":{"rendered":"Innovant"},"content":{"rendered":"<h1>\n\t\tAvantages - Innovation\n\t<\/h1>\n\t\n<p>L'innovation est au c\u0153ur de la gamme de produits Solupak. Non seulement nos produits r\u00e9duisent les d\u00e9chets, un probl\u00e8me urgent aujourd'hui, mais ils apportent \u00e9galement un changement positif, sans augmenter les co\u00fbts.<\/p>\n<p>Notre \u00e9quipe interne de conception et d'emballage a d\u00e9velopp\u00e9 notre gamme de produits en suivant le syst\u00e8me de codage couleur du British Institute of Cleaning Science (BICSc), comme illustr\u00e9 ici.<\/p>\n<p>Les guides illustr\u00e9s et les \u00e9tiquettes des bouteilles renforcent le processus en 4 \u00e9tapes et le code de couleurs pour garantir une utilisation correcte. Ils aident \u00e9galement les utilisateurs qui ont des difficult\u00e9s de langage ou d'apprentissage. Les sachets dissolvants colorent l'eau, ce qui rend imm\u00e9diatement \u00e9vident l'endroit o\u00f9 le vaporisateur \u00e0 g\u00e2chette doit \u00eatre utilis\u00e9 et \u00e9vite toute contamination crois\u00e9e potentielle.<\/p>\n<p>&nbsp;<\/p>","protected":false},"excerpt":{"rendered":"<p>Avantages - Innovation L'innovation est au c\u0153ur de la gamme de produits Solupak. Non seulement nos produits r\u00e9duisent les d\u00e9chets, un probl\u00e8me urgent aujourd'hui, mais ils apportent \u00e9galement un changement positif, sans augmenter les co\u00fbts. Notre \u00e9quipe interne de conception et d'emballage a d\u00e9velopp\u00e9 notre gamme de produits pour suivre les couleurs du British Institute of Cleaning Science (BICSc)...<\/p>","protected":false},"author":1,"featured_media":0,"parent":0,"menu_order":0,"comment_status":"closed","ping_status":"closed","template":"","meta":[],"yoast_head":"<!-- This site is optimized with the Yoast SEO plugin v19.7.2 - https:\/\/yoast.com\/wordpress\/plugins\/seo\/ -->\n<title>Innovative - Solupak<\/title>\n<meta name=\"robots\" content=\"index, follow, max-snippet:-1, max-image-preview:large, max-video-preview:-1\" \/>\n<link rel=\"canonical\" href=\"http:\/\/solupak.eu\/fr\/innovative\/\" \/>\n<meta property=\"og:locale\" content=\"fr_FR\" \/>\n<meta property=\"og:type\" content=\"article\" \/>\n<meta property=\"og:title\" content=\"Innovative - Solupak\" \/>\n<meta property=\"og:description\" content=\"Benefits &#8211; Innovation Innovation is at the heart of the Solupak product range, not only do our products reduce waste, a pressing issue today, but they also provide a positive change, without increasing costs. Our in-house design and packaging team have developed our product range to follow the British Institute of Cleaning Science (BICSc) colour&hellip;\" \/>\n<meta property=\"og:url\" content=\"http:\/\/solupak.eu\/fr\/innovative\/\" \/>\n<meta property=\"og:site_name\" content=\"Solupak\" \/>\n<meta property=\"article:modified_time\" content=\"2020-11-17T17:36:47+00:00\" \/>\n<meta name=\"twitter:card\" content=\"summary_large_image\" \/>\n<meta name=\"twitter:label1\" content=\"Dur\u00e9e de lecture estim\u00e9e\" \/>\n\t<meta name=\"twitter:data1\" content=\"1 minute\" \/>\n<script type=\"application\/ld+json\" class=\"yoast-schema-graph\">{\"@context\":\"https:\/\/schema.org\",\"@graph\":[{\"@type\":\"WebPage\",\"@id\":\"http:\/\/solupak.eu\/es\/innovative\/\",\"url\":\"http:\/\/solupak.eu\/es\/innovative\/\",\"name\":\"Innovative - Solupak\",\"isPartOf\":{\"@id\":\"https:\/\/solupak.eu\/#website\"},\"datePublished\":\"2020-11-06T10:31:31+00:00\",\"dateModified\":\"2020-11-17T17:36:47+00:00\",\"breadcrumb\":{\"@id\":\"http:\/\/solupak.eu\/es\/innovative\/#breadcrumb\"},\"inLanguage\":\"fr-FR\",\"potentialAction\":[{\"@type\":\"ReadAction\",\"target\":[\"http:\/\/solupak.eu\/es\/innovative\/\"]}]},{\"@type\":\"BreadcrumbList\",\"@id\":\"http:\/\/solupak.eu\/es\/innovative\/#breadcrumb\",\"itemListElement\":[{\"@type\":\"ListItem\",\"position\":1,\"name\":\"Home\",\"item\":\"https:\/\/solupak.eu\/\"},{\"@type\":\"ListItem\",\"position\":2,\"name\":\"Innovative\"}]},{\"@type\":\"WebSite\",\"@id\":\"https:\/\/solupak.eu\/#website\",\"url\":\"https:\/\/solupak.eu\/\",\"name\":\"Solupak\",\"description\":\"...just add water\",\"potentialAction\":[{\"@type\":\"SearchAction\",\"target\":{\"@type\":\"EntryPoint\",\"urlTemplate\":\"https:\/\/solupak.eu\/?s={search_term_string}\"},\"query-input\":\"required name=search_term_string\"}],\"inLanguage\":\"fr-FR\"}]}<\/script>\n<!-- \/ Yoast SEO plugin. -->","yoast_head_json":{"title":"Innovative - Solupak","robots":{"index":"index","follow":"follow","max-snippet":"max-snippet:-1","max-image-preview":"max-image-preview:large","max-video-preview":"max-video-preview:-1"},"canonical":"http:\/\/solupak.eu\/fr\/innovative\/","og_locale":"fr_FR","og_type":"article","og_title":"Innovative - Solupak","og_description":"Benefits &#8211; Innovation Innovation is at the heart of the Solupak product range, not only do our products reduce waste, a pressing issue today, but they also provide a positive change, without increasing costs. Our in-house design and packaging team have developed our product range to follow the British Institute of Cleaning Science (BICSc) colour&hellip;","og_url":"http:\/\/solupak.eu\/fr\/innovative\/","og_site_name":"Solupak","article_modified_time":"2020-11-17T17:36:47+00:00","twitter_card":"summary_large_image","twitter_misc":{"Dur\u00e9e de lecture estim\u00e9e":"1 minute"},"schema":{"@context":"https:\/\/schema.org","@graph":[{"@type":"WebPage","@id":"http:\/\/solupak.eu\/es\/innovative\/","url":"http:\/\/solupak.eu\/es\/innovative\/","name":"Innovative - Solupak","isPartOf":{"@id":"https:\/\/solupak.eu\/#website"},"datePublished":"2020-11-06T10:31:31+00:00","dateModified":"2020-11-17T17:36:47+00:00","breadcrumb":{"@id":"http:\/\/solupak.eu\/es\/innovative\/#breadcrumb"},"inLanguage":"fr-FR","potentialAction":[{"@type":"ReadAction","target":["http:\/\/solupak.eu\/es\/innovative\/"]}]},{"@type":"BreadcrumbList","@id":"http:\/\/solupak.eu\/es\/innovative\/#breadcrumb","itemListElement":[{"@type":"ListItem","position":1,"name":"Home","item":"https:\/\/solupak.eu\/"},{"@type":"ListItem","position":2,"name":"Innovative"}]},{"@type":"WebSite","@id":"https:\/\/solupak.eu\/#website","url":"https:\/\/solupak.eu\/","name":"Solupak","description":"...just add water","potentialAction":[{"@type":"SearchAction","target":{"@type":"EntryPoint","urlTemplate":"https:\/\/solupak.eu\/?s={search_term_string}"},"query-input":"required name=search_term_string"}],"inLanguage":"fr-FR"}]}},"_links":{"self":[{"href":"https:\/\/solupak.eu\/fr\/wp-json\/wp\/v2\/pages\/196"}],"collection":[{"href":"https:\/\/solupak.eu\/fr\/wp-json\/wp\/v2\/pages"}],"about":[{"href":"https:\/\/solupak.eu\/fr\/wp-json\/wp\/v2\/types\/page"}],"author":[{"embeddable":true,"href":"https:\/\/solupak.eu\/fr\/wp-json\/wp\/v2\/users\/1"}],"replies":[{"embeddable":true,"href":"https:\/\/solupak.eu\/fr\/wp-json\/wp\/v2\/comments?post=196"}],"version-history":[{"count":6,"href":"https:\/\/solupak.eu\/fr\/wp-json\/wp\/v2\/pages\/196\/revisions"}],"predecessor-version":[{"id":586,"href":"https:\/\/solupak.eu\/fr\/wp-json\/wp\/v2\/pages\/196\/revisions\/586"}],"wp:attachment":[{"href":"https:\/\/solupak.eu\/fr\/wp-json\/wp\/v2\/media?parent=196"}],"curies":[{"name":"wp","href":"https:\/\/api.w.org\/{rel}","templated":true}]}}