{"id":194,"date":"2020-11-06T10:31:31","date_gmt":"2020-11-06T10:31:31","guid":{"rendered":"https:\/\/solupak.eu\/?page_id=194"},"modified":"2021-03-30T11:57:40","modified_gmt":"2021-03-30T10:57:40","slug":"environmental","status":"publish","type":"page","link":"https:\/\/solupak.eu\/fr\/environmental\/","title":{"rendered":"Environnement"},"content":{"rendered":"<h1>\n\t\tAvantages pour l'environnement\n\t<\/h1>\n\t<p>Chez Solupak, le respect de l'environnement est au premier plan de tous nos processus et applications. Nous nous effor\u00e7ons de r\u00e9duire la quantit\u00e9 de plastique \u00e0 usage unique dans l'industrie du nettoyage et d'avoir le moins d'impact n\u00e9gatif possible sur l'environnement. Notre mission est de devenir le premier producteur de produits de nettoyage concentr\u00e9s efficaces et \u00e9conomiques, conditionn\u00e9s dans des emballages en plastique. <strong>sachets hydrosolubles<\/strong>en adoptant le <strong>les plus hautes normes \u00e9thiques possibles<\/strong>.<\/p>\n        <img src=\"https:\/\/solupak.eu\/wp-content\/uploads\/2021\/01\/Plastic_reduction@3x.png\" alt=\"Plastic Reduction&#8230; #bottle4life\" \/>\n        <h3>R\u00e9duction du plastique... #bottle4life<\/h3>\n        L'approche de Solupak a toujours \u00e9t\u00e9 de minimiser le besoin de recycler les mat\u00e9riaux que nous utilisons dans nos produits et emballages. Nos flacons pulv\u00e9risateurs brevet\u00e9s sont con\u00e7us pour \u00eatre utilis\u00e9s quotidiennement, ann\u00e9e apr\u00e8s ann\u00e9e, sans aucun probl\u00e8me ; s'ils arrivent en fin de vie (ce qui n'est pas encore le cas), ils sont \u00e9galement enti\u00e8rement recyclables. En outre, les sachets hydrosolubles sont conditionn\u00e9s dans des mat\u00e9riaux \u00e9tanches qui peuvent \u00eatre r\u00e9utilis\u00e9s sur place pendant plusieurs ann\u00e9es. Lorsqu'ils doivent \u00eatre remplac\u00e9s, ils peuvent \u00eatre inclus dans les mat\u00e9riaux de recyclage secs mixtes retir\u00e9s du site pour \u00eatre r\u00e9utilis\u00e9s.\n        <img src=\"https:\/\/solupak.eu\/wp-content\/uploads\/2021\/01\/Statistics@3x.png\" alt=\"The Statistics\" \/>\n        <h3>Les statistiques<\/h3>\n        Les flacons doseurs sont source de gaspillage, notre syst\u00e8me utilise 15 kg de plastique en moins par nettoyeur et par an par rapport aux syst\u00e8mes de dosage. Le pr\u00eat \u00e0 l'emploi est un gaspillage, notre syst\u00e8me utilise 20 kg de moins de plastique par nettoyant et par an que le pr\u00eat \u00e0 l'emploi.\n        <img src=\"https:\/\/solupak.eu\/wp-content\/uploads\/2021\/01\/Carbon_footprint@3x.png\" alt=\"Carbon Footprint Reduction\" \/>\n        <h3>R\u00e9duction de l'empreinte carbone<\/h3>\n        Notre politique environnementale ne se limite pas \u00e0 la r\u00e9duction du plastique. Nous contribuons \u00e9galement \u00e0 la r\u00e9duction du dioxyde de carbone par le biais de nos m\u00e9thodes et pratiques de transport et d'emballage. Nos produits n'impliquent pas le transport d'eau, celui-ci peut \u00eatre ajout\u00e9 au fur et \u00e0 mesure que le produit est n\u00e9cessaire. De ce fait, moins de ressources naturelles sont utilis\u00e9es pour faciliter le transit des produits, car le poids et le volume des produits sont tr\u00e8s faibles.\n\t\t\t\t<img loading=\"lazy\" src=\"https:\/\/solupak.eu\/wp-content\/uploads\/2021\/04\/4_Packets-fr.png\" alt=\"4_Pakets\" itemprop=\"image\" height=\"894\" width=\"1965\" title=\"4_Paquets\" onerror=\"this.style.display='none'\"  \/>\n\t<h2>Notre histoire. L'avenir.<\/h2>\n<p>Solupak a \u00e9t\u00e9 cr\u00e9\u00e9 en 1998 et est reconnu comme le principal expert en produits hydrosolubles. En pr\u00e8s de 20 ans, l'entreprise a travaill\u00e9 avec de nombreuses marques de premier plan pour d\u00e9velopper, formuler, conditionner et distribuer des films et des granul\u00e9s hydrosolubles (PVOH).<\/p>\n<p>Bas\u00e9s dans le Yorkshire, au nord de l'Angleterre, nous desservons le Royaume-Uni et nos distributeurs pour l'Europe, l'Extr\u00eame-Orient et l'Australasie. En tant que sp\u00e9cialistes des produits de nettoyage commerciaux, nous employons une \u00e9quipe interne compl\u00e8te de formulation technique et de d\u00e9veloppement. La fabrication est enti\u00e8rement r\u00e9alis\u00e9e sur place au Royaume-Uni, de m\u00eame que le concept, la R&amp;D, les tests, la fabrication, le conditionnement et la distribution.<\/p>\n<p>Nous sommes tr\u00e8s fiers de nos r\u00e9f\u00e9rences \u00e9cologiques et sommes accr\u00e9dit\u00e9s par Cruelty Free International (anciennement connu sous le nom de BUAV) et Ecolabel (le cas \u00e9ch\u00e9ant). Tous nos produits sont v\u00e9g\u00e9taliens. Nous d\u00e9tenons des brevets sur notre gamme de d\u00e9clencheurs. Notre gamme de produits est sp\u00e9cialement formul\u00e9e pour un usage quotidien, avec des emballages de petite taille r\u00e9duisant les co\u00fbts de transport et de logistique. Nous sommes enti\u00e8rement accr\u00e9dit\u00e9s ISO 9001 : 2015 ; votre entreprise est en s\u00e9curit\u00e9 avec nous.<\/p>\n    <a href=\"#\" target=\"\" rel=\"noopener noreferrer\">\n    \tVoir notre gamme de produits\n    <\/a>\n\t\t\t\t<img loading=\"lazy\" src=\"https:\/\/solupak.eu\/wp-content\/uploads\/2021\/04\/All-purpose_cleaner-french.png\" alt=\"All-purpose_cleaner\" itemprop=\"image\" height=\"1359\" width=\"1000\" title=\"Nettoyant polyvalent\" onerror=\"this.style.display='none'\"  \/>","protected":false},"excerpt":{"rendered":"<p>Avantages environnementaux Chez Solupak, le respect de l'environnement est au premier plan de tous nos processus et applications. Nous nous effor\u00e7ons de r\u00e9duire la quantit\u00e9 de plastique \u00e0 usage unique dans l'industrie du nettoyage et d'avoir le moins d'impact n\u00e9gatif possible sur l'environnement. Notre mission est de devenir le premier producteur de...<\/p>","protected":false},"author":1,"featured_media":0,"parent":0,"menu_order":0,"comment_status":"closed","ping_status":"closed","template":"","meta":[],"yoast_head":"<!-- This site is optimized with the Yoast SEO plugin v19.7.2 - https:\/\/yoast.com\/wordpress\/plugins\/seo\/ -->\n<title>Environmental - Solupak<\/title>\n<meta name=\"robots\" content=\"index, follow, max-snippet:-1, max-image-preview:large, max-video-preview:-1\" \/>\n<link rel=\"canonical\" href=\"https:\/\/solupak.eu\/fr\/environmental\/\" \/>\n<meta property=\"og:locale\" content=\"fr_FR\" \/>\n<meta property=\"og:type\" content=\"article\" \/>\n<meta property=\"og:title\" content=\"Environmental - Solupak\" \/>\n<meta property=\"og:description\" content=\"Environmental Benefits Here at Solupak, consideration for the environment is at the forefront of all of our processes and applications. We strive to reduce the amount of single use plastic within the cleaning industry and have as little negative impact as possible on the environment. Our mission is to become the leading producer of effective&hellip;\" \/>\n<meta property=\"og:url\" content=\"https:\/\/solupak.eu\/fr\/environmental\/\" \/>\n<meta property=\"og:site_name\" content=\"Solupak\" \/>\n<meta property=\"article:modified_time\" content=\"2021-03-30T10:57:40+00:00\" \/>\n<meta property=\"og:image\" content=\"https:\/\/solupak.eu\/wp-content\/uploads\/2021\/01\/Plastic_reduction@3x.png\" \/>\n<meta name=\"twitter:card\" content=\"summary_large_image\" \/>\n<meta name=\"twitter:label1\" content=\"Dur\u00e9e de lecture estim\u00e9e\" \/>\n\t<meta name=\"twitter:data1\" content=\"2 minutes\" \/>\n<script type=\"application\/ld+json\" class=\"yoast-schema-graph\">{\"@context\":\"https:\/\/schema.org\",\"@graph\":[{\"@type\":\"WebPage\",\"@id\":\"https:\/\/solupak.eu\/environmental\/\",\"url\":\"https:\/\/solupak.eu\/environmental\/\",\"name\":\"Environmental - Solupak\",\"isPartOf\":{\"@id\":\"https:\/\/solupak.eu\/#website\"},\"datePublished\":\"2020-11-06T10:31:31+00:00\",\"dateModified\":\"2021-03-30T10:57:40+00:00\",\"breadcrumb\":{\"@id\":\"https:\/\/solupak.eu\/environmental\/#breadcrumb\"},\"inLanguage\":\"fr-FR\",\"potentialAction\":[{\"@type\":\"ReadAction\",\"target\":[\"https:\/\/solupak.eu\/environmental\/\"]}]},{\"@type\":\"BreadcrumbList\",\"@id\":\"https:\/\/solupak.eu\/environmental\/#breadcrumb\",\"itemListElement\":[{\"@type\":\"ListItem\",\"position\":1,\"name\":\"Home\",\"item\":\"https:\/\/solupak.eu\/\"},{\"@type\":\"ListItem\",\"position\":2,\"name\":\"Environmental\"}]},{\"@type\":\"WebSite\",\"@id\":\"https:\/\/solupak.eu\/#website\",\"url\":\"https:\/\/solupak.eu\/\",\"name\":\"Solupak\",\"description\":\"...just add water\",\"potentialAction\":[{\"@type\":\"SearchAction\",\"target\":{\"@type\":\"EntryPoint\",\"urlTemplate\":\"https:\/\/solupak.eu\/?s={search_term_string}\"},\"query-input\":\"required name=search_term_string\"}],\"inLanguage\":\"fr-FR\"}]}<\/script>\n<!-- \/ Yoast SEO plugin. -->","yoast_head_json":{"title":"Environmental - Solupak","robots":{"index":"index","follow":"follow","max-snippet":"max-snippet:-1","max-image-preview":"max-image-preview:large","max-video-preview":"max-video-preview:-1"},"canonical":"https:\/\/solupak.eu\/fr\/environmental\/","og_locale":"fr_FR","og_type":"article","og_title":"Environmental - Solupak","og_description":"Environmental Benefits Here at Solupak, consideration for the environment is at the forefront of all of our processes and applications. We strive to reduce the amount of single use plastic within the cleaning industry and have as little negative impact as possible on the environment. Our mission is to become the leading producer of effective&hellip;","og_url":"https:\/\/solupak.eu\/fr\/environmental\/","og_site_name":"Solupak","article_modified_time":"2021-03-30T10:57:40+00:00","og_image":[{"url":"https:\/\/solupak.eu\/wp-content\/uploads\/2021\/01\/Plastic_reduction@3x.png"}],"twitter_card":"summary_large_image","twitter_misc":{"Dur\u00e9e de lecture estim\u00e9e":"2 minutes"},"schema":{"@context":"https:\/\/schema.org","@graph":[{"@type":"WebPage","@id":"https:\/\/solupak.eu\/environmental\/","url":"https:\/\/solupak.eu\/environmental\/","name":"Environmental - Solupak","isPartOf":{"@id":"https:\/\/solupak.eu\/#website"},"datePublished":"2020-11-06T10:31:31+00:00","dateModified":"2021-03-30T10:57:40+00:00","breadcrumb":{"@id":"https:\/\/solupak.eu\/environmental\/#breadcrumb"},"inLanguage":"fr-FR","potentialAction":[{"@type":"ReadAction","target":["https:\/\/solupak.eu\/environmental\/"]}]},{"@type":"BreadcrumbList","@id":"https:\/\/solupak.eu\/environmental\/#breadcrumb","itemListElement":[{"@type":"ListItem","position":1,"name":"Home","item":"https:\/\/solupak.eu\/"},{"@type":"ListItem","position":2,"name":"Environmental"}]},{"@type":"WebSite","@id":"https:\/\/solupak.eu\/#website","url":"https:\/\/solupak.eu\/","name":"Solupak","description":"...just add water","potentialAction":[{"@type":"SearchAction","target":{"@type":"EntryPoint","urlTemplate":"https:\/\/solupak.eu\/?s={search_term_string}"},"query-input":"required name=search_term_string"}],"inLanguage":"fr-FR"}]}},"_links":{"self":[{"href":"https:\/\/solupak.eu\/fr\/wp-json\/wp\/v2\/pages\/194"}],"collection":[{"href":"https:\/\/solupak.eu\/fr\/wp-json\/wp\/v2\/pages"}],"about":[{"href":"https:\/\/solupak.eu\/fr\/wp-json\/wp\/v2\/types\/page"}],"author":[{"embeddable":true,"href":"https:\/\/solupak.eu\/fr\/wp-json\/wp\/v2\/users\/1"}],"replies":[{"embeddable":true,"href":"https:\/\/solupak.eu\/fr\/wp-json\/wp\/v2\/comments?post=194"}],"version-history":[{"count":19,"href":"https:\/\/solupak.eu\/fr\/wp-json\/wp\/v2\/pages\/194\/revisions"}],"predecessor-version":[{"id":4215,"href":"https:\/\/solupak.eu\/fr\/wp-json\/wp\/v2\/pages\/194\/revisions\/4215"}],"wp:attachment":[{"href":"https:\/\/solupak.eu\/fr\/wp-json\/wp\/v2\/media?parent=194"}],"curies":[{"name":"wp","href":"https:\/\/api.w.org\/{rel}","templated":true}]}}