{"id":192,"date":"2020-11-06T10:31:31","date_gmt":"2020-11-06T10:31:31","guid":{"rendered":"https:\/\/solupak.eu\/?page_id=192"},"modified":"2021-03-30T12:00:42","modified_gmt":"2021-03-30T11:00:42","slug":"partners","status":"publish","type":"page","link":"https:\/\/solupak.eu\/fr\/partners\/","title":{"rendered":"Partenaires"},"content":{"rendered":"<h1>\n\t\tPartenaires\n\t<\/h1>\n\t<p>Solupak s'associe \u00e0 J1 Technologies, CORE Additive Technologies et Medi-Clean pour former un groupe de soci\u00e9t\u00e9s qui partagent leur savoir-faire et leurs ressources techniques, financi\u00e8res et informatiques. Les chimistes internes du groupe charg\u00e9s du d\u00e9veloppement et des applications travaillent ensemble pour r\u00e9soudre les probl\u00e8mes des clients et contribuer \u00e0 am\u00e9liorer leur offre de produits, tout en op\u00e9rant de mani\u00e8re ind\u00e9pendante dans leurs propres domaines d'application et sur leurs propres march\u00e9s.<\/p>\n<p><strong>J1<\/strong> <strong>Technologies<\/strong> est un fabricant ind\u00e9pendant d'agents tensioactifs, avec plus de 100 ans d'exp\u00e9rience dans l'industrie. Les installations de laboratoire de J1 soutiennent un programme de d\u00e9veloppement de produits con\u00e7u pour r\u00e9pondre aux besoins d'applications sp\u00e9cifiques des clients. Une approche souple et r\u00e9active permet de r\u00e9pondre rapidement aux demandes techniques en fournissant des informations techniques et des \u00e9chantillons de produits, le cas \u00e9ch\u00e9ant.<\/p>\n<p><strong>CORE<\/strong> est un fournisseur d'additifs pour une vari\u00e9t\u00e9 de services industriels, notamment la construction, l'environnement, le p\u00e9trole et le gaz et la route. Form\u00e9 en 2017, CORE est un v\u00e9ritable partenaire de services techniques ax\u00e9 sur le d\u00e9veloppement et l'application de solutions de r\u00e9solution de probl\u00e8mes standard et sur mesure, de l'approvisionnement en produits chimiques aux services d'arr\u00eat cl\u00e9s en main complets.<\/p>\n<p><strong>Medi-Clean<\/strong> est le fournisseur d'\u00e9quipements, de produits et de techniques pour l'industrie manufacturi\u00e8re, les organisations d'\u00e9v\u00e9nements, les applications m\u00e9dicales et les exploitants de sites. Medi-Clean est une coentreprise et une PME familiale ayant plus de 50 ans d'exp\u00e9rience dans la production chimique et les produits de s\u00e9curit\u00e9. Medi-Clean propose des solutions haut de gamme et des produits chimiques \u00e9prouv\u00e9s, qui sont enti\u00e8rement conformes aux normes europ\u00e9ennes et mondiales.<\/p>\n\t\t\t\t<a href=\"http:\/\/www.coreadditivetechnologies.com\/\" target=\"_blank\" rel=\"noopener\" itemprop=\"url\">\n\t\t\t\t<img loading=\"lazy\" src=\"https:\/\/solupak.eu\/wp-content\/uploads\/2020\/11\/CORE.png\" alt=\"CORE\" itemprop=\"image\" height=\"271\" width=\"300\" title=\"CORE\" onerror=\"this.style.display='none'\"  \/>\n\t\t\t\t<\/a>\n\t\t\t\t<a href=\"https:\/\/www.j1technologies.com\/\" target=\"_blank\" rel=\"noopener\" itemprop=\"url\">\n\t\t\t\t<img loading=\"lazy\" src=\"https:\/\/solupak.eu\/wp-content\/uploads\/2020\/11\/J1_Logo_PNG_WEB_1.png\" alt=\"J1_Logo_PNG_WEB_(1)\" itemprop=\"image\" height=\"1136\" width=\"1387\" title=\"J1_Logo_PNG_WEB_(1)\" onerror=\"this.style.display='none'\"  \/>\n\t\t\t\t<\/a>\n\t\t\t\t<img src=\"https:\/\/solupak.eu\/wp-content\/plugins\/bb-plugin\/img\/pixel.png\" alt=\"\" itemprop=\"image\" onerror=\"this.style.display='none'\"  \/>\n\t\t\t\t<a href=\"https:\/\/www.medicleantechnologies.co.uk\/\" target=\"_blank\" rel=\"noopener\" itemprop=\"url\">\n\t\t\t\t<img loading=\"lazy\" src=\"https:\/\/solupak.eu\/wp-content\/uploads\/2020\/11\/cropped-mediclean-logo.png\" alt=\"cropped-mediclean-logo\" itemprop=\"image\" height=\"219\" width=\"485\" title=\"cropped-mediclean-logo\" onerror=\"this.style.display='none'\"  \/>\n\t\t\t\t<\/a>\n\t<h2>Notre histoire. L'avenir.<\/h2>\n<p>Solupak a \u00e9t\u00e9 cr\u00e9\u00e9 en 1998 et est reconnu comme le principal expert en produits hydrosolubles. En pr\u00e8s de 20 ans, l'entreprise a travaill\u00e9 avec de nombreuses marques de premier plan pour d\u00e9velopper, formuler, conditionner et distribuer des films et des granul\u00e9s hydrosolubles (PVOH).<\/p>\n<p>Bas\u00e9s dans le Yorkshire, au nord de l'Angleterre, nous desservons le Royaume-Uni et nos distributeurs pour l'Europe, l'Extr\u00eame-Orient et l'Australasie. En tant que sp\u00e9cialistes des produits de nettoyage commerciaux, nous employons une \u00e9quipe interne compl\u00e8te de formulation technique et de d\u00e9veloppement. La fabrication est enti\u00e8rement r\u00e9alis\u00e9e sur place au Royaume-Uni, de m\u00eame que le concept, la R&amp;D, les tests, la fabrication, le conditionnement et la distribution.<\/p>\n<p>Nous sommes tr\u00e8s fiers de nos r\u00e9f\u00e9rences \u00e9cologiques et sommes accr\u00e9dit\u00e9s par Cruelty Free International (anciennement connu sous le nom de BUAV) et Ecolabel (le cas \u00e9ch\u00e9ant). Tous nos produits sont v\u00e9g\u00e9taliens. Nous d\u00e9tenons des brevets sur notre gamme de d\u00e9clencheurs. Notre gamme de produits est sp\u00e9cialement formul\u00e9e pour un usage quotidien, avec des emballages de petite taille r\u00e9duisant les co\u00fbts de transport et de logistique. Nous sommes enti\u00e8rement accr\u00e9dit\u00e9s ISO 9001 : 2015 ; votre entreprise est en s\u00e9curit\u00e9 avec nous.<\/p>\n    <a href=\"#\" target=\"\" rel=\"noopener noreferrer\">\n    \tVoir notre gamme de produits\n    <\/a>\n\t\t\t\t<img loading=\"lazy\" src=\"https:\/\/solupak.eu\/wp-content\/uploads\/2021\/04\/All-purpose_cleaner-french.png\" alt=\"All-purpose_cleaner\" itemprop=\"image\" height=\"1359\" width=\"1000\" title=\"Nettoyant polyvalent\" onerror=\"this.style.display='none'\"  \/>","protected":false},"excerpt":{"rendered":"<p>Les partenaires Solupak s'associent \u00e0 J1 Technologies, CORE Additive Technologies et Medi-Clean pour former un groupe d'entreprises qui partagent leur savoir-faire et leurs ressources techniques, financi\u00e8res et informatiques. Les chimistes internes de d\u00e9veloppement et d'application du groupe travaillent ensemble pour r\u00e9soudre les probl\u00e8mes des clients et contribuer \u00e0 am\u00e9liorer leur offre de produits, tout en op\u00e9rant ind\u00e9pendamment dans leurs propres domaines d'application...<\/p>","protected":false},"author":1,"featured_media":0,"parent":0,"menu_order":0,"comment_status":"closed","ping_status":"closed","template":"","meta":[],"yoast_head":"<!-- This site is optimized with the Yoast SEO plugin v19.7.2 - https:\/\/yoast.com\/wordpress\/plugins\/seo\/ -->\n<title>Partners - Solupak<\/title>\n<meta name=\"robots\" content=\"index, follow, max-snippet:-1, max-image-preview:large, max-video-preview:-1\" \/>\n<link rel=\"canonical\" href=\"https:\/\/solupak.eu\/fr\/partners\/\" \/>\n<meta property=\"og:locale\" content=\"fr_FR\" \/>\n<meta property=\"og:type\" content=\"article\" \/>\n<meta property=\"og:title\" content=\"Partners - Solupak\" \/>\n<meta property=\"og:description\" content=\"Partners Solupak comes together with J1 Technologies, CORE Additive Technologies and Medi-Clean to form a loose group of companies that share technical know how and resource, finance and IT. Group in-house development and application chemists work together to solve customer problems and help improve customers&#8217; product offerings whilst operating independently in their own application areas&hellip;\" \/>\n<meta property=\"og:url\" content=\"https:\/\/solupak.eu\/fr\/partners\/\" \/>\n<meta property=\"og:site_name\" content=\"Solupak\" \/>\n<meta property=\"article:modified_time\" content=\"2021-03-30T11:00:42+00:00\" \/>\n<meta property=\"og:image\" content=\"https:\/\/solupak.eu\/wp-content\/uploads\/2020\/11\/CORE.png\" \/>\n<meta name=\"twitter:card\" content=\"summary_large_image\" \/>\n<meta name=\"twitter:label1\" content=\"Dur\u00e9e de lecture estim\u00e9e\" \/>\n\t<meta name=\"twitter:data1\" content=\"2 minutes\" \/>\n<script type=\"application\/ld+json\" class=\"yoast-schema-graph\">{\"@context\":\"https:\/\/schema.org\",\"@graph\":[{\"@type\":\"WebPage\",\"@id\":\"https:\/\/solupak.eu\/fr\/partners\/\",\"url\":\"https:\/\/solupak.eu\/fr\/partners\/\",\"name\":\"Partners - Solupak\",\"isPartOf\":{\"@id\":\"https:\/\/solupak.eu\/#website\"},\"datePublished\":\"2020-11-06T10:31:31+00:00\",\"dateModified\":\"2021-03-30T11:00:42+00:00\",\"breadcrumb\":{\"@id\":\"https:\/\/solupak.eu\/fr\/partners\/#breadcrumb\"},\"inLanguage\":\"fr-FR\",\"potentialAction\":[{\"@type\":\"ReadAction\",\"target\":[\"https:\/\/solupak.eu\/fr\/partners\/\"]}]},{\"@type\":\"BreadcrumbList\",\"@id\":\"https:\/\/solupak.eu\/fr\/partners\/#breadcrumb\",\"itemListElement\":[{\"@type\":\"ListItem\",\"position\":1,\"name\":\"Home\",\"item\":\"https:\/\/solupak.eu\/\"},{\"@type\":\"ListItem\",\"position\":2,\"name\":\"Partners\"}]},{\"@type\":\"WebSite\",\"@id\":\"https:\/\/solupak.eu\/#website\",\"url\":\"https:\/\/solupak.eu\/\",\"name\":\"Solupak\",\"description\":\"...just add water\",\"potentialAction\":[{\"@type\":\"SearchAction\",\"target\":{\"@type\":\"EntryPoint\",\"urlTemplate\":\"https:\/\/solupak.eu\/?s={search_term_string}\"},\"query-input\":\"required name=search_term_string\"}],\"inLanguage\":\"fr-FR\"}]}<\/script>\n<!-- \/ Yoast SEO plugin. -->","yoast_head_json":{"title":"Partners - Solupak","robots":{"index":"index","follow":"follow","max-snippet":"max-snippet:-1","max-image-preview":"max-image-preview:large","max-video-preview":"max-video-preview:-1"},"canonical":"https:\/\/solupak.eu\/fr\/partners\/","og_locale":"fr_FR","og_type":"article","og_title":"Partners - Solupak","og_description":"Partners Solupak comes together with J1 Technologies, CORE Additive Technologies and Medi-Clean to form a loose group of companies that share technical know how and resource, finance and IT. Group in-house development and application chemists work together to solve customer problems and help improve customers&#8217; product offerings whilst operating independently in their own application areas&hellip;","og_url":"https:\/\/solupak.eu\/fr\/partners\/","og_site_name":"Solupak","article_modified_time":"2021-03-30T11:00:42+00:00","og_image":[{"url":"https:\/\/solupak.eu\/wp-content\/uploads\/2020\/11\/CORE.png"}],"twitter_card":"summary_large_image","twitter_misc":{"Dur\u00e9e de lecture estim\u00e9e":"2 minutes"},"schema":{"@context":"https:\/\/schema.org","@graph":[{"@type":"WebPage","@id":"https:\/\/solupak.eu\/fr\/partners\/","url":"https:\/\/solupak.eu\/fr\/partners\/","name":"Partners - Solupak","isPartOf":{"@id":"https:\/\/solupak.eu\/#website"},"datePublished":"2020-11-06T10:31:31+00:00","dateModified":"2021-03-30T11:00:42+00:00","breadcrumb":{"@id":"https:\/\/solupak.eu\/fr\/partners\/#breadcrumb"},"inLanguage":"fr-FR","potentialAction":[{"@type":"ReadAction","target":["https:\/\/solupak.eu\/fr\/partners\/"]}]},{"@type":"BreadcrumbList","@id":"https:\/\/solupak.eu\/fr\/partners\/#breadcrumb","itemListElement":[{"@type":"ListItem","position":1,"name":"Home","item":"https:\/\/solupak.eu\/"},{"@type":"ListItem","position":2,"name":"Partners"}]},{"@type":"WebSite","@id":"https:\/\/solupak.eu\/#website","url":"https:\/\/solupak.eu\/","name":"Solupak","description":"...just add water","potentialAction":[{"@type":"SearchAction","target":{"@type":"EntryPoint","urlTemplate":"https:\/\/solupak.eu\/?s={search_term_string}"},"query-input":"required name=search_term_string"}],"inLanguage":"fr-FR"}]}},"_links":{"self":[{"href":"https:\/\/solupak.eu\/fr\/wp-json\/wp\/v2\/pages\/192"}],"collection":[{"href":"https:\/\/solupak.eu\/fr\/wp-json\/wp\/v2\/pages"}],"about":[{"href":"https:\/\/solupak.eu\/fr\/wp-json\/wp\/v2\/types\/page"}],"author":[{"embeddable":true,"href":"https:\/\/solupak.eu\/fr\/wp-json\/wp\/v2\/users\/1"}],"replies":[{"embeddable":true,"href":"https:\/\/solupak.eu\/fr\/wp-json\/wp\/v2\/comments?post=192"}],"version-history":[{"count":10,"href":"https:\/\/solupak.eu\/fr\/wp-json\/wp\/v2\/pages\/192\/revisions"}],"predecessor-version":[{"id":4221,"href":"https:\/\/solupak.eu\/fr\/wp-json\/wp\/v2\/pages\/192\/revisions\/4221"}],"wp:attachment":[{"href":"https:\/\/solupak.eu\/fr\/wp-json\/wp\/v2\/media?parent=192"}],"curies":[{"name":"wp","href":"https:\/\/api.w.org\/{rel}","templated":true}]}}