{"id":191,"date":"2020-11-06T10:31:31","date_gmt":"2020-11-06T10:31:31","guid":{"rendered":"https:\/\/solupak.eu\/?page_id=191"},"modified":"2022-06-07T15:10:09","modified_gmt":"2022-06-07T14:10:09","slug":"industry-sectors","status":"publish","type":"page","link":"https:\/\/solupak.eu\/fr\/industry-sectors\/","title":{"rendered":"Secteurs industriels"},"content":{"rendered":"<h1>\n\t\tIndustries\n\t<\/h1>\n\t<p>Chez Solupak, nous fournissons des produits \u00e0 de multiples industries et secteurs et notre gamme de produits de nettoyage couvre un large \u00e9ventail de besoins, des zones sp\u00e9cifiques au nettoyage g\u00e9n\u00e9ral. Le syst\u00e8me de nettoyage dos\u00e9 soluble dans l'eau pr\u00e9sente un large \u00e9ventail d'avantages.<\/p>\n        <img src=\"https:\/\/solupak.eu\/wp-content\/uploads\/2021\/04\/storage3-1-fr.png\" alt=\"Space saving\">\n        <h3>\u00c9conomie d'espace<\/h3>\n        R\u00e9duction de plus de 90% de l'espace de stockage n\u00e9cessaire\n        <img src=\"https:\/\/solupak.eu\/wp-content\/uploads\/2020\/11\/90reduction3-1.png\" alt=\"Transport\">\n        <h3>Transport<\/h3>\n        Jusqu'\u00e0 90% de r\u00e9duction du poids d'exp\u00e9dition par rapport aux syst\u00e8mes de nettoyage conventionnels\n        <img src=\"https:\/\/solupak.eu\/wp-content\/uploads\/2021\/04\/minimal-waste4-1-fr.png\" alt=\"Minimal Waste\">\n        <h3>Un minimum de d\u00e9chets<\/h3>\n        Pas de plastique \u00e0 usage unique, fourni dans un emballage recyclable.\n        <img src=\"https:\/\/solupak.eu\/wp-content\/uploads\/2020\/11\/packaging3.png\" alt=\"No manual handling risk\">\n        <h3>Aucun risque de manutention manuelle<\/h3>\n        7,5 kg de produits chimiques conventionnels remplac\u00e9s par un paquet de 100 g\n        <img src=\"https:\/\/solupak.eu\/wp-content\/uploads\/2020\/11\/chemical2.png\" alt=\"No chemical contact\">\n        <h3>Aucun contact chimique<\/h3>\n        Utilisateurs prot\u00e9g\u00e9s par la couche de film soluble dans l'eau\n        <img src=\"https:\/\/solupak.eu\/wp-content\/uploads\/2021\/04\/sachet2-fr.png\" alt=\"Cost controlled\">\n        <h3>Co\u00fbt contr\u00f4l\u00e9<\/h3>\n        Une dose exacte \u00e0 chaque fois\n        <img src=\"https:\/\/solupak.eu\/wp-content\/uploads\/2021\/04\/correct-load2-fr.png\" alt=\"No over use of chemicals\">\n        <h3>Pas d'utilisation excessive de produits chimiques<\/h3>\n        Dosage con\u00e7u pour \u00eatre la charge de nettoyage correcte\n        <img src=\"https:\/\/solupak.eu\/wp-content\/uploads\/2020\/11\/bin-1.png\" alt=\"Zero single use plastic\">\n        <h3>Aucun plastique \u00e0 usage unique<\/h3>\n        <img src=\"https:\/\/solupak.eu\/wp-content\/uploads\/2021\/01\/Facilities_management@3x.png\" alt=\"Facilities Management\">\n        <h3>Gestion des installations<\/h3>\n        Notre gamme Soluclean Daily Cleaning est la solution parfaite pour tous les domaines du nettoyage.<br><br> Du nettoyage des surfaces aux toilettes, du nettoyage manuel \u00e0 la machine.  Toute la gamme de produits Solupak, y compris nos assainisseurs, nos d\u00e9sinfectants et nos nettoyants antiviraux, est test\u00e9e selon les normes EN les plus \u00e9lev\u00e9es possibles. Ayant \u00e9t\u00e9 test\u00e9e pour son efficacit\u00e9 contre le coronavirus, nous savons que la gamme de produits est efficace.  <br><br>En outre, nos produits sont adapt\u00e9s et s\u00fbrs pour une utilisation dans de multiples environnements et espaces. \u00c0 l'heure actuelle, les produits Solupak sont utilis\u00e9s dans une vari\u00e9t\u00e9 d'industries diff\u00e9rentes, y compris le transport, la fabrication et la vente au d\u00e9tail, tout en \u00e9tant s\u00fbrs et efficaces pour nettoyer les \u00e9coles et les bureaux. Nos clients vont des entreprises individuelles aux grandes franchises, les produits Solupak \u00e9tant actuellement utilis\u00e9s pour nettoyer les cha\u00eenes alimentaires Greggs dans tout le pays.\n        <img src=\"https:\/\/solupak.eu\/wp-content\/uploads\/2021\/01\/Catering@3x.png\" alt=\"Catering\">\n        <h3>Restauration<\/h3>\n        Solupak produit une gamme sp\u00e9cialis\u00e9e con\u00e7ue pour les besoins particuliers de l'industrie de la restauration. Tout, des d\u00e9graissants au nettoyage des sols, est couvert par une gamme pr\u00e9-dos\u00e9e facile \u00e0 utiliser. La gamme de produits de nettoyage est compl\u00e9t\u00e9e par des assainisseurs de surface, des d\u00e9sinfectants et des nettoyants antiviraux afin de fournir un ensemble de produits de nettoyage haut de gamme.\n        <img src=\"https:\/\/solupak.eu\/wp-content\/uploads\/2021\/01\/Building_and_construction@3x.png\" alt=\"Building and Construction\">\n        <h3>B\u00e2timent et construction<\/h3>\n        Gr\u00e2ce \u00e0 nos machines sur mesure et \u00e0 nos emballages sur mesure, ici \u00e0 Solupak, nous sommes en mesure de traiter et d'emballer les additifs pour la construction et le ciment. Cela pr\u00e9sente d'\u00e9normes avantages tant pour l'utilisateur final que pour l'environnement. Le syst\u00e8me de pr\u00e9-dosage garantit un minimum de d\u00e9chets et un produit optimal. Gr\u00e2ce aux machines d\u00e9di\u00e9es, nous sommes en mesure de produire des sacs remplis d'un poids maximal de 1 kg, ce qui a permis \u00e0 Solupak d'entrer dans le secteur de la construction. Avec nos solutions, l'utilisation sur site est rapide et efficace, et il y a un minimum d'emballages \u00e0 \u00e9liminer. Ces concepts ont \u00e9t\u00e9 appliqu\u00e9s aux produits en poudre et liquides qui sont appliqu\u00e9s localement sur le site.\n        <img src=\"https:\/\/solupak.eu\/wp-content\/uploads\/2021\/01\/Dental_and_optical@3x.png\" alt=\"Dental and Optical\">\n        <h3>Dentaire et optique<\/h3>\n        La technologie soluble dans l'eau de Solupak peut \u00e9galement \u00eatre utilis\u00e9e dans des processus \u00e0 des fins dentaires et optiques. Gr\u00e2ce \u00e0 notre expertise, nous avons pu s\u00e9lectionner le meilleur film hydrosoluble pour l'utilisation requise et notre \u00e9quipe de recherche et d\u00e9veloppement effectue en permanence des tests de compatibilit\u00e9 pour garantir des r\u00e9sultats de qualit\u00e9 optimale. Des additifs aux teintes, les produits chimiques pr\u00e9dos\u00e9s de Solupak assurent une dissolution et une production rapides dans les environnements dentaires et optiques au rythme soutenu.\n        <img src=\"https:\/\/solupak.eu\/wp-content\/uploads\/2021\/01\/Agriculture_and_horticulture@3x.png\" alt=\"Agriculture and Horticulture\">\n        <h3>Agriculture et horticulture<\/h3>\n        Gr\u00e2ce \u00e0 la technologie de Solupak, les produits chimiques agricoles peuvent \u00eatre conditionn\u00e9s simplement dans des sachets et des emballages hydrosolubles. Cela permet une distribution efficace des doses, tout en offrant une barri\u00e8re s\u00fbre entre les utilisateurs finaux et les produits chimiques. Les nutriments peuvent \u00e9galement \u00eatre conditionn\u00e9s dans le film hydrosoluble, ce qui signifie qu'ils peuvent \u00eatre introduits en quantit\u00e9s pr\u00e9mesur\u00e9es. Nos sachets ne n\u00e9cessitent ni d\u00e9chirure ni arrachage ; il suffit d'ajouter de l'eau et l'application est termin\u00e9e.\n        <img src=\"https:\/\/solupak.eu\/wp-content\/uploads\/2021\/01\/Medical_cleaning@3x.png\" alt=\"Medical Cleaning\">\n        <h3>Nettoyage m\u00e9dical<\/h3>\n        Ayant travaill\u00e9 avec des fabricants de dispositifs m\u00e9dicaux pendant de nombreuses ann\u00e9es, Solupak a cr\u00e9\u00e9 une gamme de d\u00e9tergents sur mesure, sp\u00e9cialement con\u00e7us et adapt\u00e9s pour effectuer les t\u00e2ches requises. Les produits sont formul\u00e9s et test\u00e9s selon les normes les plus strictes et ont \u00e9t\u00e9 con\u00e7us sp\u00e9cialement pour le nettoyage enzymatique. Gr\u00e2ce aux normes \u00e9lev\u00e9es et aux proc\u00e9dures de qualit\u00e9 appliqu\u00e9es par Solupak, nous avons maintenu une forte demande d'approvisionnement et nous continuons \u00e0 d\u00e9velopper de nouvelles solutions, en fonction des besoins du client.","protected":false},"excerpt":{"rendered":"<p>Industries Ici, chez Solupak, nous fournissons des produits \u00e0 de multiples industries et secteurs et notre gamme de nettoyage couvre un large \u00e9ventail de besoins, des zones sp\u00e9cifiques au nettoyage g\u00e9n\u00e9ral. Le syst\u00e8me de nettoyage par dosage hydrosoluble pr\u00e9sente de nombreux avantages. Gain de place Plus de 90% de r\u00e9duction de l'espace de stockage n\u00e9cessaire Transport Jusqu'\u00e0 90% de r\u00e9duction de l'exp\u00e9dition...<\/p>","protected":false},"author":1,"featured_media":0,"parent":0,"menu_order":0,"comment_status":"closed","ping_status":"closed","template":"","meta":[],"yoast_head":"<!-- This site is optimized with the Yoast SEO plugin v19.7.2 - https:\/\/yoast.com\/wordpress\/plugins\/seo\/ -->\n<title>Industry Sectors - Solupak<\/title>\n<meta name=\"robots\" content=\"index, follow, max-snippet:-1, max-image-preview:large, max-video-preview:-1\" \/>\n<link rel=\"canonical\" href=\"https:\/\/solupak.eu\/fr\/industry-sectors\/\" \/>\n<meta property=\"og:locale\" content=\"fr_FR\" \/>\n<meta property=\"og:type\" content=\"article\" \/>\n<meta property=\"og:title\" content=\"Industry Sectors - Solupak\" \/>\n<meta property=\"og:description\" content=\"Industries Here at Solupak, we provide products to multiple industries and sectors and our cleaning range covers a wide spectrum of needs, from specific areas to general cleaning. The water-soluble dosed cleaning system has a wide range of benefits. Space saving Over 90% reduction in storage space needed Transport Up to 90% reduction in shipping&hellip;\" \/>\n<meta property=\"og:url\" content=\"https:\/\/solupak.eu\/fr\/industry-sectors\/\" \/>\n<meta property=\"og:site_name\" content=\"Solupak\" \/>\n<meta property=\"article:modified_time\" content=\"2022-06-07T14:10:09+00:00\" \/>\n<meta property=\"og:image\" content=\"https:\/\/solupak.eu\/wp-content\/uploads\/2020\/11\/storage3-1.png\" \/>\n<meta name=\"twitter:card\" content=\"summary_large_image\" \/>\n<meta name=\"twitter:label1\" content=\"Dur\u00e9e de lecture estim\u00e9e\" \/>\n\t<meta name=\"twitter:data1\" content=\"6 minutes\" \/>\n<script type=\"application\/ld+json\" class=\"yoast-schema-graph\">{\"@context\":\"https:\/\/schema.org\",\"@graph\":[{\"@type\":\"WebPage\",\"@id\":\"https:\/\/solupak.eu\/industry-sectors\/\",\"url\":\"https:\/\/solupak.eu\/industry-sectors\/\",\"name\":\"Industry Sectors - Solupak\",\"isPartOf\":{\"@id\":\"https:\/\/solupak.eu\/#website\"},\"datePublished\":\"2020-11-06T10:31:31+00:00\",\"dateModified\":\"2022-06-07T14:10:09+00:00\",\"breadcrumb\":{\"@id\":\"https:\/\/solupak.eu\/industry-sectors\/#breadcrumb\"},\"inLanguage\":\"fr-FR\",\"potentialAction\":[{\"@type\":\"ReadAction\",\"target\":[\"https:\/\/solupak.eu\/industry-sectors\/\"]}]},{\"@type\":\"BreadcrumbList\",\"@id\":\"https:\/\/solupak.eu\/industry-sectors\/#breadcrumb\",\"itemListElement\":[{\"@type\":\"ListItem\",\"position\":1,\"name\":\"Home\",\"item\":\"https:\/\/solupak.eu\/\"},{\"@type\":\"ListItem\",\"position\":2,\"name\":\"Industry Sectors\"}]},{\"@type\":\"WebSite\",\"@id\":\"https:\/\/solupak.eu\/#website\",\"url\":\"https:\/\/solupak.eu\/\",\"name\":\"Solupak\",\"description\":\"...just add water\",\"potentialAction\":[{\"@type\":\"SearchAction\",\"target\":{\"@type\":\"EntryPoint\",\"urlTemplate\":\"https:\/\/solupak.eu\/?s={search_term_string}\"},\"query-input\":\"required name=search_term_string\"}],\"inLanguage\":\"fr-FR\"}]}<\/script>\n<!-- \/ Yoast SEO plugin. -->","yoast_head_json":{"title":"Industry Sectors - Solupak","robots":{"index":"index","follow":"follow","max-snippet":"max-snippet:-1","max-image-preview":"max-image-preview:large","max-video-preview":"max-video-preview:-1"},"canonical":"https:\/\/solupak.eu\/fr\/industry-sectors\/","og_locale":"fr_FR","og_type":"article","og_title":"Industry Sectors - Solupak","og_description":"Industries Here at Solupak, we provide products to multiple industries and sectors and our cleaning range covers a wide spectrum of needs, from specific areas to general cleaning. The water-soluble dosed cleaning system has a wide range of benefits. Space saving Over 90% reduction in storage space needed Transport Up to 90% reduction in shipping&hellip;","og_url":"https:\/\/solupak.eu\/fr\/industry-sectors\/","og_site_name":"Solupak","article_modified_time":"2022-06-07T14:10:09+00:00","og_image":[{"url":"https:\/\/solupak.eu\/wp-content\/uploads\/2020\/11\/storage3-1.png"}],"twitter_card":"summary_large_image","twitter_misc":{"Dur\u00e9e de lecture estim\u00e9e":"6 minutes"},"schema":{"@context":"https:\/\/schema.org","@graph":[{"@type":"WebPage","@id":"https:\/\/solupak.eu\/industry-sectors\/","url":"https:\/\/solupak.eu\/industry-sectors\/","name":"Industry Sectors - Solupak","isPartOf":{"@id":"https:\/\/solupak.eu\/#website"},"datePublished":"2020-11-06T10:31:31+00:00","dateModified":"2022-06-07T14:10:09+00:00","breadcrumb":{"@id":"https:\/\/solupak.eu\/industry-sectors\/#breadcrumb"},"inLanguage":"fr-FR","potentialAction":[{"@type":"ReadAction","target":["https:\/\/solupak.eu\/industry-sectors\/"]}]},{"@type":"BreadcrumbList","@id":"https:\/\/solupak.eu\/industry-sectors\/#breadcrumb","itemListElement":[{"@type":"ListItem","position":1,"name":"Home","item":"https:\/\/solupak.eu\/"},{"@type":"ListItem","position":2,"name":"Industry Sectors"}]},{"@type":"WebSite","@id":"https:\/\/solupak.eu\/#website","url":"https:\/\/solupak.eu\/","name":"Solupak","description":"...just add water","potentialAction":[{"@type":"SearchAction","target":{"@type":"EntryPoint","urlTemplate":"https:\/\/solupak.eu\/?s={search_term_string}"},"query-input":"required name=search_term_string"}],"inLanguage":"fr-FR"}]}},"_links":{"self":[{"href":"https:\/\/solupak.eu\/fr\/wp-json\/wp\/v2\/pages\/191"}],"collection":[{"href":"https:\/\/solupak.eu\/fr\/wp-json\/wp\/v2\/pages"}],"about":[{"href":"https:\/\/solupak.eu\/fr\/wp-json\/wp\/v2\/types\/page"}],"author":[{"embeddable":true,"href":"https:\/\/solupak.eu\/fr\/wp-json\/wp\/v2\/users\/1"}],"replies":[{"embeddable":true,"href":"https:\/\/solupak.eu\/fr\/wp-json\/wp\/v2\/comments?post=191"}],"version-history":[{"count":16,"href":"https:\/\/solupak.eu\/fr\/wp-json\/wp\/v2\/pages\/191\/revisions"}],"predecessor-version":[{"id":60272,"href":"https:\/\/solupak.eu\/fr\/wp-json\/wp\/v2\/pages\/191\/revisions\/60272"}],"wp:attachment":[{"href":"https:\/\/solupak.eu\/fr\/wp-json\/wp\/v2\/media?parent=191"}],"curies":[{"name":"wp","href":"https:\/\/api.w.org\/{rel}","templated":true}]}}