{"id":18,"date":"2020-10-23T11:48:48","date_gmt":"2020-10-23T10:48:48","guid":{"rendered":"https:\/\/solupak.eu\/?page_id=18"},"modified":"2021-12-02T14:06:36","modified_gmt":"2021-12-02T14:06:36","slug":"our-mission","status":"publish","type":"page","link":"https:\/\/solupak.eu\/fr\/our-mission\/","title":{"rendered":"Notre mission"},"content":{"rendered":"<h1>\n\t\tNotre mission\n\t<\/h1>\n\t<h3>\u00catre le premier producteur de produits de nettoyage concentr\u00e9s, efficaces et d'un bon rapport qualit\u00e9-prix, conditionn\u00e9s dans des sachets film\u00e9s hydrosolubles, fabriqu\u00e9s en adoptant les normes \u00e9thiques les plus \u00e9lev\u00e9es possibles.<\/h3>\n\t\t\t\t<img loading=\"lazy\" src=\"https:\/\/solupak.eu\/wp-content\/uploads\/2021\/04\/Trigger-bottles-french.png\" alt=\"Trigger-bottles\" itemprop=\"image\" height=\"928\" width=\"1586\" title=\"Bouteilles \u00e0 g\u00e2chette\" onerror=\"this.style.display='none'\">\n\t<h2>Notre histoire. L'avenir.<\/h2>\n<p>Solupak a \u00e9t\u00e9 cr\u00e9\u00e9 en 1998 et est reconnu comme le principal expert en produits hydrosolubles. En pr\u00e8s de 20 ans, l'entreprise a travaill\u00e9 avec de nombreuses marques de premier plan pour d\u00e9velopper, formuler, conditionner et distribuer des films et des granul\u00e9s hydrosolubles (PVOH).<\/p>\n<p>Bas\u00e9s dans le Yorkshire, au nord de l'Angleterre, nous desservons le Royaume-Uni et nos distributeurs pour l'Europe, l'Extr\u00eame-Orient et l'Australasie. En tant que sp\u00e9cialistes des produits de nettoyage commerciaux, nous employons une \u00e9quipe interne compl\u00e8te de formulation technique et de d\u00e9veloppement. La fabrication est enti\u00e8rement r\u00e9alis\u00e9e sur place au Royaume-Uni, de m\u00eame que le concept, la R&amp;D, les tests, la fabrication, le conditionnement et la distribution.<\/p>\n<p>Nous sommes tr\u00e8s fiers de nos r\u00e9f\u00e9rences \u00e9cologiques et sommes accr\u00e9dit\u00e9s par Cruelty Free International (anciennement connu sous le nom de BUAV) et Ecolabel (le cas \u00e9ch\u00e9ant). Tous nos produits sont v\u00e9g\u00e9taliens. Nous d\u00e9tenons des brevets sur notre gamme de d\u00e9clencheurs. Notre gamme de produits est sp\u00e9cialement formul\u00e9e pour un usage quotidien, avec des emballages de petite taille r\u00e9duisant les co\u00fbts de transport et de logistique. Nous sommes enti\u00e8rement accr\u00e9dit\u00e9s ISO 9001 : 2015 et ISO 14001 ; votre entreprise est en s\u00e9curit\u00e9 avec nous.<\/p>\n    <a href=\"https:\/\/solupak.eu\/fr\/products\/\" target=\"_self\" rel=\"noopener noreferrer\">\n    \tVoir notre gamme de produits\n    <\/a>\n\t\t\t\t<img loading=\"lazy\" src=\"https:\/\/solupak.eu\/wp-content\/uploads\/2021\/04\/Degraser-cleaner-french.png\" alt=\"Degraser-cleaner\" itemprop=\"image\" height=\"1498\" width=\"1000\" title=\"D\u00e9graisseur-nettoyeur\" onerror=\"this.style.display='none'\">","protected":false},"excerpt":{"rendered":"<p>Notre mission \u00catre le premier producteur de produits de nettoyage concentr\u00e9s, efficaces et d'un bon rapport qualit\u00e9-prix, conditionn\u00e9s en sachets film\u00e9s hydrosolubles, fabriqu\u00e9s en adoptant les normes \u00e9thiques les plus \u00e9lev\u00e9es possibles. Notre histoire. L'avenir. Solupak a \u00e9t\u00e9 cr\u00e9\u00e9 en 1998 et est reconnu comme le principal expert en produits hydrosolubles. En pr\u00e8s de 20 ans, l'entreprise a travaill\u00e9 avec...<\/p>","protected":false},"author":1,"featured_media":0,"parent":0,"menu_order":0,"comment_status":"closed","ping_status":"closed","template":"","meta":[],"yoast_head":"<!-- This site is optimized with the Yoast SEO plugin v19.7.2 - https:\/\/yoast.com\/wordpress\/plugins\/seo\/ -->\n<title>Our Mission - Solupak<\/title>\n<meta name=\"robots\" content=\"index, follow, max-snippet:-1, max-image-preview:large, max-video-preview:-1\" \/>\n<link rel=\"canonical\" href=\"https:\/\/solupak.eu\/fr\/our-mission\/\" \/>\n<meta property=\"og:locale\" content=\"fr_FR\" \/>\n<meta property=\"og:type\" content=\"article\" \/>\n<meta property=\"og:title\" content=\"Our Mission - Solupak\" \/>\n<meta property=\"og:description\" content=\"Our Mission To be the leading producer of effective and value-for-money cleaning concentrate, packed in water soluble film sachets, made by adopting the highest possible ethical standards. Our History.&nbsp;The Future. Solupak was formed in 1998 and is renowned as the leading expert in water soluble products. Over nearly 20 years, the company has worked with&hellip;\" \/>\n<meta property=\"og:url\" content=\"https:\/\/solupak.eu\/fr\/our-mission\/\" \/>\n<meta property=\"og:site_name\" content=\"Solupak\" \/>\n<meta property=\"article:modified_time\" content=\"2021-12-02T14:06:36+00:00\" \/>\n<meta property=\"og:image\" content=\"https:\/\/solupak.eu\/wp-content\/uploads\/2021\/03\/Trigger-bottles.png\" \/>\n<meta name=\"twitter:card\" content=\"summary_large_image\" \/>\n<meta name=\"twitter:label1\" content=\"Dur\u00e9e de lecture estim\u00e9e\" \/>\n\t<meta name=\"twitter:data1\" content=\"2 minutes\" \/>\n<script type=\"application\/ld+json\" class=\"yoast-schema-graph\">{\"@context\":\"https:\/\/schema.org\",\"@graph\":[{\"@type\":\"WebPage\",\"@id\":\"https:\/\/solupak.eu\/our-mission\/\",\"url\":\"https:\/\/solupak.eu\/our-mission\/\",\"name\":\"Our Mission - Solupak\",\"isPartOf\":{\"@id\":\"https:\/\/solupak.eu\/#website\"},\"datePublished\":\"2020-10-23T10:48:48+00:00\",\"dateModified\":\"2021-12-02T14:06:36+00:00\",\"breadcrumb\":{\"@id\":\"https:\/\/solupak.eu\/our-mission\/#breadcrumb\"},\"inLanguage\":\"fr-FR\",\"potentialAction\":[{\"@type\":\"ReadAction\",\"target\":[\"https:\/\/solupak.eu\/our-mission\/\"]}]},{\"@type\":\"BreadcrumbList\",\"@id\":\"https:\/\/solupak.eu\/our-mission\/#breadcrumb\",\"itemListElement\":[{\"@type\":\"ListItem\",\"position\":1,\"name\":\"Home\",\"item\":\"https:\/\/solupak.eu\/\"},{\"@type\":\"ListItem\",\"position\":2,\"name\":\"Our Mission\"}]},{\"@type\":\"WebSite\",\"@id\":\"https:\/\/solupak.eu\/#website\",\"url\":\"https:\/\/solupak.eu\/\",\"name\":\"Solupak\",\"description\":\"...just add water\",\"potentialAction\":[{\"@type\":\"SearchAction\",\"target\":{\"@type\":\"EntryPoint\",\"urlTemplate\":\"https:\/\/solupak.eu\/?s={search_term_string}\"},\"query-input\":\"required name=search_term_string\"}],\"inLanguage\":\"fr-FR\"}]}<\/script>\n<!-- \/ Yoast SEO plugin. -->","yoast_head_json":{"title":"Our Mission - Solupak","robots":{"index":"index","follow":"follow","max-snippet":"max-snippet:-1","max-image-preview":"max-image-preview:large","max-video-preview":"max-video-preview:-1"},"canonical":"https:\/\/solupak.eu\/fr\/our-mission\/","og_locale":"fr_FR","og_type":"article","og_title":"Our Mission - Solupak","og_description":"Our Mission To be the leading producer of effective and value-for-money cleaning concentrate, packed in water soluble film sachets, made by adopting the highest possible ethical standards. Our History.&nbsp;The Future. Solupak was formed in 1998 and is renowned as the leading expert in water soluble products. Over nearly 20 years, the company has worked with&hellip;","og_url":"https:\/\/solupak.eu\/fr\/our-mission\/","og_site_name":"Solupak","article_modified_time":"2021-12-02T14:06:36+00:00","og_image":[{"url":"https:\/\/solupak.eu\/wp-content\/uploads\/2021\/03\/Trigger-bottles.png"}],"twitter_card":"summary_large_image","twitter_misc":{"Dur\u00e9e de lecture estim\u00e9e":"2 minutes"},"schema":{"@context":"https:\/\/schema.org","@graph":[{"@type":"WebPage","@id":"https:\/\/solupak.eu\/our-mission\/","url":"https:\/\/solupak.eu\/our-mission\/","name":"Our Mission - Solupak","isPartOf":{"@id":"https:\/\/solupak.eu\/#website"},"datePublished":"2020-10-23T10:48:48+00:00","dateModified":"2021-12-02T14:06:36+00:00","breadcrumb":{"@id":"https:\/\/solupak.eu\/our-mission\/#breadcrumb"},"inLanguage":"fr-FR","potentialAction":[{"@type":"ReadAction","target":["https:\/\/solupak.eu\/our-mission\/"]}]},{"@type":"BreadcrumbList","@id":"https:\/\/solupak.eu\/our-mission\/#breadcrumb","itemListElement":[{"@type":"ListItem","position":1,"name":"Home","item":"https:\/\/solupak.eu\/"},{"@type":"ListItem","position":2,"name":"Our Mission"}]},{"@type":"WebSite","@id":"https:\/\/solupak.eu\/#website","url":"https:\/\/solupak.eu\/","name":"Solupak","description":"...just add water","potentialAction":[{"@type":"SearchAction","target":{"@type":"EntryPoint","urlTemplate":"https:\/\/solupak.eu\/?s={search_term_string}"},"query-input":"required name=search_term_string"}],"inLanguage":"fr-FR"}]}},"_links":{"self":[{"href":"https:\/\/solupak.eu\/fr\/wp-json\/wp\/v2\/pages\/18"}],"collection":[{"href":"https:\/\/solupak.eu\/fr\/wp-json\/wp\/v2\/pages"}],"about":[{"href":"https:\/\/solupak.eu\/fr\/wp-json\/wp\/v2\/types\/page"}],"author":[{"embeddable":true,"href":"https:\/\/solupak.eu\/fr\/wp-json\/wp\/v2\/users\/1"}],"replies":[{"embeddable":true,"href":"https:\/\/solupak.eu\/fr\/wp-json\/wp\/v2\/comments?post=18"}],"version-history":[{"count":16,"href":"https:\/\/solupak.eu\/fr\/wp-json\/wp\/v2\/pages\/18\/revisions"}],"predecessor-version":[{"id":30577,"href":"https:\/\/solupak.eu\/fr\/wp-json\/wp\/v2\/pages\/18\/revisions\/30577"}],"wp:attachment":[{"href":"https:\/\/solupak.eu\/fr\/wp-json\/wp\/v2\/media?parent=18"}],"curies":[{"name":"wp","href":"https:\/\/api.w.org\/{rel}","templated":true}]}}