{"id":3464,"date":"2021-03-21T16:41:58","date_gmt":"2021-03-21T16:41:58","guid":{"rendered":"https:\/\/solupak.eu\/?page_id=3464"},"modified":"2021-04-01T10:39:55","modified_gmt":"2021-04-01T09:39:55","slug":"case-studies","status":"publish","type":"page","link":"https:\/\/solupak.eu\/es\/case-studies\/","title":{"rendered":"Estudios de caso"},"content":{"rendered":"<img src=\"https:\/\/solupak.eu\/wp-content\/uploads\/2021\/03\/Total-Support-Services-full-logo-png.png\" \/>\n          <img src=\"https:\/\/solupak.eu\/wp-content\/uploads\/2021\/03\/logo.png\" \/>\n          <img src=\"https:\/\/solupak.eu\/wp-content\/uploads\/2021\/03\/BOTTLE4LIFE-banner-e1614938234788.png\" \/>\n          <img src=\"https:\/\/solupak.eu\/wp-content\/uploads\/2021\/03\/Greggs-logo.png\" \/>\n      <a href=\"#why-solupak\">Por qu\u00e9 Solupak<\/a>\n      <a href=\"#the-backstory\">La historia de fondo<\/a>\n      <a href=\"#the-benefits\">Los beneficios<\/a>\n      <a href=\"#customer-testimonial\">Testimonio de un cliente<\/a>\n        \n<p>TSS ha establecido relaciones duraderas y sigue fomentando nuevas asociaciones con empresas de diferentes industrias y sectores.<\/p>\n<p>La misi\u00f3n de TSS: Proporcionar servicios de calidad, rentables, innovadores y orientados al cliente a todos nuestros clientes.<\/p>\n        \n<p>Reconocido como un socio de elecci\u00f3n, con est\u00e1ndares incre\u00edblemente altos y una excelente reputaci\u00f3n, sus servicios se prestan a trav\u00e9s de equipos experimentados a algunas de las empresas m\u00e1s conocidas del Reino Unido<\/p>\n        \n\n<p>Broadfords es una empresa de limpieza profesional r\u00e1pida, amable y totalmente funcional, que opera principalmente en los sectores empresarial y minorista. Muy conocida en toda la Rep\u00fablica de Irlanda, Broadfords se ha convertido en el operador insignia de la gama de productos Soluclean en ese pa\u00eds.<\/p>\n        \n<p>Venden un gran volumen de s\u00e1ndwiches para llevar y tartas cocinadas y saladas, as\u00ed como dulces y boller\u00eda. Greggs ha ampliado su oferta para incluir desayunos y bebidas calientes a diario.<\/p>\n<p>Dominan el mercado de la comida de conveniencia para llevar para las compras diarias, desarrollando m\u00e1s opciones saludables para complementar esta gama. La mayor\u00eda de los establecimientos minoristas ofrecen ahora mesas para comer en ellas, lo que exige una mayor atenci\u00f3n a la limpieza de la parte delantera de la tienda y a la limpieza general de la preparaci\u00f3n de los alimentos.<\/p>\n\t\t\t\t<img loading=\"lazy\" src=\"https:\/\/solupak.eu\/wp-content\/uploads\/2021\/03\/Dark-blue-curve-top@2x-1.png\" alt=\"Dark-blue-curve-top@2x\" itemprop=\"image\" height=\"317\" width=\"2000\" title=\"Azul oscuro-curva-top@2x\" onerror=\"this.style.display='none'\"  \/>\n<h2>\n\t\tPor qu\u00e9 Solupak\n\t<\/h2>\n        \n<p>Nuestros productos son de la m\u00e1s alta calidad, envasados y dise\u00f1ados en casa, y dedicamos tiempo y paciencia a garantizar que nuestros productos sean los mejores de la gama.<\/p>\n<p>La rentabilidad est\u00e1 en la vanguardia de la gama de productos Solupak; con una vida \u00fatil de tres a\u00f1os y la seguridad de los costes y la dosificaci\u00f3n, ning\u00fan producto (o dinero) se desperdicia.<\/p>\n<p>La innovaci\u00f3n es lo que ha impulsado a Solupak desde el principio. Proporcionamos cambios positivos sin aumentar los costes NI da\u00f1ar el medio ambiente.<\/p>\n        \n<p>Nuestros productos se fabrican de acuerdo con la estrategia de cadena de suministro sostenible de Peartree.<\/p>\n<p>La rentabilidad es uno de los puntos fuertes de la gama de productos Solupak. Acordamos con Peartree un marco de costes que se ajustaba perfectamente a su plan de gastos.<\/p>\n<p>La reducci\u00f3n de residuos y pl\u00e1sticos es un factor importante para Peartree y Solupak. En el primer a\u00f1o de nuestra asociaci\u00f3n, Peartree redujo el uso de botellas de spray en 22.000. El desarrollo de productos es interno, lo que da a Peartree flexibilidad en cuanto al color del producto, el tama\u00f1o del envase y las fragancias.<\/p>\n        \n<p>Requisitos de Broadfords: ahorrar en espacio, tama\u00f1o de entrega y costes de combustible.<\/p>\n<p>1. Ahorre espacio... la gama de productos Solupak est\u00e1 envasada en pel\u00edcula hidrosoluble, sin pl\u00e1stico de un solo uso y los productos ocupan un espacio m\u00ednimo. Mediante la aplicaci\u00f3n de nuestros productos, se puede sustituir un pal\u00e9 entero de concentrado l\u00edquido de 5 litros por 4 paquetes de nuestro producto.<\/p>\n<p>2. Tama\u00f1o de las entregas... como el agua se a\u00f1ade despu\u00e9s del transporte, y los productos se distribuyen en bolsitas hidrosolubles, el tama\u00f1o de las entregas es relativamente peque\u00f1o, lo que significa que se pueden pedir mayores cantidades de producto.<\/p>\n<p>3. Costes de combustible... el peso de la carga es consecuentemente m\u00e1s ligero al no tener l\u00edquido que transportar a los clientes; lo que significa que el coste de entrega de nuestros productos a usted y a sus distribuidores se reduce considerablemente.<\/p>\n        \n<p>Proporcionar un nuevo e innovador sistema de dosificaci\u00f3n de productos qu\u00edmicos que reduzca el volumen de agua contenido en las f\u00f3rmulas utilizadas en las 2.200 tiendas del Reino Unido.<\/p>\n<p>Nuestra respuesta fue sencilla: nuestros productos encajaban perfectamente con el encargo...<\/p>\n<p>Como fabricante especializado, SoluPak ofrec\u00eda una gama de productos monodosis en bolsitas solubles para realizar la mayor\u00eda de las actividades de limpieza y desinfecci\u00f3n en las tiendas de Greggs, y se establecieron amplias pruebas.<\/p>\n\t\t\t\t<img loading=\"lazy\" src=\"https:\/\/solupak.eu\/wp-content\/uploads\/2021\/03\/Dark-blue-curve@2x.png\" alt=\"Dark-blue-curve@2x\" itemprop=\"image\" height=\"440\" width=\"2000\" title=\"Curva azul oscuro@2x\" onerror=\"this.style.display='none'\"  \/>\n<h2>\n\t\tLa historia de fondo\n\t<\/h2>\n        \n<p>La gama de productos SoluClean est\u00e1 aprobada por la JLP para su uso en sus grandes almacenes, supermercados, oficinas y centros de distribuci\u00f3n.<\/p>\n<p>Al ver los beneficios del sistema SoluPak, TSS ha implementado SoluClean en varios de sus sitios patrimoniales mundialmente famosos e ic\u00f3nicos.<\/p>\n        <p>En 2018 se completaron las pruebas del producto en las instalaciones de los clientes clave y se recopilaron los comentarios cr\u00edticos de todas las partes interesadas para justificar la inclusi\u00f3n de Solupak en un ejercicio de licitaci\u00f3n comercial.<\/p>\n<p>Tras la licitaci\u00f3n, Solupak apoy\u00f3 a Peartree en todo lo necesario con presentaciones del equipo, muestras de productos, visitas a las instalaciones, datos de salud y seguridad, gr\u00e1ficos murales y material de formaci\u00f3n, todo ello adaptado a la gama de productos aprobada de Peartree.<\/p>\n<p>Durante la pandemia de COVID-19, Solupak desarroll\u00f3 y prob\u00f3 un desinfectante virucida que Peartree ha implantado con \u00e9xito en toda la empresa, tanto para la limpieza manual como para la protecci\u00f3n de superficies por atomizaci\u00f3n.<\/p>\n        <p>La asociaci\u00f3n entre Broadfords y Solupak comenz\u00f3 all\u00e1 por 2018, despu\u00e9s de que Broadfords tuviera problemas para encontrar proveedores de agentes de limpieza solubles en agua de la m\u00e1xima calidad.<\/p>\n<p>Tras haber experimentado proveedores poco fiables y productos insatisfactorios, Broadfords pudo detener su b\u00fasqueda de productos de limpieza solubles cuando descubri\u00f3 la gama Solupak.<\/p>\n<p>Tras haber desarrollado una s\u00f3lida relaci\u00f3n durante los dos a\u00f1os de colaboraci\u00f3n, Broadfords encarga ahora cuatro productos de la gama. Se trata de un limpiador de suelos desengrasante apto para alimentos, un limpiador secador de alta resistencia, un limpiador de cristales y un desinfectante de superficies.<\/p>\n        <p>Con nuestra ayuda... En el marco de este proyecto de Greggs, la tecnolog\u00eda SoluPak ha evitado que m\u00e1s de 3 toneladas de pl\u00e1stico al a\u00f1o entren en el flujo de residuos, y se prev\u00e9 que el desarrollo posterior del producto aumente esta cifra a m\u00e1s de 6 toneladas al a\u00f1o con la implantaci\u00f3n de los productos lavavajillas y abrillantadores. Antes de que SoluPak interviniera, Greggs ten\u00eda que vaciar los contenedores locales 3 veces por semana para retirar los residuos de envases. Con nuestra ayuda, esto se ha reducido a s\u00f3lo una vez por semana. Tras extensas pruebas en m\u00e1s de 30 puntos de venta, el 1 de junio de 2017 el nuevo r\u00e9gimen se puso en marcha de una sola vez, con un nivel de aceptaci\u00f3n de los usuarios sin precedentes y sin necesidad de formaci\u00f3n adicional o visitas a las instalaciones.<\/p>\n\t\t\t\t<img loading=\"lazy\" src=\"https:\/\/solupak.eu\/wp-content\/uploads\/2021\/03\/Dark-blue-curve-top@2x-1.png\" alt=\"Dark-blue-curve-top@2x\" itemprop=\"image\" height=\"317\" width=\"2000\" title=\"Azul oscuro-curva-top@2x\" onerror=\"this.style.display='none'\"  \/>\n<h2>\n\t\tLas ventajas de la gama Solupak\n\t<\/h2>\n\t\n        <img src=\"https:\/\/solupak.eu\/wp-content\/uploads\/2021\/03\/Icon-One-tab@2x.png\" alt=\"Guaranteed dosing of one tab per application.\" \/>\n        <h3>Dosificaci\u00f3n garantizada de una tableta por aplicaci\u00f3n.<\/h3>\n        Esto reduce el exceso de uso, previene las concentraciones insuficientes y minimiza el peligro para el operario que utiliza el producto. \n        <img src=\"https:\/\/solupak.eu\/wp-content\/uploads\/2021\/03\/Icon-97-reduction@2x.png\" alt=\"97% reduction in volume and space.\" \/>\n        <h3>97% reducci\u00f3n de volumen y espacio.<\/h3>\n        1 bolsa peque\u00f1a equivale a 10 pulverizaciones de gatillo (7,5 litros) de desinfectante de superficies.\n        <img src=\"https:\/\/solupak.eu\/wp-content\/uploads\/2021\/03\/Icon-safe-and-sure@2x.png\" alt=\"Safe and sure.\" \/>\n        <h3>Seguro y sin dudas.<\/h3>\n        Como cada dosis individual est\u00e1 contenida en su propio envase disoluble, el operario nunca entra en contacto con una sustancia qu\u00edmica potencialmente peligrosa. Esto supone una mejora significativa en el cumplimiento de las normas de salud y seguridad. Los productos est\u00e1n codificados por colores seg\u00fan BICSc, con una gu\u00eda de uso sencilla y pict\u00f3rica que no depende del idioma.\n        <img src=\"https:\/\/solupak.eu\/wp-content\/uploads\/2021\/03\/Icon-ZERO-single-plastic-waste@2x.png\" alt=\"ZERO single use plastic waste.\" \/>\n        <h3>Cero residuos de pl\u00e1stico de un solo uso.<\/h3>\n        Los pulverizadores serigrafiados y reutilizables y la ausencia de envases de 5 litros de l\u00edquido significan que los residuos de pl\u00e1stico de un solo uso se eliminan por completo de la actividad de Peartree.\n        <img src=\"https:\/\/solupak.eu\/wp-content\/uploads\/2021\/03\/Icon-92.5-reduction@2x.png\" alt=\"92.5% reduction in carbon footprint.\" \/>\n        <h3>92,5% de reducci\u00f3n de la huella de carbono.<\/h3>\n        Gracias al movimiento y la log\u00edstica de los productos, al no transporte de agua, a la reducci\u00f3n de los envases, etc., la huella de carbono se reduce en unos 92,5% en comparaci\u00f3n con el uso de RTU y concentrados l\u00edquidos.\n\t\t\t\t<img loading=\"lazy\" src=\"https:\/\/solupak.eu\/wp-content\/uploads\/2021\/03\/Dark-blue-curve@2x.png\" alt=\"Dark-blue-curve@2x\" itemprop=\"image\" height=\"440\" width=\"2000\" title=\"Curva azul oscuro@2x\" onerror=\"this.style.display='none'\"  \/>\n<h2>\n\t\t\u00c9tica, sostenible y segura\n\t<\/h2>\n\t\n<p>Nos aseguramos de que ninguna de nuestras materias primas sea de origen animal o est\u00e9 probada en animales.<\/p>\n\t\t\t\t<img loading=\"lazy\" src=\"https:\/\/solupak.eu\/wp-content\/uploads\/2021\/03\/Ethical-logos@2x.png\" alt=\"Ethical-logos@2x\" itemprop=\"image\" height=\"584\" width=\"1951\" title=\"Logos \u00e9ticos@2x\" onerror=\"this.style.display='none'\"  \/>\n\t\t\t\t<img loading=\"lazy\" src=\"https:\/\/solupak.eu\/wp-content\/uploads\/2021\/03\/Bunny@2x.png\" alt=\"Bunny@2x\" itemprop=\"image\" height=\"1501\" width=\"2000\" title=\"Conejito@2x\" onerror=\"this.style.display='none'\"  \/>\n\t\t\t\t<img loading=\"lazy\" src=\"https:\/\/solupak.eu\/wp-content\/uploads\/2021\/03\/Light-blue-curve@2x.png\" alt=\"Light-blue-curve@2x\" itemprop=\"image\" height=\"346\" width=\"2000\" title=\"Curva azul claro@2x\" onerror=\"this.style.display='none'\"  \/>\n<h2>\n\t\tTestimonio de un cliente\n\t<\/h2>\n            <p>\"Empezamos a utilizar los productos SoluPak en 2016, ya que son la gama aprobada para John Lewis y Waitrose. R\u00e1pidamente me di cuenta de que el sistema tiene muchos beneficios que ser\u00edan apreciados por nuestros otros clientes para contribuir a sus objetivos de RSC y Medio Ambiente. Las acreditaciones \u00e9ticas son cada vez m\u00e1s importantes para nuestros clientes y para nosotros como organizaci\u00f3n, las certificaciones Cruelty Free, Vegan y EcoFlower dan confianza en que SoluPak es una organizaci\u00f3n \u00e9tica.<\/p>\n<p>El mayor beneficio para el usuario final es la enorme reducci\u00f3n de residuos de pl\u00e1stico de un solo uso, estimamos que hemos evitado que m\u00e1s de 6000 KGS de pl\u00e1stico entren en los flujos de residuos de las instalaciones de nuestros clientes. Con el ahorro de espacio, la simplicidad de uso, las acreditaciones \u00e9ticas y las enormes reducciones de volumen para nuestros distribuidores, hay muchas grandes razones para asociarse con SoluPak\".<\/p>\n            <strong>Danny Gostt<\/strong>,<br \/>\n            Director de Operaciones de TSS\n            <p>\"Como una familia y bien respetado de limpieza comercial y el apoyo a utilizar, por lo que nuestra asociaci\u00f3n con Solupak ha sido un \u00e9xito ... empezamos a rodar los productos Solupak en 2018, y esta transici\u00f3n se hizo con facilidad, gracias a los valiosos materiales de formaci\u00f3n y servicios que fueron proporcionados por su equipo. Tenemos los productos de Solupak funcionando de la forma m\u00e1s fluida posible.\"<\/p>\n            <strong>Mike Rowley<\/strong>,<br \/>\n            Director de Operaciones\n            <p>\"Empezamos a utilizar los productos de Solupak en 2018 despu\u00e9s de tener algunos problemas con proveedores anteriores que resultaron ser poco fiables. Nunca hemos tenido problemas para obtener existencias de Solupak, y los productos han sido los m\u00e1s eficaces que hemos probado. Los valores y la \u00e9tica de Solupak los diferencian de las empresas con las que hemos trabajado en el pasado, y sus acreditaciones veganas y libres de crueldad son la clave de nuestra relaci\u00f3n inicial y continua con ellos. Limitamos nuestras listas de existencias en general, pero pedimos 4 productos a Solupak, y no dir\u00edamos que no a avanzar en esto en el futuro debido a la fiabilidad de la empresa. Esperamos mantener nuestra relaci\u00f3n con la marca Solupak\".<\/p>\n            <strong>Eoin O'Brien<\/strong>,<br \/>\n            Director de Operaciones\n            <p>\"Como empresa orientada al consumidor, con m\u00e1s de 1.700 tiendas, Greggs siempre busca formas de facilitar la vida a su personal para que pueda dedicar m\u00e1s tiempo a ofrecer un servicio excelente a sus clientes. Greggs tambi\u00e9n se toma en serio su responsabilidad social y, como parte de ella, busca continuamente oportunidades para reducir nuestro impacto en el medio ambiente. En 2015 nos pusimos en contacto con nuestro proveedor habitual de productos qu\u00edmicos, Christeyns Food Hygiene, y les pedimos que nos ofrecieran una forma de suministrar productos de limpieza a nuestras tiendas, de una manera sencilla y f\u00e1cil de usar que eliminara la necesidad de almacenar y enviar productos pesados por todo el pa\u00eds, sin comprometer los altos est\u00e1ndares requeridos de control microbiol\u00f3gico y de al\u00e9rgenos. Christeyns Food Hygiene acept\u00f3 este reto y colabor\u00f3 estrechamente con nosotros para dar con una soluci\u00f3n con la que estamos encantados: sobres monodosis solubles en envases peque\u00f1os y ligeros de transportar que son sencillos y f\u00e1ciles de usar y seguros para nuestro personal. Las ventajas son m\u00faltiples, entre ellas la facilidad de uso, ya que el formato de bolsita monodosis se rellena simplemente con agua, su manipulaci\u00f3n es segura y no requiere EPI, y son respetuosas con el medio ambiente. Tambi\u00e9n se transportan en bolsas compactas que se pueden volver a cerrar y son f\u00e1ciles de almacenar y reponer. Despu\u00e9s de extensas pruebas en tres regiones, estamos orgullosos de ser el primer minorista nacional de alimentos en adoptar esta tecnolog\u00eda en toda nuestra red de tiendas. La respuesta de nuestros colegas minoristas ha sido excelente, con una r\u00e1pida adopci\u00f3n y grandes elogios para esta soluci\u00f3n innovadora. Nos complace apoyar la candidatura de Christeyns Food Hygiene al \"Producto del A\u00f1o\" en los premios SOFHT 2017\".<\/p>\n            <strong>Ally Stephenson<\/strong>,<br \/>\n            Jefe de Compras (GNFR)\n<h2>\n\t<\/h2>\n        <a href=\"\" target=\"_blank\" rel=\"noopener\">Descargue el estudio de caso completo aqu\u00ed<\/a>\n        <a href=\"\" target=\"_blank\" rel=\"noopener\">Descargue el estudio de caso completo aqu\u00ed<\/a>\n        <a href=\"\" target=\"_blank\" rel=\"noopener\">Descargue el estudio de caso completo aqu\u00ed<\/a>\n        <a href=\"\" target=\"_blank\" rel=\"noopener\">Descargue el estudio de caso completo aqu\u00ed<\/a>","protected":false},"excerpt":{"rendered":"<p>Por qu\u00e9 Solupak La historia de fondo Las ventajas Testimonio de clientes TSS ha establecido relaciones de larga duraci\u00f3n y sigue fomentando nuevas asociaciones con empresas de diversos sectores e industrias. La misi\u00f3n de TSS: Proporcionar servicios de calidad, rentables, innovadores y centrados en el cliente a todos nuestros clientes. Reconocido como un socio de elecci\u00f3n, con est\u00e1ndares incre\u00edblemente altos...<\/p>","protected":false},"author":1,"featured_media":0,"parent":0,"menu_order":0,"comment_status":"closed","ping_status":"closed","template":"","meta":[],"yoast_head":"<!-- This site is optimized with the Yoast SEO plugin v19.7.2 - https:\/\/yoast.com\/wordpress\/plugins\/seo\/ -->\n<title>Case Studies - Solupak<\/title>\n<meta name=\"robots\" content=\"index, follow, max-snippet:-1, max-image-preview:large, max-video-preview:-1\" \/>\n<link rel=\"canonical\" href=\"https:\/\/solupak.eu\/es\/case-studies\/\" \/>\n<meta property=\"og:locale\" content=\"es_ES\" \/>\n<meta property=\"og:type\" content=\"article\" \/>\n<meta property=\"og:title\" content=\"Case Studies - Solupak\" \/>\n<meta property=\"og:description\" content=\"Why Solupak The Backstory The Benefits Customer Testimonial TSS has built long standing relationships and continues to foster new partnerships with businesses across varying industries and sectors. The TSS mission: To provide quality, cost effective, innovative and customer focused services to all of our clients. Recognised as a partner of choice, with incredibly high standards&hellip;\" \/>\n<meta property=\"og:url\" content=\"https:\/\/solupak.eu\/es\/case-studies\/\" \/>\n<meta property=\"og:site_name\" content=\"Solupak\" \/>\n<meta property=\"article:modified_time\" content=\"2021-04-01T09:39:55+00:00\" \/>\n<meta property=\"og:image\" content=\"https:\/\/solupak.eu\/wp-content\/uploads\/2021\/03\/Total-Support-Services-full-logo-png.png\" \/>\n<meta name=\"twitter:card\" content=\"summary_large_image\" \/>\n<meta name=\"twitter:label1\" content=\"Tiempo de lectura\" \/>\n\t<meta name=\"twitter:data1\" content=\"8 minutos\" \/>\n<script type=\"application\/ld+json\" class=\"yoast-schema-graph\">{\"@context\":\"https:\/\/schema.org\",\"@graph\":[{\"@type\":\"WebPage\",\"@id\":\"https:\/\/solupak.eu\/es\/case-studies\/\",\"url\":\"https:\/\/solupak.eu\/es\/case-studies\/\",\"name\":\"Case Studies - Solupak\",\"isPartOf\":{\"@id\":\"https:\/\/solupak.eu\/#website\"},\"datePublished\":\"2021-03-21T16:41:58+00:00\",\"dateModified\":\"2021-04-01T09:39:55+00:00\",\"breadcrumb\":{\"@id\":\"https:\/\/solupak.eu\/es\/case-studies\/#breadcrumb\"},\"inLanguage\":\"es\",\"potentialAction\":[{\"@type\":\"ReadAction\",\"target\":[\"https:\/\/solupak.eu\/es\/case-studies\/\"]}]},{\"@type\":\"BreadcrumbList\",\"@id\":\"https:\/\/solupak.eu\/es\/case-studies\/#breadcrumb\",\"itemListElement\":[{\"@type\":\"ListItem\",\"position\":1,\"name\":\"Home\",\"item\":\"https:\/\/solupak.eu\/\"},{\"@type\":\"ListItem\",\"position\":2,\"name\":\"Case Studies\"}]},{\"@type\":\"WebSite\",\"@id\":\"https:\/\/solupak.eu\/#website\",\"url\":\"https:\/\/solupak.eu\/\",\"name\":\"Solupak\",\"description\":\"...just add water\",\"potentialAction\":[{\"@type\":\"SearchAction\",\"target\":{\"@type\":\"EntryPoint\",\"urlTemplate\":\"https:\/\/solupak.eu\/?s={search_term_string}\"},\"query-input\":\"required name=search_term_string\"}],\"inLanguage\":\"es\"}]}<\/script>\n<!-- \/ Yoast SEO plugin. -->","yoast_head_json":{"title":"Case Studies - Solupak","robots":{"index":"index","follow":"follow","max-snippet":"max-snippet:-1","max-image-preview":"max-image-preview:large","max-video-preview":"max-video-preview:-1"},"canonical":"https:\/\/solupak.eu\/es\/case-studies\/","og_locale":"es_ES","og_type":"article","og_title":"Case Studies - Solupak","og_description":"Why Solupak The Backstory The Benefits Customer Testimonial TSS has built long standing relationships and continues to foster new partnerships with businesses across varying industries and sectors. The TSS mission: To provide quality, cost effective, innovative and customer focused services to all of our clients. Recognised as a partner of choice, with incredibly high standards&hellip;","og_url":"https:\/\/solupak.eu\/es\/case-studies\/","og_site_name":"Solupak","article_modified_time":"2021-04-01T09:39:55+00:00","og_image":[{"url":"https:\/\/solupak.eu\/wp-content\/uploads\/2021\/03\/Total-Support-Services-full-logo-png.png"}],"twitter_card":"summary_large_image","twitter_misc":{"Tiempo de lectura":"8 minutos"},"schema":{"@context":"https:\/\/schema.org","@graph":[{"@type":"WebPage","@id":"https:\/\/solupak.eu\/es\/case-studies\/","url":"https:\/\/solupak.eu\/es\/case-studies\/","name":"Case Studies - Solupak","isPartOf":{"@id":"https:\/\/solupak.eu\/#website"},"datePublished":"2021-03-21T16:41:58+00:00","dateModified":"2021-04-01T09:39:55+00:00","breadcrumb":{"@id":"https:\/\/solupak.eu\/es\/case-studies\/#breadcrumb"},"inLanguage":"es","potentialAction":[{"@type":"ReadAction","target":["https:\/\/solupak.eu\/es\/case-studies\/"]}]},{"@type":"BreadcrumbList","@id":"https:\/\/solupak.eu\/es\/case-studies\/#breadcrumb","itemListElement":[{"@type":"ListItem","position":1,"name":"Home","item":"https:\/\/solupak.eu\/"},{"@type":"ListItem","position":2,"name":"Case Studies"}]},{"@type":"WebSite","@id":"https:\/\/solupak.eu\/#website","url":"https:\/\/solupak.eu\/","name":"Solupak","description":"...just add water","potentialAction":[{"@type":"SearchAction","target":{"@type":"EntryPoint","urlTemplate":"https:\/\/solupak.eu\/?s={search_term_string}"},"query-input":"required name=search_term_string"}],"inLanguage":"es"}]}},"_links":{"self":[{"href":"https:\/\/solupak.eu\/es\/wp-json\/wp\/v2\/pages\/3464"}],"collection":[{"href":"https:\/\/solupak.eu\/es\/wp-json\/wp\/v2\/pages"}],"about":[{"href":"https:\/\/solupak.eu\/es\/wp-json\/wp\/v2\/types\/page"}],"author":[{"embeddable":true,"href":"https:\/\/solupak.eu\/es\/wp-json\/wp\/v2\/users\/1"}],"replies":[{"embeddable":true,"href":"https:\/\/solupak.eu\/es\/wp-json\/wp\/v2\/comments?post=3464"}],"version-history":[{"count":35,"href":"https:\/\/solupak.eu\/es\/wp-json\/wp\/v2\/pages\/3464\/revisions"}],"predecessor-version":[{"id":4382,"href":"https:\/\/solupak.eu\/es\/wp-json\/wp\/v2\/pages\/3464\/revisions\/4382"}],"wp:attachment":[{"href":"https:\/\/solupak.eu\/es\/wp-json\/wp\/v2\/media?parent=3464"}],"curies":[{"name":"wp","href":"https:\/\/api.w.org\/{rel}","templated":true}]}}