{"id":22097,"date":"2021-09-19T18:01:59","date_gmt":"2021-09-19T17:01:59","guid":{"rendered":"https:\/\/solupak.eu\/?page_id=22097"},"modified":"2021-10-01T13:21:22","modified_gmt":"2021-10-01T12:21:22","slug":"distributor-scheme","status":"publish","type":"page","link":"https:\/\/solupak.eu\/es\/distributor-scheme\/","title":{"rendered":"R\u00e9gimen de distribuidores"},"content":{"rendered":"<h1>Comparta nuestra filosof\u00eda y obtenga beneficios<\/h1>\n<p>Solupak se basa en los principios de la fabricaci\u00f3n responsable con productos y servicios de alta calidad que ayudan a las empresas con las que trabajamos a reducir su impacto en el medio ambiente sin comprometer a sus clientes.<\/p>\n\t\t\t\t<img loading=\"lazy\" src=\"https:\/\/solupak.eu\/wp-content\/uploads\/2021\/09\/SoluPak_-_Distributor_awards_1@4x-1.png\" alt=\"SoluPak_-_Distributor_awards_1@4x (1)\" itemprop=\"image\" height=\"400\" width=\"1000\" title=\"SoluPak_-_Distribuidor_premios_1@4x (1)\" onerror=\"this.style.display='none'\"  \/>\n\t<h2>R\u00e9gimen de distribuidores deseables<\/h2>\n<p>Nuestro objetivo es trabajar con socios que proporcionen a los usuarios finales productos de alta calidad, con un gran servicio y que demuestren su compromiso con un negocio sostenible y responsable. El programa de distribuidores deseables premia a los distribuidores que cumplen estos compromisos empresariales deseables.<\/p>\n    <a href=\"https:\/\/solupak.eu\/es\/contact\/\" target=\"_self\" rel=\"noopener noreferrer\">\n      M\u00e1s informaci\u00f3n\n    <\/a>\n\t\t\t\t<img loading=\"lazy\" src=\"https:\/\/solupak.eu\/wp-content\/uploads\/2021\/09\/SoluPak_-_Distributor_awards_2@4x-1.png\" alt=\"SoluPak_-_Distributor_awards_2@4x (1)\" itemprop=\"image\" height=\"699\" width=\"1000\" title=\"SoluPak_-_Distribuidor_premios_2@4x (1)\" onerror=\"this.style.display='none'\"  \/>\n\t\t\t\t<img loading=\"lazy\" src=\"https:\/\/solupak.eu\/wp-content\/uploads\/2020\/11\/shapes-flipped-2.png\" alt=\"shapes-flipped-2\" itemprop=\"image\" height=\"413\" width=\"2471\" title=\"shapes-flipped-2\" onerror=\"this.style.display='none'\"  \/>\n\t\t\t\t<img loading=\"lazy\" src=\"https:\/\/solupak.eu\/wp-content\/uploads\/2021\/03\/Trigger-bottles-1024x599.png\" alt=\"Trigger-bottles\" itemprop=\"image\" height=\"599\" width=\"1024\" title=\"Botellas de disparo\" onerror=\"this.style.display='none'\"  \/>\n\t<h1>Convi\u00e9rtase en un distribuidor deseable<\/h1>\n<p>Hay cuatro niveles de recompensa ascendentes, empezando por el bronce, pasando por el plata, el oro y el platino. A medida que un distribuidor aumenta el volumen de sus compromisos con la \u00e9tica de Solupak y el uso de sus productos, asciende en los niveles de recompensa y disfruta de beneficios adicionales para su negocio.<\/p>\n<p>&nbsp;<\/p>\n<p>Si desea obtener m\u00e1s informaci\u00f3n sobre c\u00f3mo convertirse en distribuidor de Solupak Desirable, rellene el siguiente formulario de contacto y nos pondremos en contacto con usted.<\/p>\n    <a href=\"https:\/\/solupak.eu\/es\/contact\/\" target=\"_self\" rel=\"noopener noreferrer\">\n      P\u00f3ngase en contacto con nosotros\n    <\/a>","protected":false},"excerpt":{"rendered":"<p>Comparta nuestra \u00e9tica y coseche las recompensas Solupak se basa en los principios de la fabricaci\u00f3n responsable con productos y servicios de alta calidad que ayudan a las empresas con las que trabajamos a reducir su impacto en el medio ambiente sin comprometer a sus clientes. Esquema de distribuidor deseable Nuestro objetivo es trabajar con socios que proporcionen...<\/p>","protected":false},"author":1,"featured_media":0,"parent":0,"menu_order":0,"comment_status":"closed","ping_status":"closed","template":"","meta":[],"yoast_head":"<!-- This site is optimized with the Yoast SEO plugin v19.7.2 - https:\/\/yoast.com\/wordpress\/plugins\/seo\/ -->\n<title>Distributor Scheme - Solupak<\/title>\n<meta name=\"robots\" content=\"index, follow, max-snippet:-1, max-image-preview:large, max-video-preview:-1\" \/>\n<link rel=\"canonical\" href=\"https:\/\/solupak.eu\/es\/distributor-scheme\/\" \/>\n<meta property=\"og:locale\" content=\"es_ES\" \/>\n<meta property=\"og:type\" content=\"article\" \/>\n<meta property=\"og:title\" content=\"Distributor Scheme - Solupak\" \/>\n<meta property=\"og:description\" content=\"Share our ethos and reap the rewards Solupak is built on principles of responsible manufacturing with high quality products and service that help the businesses we work with to reduce their impact on the environment whilst making zero compromise to their customers. Desirable Distributor Scheme Our aim is to work with partners who provide end&hellip;\" \/>\n<meta property=\"og:url\" content=\"https:\/\/solupak.eu\/es\/distributor-scheme\/\" \/>\n<meta property=\"og:site_name\" content=\"Solupak\" \/>\n<meta property=\"article:modified_time\" content=\"2021-10-01T12:21:22+00:00\" \/>\n<meta property=\"og:image\" content=\"https:\/\/solupak.eu\/wp-content\/uploads\/2021\/09\/SoluPak_-_Distributor_awards_1@4x-1.png\" \/>\n<meta name=\"twitter:card\" content=\"summary_large_image\" \/>\n<meta name=\"twitter:label1\" content=\"Tiempo de lectura\" \/>\n\t<meta name=\"twitter:data1\" content=\"2 minutos\" \/>\n<script type=\"application\/ld+json\" class=\"yoast-schema-graph\">{\"@context\":\"https:\/\/schema.org\",\"@graph\":[{\"@type\":\"WebPage\",\"@id\":\"https:\/\/solupak.eu\/es\/distributor-scheme\/\",\"url\":\"https:\/\/solupak.eu\/es\/distributor-scheme\/\",\"name\":\"Distributor Scheme - Solupak\",\"isPartOf\":{\"@id\":\"https:\/\/solupak.eu\/#website\"},\"datePublished\":\"2021-09-19T17:01:59+00:00\",\"dateModified\":\"2021-10-01T12:21:22+00:00\",\"breadcrumb\":{\"@id\":\"https:\/\/solupak.eu\/es\/distributor-scheme\/#breadcrumb\"},\"inLanguage\":\"es\",\"potentialAction\":[{\"@type\":\"ReadAction\",\"target\":[\"https:\/\/solupak.eu\/es\/distributor-scheme\/\"]}]},{\"@type\":\"BreadcrumbList\",\"@id\":\"https:\/\/solupak.eu\/es\/distributor-scheme\/#breadcrumb\",\"itemListElement\":[{\"@type\":\"ListItem\",\"position\":1,\"name\":\"Home\",\"item\":\"https:\/\/solupak.eu\/\"},{\"@type\":\"ListItem\",\"position\":2,\"name\":\"Distributor Scheme\"}]},{\"@type\":\"WebSite\",\"@id\":\"https:\/\/solupak.eu\/#website\",\"url\":\"https:\/\/solupak.eu\/\",\"name\":\"Solupak\",\"description\":\"...just add water\",\"potentialAction\":[{\"@type\":\"SearchAction\",\"target\":{\"@type\":\"EntryPoint\",\"urlTemplate\":\"https:\/\/solupak.eu\/?s={search_term_string}\"},\"query-input\":\"required name=search_term_string\"}],\"inLanguage\":\"es\"}]}<\/script>\n<!-- \/ Yoast SEO plugin. -->","yoast_head_json":{"title":"Distributor Scheme - Solupak","robots":{"index":"index","follow":"follow","max-snippet":"max-snippet:-1","max-image-preview":"max-image-preview:large","max-video-preview":"max-video-preview:-1"},"canonical":"https:\/\/solupak.eu\/es\/distributor-scheme\/","og_locale":"es_ES","og_type":"article","og_title":"Distributor Scheme - Solupak","og_description":"Share our ethos and reap the rewards Solupak is built on principles of responsible manufacturing with high quality products and service that help the businesses we work with to reduce their impact on the environment whilst making zero compromise to their customers. Desirable Distributor Scheme Our aim is to work with partners who provide end&hellip;","og_url":"https:\/\/solupak.eu\/es\/distributor-scheme\/","og_site_name":"Solupak","article_modified_time":"2021-10-01T12:21:22+00:00","og_image":[{"url":"https:\/\/solupak.eu\/wp-content\/uploads\/2021\/09\/SoluPak_-_Distributor_awards_1@4x-1.png"}],"twitter_card":"summary_large_image","twitter_misc":{"Tiempo de lectura":"2 minutos"},"schema":{"@context":"https:\/\/schema.org","@graph":[{"@type":"WebPage","@id":"https:\/\/solupak.eu\/es\/distributor-scheme\/","url":"https:\/\/solupak.eu\/es\/distributor-scheme\/","name":"Distributor Scheme - Solupak","isPartOf":{"@id":"https:\/\/solupak.eu\/#website"},"datePublished":"2021-09-19T17:01:59+00:00","dateModified":"2021-10-01T12:21:22+00:00","breadcrumb":{"@id":"https:\/\/solupak.eu\/es\/distributor-scheme\/#breadcrumb"},"inLanguage":"es","potentialAction":[{"@type":"ReadAction","target":["https:\/\/solupak.eu\/es\/distributor-scheme\/"]}]},{"@type":"BreadcrumbList","@id":"https:\/\/solupak.eu\/es\/distributor-scheme\/#breadcrumb","itemListElement":[{"@type":"ListItem","position":1,"name":"Home","item":"https:\/\/solupak.eu\/"},{"@type":"ListItem","position":2,"name":"Distributor Scheme"}]},{"@type":"WebSite","@id":"https:\/\/solupak.eu\/#website","url":"https:\/\/solupak.eu\/","name":"Solupak","description":"...just add water","potentialAction":[{"@type":"SearchAction","target":{"@type":"EntryPoint","urlTemplate":"https:\/\/solupak.eu\/?s={search_term_string}"},"query-input":"required name=search_term_string"}],"inLanguage":"es"}]}},"_links":{"self":[{"href":"https:\/\/solupak.eu\/es\/wp-json\/wp\/v2\/pages\/22097"}],"collection":[{"href":"https:\/\/solupak.eu\/es\/wp-json\/wp\/v2\/pages"}],"about":[{"href":"https:\/\/solupak.eu\/es\/wp-json\/wp\/v2\/types\/page"}],"author":[{"embeddable":true,"href":"https:\/\/solupak.eu\/es\/wp-json\/wp\/v2\/users\/1"}],"replies":[{"embeddable":true,"href":"https:\/\/solupak.eu\/es\/wp-json\/wp\/v2\/comments?post=22097"}],"version-history":[{"count":14,"href":"https:\/\/solupak.eu\/es\/wp-json\/wp\/v2\/pages\/22097\/revisions"}],"predecessor-version":[{"id":23325,"href":"https:\/\/solupak.eu\/es\/wp-json\/wp\/v2\/pages\/22097\/revisions\/23325"}],"wp:attachment":[{"href":"https:\/\/solupak.eu\/es\/wp-json\/wp\/v2\/media?parent=22097"}],"curies":[{"name":"wp","href":"https:\/\/api.w.org\/{rel}","templated":true}]}}