{"id":21,"date":"2020-10-23T11:48:48","date_gmt":"2020-10-23T10:48:48","guid":{"rendered":"https:\/\/solupak.eu\/?page_id=21"},"modified":"2020-11-11T12:14:21","modified_gmt":"2020-11-11T12:14:21","slug":"faqs","status":"publish","type":"page","link":"https:\/\/solupak.eu\/es\/faqs\/","title":{"rendered":"Preguntas frecuentes"},"content":{"rendered":"<h1>Preguntas frecuentes\u00a0<strong>Preguntas<\/strong><\/h1>\n          <a data-toggle=\"collapse\" href=\"#how-can-i-purchase-the-solupak-daily-cleaning-range-products\" role=\"button\" aria-expanded=\"false\" aria-controls=\"how-can-i-purchase-the-solupak-daily-cleaning-range-products\">\n          <\/a>\n            <strong>\u00bfC\u00f3mo puedo adquirir los productos de la gama de limpieza diaria de Solupak?<\/strong>\n            <p>Contacte con <a href=\"mailto:sales@solupak.eu\">sales@solupak.eu<\/a> o llame a nuestro equipo de atenci\u00f3n al cliente al 01924 565120, que podr\u00e1 analizar sus necesidades y ponerle en contacto con el distribuidor adecuado.<\/p>\n          <a data-toggle=\"collapse\" href=\"#what-material-is-the-sachet-wrapped-in-and-what-happens-when-it-dissolves\" role=\"button\" aria-expanded=\"false\" aria-controls=\"what-material-is-the-sachet-wrapped-in-and-what-happens-when-it-dissolves\">\n          <\/a>\n            <strong>\u00bfEn qu\u00e9 material est\u00e1 envuelta la bolsita y qu\u00e9 ocurre cuando se disuelve?<\/strong>\n            <p>Todos nuestros sobres hidrosolubles est\u00e1n envueltos en una pel\u00edcula de PVA (alcohol polivin\u00edlico) que NO es de pl\u00e1stico y se disuelve completamente en el agua. Es biodegradable y forma parte de la qu\u00edmica de la acci\u00f3n limpiadora.<\/p>\n          <a data-toggle=\"collapse\" href=\"#how-do-i-become-a-distributor-for-the-solupak-daily-cleaning-product-range\" role=\"button\" aria-expanded=\"false\" aria-controls=\"how-do-i-become-a-distributor-for-the-solupak-daily-cleaning-product-range\">\n          <\/a>\n            <strong>\u00bfC\u00f3mo puedo convertirme en distribuidor de la gama de productos de limpieza diaria de Solupak?<\/strong>\n            \n          <a data-toggle=\"collapse\" href=\"#what-does-the-clp-hazard-symbol-mean\" role=\"button\" aria-expanded=\"false\" aria-controls=\"what-does-the-clp-hazard-symbol-mean\">\n          <\/a>\n            <strong>\u00bfQu\u00e9 significa el s\u00edmbolo de peligro del CLP?<\/strong>\n            <p>Cada producto lleva su propio s\u00edmbolo de peligro CLP, que se refiere al polvo del sobre que se concentra. El sobre y el producto est\u00e1n envueltos en una pel\u00edcula hidrosoluble, lo que significa que hay una barrera protectora entre el usuario y el producto. Una vez diluida, la soluci\u00f3n no lleva ninguna advertencia de peligro.<\/p>\n          <a data-toggle=\"collapse\" href=\"#i-have-a-new-product-i-would-to-be-developed-by-solupak-what-are-the-next-steps\" role=\"button\" aria-expanded=\"false\" aria-controls=\"i-have-a-new-product-i-would-to-be-developed-by-solupak-what-are-the-next-steps\">\n          <\/a>\n            <strong>Tengo un nuevo producto que me gustar\u00eda que fuera desarrollado por Solupak, \u00bfcu\u00e1les son los siguientes pasos?<\/strong>\n            <p>Estar\u00edamos encantados de discutirlo m\u00e1s a fondo, pero la informaci\u00f3n que ser\u00eda de mayor ayuda es la aplicaci\u00f3n del producto, la ruta al mercado y la cantidad de pedidos prevista.<\/p>\n          <a data-toggle=\"collapse\" href=\"#but-isnt-this-product-still-using-plastic-bottles\" role=\"button\" aria-expanded=\"false\" aria-controls=\"but-isnt-this-product-still-using-plastic-bottles\">\n          <\/a>\n            <strong>\u00bfPero este producto no sigue utilizando botellas de pl\u00e1stico?<\/strong>\n            <p>El problema al que nos enfrentamos es el pl\u00e1stico de un solo uso. Nuestro sistema Bottle 4 Life significa que no se utilizan botellas de pl\u00e1stico de un solo uso en nuestro sistema. Est\u00e1n serigrafiadas y se pueden reutilizar una y otra vez ........ o, si llegan al final de su vida \u00fatil, son reciclables.<\/p>","protected":false},"excerpt":{"rendered":"<p>Preguntas frecuentes \u00bfC\u00f3mo puedo adquirir los productos de la gama de limpieza diaria de Solupak? P\u00f3ngase en contacto con sales@solupak.eu o llame a nuestro equipo de atenci\u00f3n al cliente al 01924 565120, que podr\u00e1 analizar sus necesidades y ponerle en contacto con el distribuidor adecuado. \u00bfEn qu\u00e9 material est\u00e1 envuelto el sobre y qu\u00e9 ocurre cuando se disuelve? Todos los...<\/p>","protected":false},"author":1,"featured_media":0,"parent":0,"menu_order":0,"comment_status":"closed","ping_status":"closed","template":"","meta":[],"yoast_head":"<!-- This site is optimized with the Yoast SEO plugin v19.7.2 - https:\/\/yoast.com\/wordpress\/plugins\/seo\/ -->\n<title>FAQs - Solupak<\/title>\n<meta name=\"robots\" content=\"index, follow, max-snippet:-1, max-image-preview:large, max-video-preview:-1\" \/>\n<link rel=\"canonical\" href=\"https:\/\/solupak.eu\/es\/faqs\/\" \/>\n<meta property=\"og:locale\" content=\"es_ES\" \/>\n<meta property=\"og:type\" content=\"article\" \/>\n<meta property=\"og:title\" content=\"FAQs - Solupak\" \/>\n<meta property=\"og:description\" content=\"Frequently Asked\u00a0Questions How can I purchase the Solupak daily cleaning range products? Contact sales@solupak.eu or call our customer service team on 01924 565120 who will be able to discuss your requirements and put you in touch with the right distributor. What material is the sachet wrapped in and what happens when it dissolves? All of&hellip;\" \/>\n<meta property=\"og:url\" content=\"https:\/\/solupak.eu\/es\/faqs\/\" \/>\n<meta property=\"og:site_name\" content=\"Solupak\" \/>\n<meta property=\"article:modified_time\" content=\"2020-11-11T12:14:21+00:00\" \/>\n<meta name=\"twitter:card\" content=\"summary_large_image\" \/>\n<meta name=\"twitter:label1\" content=\"Tiempo de lectura\" \/>\n\t<meta name=\"twitter:data1\" content=\"1 minuto\" \/>\n<script type=\"application\/ld+json\" class=\"yoast-schema-graph\">{\"@context\":\"https:\/\/schema.org\",\"@graph\":[{\"@type\":\"WebPage\",\"@id\":\"https:\/\/solupak.eu\/faqs\/\",\"url\":\"https:\/\/solupak.eu\/faqs\/\",\"name\":\"FAQs - Solupak\",\"isPartOf\":{\"@id\":\"https:\/\/solupak.eu\/#website\"},\"datePublished\":\"2020-10-23T10:48:48+00:00\",\"dateModified\":\"2020-11-11T12:14:21+00:00\",\"breadcrumb\":{\"@id\":\"https:\/\/solupak.eu\/faqs\/#breadcrumb\"},\"inLanguage\":\"es\",\"potentialAction\":[{\"@type\":\"ReadAction\",\"target\":[\"https:\/\/solupak.eu\/faqs\/\"]}]},{\"@type\":\"BreadcrumbList\",\"@id\":\"https:\/\/solupak.eu\/faqs\/#breadcrumb\",\"itemListElement\":[{\"@type\":\"ListItem\",\"position\":1,\"name\":\"Home\",\"item\":\"https:\/\/solupak.eu\/\"},{\"@type\":\"ListItem\",\"position\":2,\"name\":\"FAQs\"}]},{\"@type\":\"WebSite\",\"@id\":\"https:\/\/solupak.eu\/#website\",\"url\":\"https:\/\/solupak.eu\/\",\"name\":\"Solupak\",\"description\":\"...just add water\",\"potentialAction\":[{\"@type\":\"SearchAction\",\"target\":{\"@type\":\"EntryPoint\",\"urlTemplate\":\"https:\/\/solupak.eu\/?s={search_term_string}\"},\"query-input\":\"required name=search_term_string\"}],\"inLanguage\":\"es\"}]}<\/script>\n<!-- \/ Yoast SEO plugin. -->","yoast_head_json":{"title":"FAQs - Solupak","robots":{"index":"index","follow":"follow","max-snippet":"max-snippet:-1","max-image-preview":"max-image-preview:large","max-video-preview":"max-video-preview:-1"},"canonical":"https:\/\/solupak.eu\/es\/faqs\/","og_locale":"es_ES","og_type":"article","og_title":"FAQs - Solupak","og_description":"Frequently Asked\u00a0Questions How can I purchase the Solupak daily cleaning range products? Contact sales@solupak.eu or call our customer service team on 01924 565120 who will be able to discuss your requirements and put you in touch with the right distributor. What material is the sachet wrapped in and what happens when it dissolves? All of&hellip;","og_url":"https:\/\/solupak.eu\/es\/faqs\/","og_site_name":"Solupak","article_modified_time":"2020-11-11T12:14:21+00:00","twitter_card":"summary_large_image","twitter_misc":{"Tiempo de lectura":"1 minuto"},"schema":{"@context":"https:\/\/schema.org","@graph":[{"@type":"WebPage","@id":"https:\/\/solupak.eu\/faqs\/","url":"https:\/\/solupak.eu\/faqs\/","name":"FAQs - Solupak","isPartOf":{"@id":"https:\/\/solupak.eu\/#website"},"datePublished":"2020-10-23T10:48:48+00:00","dateModified":"2020-11-11T12:14:21+00:00","breadcrumb":{"@id":"https:\/\/solupak.eu\/faqs\/#breadcrumb"},"inLanguage":"es","potentialAction":[{"@type":"ReadAction","target":["https:\/\/solupak.eu\/faqs\/"]}]},{"@type":"BreadcrumbList","@id":"https:\/\/solupak.eu\/faqs\/#breadcrumb","itemListElement":[{"@type":"ListItem","position":1,"name":"Home","item":"https:\/\/solupak.eu\/"},{"@type":"ListItem","position":2,"name":"FAQs"}]},{"@type":"WebSite","@id":"https:\/\/solupak.eu\/#website","url":"https:\/\/solupak.eu\/","name":"Solupak","description":"...just add water","potentialAction":[{"@type":"SearchAction","target":{"@type":"EntryPoint","urlTemplate":"https:\/\/solupak.eu\/?s={search_term_string}"},"query-input":"required name=search_term_string"}],"inLanguage":"es"}]}},"_links":{"self":[{"href":"https:\/\/solupak.eu\/es\/wp-json\/wp\/v2\/pages\/21"}],"collection":[{"href":"https:\/\/solupak.eu\/es\/wp-json\/wp\/v2\/pages"}],"about":[{"href":"https:\/\/solupak.eu\/es\/wp-json\/wp\/v2\/types\/page"}],"author":[{"embeddable":true,"href":"https:\/\/solupak.eu\/es\/wp-json\/wp\/v2\/users\/1"}],"replies":[{"embeddable":true,"href":"https:\/\/solupak.eu\/es\/wp-json\/wp\/v2\/comments?post=21"}],"version-history":[{"count":4,"href":"https:\/\/solupak.eu\/es\/wp-json\/wp\/v2\/pages\/21\/revisions"}],"predecessor-version":[{"id":314,"href":"https:\/\/solupak.eu\/es\/wp-json\/wp\/v2\/pages\/21\/revisions\/314"}],"wp:attachment":[{"href":"https:\/\/solupak.eu\/es\/wp-json\/wp\/v2\/media?parent=21"}],"curies":[{"name":"wp","href":"https:\/\/api.w.org\/{rel}","templated":true}]}}