{"id":20,"date":"2020-10-23T11:48:48","date_gmt":"2020-10-23T10:48:48","guid":{"rendered":"https:\/\/solupak.eu\/?page_id=20"},"modified":"2021-03-30T11:56:31","modified_gmt":"2021-03-30T10:56:31","slug":"capabilities","status":"publish","type":"page","link":"https:\/\/solupak.eu\/es\/capabilities\/","title":{"rendered":"Capacidades"},"content":{"rendered":"<h1>\n\t\tNos encanta desarrollar soluciones\n\t<\/h1>\n\t<p>Somos fabricantes e innovadores en sistemas solubles en agua. Mediante el almacenamiento y la distribuci\u00f3n locales, mantenemos una fabricaci\u00f3n de bajo carbono en el Reino Unido. La mezcla de polvos in situ y la maquinaria de producci\u00f3n de bolsitas de fabricaci\u00f3n propia ofrecen a nuestros clientes una producci\u00f3n de alta velocidad.<\/p>\n<p>Nos centramos en garantizar que, a lo largo de todos nuestros procesos de fabricaci\u00f3n, pruebas, formulaci\u00f3n y envasado, mantenemos una peque\u00f1a huella de carbono (utilizando envases reciclables y botellas reutilizables), al tiempo que producimos un producto libre de crueldad.<\/p>\n<p>El usuario tiene un bajo riesgo de contacto qu\u00edmico, una m\u00ednima manipulaci\u00f3n manual y productos de limpieza f\u00e1ciles de usar. Tanto el color de la bolsita como el de la diluci\u00f3n est\u00e1n codificados con BICSc. Al ser superconcentrado, no hay costes a\u00f1adidos por el env\u00edo de agua por todo el pa\u00eds y se necesita muy poco espacio para su almacenamiento.<\/p>\n\t\t\t\t<img loading=\"lazy\" src=\"https:\/\/solupak.eu\/wp-content\/uploads\/2021\/05\/Solupak-products-spanish.png\" alt=\"Solupak-products-web-png\" itemprop=\"image\" height=\"550\" width=\"1024\" title=\"Solupak-products-web-png\" onerror=\"this.style.display='none'\"  \/>\n\t<h2>Nos encantan las soluciones de limpieza<\/h2>\n<p>Solupak es uno de los principales expertos del Reino Unido en el dise\u00f1o y la fabricaci\u00f3n de productos de limpieza solubles en agua a medida y sistemas de limpieza diaria. Los productos se mezclan, fabrican y envasan en nuestra oficina de producci\u00f3n y administraci\u00f3n de Yorkshire y se distribuyen por todo el mundo. Nuestra gama de productos de limpieza diaria est\u00e1 disponible a trav\u00e9s de nuestra red de distribuidores en el Reino Unido.<\/p>\n    <a href=\"#get-in-touch\" target=\"_self\" rel=\"noopener noreferrer\">\n    \tContacto\n    <\/a>\n\t<p>Las ventajas de nuestras soluciones hidrosolubles incluyen:<\/p>\n<p>Reducci\u00f3n de los costes log\u00edsticos, ya que el producto est\u00e1 muy concentrado y no hay env\u00edo de agua<\/p>\n<p>Control de las porciones<\/p>\n<p>Sin contacto qu\u00edmico<\/p>\n<p>El almacenamiento se reduce gracias a la dosificaci\u00f3n concentrada que ahorra espacio No hay manipulaci\u00f3n manual<\/p>\n<p>Puede ponerse en contacto con nuestro amable y experto equipo llamando al 44 (0) 1924 565120<\/p>\n    <a href=\"#\" target=\"\" rel=\"noopener noreferrer\">\n    \tVea nuestra gama de productos\n    <\/a>\n\t\t\t\t<img loading=\"lazy\" src=\"https:\/\/solupak.eu\/wp-content\/uploads\/2021\/05\/All-purpose_cleaner_spanish.png\" alt=\"All-purpose_cleaner\" itemprop=\"image\" height=\"1359\" width=\"1000\" title=\"Limpiador multiuso\" onerror=\"this.style.display='none'\"  \/>","protected":false},"excerpt":{"rendered":"<p>Nos encanta desarrollar soluciones Somos fabricantes e innovadores en sistemas solubles en agua. Mediante el almacenamiento y la distribuci\u00f3n locales, mantenemos una fabricaci\u00f3n de bajo carbono en el Reino Unido. La mezcla de polvos in situ y la maquinaria de producci\u00f3n de bolsitas construida en la empresa ofrecen a nuestros clientes una producci\u00f3n de alta velocidad. Nos centramos en garantizar que a lo largo de toda nuestra fabricaci\u00f3n, pruebas, formulaci\u00f3n y envasado...<\/p>","protected":false},"author":1,"featured_media":0,"parent":0,"menu_order":0,"comment_status":"closed","ping_status":"closed","template":"","meta":[],"yoast_head":"<!-- This site is optimized with the Yoast SEO plugin v19.7.2 - https:\/\/yoast.com\/wordpress\/plugins\/seo\/ -->\n<title>Capabilities - Solupak<\/title>\n<meta name=\"robots\" content=\"index, follow, max-snippet:-1, max-image-preview:large, max-video-preview:-1\" \/>\n<link rel=\"canonical\" href=\"https:\/\/solupak.eu\/es\/capabilities\/\" \/>\n<meta property=\"og:locale\" content=\"es_ES\" \/>\n<meta property=\"og:type\" content=\"article\" \/>\n<meta property=\"og:title\" content=\"Capabilities - Solupak\" \/>\n<meta property=\"og:description\" content=\"We Love Developing Solutions We are manufacturers and innovators in water soluble systems. Through local warehousing and distribution we maintain low carbon manufacturing in the UK. On-site blending of powders and in-house built sachet production machinery gives our customers high speed output. We focus on ensuring that throughout all our manufacturing, testing, formulation and packaging&hellip;\" \/>\n<meta property=\"og:url\" content=\"https:\/\/solupak.eu\/es\/capabilities\/\" \/>\n<meta property=\"og:site_name\" content=\"Solupak\" \/>\n<meta property=\"article:modified_time\" content=\"2021-03-30T10:56:31+00:00\" \/>\n<meta property=\"og:image\" content=\"https:\/\/solupak.eu\/wp-content\/uploads\/2020\/11\/Solupak-products-web-png-1024x550.png\" \/>\n<meta name=\"twitter:card\" content=\"summary_large_image\" \/>\n<meta name=\"twitter:label1\" content=\"Tiempo de lectura\" \/>\n\t<meta name=\"twitter:data1\" content=\"1 minuto\" \/>\n<script type=\"application\/ld+json\" class=\"yoast-schema-graph\">{\"@context\":\"https:\/\/schema.org\",\"@graph\":[{\"@type\":\"WebPage\",\"@id\":\"https:\/\/solupak.eu\/capabilities\/\",\"url\":\"https:\/\/solupak.eu\/capabilities\/\",\"name\":\"Capabilities - Solupak\",\"isPartOf\":{\"@id\":\"https:\/\/solupak.eu\/#website\"},\"datePublished\":\"2020-10-23T10:48:48+00:00\",\"dateModified\":\"2021-03-30T10:56:31+00:00\",\"breadcrumb\":{\"@id\":\"https:\/\/solupak.eu\/capabilities\/#breadcrumb\"},\"inLanguage\":\"es\",\"potentialAction\":[{\"@type\":\"ReadAction\",\"target\":[\"https:\/\/solupak.eu\/capabilities\/\"]}]},{\"@type\":\"BreadcrumbList\",\"@id\":\"https:\/\/solupak.eu\/capabilities\/#breadcrumb\",\"itemListElement\":[{\"@type\":\"ListItem\",\"position\":1,\"name\":\"Home\",\"item\":\"https:\/\/solupak.eu\/\"},{\"@type\":\"ListItem\",\"position\":2,\"name\":\"Capabilities\"}]},{\"@type\":\"WebSite\",\"@id\":\"https:\/\/solupak.eu\/#website\",\"url\":\"https:\/\/solupak.eu\/\",\"name\":\"Solupak\",\"description\":\"...just add water\",\"potentialAction\":[{\"@type\":\"SearchAction\",\"target\":{\"@type\":\"EntryPoint\",\"urlTemplate\":\"https:\/\/solupak.eu\/?s={search_term_string}\"},\"query-input\":\"required name=search_term_string\"}],\"inLanguage\":\"es\"}]}<\/script>\n<!-- \/ Yoast SEO plugin. -->","yoast_head_json":{"title":"Capabilities - Solupak","robots":{"index":"index","follow":"follow","max-snippet":"max-snippet:-1","max-image-preview":"max-image-preview:large","max-video-preview":"max-video-preview:-1"},"canonical":"https:\/\/solupak.eu\/es\/capabilities\/","og_locale":"es_ES","og_type":"article","og_title":"Capabilities - Solupak","og_description":"We Love Developing Solutions We are manufacturers and innovators in water soluble systems. Through local warehousing and distribution we maintain low carbon manufacturing in the UK. On-site blending of powders and in-house built sachet production machinery gives our customers high speed output. We focus on ensuring that throughout all our manufacturing, testing, formulation and packaging&hellip;","og_url":"https:\/\/solupak.eu\/es\/capabilities\/","og_site_name":"Solupak","article_modified_time":"2021-03-30T10:56:31+00:00","og_image":[{"url":"https:\/\/solupak.eu\/wp-content\/uploads\/2020\/11\/Solupak-products-web-png-1024x550.png"}],"twitter_card":"summary_large_image","twitter_misc":{"Tiempo de lectura":"1 minuto"},"schema":{"@context":"https:\/\/schema.org","@graph":[{"@type":"WebPage","@id":"https:\/\/solupak.eu\/capabilities\/","url":"https:\/\/solupak.eu\/capabilities\/","name":"Capabilities - Solupak","isPartOf":{"@id":"https:\/\/solupak.eu\/#website"},"datePublished":"2020-10-23T10:48:48+00:00","dateModified":"2021-03-30T10:56:31+00:00","breadcrumb":{"@id":"https:\/\/solupak.eu\/capabilities\/#breadcrumb"},"inLanguage":"es","potentialAction":[{"@type":"ReadAction","target":["https:\/\/solupak.eu\/capabilities\/"]}]},{"@type":"BreadcrumbList","@id":"https:\/\/solupak.eu\/capabilities\/#breadcrumb","itemListElement":[{"@type":"ListItem","position":1,"name":"Home","item":"https:\/\/solupak.eu\/"},{"@type":"ListItem","position":2,"name":"Capabilities"}]},{"@type":"WebSite","@id":"https:\/\/solupak.eu\/#website","url":"https:\/\/solupak.eu\/","name":"Solupak","description":"...just add water","potentialAction":[{"@type":"SearchAction","target":{"@type":"EntryPoint","urlTemplate":"https:\/\/solupak.eu\/?s={search_term_string}"},"query-input":"required name=search_term_string"}],"inLanguage":"es"}]}},"_links":{"self":[{"href":"https:\/\/solupak.eu\/es\/wp-json\/wp\/v2\/pages\/20"}],"collection":[{"href":"https:\/\/solupak.eu\/es\/wp-json\/wp\/v2\/pages"}],"about":[{"href":"https:\/\/solupak.eu\/es\/wp-json\/wp\/v2\/types\/page"}],"author":[{"embeddable":true,"href":"https:\/\/solupak.eu\/es\/wp-json\/wp\/v2\/users\/1"}],"replies":[{"embeddable":true,"href":"https:\/\/solupak.eu\/es\/wp-json\/wp\/v2\/comments?post=20"}],"version-history":[{"count":13,"href":"https:\/\/solupak.eu\/es\/wp-json\/wp\/v2\/pages\/20\/revisions"}],"predecessor-version":[{"id":4212,"href":"https:\/\/solupak.eu\/es\/wp-json\/wp\/v2\/pages\/20\/revisions\/4212"}],"wp:attachment":[{"href":"https:\/\/solupak.eu\/es\/wp-json\/wp\/v2\/media?parent=20"}],"curies":[{"name":"wp","href":"https:\/\/api.w.org\/{rel}","templated":true}]}}