{"id":198,"date":"2020-11-06T10:31:31","date_gmt":"2020-11-06T10:31:31","guid":{"rendered":"https:\/\/solupak.eu\/?page_id=198"},"modified":"2020-11-17T17:45:52","modified_gmt":"2020-11-17T17:45:52","slug":"cost","status":"publish","type":"page","link":"https:\/\/solupak.eu\/es\/cost\/","title":{"rendered":"Coste"},"content":{"rendered":"<h1>\n\t\tBeneficios del ahorro de costes\n\t<\/h1>\n\t\n<p>Adem\u00e1s del enorme impacto medioambiental positivo que tiene el transporte de agua cero, tambi\u00e9n hay beneficios en t\u00e9rminos de costes y ahorro. El peso de la carga es consecuentemente m\u00e1s ligero debido a que no hay l\u00edquido que transportar a los clientes; lo que significa que el coste de entrega de nuestros productos a usted y a sus distribuidores se reduce considerablemente.<\/p>\n<p>Nuestros sistemas son soluciones rentables tanto para peque\u00f1os clientes como para grandes usuarios. Esto se debe a que podemos implementar sistemas de dosificaci\u00f3n de concentrados para los usuarios m\u00e1s grandes, as\u00ed como proporcionar los sobres solubles en agua para los clientes en el otro extremo del espectro. En otras palabras, los productos Solupak son escalables desde un limpiador hasta m\u00e1s de 100. Como resultado de esto <strong>seguridad en la dosificaci\u00f3n<\/strong>No hay que preocuparse por el uso de una cantidad excesiva de producto, lo que a su vez conduce a <strong>seguridad de los costes<\/strong> ya que no se desperdicia ning\u00fan producto.<\/p>\n<p>No s\u00f3lo eso, sino que los productos Solupak tienen una vida \u00fatil de tres a\u00f1os (si se mantienen secos, por supuesto). No hay prisa por utilizar los productos en un plazo breve y ocupan un espacio m\u00ednimo en las estanter\u00edas, ya que no se a\u00f1ade agua hasta su uso.<\/p>","protected":false},"excerpt":{"rendered":"<p>Beneficios en el ahorro de costes Adem\u00e1s del enorme impacto medioambiental positivo que tiene el transporte de agua cero, tambi\u00e9n hay beneficios en t\u00e9rminos de costes y ahorro. El peso de la carga es consecuentemente m\u00e1s ligero debido a que no hay l\u00edquido que transportar a los clientes; lo que significa que el coste de entrega de nuestros productos...<\/p>","protected":false},"author":1,"featured_media":0,"parent":0,"menu_order":0,"comment_status":"closed","ping_status":"closed","template":"","meta":[],"yoast_head":"<!-- This site is optimized with the Yoast SEO plugin v19.7.2 - https:\/\/yoast.com\/wordpress\/plugins\/seo\/ -->\n<title>Cost - Solupak<\/title>\n<meta name=\"robots\" content=\"index, follow, max-snippet:-1, max-image-preview:large, max-video-preview:-1\" \/>\n<link rel=\"canonical\" href=\"https:\/\/solupak.eu\/es\/cost\/\" \/>\n<meta property=\"og:locale\" content=\"es_ES\" \/>\n<meta property=\"og:type\" content=\"article\" \/>\n<meta property=\"og:title\" content=\"Cost - Solupak\" \/>\n<meta property=\"og:description\" content=\"Cost Saving Benefits In addition to the enormous positive environmental impact that zero water transportation has, there are also benefits in terms of costs and savings. The weight of the load is consequently lighter due to there being no liquid to transport to customers; meaning that the cost of delivering our products to you and&hellip;\" \/>\n<meta property=\"og:url\" content=\"https:\/\/solupak.eu\/es\/cost\/\" \/>\n<meta property=\"og:site_name\" content=\"Solupak\" \/>\n<meta property=\"article:modified_time\" content=\"2020-11-17T17:45:52+00:00\" \/>\n<meta name=\"twitter:card\" content=\"summary_large_image\" \/>\n<meta name=\"twitter:label1\" content=\"Tiempo de lectura\" \/>\n\t<meta name=\"twitter:data1\" content=\"1 minuto\" \/>\n<script type=\"application\/ld+json\" class=\"yoast-schema-graph\">{\"@context\":\"https:\/\/schema.org\",\"@graph\":[{\"@type\":\"WebPage\",\"@id\":\"https:\/\/solupak.eu\/fr\/cost\/\",\"url\":\"https:\/\/solupak.eu\/fr\/cost\/\",\"name\":\"Cost - Solupak\",\"isPartOf\":{\"@id\":\"https:\/\/solupak.eu\/#website\"},\"datePublished\":\"2020-11-06T10:31:31+00:00\",\"dateModified\":\"2020-11-17T17:45:52+00:00\",\"breadcrumb\":{\"@id\":\"https:\/\/solupak.eu\/fr\/cost\/#breadcrumb\"},\"inLanguage\":\"es\",\"potentialAction\":[{\"@type\":\"ReadAction\",\"target\":[\"https:\/\/solupak.eu\/fr\/cost\/\"]}]},{\"@type\":\"BreadcrumbList\",\"@id\":\"https:\/\/solupak.eu\/fr\/cost\/#breadcrumb\",\"itemListElement\":[{\"@type\":\"ListItem\",\"position\":1,\"name\":\"Home\",\"item\":\"https:\/\/solupak.eu\/\"},{\"@type\":\"ListItem\",\"position\":2,\"name\":\"Cost\"}]},{\"@type\":\"WebSite\",\"@id\":\"https:\/\/solupak.eu\/#website\",\"url\":\"https:\/\/solupak.eu\/\",\"name\":\"Solupak\",\"description\":\"...just add water\",\"potentialAction\":[{\"@type\":\"SearchAction\",\"target\":{\"@type\":\"EntryPoint\",\"urlTemplate\":\"https:\/\/solupak.eu\/?s={search_term_string}\"},\"query-input\":\"required name=search_term_string\"}],\"inLanguage\":\"es\"}]}<\/script>\n<!-- \/ Yoast SEO plugin. -->","yoast_head_json":{"title":"Cost - Solupak","robots":{"index":"index","follow":"follow","max-snippet":"max-snippet:-1","max-image-preview":"max-image-preview:large","max-video-preview":"max-video-preview:-1"},"canonical":"https:\/\/solupak.eu\/es\/cost\/","og_locale":"es_ES","og_type":"article","og_title":"Cost - Solupak","og_description":"Cost Saving Benefits In addition to the enormous positive environmental impact that zero water transportation has, there are also benefits in terms of costs and savings. The weight of the load is consequently lighter due to there being no liquid to transport to customers; meaning that the cost of delivering our products to you and&hellip;","og_url":"https:\/\/solupak.eu\/es\/cost\/","og_site_name":"Solupak","article_modified_time":"2020-11-17T17:45:52+00:00","twitter_card":"summary_large_image","twitter_misc":{"Tiempo de lectura":"1 minuto"},"schema":{"@context":"https:\/\/schema.org","@graph":[{"@type":"WebPage","@id":"https:\/\/solupak.eu\/fr\/cost\/","url":"https:\/\/solupak.eu\/fr\/cost\/","name":"Cost - Solupak","isPartOf":{"@id":"https:\/\/solupak.eu\/#website"},"datePublished":"2020-11-06T10:31:31+00:00","dateModified":"2020-11-17T17:45:52+00:00","breadcrumb":{"@id":"https:\/\/solupak.eu\/fr\/cost\/#breadcrumb"},"inLanguage":"es","potentialAction":[{"@type":"ReadAction","target":["https:\/\/solupak.eu\/fr\/cost\/"]}]},{"@type":"BreadcrumbList","@id":"https:\/\/solupak.eu\/fr\/cost\/#breadcrumb","itemListElement":[{"@type":"ListItem","position":1,"name":"Home","item":"https:\/\/solupak.eu\/"},{"@type":"ListItem","position":2,"name":"Cost"}]},{"@type":"WebSite","@id":"https:\/\/solupak.eu\/#website","url":"https:\/\/solupak.eu\/","name":"Solupak","description":"...just add water","potentialAction":[{"@type":"SearchAction","target":{"@type":"EntryPoint","urlTemplate":"https:\/\/solupak.eu\/?s={search_term_string}"},"query-input":"required name=search_term_string"}],"inLanguage":"es"}]}},"_links":{"self":[{"href":"https:\/\/solupak.eu\/es\/wp-json\/wp\/v2\/pages\/198"}],"collection":[{"href":"https:\/\/solupak.eu\/es\/wp-json\/wp\/v2\/pages"}],"about":[{"href":"https:\/\/solupak.eu\/es\/wp-json\/wp\/v2\/types\/page"}],"author":[{"embeddable":true,"href":"https:\/\/solupak.eu\/es\/wp-json\/wp\/v2\/users\/1"}],"replies":[{"embeddable":true,"href":"https:\/\/solupak.eu\/es\/wp-json\/wp\/v2\/comments?post=198"}],"version-history":[{"count":6,"href":"https:\/\/solupak.eu\/es\/wp-json\/wp\/v2\/pages\/198\/revisions"}],"predecessor-version":[{"id":597,"href":"https:\/\/solupak.eu\/es\/wp-json\/wp\/v2\/pages\/198\/revisions\/597"}],"wp:attachment":[{"href":"https:\/\/solupak.eu\/es\/wp-json\/wp\/v2\/media?parent=198"}],"curies":[{"name":"wp","href":"https:\/\/api.w.org\/{rel}","templated":true}]}}