{"id":197,"date":"2020-11-06T10:31:31","date_gmt":"2020-11-06T10:31:31","guid":{"rendered":"https:\/\/solupak.eu\/?page_id=197"},"modified":"2021-03-30T11:59:44","modified_gmt":"2021-03-30T10:59:44","slug":"ease-of-use","status":"publish","type":"page","link":"https:\/\/solupak.eu\/es\/ease-of-use\/","title":{"rendered":"Facilidad de uso"},"content":{"rendered":"<h1>\n\t\tVentajas de la facilidad de uso\n\t<\/h1>\n\t\t\t\t<img src=\"https:\/\/solupak.eu\/wp-content\/uploads\/2021\/05\/Fill_add_shake__go_spanish_WEB.png\" alt=\"BOTTLE4LIFE-banner\" itemprop=\"image\" title=\"BOTTLE4LIFE-banner\" onerror=\"this.style.display='none'\"  \/>\n\t\n<p>Los productos son f\u00e1ciles de usar, como se demuestra en el proceso de 4 pasos:<\/p>\n        <img src=\"https:\/\/solupak.eu\/wp-content\/uploads\/2021\/01\/Step_2@3x.png\" alt=\"1. Add Water...\" \/>\n        <h3>1. A\u00f1adir agua...<\/h3>\n        <img src=\"https:\/\/solupak.eu\/wp-content\/uploads\/2021\/01\/Step_1@3x.png\" alt=\"2. Place the sachet(s) in the bottle \/ bucket \/ machine or other container\" \/>\n        <h3>2. Colocar la(s) bolsita(s) en la botella \/ cubo \/ m\u00e1quina u otro recipiente<\/h3>\n        <img src=\"https:\/\/solupak.eu\/wp-content\/uploads\/2021\/01\/Step_3@3x.png\" alt=\"3. Agitate \/ shake \/ swirl the water until the sachet is completely dissolved\" \/>\n        <h3>3. Agitar\/agitar\/agitar el agua hasta que el sobre se disuelva completamente<\/h3>\n        <img src=\"https:\/\/solupak.eu\/wp-content\/uploads\/2021\/01\/Step_4@3x.png\" alt=\"4. Use\" \/>\n        <h3>4. Utilice<\/h3>\n\t<p>Los frascos patentados por Solupak han sido dise\u00f1ados con un cuello ancho, para que la bolsita pueda colocarse f\u00e1cilmente en \u00e9l, adem\u00e1s de estar marcados para indicar el llenado correcto. Esto garantiza que el riesgo de que el concentrado entre en contacto con la piel o los ojos del usuario sea m\u00ednimo. No es necesario manipular los productos antes de a\u00f1adirles agua.<\/p>\n<p>La dosificaci\u00f3n es siempre correcta, lo que significa que los ingredientes activos de los sobres funcionar\u00e1n al nivel \u00f3ptimo y los costes se controlan totalmente en el lugar.<\/p>\n\t<h2>Nuestra historia. El futuro.<\/h2>\n<p>Solupak se cre\u00f3 en 1998 y es reconocida como la principal experta en productos solubles en agua. A lo largo de casi 20 a\u00f1os, la empresa ha trabajado con muchas marcas l\u00edderes para desarrollar, formular, envasar y distribuir pel\u00edculas y gr\u00e1nulos solubles en agua (PVOH).<\/p>\n<p>Con sede en Yorkshire, en el norte de Inglaterra, damos servicio al Reino Unido y a nuestros distribuidores para Europa, Extremo Oriente y Australia. Como especialistas en productos de limpieza comercial, contamos con un completo equipo interno de formulaci\u00f3n y desarrollo t\u00e9cnico. La fabricaci\u00f3n se realiza \u00edntegramente en el Reino Unido, as\u00ed como el concepto, la I+D, las pruebas, la fabricaci\u00f3n, el envasado y la distribuci\u00f3n.<\/p>\n<p>Estamos muy orgullosos de nuestras credenciales ecol\u00f3gicas y estamos acreditados por Cruelty Free International (formalmente conocida como la BUAV) y por Ecolabel (donde sea aplicable). Todos nuestros productos son veganos. Tenemos patentes sobre nuestra gama de activadores. Nuestra gama de productos est\u00e1 especialmente formulada para el uso diario, con envases m\u00e1s peque\u00f1os que reducen los costes de transporte y log\u00edstica. Contamos con la acreditaci\u00f3n ISO 9001: 2015; su negocio est\u00e1 seguro con nosotros.<\/p>\n    <a href=\"#\" target=\"\" rel=\"noopener noreferrer\">\n    \tVea nuestra gama de productos\n    <\/a>\n\t\t\t\t<img loading=\"lazy\" src=\"https:\/\/solupak.eu\/wp-content\/uploads\/2021\/05\/All-purpose_cleaner_spanish.png\" alt=\"All-purpose_cleaner\" itemprop=\"image\" height=\"1359\" width=\"1000\" title=\"Limpiador multiuso\" onerror=\"this.style.display='none'\"  \/>","protected":false},"excerpt":{"rendered":"<p>Facilidad de uso Ventajas Los productos son f\u00e1ciles de usar, como demuestra el proceso de 4 pasos: 1. A\u00f1adir agua... 2. Coloque el\/los sobrecitos en la botella \/ cubo \/ m\u00e1quina u otro recipiente 3. Agite\/agite\/agite el agua hasta que el sobre se disuelva por completo 4. Utilizaci\u00f3n Las botellas patentadas de Solupak han sido...<\/p>","protected":false},"author":1,"featured_media":0,"parent":0,"menu_order":0,"comment_status":"closed","ping_status":"closed","template":"","meta":[],"yoast_head":"<!-- This site is optimized with the Yoast SEO plugin v19.7.2 - https:\/\/yoast.com\/wordpress\/plugins\/seo\/ -->\n<title>Ease of Use - Solupak<\/title>\n<meta name=\"robots\" content=\"index, follow, max-snippet:-1, max-image-preview:large, max-video-preview:-1\" \/>\n<link rel=\"canonical\" href=\"https:\/\/solupak.eu\/es\/ease-of-use\/\" \/>\n<meta property=\"og:locale\" content=\"es_ES\" \/>\n<meta property=\"og:type\" content=\"article\" \/>\n<meta property=\"og:title\" content=\"Ease of Use - Solupak\" \/>\n<meta property=\"og:description\" content=\"Ease of Use Benefits The products are easy to use, as demonstrated in the 4-step process: 1. Add Water&#8230; 2. Place the sachet(s) in the bottle \/ bucket \/ machine or other container 3. Agitate \/ shake \/ swirl the water until the sachet is completely dissolved 4. Use The Solupak patented bottles have been&hellip;\" \/>\n<meta property=\"og:url\" content=\"https:\/\/solupak.eu\/es\/ease-of-use\/\" \/>\n<meta property=\"og:site_name\" content=\"Solupak\" \/>\n<meta property=\"article:modified_time\" content=\"2021-03-30T10:59:44+00:00\" \/>\n<meta property=\"og:image\" content=\"https:\/\/solupak.eu\/wp-content\/uploads\/2021\/03\/BOTTLE4LIFE-banner-e1614938169926.png\" \/>\n<meta name=\"twitter:card\" content=\"summary_large_image\" \/>\n<meta name=\"twitter:label1\" content=\"Tiempo de lectura\" \/>\n\t<meta name=\"twitter:data1\" content=\"2 minutos\" \/>\n<script type=\"application\/ld+json\" class=\"yoast-schema-graph\">{\"@context\":\"https:\/\/schema.org\",\"@graph\":[{\"@type\":\"WebPage\",\"@id\":\"https:\/\/solupak.eu\/ease-of-use\/\",\"url\":\"https:\/\/solupak.eu\/ease-of-use\/\",\"name\":\"Ease of Use - Solupak\",\"isPartOf\":{\"@id\":\"https:\/\/solupak.eu\/#website\"},\"datePublished\":\"2020-11-06T10:31:31+00:00\",\"dateModified\":\"2021-03-30T10:59:44+00:00\",\"breadcrumb\":{\"@id\":\"https:\/\/solupak.eu\/ease-of-use\/#breadcrumb\"},\"inLanguage\":\"es\",\"potentialAction\":[{\"@type\":\"ReadAction\",\"target\":[\"https:\/\/solupak.eu\/ease-of-use\/\"]}]},{\"@type\":\"BreadcrumbList\",\"@id\":\"https:\/\/solupak.eu\/ease-of-use\/#breadcrumb\",\"itemListElement\":[{\"@type\":\"ListItem\",\"position\":1,\"name\":\"Home\",\"item\":\"https:\/\/solupak.eu\/\"},{\"@type\":\"ListItem\",\"position\":2,\"name\":\"Ease of Use\"}]},{\"@type\":\"WebSite\",\"@id\":\"https:\/\/solupak.eu\/#website\",\"url\":\"https:\/\/solupak.eu\/\",\"name\":\"Solupak\",\"description\":\"...just add water\",\"potentialAction\":[{\"@type\":\"SearchAction\",\"target\":{\"@type\":\"EntryPoint\",\"urlTemplate\":\"https:\/\/solupak.eu\/?s={search_term_string}\"},\"query-input\":\"required name=search_term_string\"}],\"inLanguage\":\"es\"}]}<\/script>\n<!-- \/ Yoast SEO plugin. -->","yoast_head_json":{"title":"Ease of Use - Solupak","robots":{"index":"index","follow":"follow","max-snippet":"max-snippet:-1","max-image-preview":"max-image-preview:large","max-video-preview":"max-video-preview:-1"},"canonical":"https:\/\/solupak.eu\/es\/ease-of-use\/","og_locale":"es_ES","og_type":"article","og_title":"Ease of Use - Solupak","og_description":"Ease of Use Benefits The products are easy to use, as demonstrated in the 4-step process: 1. Add Water&#8230; 2. Place the sachet(s) in the bottle \/ bucket \/ machine or other container 3. Agitate \/ shake \/ swirl the water until the sachet is completely dissolved 4. Use The Solupak patented bottles have been&hellip;","og_url":"https:\/\/solupak.eu\/es\/ease-of-use\/","og_site_name":"Solupak","article_modified_time":"2021-03-30T10:59:44+00:00","og_image":[{"url":"https:\/\/solupak.eu\/wp-content\/uploads\/2021\/03\/BOTTLE4LIFE-banner-e1614938169926.png"}],"twitter_card":"summary_large_image","twitter_misc":{"Tiempo de lectura":"2 minutos"},"schema":{"@context":"https:\/\/schema.org","@graph":[{"@type":"WebPage","@id":"https:\/\/solupak.eu\/ease-of-use\/","url":"https:\/\/solupak.eu\/ease-of-use\/","name":"Ease of Use - Solupak","isPartOf":{"@id":"https:\/\/solupak.eu\/#website"},"datePublished":"2020-11-06T10:31:31+00:00","dateModified":"2021-03-30T10:59:44+00:00","breadcrumb":{"@id":"https:\/\/solupak.eu\/ease-of-use\/#breadcrumb"},"inLanguage":"es","potentialAction":[{"@type":"ReadAction","target":["https:\/\/solupak.eu\/ease-of-use\/"]}]},{"@type":"BreadcrumbList","@id":"https:\/\/solupak.eu\/ease-of-use\/#breadcrumb","itemListElement":[{"@type":"ListItem","position":1,"name":"Home","item":"https:\/\/solupak.eu\/"},{"@type":"ListItem","position":2,"name":"Ease of Use"}]},{"@type":"WebSite","@id":"https:\/\/solupak.eu\/#website","url":"https:\/\/solupak.eu\/","name":"Solupak","description":"...just add water","potentialAction":[{"@type":"SearchAction","target":{"@type":"EntryPoint","urlTemplate":"https:\/\/solupak.eu\/?s={search_term_string}"},"query-input":"required name=search_term_string"}],"inLanguage":"es"}]}},"_links":{"self":[{"href":"https:\/\/solupak.eu\/es\/wp-json\/wp\/v2\/pages\/197"}],"collection":[{"href":"https:\/\/solupak.eu\/es\/wp-json\/wp\/v2\/pages"}],"about":[{"href":"https:\/\/solupak.eu\/es\/wp-json\/wp\/v2\/types\/page"}],"author":[{"embeddable":true,"href":"https:\/\/solupak.eu\/es\/wp-json\/wp\/v2\/users\/1"}],"replies":[{"embeddable":true,"href":"https:\/\/solupak.eu\/es\/wp-json\/wp\/v2\/comments?post=197"}],"version-history":[{"count":13,"href":"https:\/\/solupak.eu\/es\/wp-json\/wp\/v2\/pages\/197\/revisions"}],"predecessor-version":[{"id":4219,"href":"https:\/\/solupak.eu\/es\/wp-json\/wp\/v2\/pages\/197\/revisions\/4219"}],"wp:attachment":[{"href":"https:\/\/solupak.eu\/es\/wp-json\/wp\/v2\/media?parent=197"}],"curies":[{"name":"wp","href":"https:\/\/api.w.org\/{rel}","templated":true}]}}