{"id":196,"date":"2020-11-06T10:31:31","date_gmt":"2020-11-06T10:31:31","guid":{"rendered":"https:\/\/solupak.eu\/?page_id=196"},"modified":"2020-11-17T17:36:47","modified_gmt":"2020-11-17T17:36:47","slug":"innovative","status":"publish","type":"page","link":"https:\/\/solupak.eu\/es\/innovative\/","title":{"rendered":"Innovador"},"content":{"rendered":"<h1>\n\t\tBeneficios - Innovaci\u00f3n\n\t<\/h1>\n\t\n<p>La innovaci\u00f3n est\u00e1 en el coraz\u00f3n de la gama de productos Solupak, ya que nuestros productos no s\u00f3lo reducen los residuos, un problema acuciante hoy en d\u00eda, sino que tambi\u00e9n proporcionan un cambio positivo, sin aumentar los costes.<\/p>\n<p>Nuestro equipo interno de dise\u00f1o y envasado ha desarrollado nuestra gama de productos para seguir el sistema de codificaci\u00f3n por colores del Instituto Brit\u00e1nico de Ciencias de la Limpieza (BICSc), como se muestra aqu\u00ed.<\/p>\n<p>Las gu\u00edas pict\u00f3ricas y las etiquetas de los frascos refuerzan el proceso de 4 pasos y la codificaci\u00f3n por colores para garantizar un uso correcto. Tambi\u00e9n ayudan a los usuarios que tienen problemas de lenguaje o de aprendizaje. Las bolsitas de disoluci\u00f3n colorean el agua, lo que hace que sea inmediatamente obvio d\u00f3nde se debe utilizar el pulverizador de gatillo y evita la posible contaminaci\u00f3n cruzada.<\/p>\n<p>&nbsp;<\/p>","protected":false},"excerpt":{"rendered":"<p>Beneficios - Innovaci\u00f3n La innovaci\u00f3n est\u00e1 en el coraz\u00f3n de la gama de productos Solupak. Nuestros productos no s\u00f3lo reducen los residuos, un problema acuciante hoy en d\u00eda, sino que tambi\u00e9n proporcionan un cambio positivo, sin aumentar los costes. Nuestro equipo interno de dise\u00f1o y embalaje ha desarrollado nuestra gama de productos para seguir el color del Instituto Brit\u00e1nico de Ciencias de la Limpieza (BICSc)...<\/p>","protected":false},"author":1,"featured_media":0,"parent":0,"menu_order":0,"comment_status":"closed","ping_status":"closed","template":"","meta":[],"yoast_head":"<!-- This site is optimized with the Yoast SEO plugin v19.7.2 - https:\/\/yoast.com\/wordpress\/plugins\/seo\/ -->\n<title>Innovative - Solupak<\/title>\n<meta name=\"robots\" content=\"index, follow, max-snippet:-1, max-image-preview:large, max-video-preview:-1\" \/>\n<link rel=\"canonical\" href=\"http:\/\/solupak.eu\/es\/innovative\/\" \/>\n<meta property=\"og:locale\" content=\"es_ES\" \/>\n<meta property=\"og:type\" content=\"article\" \/>\n<meta property=\"og:title\" content=\"Innovative - Solupak\" \/>\n<meta property=\"og:description\" content=\"Benefits &#8211; Innovation Innovation is at the heart of the Solupak product range, not only do our products reduce waste, a pressing issue today, but they also provide a positive change, without increasing costs. Our in-house design and packaging team have developed our product range to follow the British Institute of Cleaning Science (BICSc) colour&hellip;\" \/>\n<meta property=\"og:url\" content=\"http:\/\/solupak.eu\/es\/innovative\/\" \/>\n<meta property=\"og:site_name\" content=\"Solupak\" \/>\n<meta property=\"article:modified_time\" content=\"2020-11-17T17:36:47+00:00\" \/>\n<meta name=\"twitter:card\" content=\"summary_large_image\" \/>\n<meta name=\"twitter:label1\" content=\"Tiempo de lectura\" \/>\n\t<meta name=\"twitter:data1\" content=\"1 minuto\" \/>\n<script type=\"application\/ld+json\" class=\"yoast-schema-graph\">{\"@context\":\"https:\/\/schema.org\",\"@graph\":[{\"@type\":\"WebPage\",\"@id\":\"http:\/\/solupak.eu\/es\/innovative\/\",\"url\":\"http:\/\/solupak.eu\/es\/innovative\/\",\"name\":\"Innovative - Solupak\",\"isPartOf\":{\"@id\":\"https:\/\/solupak.eu\/#website\"},\"datePublished\":\"2020-11-06T10:31:31+00:00\",\"dateModified\":\"2020-11-17T17:36:47+00:00\",\"breadcrumb\":{\"@id\":\"http:\/\/solupak.eu\/es\/innovative\/#breadcrumb\"},\"inLanguage\":\"es\",\"potentialAction\":[{\"@type\":\"ReadAction\",\"target\":[\"http:\/\/solupak.eu\/es\/innovative\/\"]}]},{\"@type\":\"BreadcrumbList\",\"@id\":\"http:\/\/solupak.eu\/es\/innovative\/#breadcrumb\",\"itemListElement\":[{\"@type\":\"ListItem\",\"position\":1,\"name\":\"Home\",\"item\":\"https:\/\/solupak.eu\/\"},{\"@type\":\"ListItem\",\"position\":2,\"name\":\"Innovative\"}]},{\"@type\":\"WebSite\",\"@id\":\"https:\/\/solupak.eu\/#website\",\"url\":\"https:\/\/solupak.eu\/\",\"name\":\"Solupak\",\"description\":\"...just add water\",\"potentialAction\":[{\"@type\":\"SearchAction\",\"target\":{\"@type\":\"EntryPoint\",\"urlTemplate\":\"https:\/\/solupak.eu\/?s={search_term_string}\"},\"query-input\":\"required name=search_term_string\"}],\"inLanguage\":\"es\"}]}<\/script>\n<!-- \/ Yoast SEO plugin. -->","yoast_head_json":{"title":"Innovative - Solupak","robots":{"index":"index","follow":"follow","max-snippet":"max-snippet:-1","max-image-preview":"max-image-preview:large","max-video-preview":"max-video-preview:-1"},"canonical":"http:\/\/solupak.eu\/es\/innovative\/","og_locale":"es_ES","og_type":"article","og_title":"Innovative - Solupak","og_description":"Benefits &#8211; Innovation Innovation is at the heart of the Solupak product range, not only do our products reduce waste, a pressing issue today, but they also provide a positive change, without increasing costs. Our in-house design and packaging team have developed our product range to follow the British Institute of Cleaning Science (BICSc) colour&hellip;","og_url":"http:\/\/solupak.eu\/es\/innovative\/","og_site_name":"Solupak","article_modified_time":"2020-11-17T17:36:47+00:00","twitter_card":"summary_large_image","twitter_misc":{"Tiempo de lectura":"1 minuto"},"schema":{"@context":"https:\/\/schema.org","@graph":[{"@type":"WebPage","@id":"http:\/\/solupak.eu\/es\/innovative\/","url":"http:\/\/solupak.eu\/es\/innovative\/","name":"Innovative - Solupak","isPartOf":{"@id":"https:\/\/solupak.eu\/#website"},"datePublished":"2020-11-06T10:31:31+00:00","dateModified":"2020-11-17T17:36:47+00:00","breadcrumb":{"@id":"http:\/\/solupak.eu\/es\/innovative\/#breadcrumb"},"inLanguage":"es","potentialAction":[{"@type":"ReadAction","target":["http:\/\/solupak.eu\/es\/innovative\/"]}]},{"@type":"BreadcrumbList","@id":"http:\/\/solupak.eu\/es\/innovative\/#breadcrumb","itemListElement":[{"@type":"ListItem","position":1,"name":"Home","item":"https:\/\/solupak.eu\/"},{"@type":"ListItem","position":2,"name":"Innovative"}]},{"@type":"WebSite","@id":"https:\/\/solupak.eu\/#website","url":"https:\/\/solupak.eu\/","name":"Solupak","description":"...just add water","potentialAction":[{"@type":"SearchAction","target":{"@type":"EntryPoint","urlTemplate":"https:\/\/solupak.eu\/?s={search_term_string}"},"query-input":"required name=search_term_string"}],"inLanguage":"es"}]}},"_links":{"self":[{"href":"https:\/\/solupak.eu\/es\/wp-json\/wp\/v2\/pages\/196"}],"collection":[{"href":"https:\/\/solupak.eu\/es\/wp-json\/wp\/v2\/pages"}],"about":[{"href":"https:\/\/solupak.eu\/es\/wp-json\/wp\/v2\/types\/page"}],"author":[{"embeddable":true,"href":"https:\/\/solupak.eu\/es\/wp-json\/wp\/v2\/users\/1"}],"replies":[{"embeddable":true,"href":"https:\/\/solupak.eu\/es\/wp-json\/wp\/v2\/comments?post=196"}],"version-history":[{"count":6,"href":"https:\/\/solupak.eu\/es\/wp-json\/wp\/v2\/pages\/196\/revisions"}],"predecessor-version":[{"id":586,"href":"https:\/\/solupak.eu\/es\/wp-json\/wp\/v2\/pages\/196\/revisions\/586"}],"wp:attachment":[{"href":"https:\/\/solupak.eu\/es\/wp-json\/wp\/v2\/media?parent=196"}],"curies":[{"name":"wp","href":"https:\/\/api.w.org\/{rel}","templated":true}]}}