{"id":195,"date":"2020-11-06T10:31:31","date_gmt":"2020-11-06T10:31:31","guid":{"rendered":"https:\/\/solupak.eu\/?page_id=195"},"modified":"2021-03-30T11:58:41","modified_gmt":"2021-03-30T10:58:41","slug":"physical","status":"publish","type":"page","link":"https:\/\/solupak.eu\/es\/physical\/","title":{"rendered":"F\u00edsico"},"content":{"rendered":"<h1>\n\t\tBeneficios f\u00edsicos\n\t<\/h1>\n\t\n<p>Los recursos naturales son preciosos y tratamos de minimizar siempre su uso en el dise\u00f1o y la fabricaci\u00f3n de nuestros productos. Con los sistemas Solupak no se transporta agua, por lo que el volumen y el peso de los productos en tr\u00e1nsito son bajos. Esto podr\u00eda parecer una peque\u00f1a ventaja, pero se sorprender\u00eda de lo mucho que se reducen las emisiones gracias a la disminuci\u00f3n de los kil\u00f3metros de transporte y a la mayor capacidad de los veh\u00edculos de transporte.<\/p>\n\n<p>Un pal\u00e9 entero de concentrado l\u00edquido de 5 litros puede sustituirse por 4 envases de nuestro producto. Todos estos envases de 5 litros se desperdician.<\/p>\n<ul>\n<li>S\u00f3lo a\u00f1ade agua... no la transportes<\/li>\n<li>Cero residuos<\/li>\n<li>Acreditaciones \u00e9ticas<\/li>\n<li>Normas mundiales<\/li>\n<li>A\u00f1adir agua en el punto de uso<\/li>\n<\/ul>\n\t\t\t\t<img loading=\"lazy\" src=\"https:\/\/solupak.eu\/wp-content\/uploads\/2020\/11\/Physical-benefits.png\" alt=\"Physical benefits\" itemprop=\"image\" height=\"415\" width=\"513\" title=\"Beneficios f\u00edsicos\" onerror=\"this.style.display='none'\"  \/>\n\t<h2>Nuestra historia. El futuro.<\/h2>\n<p>Solupak se cre\u00f3 en 1998 y es reconocida como la principal experta en productos solubles en agua. A lo largo de casi 20 a\u00f1os, la empresa ha trabajado con muchas marcas l\u00edderes para desarrollar, formular, envasar y distribuir pel\u00edculas y gr\u00e1nulos solubles en agua (PVOH).<\/p>\n<p>Con sede en Yorkshire, en el norte de Inglaterra, damos servicio al Reino Unido y a nuestros distribuidores para Europa, Extremo Oriente y Australia. Como especialistas en productos de limpieza comercial, contamos con un completo equipo interno de formulaci\u00f3n y desarrollo t\u00e9cnico. La fabricaci\u00f3n se realiza \u00edntegramente en el Reino Unido, as\u00ed como el concepto, la I+D, las pruebas, la fabricaci\u00f3n, el envasado y la distribuci\u00f3n.<\/p>\n<p>Estamos muy orgullosos de nuestras credenciales ecol\u00f3gicas y estamos acreditados por Cruelty Free International (formalmente conocida como la BUAV) y por Ecolabel (donde sea aplicable). Todos nuestros productos son veganos. Tenemos patentes sobre nuestra gama de activadores. Nuestra gama de productos est\u00e1 especialmente formulada para el uso diario, con envases m\u00e1s peque\u00f1os que reducen los costes de transporte y log\u00edstica. Contamos con la acreditaci\u00f3n ISO 9001: 2015; su negocio est\u00e1 seguro con nosotros.<\/p>\n    <a href=\"#\" target=\"\" rel=\"noopener noreferrer\">\n    \tVea nuestra gama de productos\n    <\/a>\n\t\t\t\t<img loading=\"lazy\" src=\"https:\/\/solupak.eu\/wp-content\/uploads\/2021\/05\/All-purpose_cleaner_spanish.png\" alt=\"All-purpose_cleaner\" itemprop=\"image\" height=\"1359\" width=\"1000\" title=\"Limpiador multiuso\" onerror=\"this.style.display='none'\"  \/>","protected":false},"excerpt":{"rendered":"<p>Beneficios f\u00edsicos Los recursos naturales son preciosos, y tratamos de minimizar siempre su uso en el dise\u00f1o y la fabricaci\u00f3n de nuestros productos. Con los sistemas Solupak no se transporta agua, por lo que el volumen y el peso de los productos en tr\u00e1nsito son bajos. Esto puede parecer una peque\u00f1a ventaja, pero se sorprender\u00eda...<\/p>","protected":false},"author":1,"featured_media":0,"parent":0,"menu_order":0,"comment_status":"closed","ping_status":"closed","template":"","meta":[],"yoast_head":"<!-- This site is optimized with the Yoast SEO plugin v19.7.2 - https:\/\/yoast.com\/wordpress\/plugins\/seo\/ -->\n<title>Physical - Solupak<\/title>\n<meta name=\"robots\" content=\"index, follow, max-snippet:-1, max-image-preview:large, max-video-preview:-1\" \/>\n<link rel=\"canonical\" href=\"https:\/\/solupak.eu\/es\/physical\/\" \/>\n<meta property=\"og:locale\" content=\"es_ES\" \/>\n<meta property=\"og:type\" content=\"article\" \/>\n<meta property=\"og:title\" content=\"Physical - Solupak\" \/>\n<meta property=\"og:description\" content=\"Physical Benefits Natural resources are precious, and we seek to always minimise our use of them in the design and manufacture of our products. With Solupak systems, zero water is transported, thus the volume and weight of products in transit is low. That might seem to be a small benefit, but you&#8217;d be amazed just&hellip;\" \/>\n<meta property=\"og:url\" content=\"https:\/\/solupak.eu\/es\/physical\/\" \/>\n<meta property=\"og:site_name\" content=\"Solupak\" \/>\n<meta property=\"article:modified_time\" content=\"2021-03-30T10:58:41+00:00\" \/>\n<meta property=\"og:image\" content=\"https:\/\/solupak.eu\/wp-content\/uploads\/2020\/11\/Physical-benefits.png\" \/>\n<meta name=\"twitter:card\" content=\"summary_large_image\" \/>\n<meta name=\"twitter:label1\" content=\"Tiempo de lectura\" \/>\n\t<meta name=\"twitter:data1\" content=\"1 minuto\" \/>\n<script type=\"application\/ld+json\" class=\"yoast-schema-graph\">{\"@context\":\"https:\/\/schema.org\",\"@graph\":[{\"@type\":\"WebPage\",\"@id\":\"https:\/\/solupak.eu\/es\/physical\/\",\"url\":\"https:\/\/solupak.eu\/es\/physical\/\",\"name\":\"Physical - Solupak\",\"isPartOf\":{\"@id\":\"https:\/\/solupak.eu\/#website\"},\"datePublished\":\"2020-11-06T10:31:31+00:00\",\"dateModified\":\"2021-03-30T10:58:41+00:00\",\"breadcrumb\":{\"@id\":\"https:\/\/solupak.eu\/es\/physical\/#breadcrumb\"},\"inLanguage\":\"es\",\"potentialAction\":[{\"@type\":\"ReadAction\",\"target\":[\"https:\/\/solupak.eu\/es\/physical\/\"]}]},{\"@type\":\"BreadcrumbList\",\"@id\":\"https:\/\/solupak.eu\/es\/physical\/#breadcrumb\",\"itemListElement\":[{\"@type\":\"ListItem\",\"position\":1,\"name\":\"Home\",\"item\":\"https:\/\/solupak.eu\/\"},{\"@type\":\"ListItem\",\"position\":2,\"name\":\"Physical\"}]},{\"@type\":\"WebSite\",\"@id\":\"https:\/\/solupak.eu\/#website\",\"url\":\"https:\/\/solupak.eu\/\",\"name\":\"Solupak\",\"description\":\"...just add water\",\"potentialAction\":[{\"@type\":\"SearchAction\",\"target\":{\"@type\":\"EntryPoint\",\"urlTemplate\":\"https:\/\/solupak.eu\/?s={search_term_string}\"},\"query-input\":\"required name=search_term_string\"}],\"inLanguage\":\"es\"}]}<\/script>\n<!-- \/ Yoast SEO plugin. -->","yoast_head_json":{"title":"Physical - Solupak","robots":{"index":"index","follow":"follow","max-snippet":"max-snippet:-1","max-image-preview":"max-image-preview:large","max-video-preview":"max-video-preview:-1"},"canonical":"https:\/\/solupak.eu\/es\/physical\/","og_locale":"es_ES","og_type":"article","og_title":"Physical - Solupak","og_description":"Physical Benefits Natural resources are precious, and we seek to always minimise our use of them in the design and manufacture of our products. With Solupak systems, zero water is transported, thus the volume and weight of products in transit is low. That might seem to be a small benefit, but you&#8217;d be amazed just&hellip;","og_url":"https:\/\/solupak.eu\/es\/physical\/","og_site_name":"Solupak","article_modified_time":"2021-03-30T10:58:41+00:00","og_image":[{"url":"https:\/\/solupak.eu\/wp-content\/uploads\/2020\/11\/Physical-benefits.png"}],"twitter_card":"summary_large_image","twitter_misc":{"Tiempo de lectura":"1 minuto"},"schema":{"@context":"https:\/\/schema.org","@graph":[{"@type":"WebPage","@id":"https:\/\/solupak.eu\/es\/physical\/","url":"https:\/\/solupak.eu\/es\/physical\/","name":"Physical - Solupak","isPartOf":{"@id":"https:\/\/solupak.eu\/#website"},"datePublished":"2020-11-06T10:31:31+00:00","dateModified":"2021-03-30T10:58:41+00:00","breadcrumb":{"@id":"https:\/\/solupak.eu\/es\/physical\/#breadcrumb"},"inLanguage":"es","potentialAction":[{"@type":"ReadAction","target":["https:\/\/solupak.eu\/es\/physical\/"]}]},{"@type":"BreadcrumbList","@id":"https:\/\/solupak.eu\/es\/physical\/#breadcrumb","itemListElement":[{"@type":"ListItem","position":1,"name":"Home","item":"https:\/\/solupak.eu\/"},{"@type":"ListItem","position":2,"name":"Physical"}]},{"@type":"WebSite","@id":"https:\/\/solupak.eu\/#website","url":"https:\/\/solupak.eu\/","name":"Solupak","description":"...just add water","potentialAction":[{"@type":"SearchAction","target":{"@type":"EntryPoint","urlTemplate":"https:\/\/solupak.eu\/?s={search_term_string}"},"query-input":"required name=search_term_string"}],"inLanguage":"es"}]}},"_links":{"self":[{"href":"https:\/\/solupak.eu\/es\/wp-json\/wp\/v2\/pages\/195"}],"collection":[{"href":"https:\/\/solupak.eu\/es\/wp-json\/wp\/v2\/pages"}],"about":[{"href":"https:\/\/solupak.eu\/es\/wp-json\/wp\/v2\/types\/page"}],"author":[{"embeddable":true,"href":"https:\/\/solupak.eu\/es\/wp-json\/wp\/v2\/users\/1"}],"replies":[{"embeddable":true,"href":"https:\/\/solupak.eu\/es\/wp-json\/wp\/v2\/comments?post=195"}],"version-history":[{"count":5,"href":"https:\/\/solupak.eu\/es\/wp-json\/wp\/v2\/pages\/195\/revisions"}],"predecessor-version":[{"id":4217,"href":"https:\/\/solupak.eu\/es\/wp-json\/wp\/v2\/pages\/195\/revisions\/4217"}],"wp:attachment":[{"href":"https:\/\/solupak.eu\/es\/wp-json\/wp\/v2\/media?parent=195"}],"curies":[{"name":"wp","href":"https:\/\/api.w.org\/{rel}","templated":true}]}}