{"id":194,"date":"2020-11-06T10:31:31","date_gmt":"2020-11-06T10:31:31","guid":{"rendered":"https:\/\/solupak.eu\/?page_id=194"},"modified":"2021-03-30T11:57:40","modified_gmt":"2021-03-30T10:57:40","slug":"environmental","status":"publish","type":"page","link":"https:\/\/solupak.eu\/es\/environmental\/","title":{"rendered":"Medio ambiente"},"content":{"rendered":"<h1>\n\t\tBeneficios medioambientales\n\t<\/h1>\n\t<p>En Solupak, la consideraci\u00f3n del medio ambiente est\u00e1 en la vanguardia de todos nuestros procesos y aplicaciones. Nos esforzamos por reducir la cantidad de pl\u00e1stico de un solo uso en la industria de la limpieza y por tener el menor impacto negativo posible en el medio ambiente. Nuestra misi\u00f3n es convertirnos en el principal productor de concentrados de limpieza eficaces y econ\u00f3micos, envasados en <strong>sobres hidrosolubles<\/strong>, realizada mediante la adopci\u00f3n de la <strong>los m\u00e1s altos est\u00e1ndares \u00e9ticos posibles<\/strong>.<\/p>\n        <img src=\"https:\/\/solupak.eu\/wp-content\/uploads\/2021\/01\/Plastic_reduction@3x.png\" alt=\"Plastic Reduction&#8230; #bottle4life\" \/>\n        <h3>Reducci\u00f3n de pl\u00e1sticos... #bottle4life<\/h3>\n        El enfoque de Solupak siempre ha sido minimizar la necesidad de reciclar los materiales que utilizamos en nuestros productos y envases. Nuestras botellas de spray patentadas est\u00e1n dise\u00f1adas para ser utilizadas a diario, a\u00f1o tras a\u00f1o, sin ning\u00fan problema; si llegan al final de su vida \u00fatil (cosa que a\u00fan no ha ocurrido) tambi\u00e9n son completamente reciclables. Adem\u00e1s, las bolsitas hidrosolubles est\u00e1n envasadas en materiales impermeables que pueden reutilizarse in situ durante varios a\u00f1os. En el momento en que haya que sustituirlos, pueden incluirse en los materiales mixtos de reciclaje en seco que se retiran de la obra para su reutilizaci\u00f3n.\n        <img src=\"https:\/\/solupak.eu\/wp-content\/uploads\/2021\/01\/Statistics@3x.png\" alt=\"The Statistics\" \/>\n        <h3>Las estad\u00edsticas<\/h3>\n        Las botellas de dosificaci\u00f3n son un desperdicio, nuestro sistema utiliza 15kg MENOS de pl\u00e1stico por limpiador al a\u00f1o en comparaci\u00f3n con los sistemas de dosificaci\u00f3n. Nuestro sistema utiliza 20 kg menos de pl\u00e1stico por limpiador al a\u00f1o que los sistemas listos para usar.\n        <img src=\"https:\/\/solupak.eu\/wp-content\/uploads\/2021\/01\/Carbon_footprint@3x.png\" alt=\"Carbon Footprint Reduction\" \/>\n        <h3>Reducci\u00f3n de la huella de carbono<\/h3>\n        Nuestra pol\u00edtica medioambiental no se limita a la reducci\u00f3n de pl\u00e1sticos. Tambi\u00e9n contribuimos a la reducci\u00f3n del di\u00f3xido de carbono con nuestros m\u00e9todos y pr\u00e1cticas de transporte y embalaje. Nuestros productos no implican el transporte de agua, \u00e9sta puede a\u00f1adirse a medida que se necesita el producto. De este modo, se utilizan menos recursos naturales para facilitar el tr\u00e1nsito de los productos, ya que su peso y volumen son muy reducidos.\n\t\t\t\t<img loading=\"lazy\" src=\"https:\/\/solupak.eu\/wp-content\/uploads\/2021\/05\/4_Packets-spanish.png\" alt=\"4_Pakets\" itemprop=\"image\" height=\"894\" width=\"1965\" title=\"4_Pakets\" onerror=\"this.style.display='none'\"  \/>\n\t<h2>Nuestra historia. El futuro.<\/h2>\n<p>Solupak se cre\u00f3 en 1998 y es reconocida como la principal experta en productos solubles en agua. A lo largo de casi 20 a\u00f1os, la empresa ha trabajado con muchas marcas l\u00edderes para desarrollar, formular, envasar y distribuir pel\u00edculas y gr\u00e1nulos solubles en agua (PVOH).<\/p>\n<p>Con sede en Yorkshire, en el norte de Inglaterra, damos servicio al Reino Unido y a nuestros distribuidores para Europa, Extremo Oriente y Australia. Como especialistas en productos de limpieza comercial, contamos con un completo equipo interno de formulaci\u00f3n y desarrollo t\u00e9cnico. La fabricaci\u00f3n se realiza \u00edntegramente en el Reino Unido, as\u00ed como el concepto, la I+D, las pruebas, la fabricaci\u00f3n, el envasado y la distribuci\u00f3n.<\/p>\n<p>Estamos muy orgullosos de nuestras credenciales ecol\u00f3gicas y estamos acreditados por Cruelty Free International (formalmente conocida como la BUAV) y por Ecolabel (donde sea aplicable). Todos nuestros productos son veganos. Tenemos patentes sobre nuestra gama de activadores. Nuestra gama de productos est\u00e1 especialmente formulada para el uso diario, con envases m\u00e1s peque\u00f1os que reducen los costes de transporte y log\u00edstica. Contamos con la acreditaci\u00f3n ISO 9001: 2015; su negocio est\u00e1 seguro con nosotros.<\/p>\n    <a href=\"#\" target=\"\" rel=\"noopener noreferrer\">\n    \tVea nuestra gama de productos\n    <\/a>\n\t\t\t\t<img loading=\"lazy\" src=\"https:\/\/solupak.eu\/wp-content\/uploads\/2021\/05\/All-purpose_cleaner_spanish.png\" alt=\"All-purpose_cleaner\" itemprop=\"image\" height=\"1359\" width=\"1000\" title=\"Limpiador multiuso\" onerror=\"this.style.display='none'\"  \/>","protected":false},"excerpt":{"rendered":"<p>Beneficios medioambientales En Solupak, la consideraci\u00f3n del medio ambiente est\u00e1 en la vanguardia de todos nuestros procesos y aplicaciones. Nos esforzamos por reducir la cantidad de pl\u00e1stico de un solo uso dentro de la industria de la limpieza y tener el menor impacto negativo posible en el medio ambiente. Nuestra misi\u00f3n es convertirnos en el principal productor de...<\/p>","protected":false},"author":1,"featured_media":0,"parent":0,"menu_order":0,"comment_status":"closed","ping_status":"closed","template":"","meta":[],"yoast_head":"<!-- This site is optimized with the Yoast SEO plugin v19.7.2 - https:\/\/yoast.com\/wordpress\/plugins\/seo\/ -->\n<title>Environmental - Solupak<\/title>\n<meta name=\"robots\" content=\"index, follow, max-snippet:-1, max-image-preview:large, max-video-preview:-1\" \/>\n<link rel=\"canonical\" href=\"https:\/\/solupak.eu\/es\/environmental\/\" \/>\n<meta property=\"og:locale\" content=\"es_ES\" \/>\n<meta property=\"og:type\" content=\"article\" \/>\n<meta property=\"og:title\" content=\"Environmental - Solupak\" \/>\n<meta property=\"og:description\" content=\"Environmental Benefits Here at Solupak, consideration for the environment is at the forefront of all of our processes and applications. We strive to reduce the amount of single use plastic within the cleaning industry and have as little negative impact as possible on the environment. Our mission is to become the leading producer of effective&hellip;\" \/>\n<meta property=\"og:url\" content=\"https:\/\/solupak.eu\/es\/environmental\/\" \/>\n<meta property=\"og:site_name\" content=\"Solupak\" \/>\n<meta property=\"article:modified_time\" content=\"2021-03-30T10:57:40+00:00\" \/>\n<meta property=\"og:image\" content=\"https:\/\/solupak.eu\/wp-content\/uploads\/2021\/01\/Plastic_reduction@3x.png\" \/>\n<meta name=\"twitter:card\" content=\"summary_large_image\" \/>\n<meta name=\"twitter:label1\" content=\"Tiempo de lectura\" \/>\n\t<meta name=\"twitter:data1\" content=\"2 minutos\" \/>\n<script type=\"application\/ld+json\" class=\"yoast-schema-graph\">{\"@context\":\"https:\/\/schema.org\",\"@graph\":[{\"@type\":\"WebPage\",\"@id\":\"https:\/\/solupak.eu\/environmental\/\",\"url\":\"https:\/\/solupak.eu\/environmental\/\",\"name\":\"Environmental - Solupak\",\"isPartOf\":{\"@id\":\"https:\/\/solupak.eu\/#website\"},\"datePublished\":\"2020-11-06T10:31:31+00:00\",\"dateModified\":\"2021-03-30T10:57:40+00:00\",\"breadcrumb\":{\"@id\":\"https:\/\/solupak.eu\/environmental\/#breadcrumb\"},\"inLanguage\":\"es\",\"potentialAction\":[{\"@type\":\"ReadAction\",\"target\":[\"https:\/\/solupak.eu\/environmental\/\"]}]},{\"@type\":\"BreadcrumbList\",\"@id\":\"https:\/\/solupak.eu\/environmental\/#breadcrumb\",\"itemListElement\":[{\"@type\":\"ListItem\",\"position\":1,\"name\":\"Home\",\"item\":\"https:\/\/solupak.eu\/\"},{\"@type\":\"ListItem\",\"position\":2,\"name\":\"Environmental\"}]},{\"@type\":\"WebSite\",\"@id\":\"https:\/\/solupak.eu\/#website\",\"url\":\"https:\/\/solupak.eu\/\",\"name\":\"Solupak\",\"description\":\"...just add water\",\"potentialAction\":[{\"@type\":\"SearchAction\",\"target\":{\"@type\":\"EntryPoint\",\"urlTemplate\":\"https:\/\/solupak.eu\/?s={search_term_string}\"},\"query-input\":\"required name=search_term_string\"}],\"inLanguage\":\"es\"}]}<\/script>\n<!-- \/ Yoast SEO plugin. -->","yoast_head_json":{"title":"Environmental - Solupak","robots":{"index":"index","follow":"follow","max-snippet":"max-snippet:-1","max-image-preview":"max-image-preview:large","max-video-preview":"max-video-preview:-1"},"canonical":"https:\/\/solupak.eu\/es\/environmental\/","og_locale":"es_ES","og_type":"article","og_title":"Environmental - Solupak","og_description":"Environmental Benefits Here at Solupak, consideration for the environment is at the forefront of all of our processes and applications. We strive to reduce the amount of single use plastic within the cleaning industry and have as little negative impact as possible on the environment. Our mission is to become the leading producer of effective&hellip;","og_url":"https:\/\/solupak.eu\/es\/environmental\/","og_site_name":"Solupak","article_modified_time":"2021-03-30T10:57:40+00:00","og_image":[{"url":"https:\/\/solupak.eu\/wp-content\/uploads\/2021\/01\/Plastic_reduction@3x.png"}],"twitter_card":"summary_large_image","twitter_misc":{"Tiempo de lectura":"2 minutos"},"schema":{"@context":"https:\/\/schema.org","@graph":[{"@type":"WebPage","@id":"https:\/\/solupak.eu\/environmental\/","url":"https:\/\/solupak.eu\/environmental\/","name":"Environmental - Solupak","isPartOf":{"@id":"https:\/\/solupak.eu\/#website"},"datePublished":"2020-11-06T10:31:31+00:00","dateModified":"2021-03-30T10:57:40+00:00","breadcrumb":{"@id":"https:\/\/solupak.eu\/environmental\/#breadcrumb"},"inLanguage":"es","potentialAction":[{"@type":"ReadAction","target":["https:\/\/solupak.eu\/environmental\/"]}]},{"@type":"BreadcrumbList","@id":"https:\/\/solupak.eu\/environmental\/#breadcrumb","itemListElement":[{"@type":"ListItem","position":1,"name":"Home","item":"https:\/\/solupak.eu\/"},{"@type":"ListItem","position":2,"name":"Environmental"}]},{"@type":"WebSite","@id":"https:\/\/solupak.eu\/#website","url":"https:\/\/solupak.eu\/","name":"Solupak","description":"...just add water","potentialAction":[{"@type":"SearchAction","target":{"@type":"EntryPoint","urlTemplate":"https:\/\/solupak.eu\/?s={search_term_string}"},"query-input":"required name=search_term_string"}],"inLanguage":"es"}]}},"_links":{"self":[{"href":"https:\/\/solupak.eu\/es\/wp-json\/wp\/v2\/pages\/194"}],"collection":[{"href":"https:\/\/solupak.eu\/es\/wp-json\/wp\/v2\/pages"}],"about":[{"href":"https:\/\/solupak.eu\/es\/wp-json\/wp\/v2\/types\/page"}],"author":[{"embeddable":true,"href":"https:\/\/solupak.eu\/es\/wp-json\/wp\/v2\/users\/1"}],"replies":[{"embeddable":true,"href":"https:\/\/solupak.eu\/es\/wp-json\/wp\/v2\/comments?post=194"}],"version-history":[{"count":19,"href":"https:\/\/solupak.eu\/es\/wp-json\/wp\/v2\/pages\/194\/revisions"}],"predecessor-version":[{"id":4215,"href":"https:\/\/solupak.eu\/es\/wp-json\/wp\/v2\/pages\/194\/revisions\/4215"}],"wp:attachment":[{"href":"https:\/\/solupak.eu\/es\/wp-json\/wp\/v2\/media?parent=194"}],"curies":[{"name":"wp","href":"https:\/\/api.w.org\/{rel}","templated":true}]}}