{"id":191,"date":"2020-11-06T10:31:31","date_gmt":"2020-11-06T10:31:31","guid":{"rendered":"https:\/\/solupak.eu\/?page_id=191"},"modified":"2022-06-07T15:10:09","modified_gmt":"2022-06-07T14:10:09","slug":"industry-sectors","status":"publish","type":"page","link":"https:\/\/solupak.eu\/es\/industry-sectors\/","title":{"rendered":"Sectores industriales"},"content":{"rendered":"<h1>\n\t\tIndustrias\n\t<\/h1>\n\t<p>En Solupak suministramos productos a m\u00faltiples industrias y sectores y nuestra gama de limpieza cubre un amplio espectro de necesidades, desde \u00e1reas espec\u00edficas hasta la limpieza general. El sistema de limpieza dosificado soluble en agua tiene una amplia gama de beneficios.<\/p>\n        <img src=\"https:\/\/solupak.eu\/wp-content\/uploads\/2021\/05\/storage3-1-spanish.png\" alt=\"Space saving\">\n        <h3>Ahorro de espacio<\/h3>\n        M\u00e1s de 90% de reducci\u00f3n del espacio de almacenamiento necesario\n        <img src=\"https:\/\/solupak.eu\/wp-content\/uploads\/2020\/11\/90reduction3-1.png\" alt=\"Transport\">\n        <h3>Transporte<\/h3>\n        Hasta 90% de reducci\u00f3n del peso de transporte en comparaci\u00f3n con los sistemas de limpieza convencionales\n        <img src=\"https:\/\/solupak.eu\/wp-content\/uploads\/2021\/05\/minimal-waste4-1-spanish.png\" alt=\"Minimal Waste\">\n        <h3>M\u00ednimo desperdicio<\/h3>\n        Sin pl\u00e1stico de un solo uso, suministrado en envases reciclables\n        <img src=\"https:\/\/solupak.eu\/wp-content\/uploads\/2020\/11\/packaging3.png\" alt=\"No manual handling risk\">\n        <h3>No hay riesgo de manipulaci\u00f3n manual<\/h3>\n        7,5 kg de productos qu\u00edmicos convencionales sustituidos por un paquete de 100 g\n        <img src=\"https:\/\/solupak.eu\/wp-content\/uploads\/2020\/11\/chemical2.png\" alt=\"No chemical contact\">\n        <h3>Sin contacto qu\u00edmico<\/h3>\n        Usuarios protegidos por la capa de pel\u00edcula soluble en agua\n        <img src=\"https:\/\/solupak.eu\/wp-content\/uploads\/2021\/05\/sachet2-spanish.png\" alt=\"Cost controlled\">\n        <h3>Coste controlado<\/h3>\n        Dosis exacta cada vez\n        <img src=\"https:\/\/solupak.eu\/wp-content\/uploads\/2021\/05\/correct-load2-spanish.png\" alt=\"No over use of chemicals\">\n        <h3>No hay un uso excesivo de productos qu\u00edmicos<\/h3>\n        Dosificaci\u00f3n dise\u00f1ada para ser la carga de limpieza correcta\n        <img src=\"https:\/\/solupak.eu\/wp-content\/uploads\/2020\/11\/bin-1.png\" alt=\"Zero single use plastic\">\n        <h3>Cero pl\u00e1stico de un solo uso<\/h3>\n        <img src=\"https:\/\/solupak.eu\/wp-content\/uploads\/2021\/01\/Facilities_management@3x.png\" alt=\"Facilities Management\">\n        <h3>Gesti\u00f3n de instalaciones<\/h3>\n        Nuestra gama de limpieza diaria Soluclean es la soluci\u00f3n perfecta para todos los \u00e1mbitos de la limpieza.<br><br> Desde la limpieza de superficies hasta la de los lavabos, pasando por la limpieza manual y la de las m\u00e1quinas.  Toda la gama de productos Solupak, incluidos nuestros higienizantes, desinfectantes y limpiadores antivirales, se han sometido a las pruebas m\u00e1s exigentes de la norma EN; al haberse comprobado su eficacia contra el coronavirus, sabemos que la gama de productos es eficaz.  <br><br>Adem\u00e1s, nuestros productos son adecuados y seguros para su uso en m\u00faltiples entornos y espacios. En la actualidad, los productos Solupak se utilizan en una gran variedad de sectores, como el transporte, la fabricaci\u00f3n y el comercio minorista, adem\u00e1s de ser seguros y eficaces en la limpieza de escuelas y oficinas. Nuestros clientes van desde empresas individuales hasta grandes franquicias, y los productos Solupak se utilizan actualmente para limpiar las cadenas de comida Greggs en todo el pa\u00eds.\n        <img src=\"https:\/\/solupak.eu\/wp-content\/uploads\/2021\/01\/Catering@3x.png\" alt=\"Catering\">\n        <h3>Catering<\/h3>\n        Solupak produce una gama especializada dise\u00f1ada para las necesidades particulares de la industria de la restauraci\u00f3n. Todo, desde los desengrasantes hasta la limpieza de suelos, est\u00e1 cubierto en una gama predosificada f\u00e1cil de usar. La gama de limpieza se complementa con desinfectantes de superficies, desinfectantes y limpiadores antivirales para ofrecer un paquete de limpieza de alta gama.\n        <img src=\"https:\/\/solupak.eu\/wp-content\/uploads\/2021\/01\/Building_and_construction@3x.png\" alt=\"Building and Construction\">\n        <h3>Construcci\u00f3n<\/h3>\n        Gracias a nuestra maquinaria a medida y a nuestros envases personalizados, en Solupak podemos procesar y envasar aditivos para la construcci\u00f3n y el cemento. Esto tiene enormes beneficios tanto para el usuario final como para el medio ambiente. El sistema de predosificaci\u00f3n garantiza un desperdicio m\u00ednimo y un producto \u00f3ptimo. Gracias a la maquinaria dedicada, podemos producir bolsas rellenas de hasta 1 kg de peso, lo que ha permitido a Solupak entrar en la industria de la construcci\u00f3n. Con nuestras soluciones, el uso in situ es r\u00e1pido y eficaz, y hay un m\u00ednimo de envases que eliminar. Estos conceptos se han aplicado tanto a los productos en polvo como a los l\u00edquidos que se aplican in situ.\n        <img src=\"https:\/\/solupak.eu\/wp-content\/uploads\/2021\/01\/Dental_and_optical@3x.png\" alt=\"Dental and Optical\">\n        <h3>Dental y \u00d3ptica<\/h3>\n        La tecnolog\u00eda hidrosoluble de Solupak tambi\u00e9n puede utilizarse en procesos de usos dentales y \u00f3pticos. Gracias a nuestra experiencia, hemos podido seleccionar la mejor pel\u00edcula hidrosoluble para el uso requerido y nuestro equipo de investigaci\u00f3n y desarrollo realiza continuamente pruebas de compatibilidad para garantizar los mejores resultados de calidad. Desde los aditivos hasta el tintado, los productos qu\u00edmicos predosificados de Solupak garantizan una r\u00e1pida disoluci\u00f3n y producci\u00f3n en los entornos odontol\u00f3gicos y \u00f3pticos de alto nivel.\n        <img src=\"https:\/\/solupak.eu\/wp-content\/uploads\/2021\/01\/Agriculture_and_horticulture@3x.png\" alt=\"Agriculture and Horticulture\">\n        <h3>Agricultura y horticultura<\/h3>\n        Gracias a la tecnolog\u00eda de Solupak, los productos qu\u00edmicos agr\u00edcolas pueden envasarse de forma sencilla en bolsitas y envases solubles en agua. Esto permite una dosificaci\u00f3n eficaz, adem\u00e1s de ofrecer una barrera segura entre los usuarios finales y los productos qu\u00edmicos. Los nutrientes tambi\u00e9n pueden envasarse en la pel\u00edcula hidrosoluble, lo que significa que pueden introducirse en niveles premedidos. Nuestros sobres no requieren ning\u00fan tipo de rotura o rasgado; basta con a\u00f1adir agua y la aplicaci\u00f3n est\u00e1 completa.\n        <img src=\"https:\/\/solupak.eu\/wp-content\/uploads\/2021\/01\/Medical_cleaning@3x.png\" alt=\"Medical Cleaning\">\n        <h3>Limpieza m\u00e9dica<\/h3>\n        Tras haber trabajado con fabricantes de dispositivos m\u00e9dicos durante muchos a\u00f1os, Solupak ha creado una gama de detergentes a medida, dise\u00f1ada espec\u00edficamente y adaptada para realizar las tareas requeridas. Los productos est\u00e1n formulados y probados con los m\u00e1s altos est\u00e1ndares y han sido dise\u00f1ados especialmente para la limpieza enzim\u00e1tica. Gracias a los elevados est\u00e1ndares y procedimientos de calidad mantenidos por Solupak, hemos mantenido una alta demanda de suministro, y seguimos desarrollando nuevas soluciones, cuando el cliente lo requiere.","protected":false},"excerpt":{"rendered":"<p>Industrias En Solupak, suministramos productos a m\u00faltiples industrias y sectores y nuestra gama de limpieza cubre un amplio espectro de necesidades, desde \u00e1reas espec\u00edficas hasta la limpieza general. El sistema de limpieza dosificado soluble en agua tiene una amplia gama de beneficios. Ahorro de espacio M\u00e1s de 90% de reducci\u00f3n del espacio de almacenamiento necesario Transporte Hasta 90% de reducci\u00f3n...<\/p>","protected":false},"author":1,"featured_media":0,"parent":0,"menu_order":0,"comment_status":"closed","ping_status":"closed","template":"","meta":[],"yoast_head":"<!-- This site is optimized with the Yoast SEO plugin v19.7.2 - https:\/\/yoast.com\/wordpress\/plugins\/seo\/ -->\n<title>Industry Sectors - Solupak<\/title>\n<meta name=\"robots\" content=\"index, follow, max-snippet:-1, max-image-preview:large, max-video-preview:-1\" \/>\n<link rel=\"canonical\" href=\"https:\/\/solupak.eu\/es\/industry-sectors\/\" \/>\n<meta property=\"og:locale\" content=\"es_ES\" \/>\n<meta property=\"og:type\" content=\"article\" \/>\n<meta property=\"og:title\" content=\"Industry Sectors - Solupak\" \/>\n<meta property=\"og:description\" content=\"Industries Here at Solupak, we provide products to multiple industries and sectors and our cleaning range covers a wide spectrum of needs, from specific areas to general cleaning. The water-soluble dosed cleaning system has a wide range of benefits. Space saving Over 90% reduction in storage space needed Transport Up to 90% reduction in shipping&hellip;\" \/>\n<meta property=\"og:url\" content=\"https:\/\/solupak.eu\/es\/industry-sectors\/\" \/>\n<meta property=\"og:site_name\" content=\"Solupak\" \/>\n<meta property=\"article:modified_time\" content=\"2022-06-07T14:10:09+00:00\" \/>\n<meta property=\"og:image\" content=\"https:\/\/solupak.eu\/wp-content\/uploads\/2020\/11\/storage3-1.png\" \/>\n<meta name=\"twitter:card\" content=\"summary_large_image\" \/>\n<meta name=\"twitter:label1\" content=\"Tiempo de lectura\" \/>\n\t<meta name=\"twitter:data1\" content=\"6 minutos\" \/>\n<script type=\"application\/ld+json\" class=\"yoast-schema-graph\">{\"@context\":\"https:\/\/schema.org\",\"@graph\":[{\"@type\":\"WebPage\",\"@id\":\"https:\/\/solupak.eu\/industry-sectors\/\",\"url\":\"https:\/\/solupak.eu\/industry-sectors\/\",\"name\":\"Industry Sectors - Solupak\",\"isPartOf\":{\"@id\":\"https:\/\/solupak.eu\/#website\"},\"datePublished\":\"2020-11-06T10:31:31+00:00\",\"dateModified\":\"2022-06-07T14:10:09+00:00\",\"breadcrumb\":{\"@id\":\"https:\/\/solupak.eu\/industry-sectors\/#breadcrumb\"},\"inLanguage\":\"es\",\"potentialAction\":[{\"@type\":\"ReadAction\",\"target\":[\"https:\/\/solupak.eu\/industry-sectors\/\"]}]},{\"@type\":\"BreadcrumbList\",\"@id\":\"https:\/\/solupak.eu\/industry-sectors\/#breadcrumb\",\"itemListElement\":[{\"@type\":\"ListItem\",\"position\":1,\"name\":\"Home\",\"item\":\"https:\/\/solupak.eu\/\"},{\"@type\":\"ListItem\",\"position\":2,\"name\":\"Industry Sectors\"}]},{\"@type\":\"WebSite\",\"@id\":\"https:\/\/solupak.eu\/#website\",\"url\":\"https:\/\/solupak.eu\/\",\"name\":\"Solupak\",\"description\":\"...just add water\",\"potentialAction\":[{\"@type\":\"SearchAction\",\"target\":{\"@type\":\"EntryPoint\",\"urlTemplate\":\"https:\/\/solupak.eu\/?s={search_term_string}\"},\"query-input\":\"required name=search_term_string\"}],\"inLanguage\":\"es\"}]}<\/script>\n<!-- \/ Yoast SEO plugin. -->","yoast_head_json":{"title":"Industry Sectors - Solupak","robots":{"index":"index","follow":"follow","max-snippet":"max-snippet:-1","max-image-preview":"max-image-preview:large","max-video-preview":"max-video-preview:-1"},"canonical":"https:\/\/solupak.eu\/es\/industry-sectors\/","og_locale":"es_ES","og_type":"article","og_title":"Industry Sectors - Solupak","og_description":"Industries Here at Solupak, we provide products to multiple industries and sectors and our cleaning range covers a wide spectrum of needs, from specific areas to general cleaning. The water-soluble dosed cleaning system has a wide range of benefits. Space saving Over 90% reduction in storage space needed Transport Up to 90% reduction in shipping&hellip;","og_url":"https:\/\/solupak.eu\/es\/industry-sectors\/","og_site_name":"Solupak","article_modified_time":"2022-06-07T14:10:09+00:00","og_image":[{"url":"https:\/\/solupak.eu\/wp-content\/uploads\/2020\/11\/storage3-1.png"}],"twitter_card":"summary_large_image","twitter_misc":{"Tiempo de lectura":"6 minutos"},"schema":{"@context":"https:\/\/schema.org","@graph":[{"@type":"WebPage","@id":"https:\/\/solupak.eu\/industry-sectors\/","url":"https:\/\/solupak.eu\/industry-sectors\/","name":"Industry Sectors - Solupak","isPartOf":{"@id":"https:\/\/solupak.eu\/#website"},"datePublished":"2020-11-06T10:31:31+00:00","dateModified":"2022-06-07T14:10:09+00:00","breadcrumb":{"@id":"https:\/\/solupak.eu\/industry-sectors\/#breadcrumb"},"inLanguage":"es","potentialAction":[{"@type":"ReadAction","target":["https:\/\/solupak.eu\/industry-sectors\/"]}]},{"@type":"BreadcrumbList","@id":"https:\/\/solupak.eu\/industry-sectors\/#breadcrumb","itemListElement":[{"@type":"ListItem","position":1,"name":"Home","item":"https:\/\/solupak.eu\/"},{"@type":"ListItem","position":2,"name":"Industry Sectors"}]},{"@type":"WebSite","@id":"https:\/\/solupak.eu\/#website","url":"https:\/\/solupak.eu\/","name":"Solupak","description":"...just add water","potentialAction":[{"@type":"SearchAction","target":{"@type":"EntryPoint","urlTemplate":"https:\/\/solupak.eu\/?s={search_term_string}"},"query-input":"required name=search_term_string"}],"inLanguage":"es"}]}},"_links":{"self":[{"href":"https:\/\/solupak.eu\/es\/wp-json\/wp\/v2\/pages\/191"}],"collection":[{"href":"https:\/\/solupak.eu\/es\/wp-json\/wp\/v2\/pages"}],"about":[{"href":"https:\/\/solupak.eu\/es\/wp-json\/wp\/v2\/types\/page"}],"author":[{"embeddable":true,"href":"https:\/\/solupak.eu\/es\/wp-json\/wp\/v2\/users\/1"}],"replies":[{"embeddable":true,"href":"https:\/\/solupak.eu\/es\/wp-json\/wp\/v2\/comments?post=191"}],"version-history":[{"count":16,"href":"https:\/\/solupak.eu\/es\/wp-json\/wp\/v2\/pages\/191\/revisions"}],"predecessor-version":[{"id":60272,"href":"https:\/\/solupak.eu\/es\/wp-json\/wp\/v2\/pages\/191\/revisions\/60272"}],"wp:attachment":[{"href":"https:\/\/solupak.eu\/es\/wp-json\/wp\/v2\/media?parent=191"}],"curies":[{"name":"wp","href":"https:\/\/api.w.org\/{rel}","templated":true}]}}