{"id":18,"date":"2020-10-23T11:48:48","date_gmt":"2020-10-23T10:48:48","guid":{"rendered":"https:\/\/solupak.eu\/?page_id=18"},"modified":"2021-12-02T14:06:36","modified_gmt":"2021-12-02T14:06:36","slug":"our-mission","status":"publish","type":"page","link":"https:\/\/solupak.eu\/es\/our-mission\/","title":{"rendered":"Nuestra misi\u00f3n"},"content":{"rendered":"<h1>\n\t\tNuestra misi\u00f3n\n\t<\/h1>\n\t<h3>Ser el principal productor de concentrados de limpieza eficaces y con una buena relaci\u00f3n calidad-precio, envasados en sobres de pel\u00edcula soluble en agua, fabricados adoptando las normas \u00e9ticas m\u00e1s estrictas posibles.<\/h3>\n\t\t\t\t<img loading=\"lazy\" src=\"https:\/\/solupak.eu\/wp-content\/uploads\/2021\/05\/Trigger-bottles-spanish.png\" alt=\"Trigger-bottles\" itemprop=\"image\" height=\"928\" width=\"1586\" title=\"Botellas de disparo\" onerror=\"this.style.display='none'\">\n\t<h2>Nuestra historia. El futuro.<\/h2>\n<p>Solupak se cre\u00f3 en 1998 y es reconocida como la principal experta en productos solubles en agua. A lo largo de casi 20 a\u00f1os, la empresa ha trabajado con muchas marcas l\u00edderes para desarrollar, formular, envasar y distribuir pel\u00edculas y gr\u00e1nulos solubles en agua (PVOH).<\/p>\n<p>Con sede en Yorkshire, en el norte de Inglaterra, damos servicio al Reino Unido y a nuestros distribuidores para Europa, Extremo Oriente y Australia. Como especialistas en productos de limpieza comercial, contamos con un completo equipo interno de formulaci\u00f3n y desarrollo t\u00e9cnico. La fabricaci\u00f3n se realiza \u00edntegramente en el Reino Unido, as\u00ed como el concepto, la I+D, las pruebas, la fabricaci\u00f3n, el envasado y la distribuci\u00f3n.<\/p>\n<p>Estamos muy orgullosos de nuestras credenciales ecol\u00f3gicas y estamos acreditados por Cruelty Free International (formalmente conocida como la BUAV) y por Ecolabel (donde sea aplicable). Todos nuestros productos son veganos. Tenemos patentes sobre nuestra gama de activadores. Nuestra gama de productos est\u00e1 especialmente formulada para el uso diario, con envases m\u00e1s peque\u00f1os que reducen los costes de transporte y log\u00edstica. Contamos con la acreditaci\u00f3n ISO 9001: 2015 e ISO 14001; su negocio est\u00e1 seguro con nosotros.<\/p>\n    <a href=\"https:\/\/solupak.eu\/es\/products\/\" target=\"_self\" rel=\"noopener noreferrer\">\n    \tVea nuestra gama de productos\n    <\/a>\n\t\t\t\t<img loading=\"lazy\" src=\"https:\/\/solupak.eu\/wp-content\/uploads\/2021\/05\/Degreaser-cleaner-spanish.png\" alt=\"Degraser-cleaner\" itemprop=\"image\" height=\"1498\" width=\"1000\" title=\"Desengrasante-limpiador\" onerror=\"this.style.display='none'\">","protected":false},"excerpt":{"rendered":"<p>Nuestra misi\u00f3n Ser el principal productor de concentrados de limpieza eficaces y con una buena relaci\u00f3n calidad-precio, envasados en sobres de pel\u00edcula soluble en agua, fabricados adoptando los m\u00e1s altos est\u00e1ndares \u00e9ticos posibles. Nuestra historia. El futuro. Solupak se fund\u00f3 en 1998 y es reconocida como la empresa l\u00edder en productos solubles en agua. Durante casi 20 a\u00f1os, la empresa ha trabajado con...<\/p>","protected":false},"author":1,"featured_media":0,"parent":0,"menu_order":0,"comment_status":"closed","ping_status":"closed","template":"","meta":[],"yoast_head":"<!-- This site is optimized with the Yoast SEO plugin v19.7.2 - https:\/\/yoast.com\/wordpress\/plugins\/seo\/ -->\n<title>Our Mission - Solupak<\/title>\n<meta name=\"robots\" content=\"index, follow, max-snippet:-1, max-image-preview:large, max-video-preview:-1\" \/>\n<link rel=\"canonical\" href=\"https:\/\/solupak.eu\/es\/our-mission\/\" \/>\n<meta property=\"og:locale\" content=\"es_ES\" \/>\n<meta property=\"og:type\" content=\"article\" \/>\n<meta property=\"og:title\" content=\"Our Mission - Solupak\" \/>\n<meta property=\"og:description\" content=\"Our Mission To be the leading producer of effective and value-for-money cleaning concentrate, packed in water soluble film sachets, made by adopting the highest possible ethical standards. Our History.&nbsp;The Future. Solupak was formed in 1998 and is renowned as the leading expert in water soluble products. Over nearly 20 years, the company has worked with&hellip;\" \/>\n<meta property=\"og:url\" content=\"https:\/\/solupak.eu\/es\/our-mission\/\" \/>\n<meta property=\"og:site_name\" content=\"Solupak\" \/>\n<meta property=\"article:modified_time\" content=\"2021-12-02T14:06:36+00:00\" \/>\n<meta property=\"og:image\" content=\"https:\/\/solupak.eu\/wp-content\/uploads\/2021\/03\/Trigger-bottles.png\" \/>\n<meta name=\"twitter:card\" content=\"summary_large_image\" \/>\n<meta name=\"twitter:label1\" content=\"Tiempo de lectura\" \/>\n\t<meta name=\"twitter:data1\" content=\"2 minutos\" \/>\n<script type=\"application\/ld+json\" class=\"yoast-schema-graph\">{\"@context\":\"https:\/\/schema.org\",\"@graph\":[{\"@type\":\"WebPage\",\"@id\":\"https:\/\/solupak.eu\/our-mission\/\",\"url\":\"https:\/\/solupak.eu\/our-mission\/\",\"name\":\"Our Mission - Solupak\",\"isPartOf\":{\"@id\":\"https:\/\/solupak.eu\/#website\"},\"datePublished\":\"2020-10-23T10:48:48+00:00\",\"dateModified\":\"2021-12-02T14:06:36+00:00\",\"breadcrumb\":{\"@id\":\"https:\/\/solupak.eu\/our-mission\/#breadcrumb\"},\"inLanguage\":\"es\",\"potentialAction\":[{\"@type\":\"ReadAction\",\"target\":[\"https:\/\/solupak.eu\/our-mission\/\"]}]},{\"@type\":\"BreadcrumbList\",\"@id\":\"https:\/\/solupak.eu\/our-mission\/#breadcrumb\",\"itemListElement\":[{\"@type\":\"ListItem\",\"position\":1,\"name\":\"Home\",\"item\":\"https:\/\/solupak.eu\/\"},{\"@type\":\"ListItem\",\"position\":2,\"name\":\"Our Mission\"}]},{\"@type\":\"WebSite\",\"@id\":\"https:\/\/solupak.eu\/#website\",\"url\":\"https:\/\/solupak.eu\/\",\"name\":\"Solupak\",\"description\":\"...just add water\",\"potentialAction\":[{\"@type\":\"SearchAction\",\"target\":{\"@type\":\"EntryPoint\",\"urlTemplate\":\"https:\/\/solupak.eu\/?s={search_term_string}\"},\"query-input\":\"required name=search_term_string\"}],\"inLanguage\":\"es\"}]}<\/script>\n<!-- \/ Yoast SEO plugin. -->","yoast_head_json":{"title":"Our Mission - Solupak","robots":{"index":"index","follow":"follow","max-snippet":"max-snippet:-1","max-image-preview":"max-image-preview:large","max-video-preview":"max-video-preview:-1"},"canonical":"https:\/\/solupak.eu\/es\/our-mission\/","og_locale":"es_ES","og_type":"article","og_title":"Our Mission - Solupak","og_description":"Our Mission To be the leading producer of effective and value-for-money cleaning concentrate, packed in water soluble film sachets, made by adopting the highest possible ethical standards. Our History.&nbsp;The Future. Solupak was formed in 1998 and is renowned as the leading expert in water soluble products. Over nearly 20 years, the company has worked with&hellip;","og_url":"https:\/\/solupak.eu\/es\/our-mission\/","og_site_name":"Solupak","article_modified_time":"2021-12-02T14:06:36+00:00","og_image":[{"url":"https:\/\/solupak.eu\/wp-content\/uploads\/2021\/03\/Trigger-bottles.png"}],"twitter_card":"summary_large_image","twitter_misc":{"Tiempo de lectura":"2 minutos"},"schema":{"@context":"https:\/\/schema.org","@graph":[{"@type":"WebPage","@id":"https:\/\/solupak.eu\/our-mission\/","url":"https:\/\/solupak.eu\/our-mission\/","name":"Our Mission - Solupak","isPartOf":{"@id":"https:\/\/solupak.eu\/#website"},"datePublished":"2020-10-23T10:48:48+00:00","dateModified":"2021-12-02T14:06:36+00:00","breadcrumb":{"@id":"https:\/\/solupak.eu\/our-mission\/#breadcrumb"},"inLanguage":"es","potentialAction":[{"@type":"ReadAction","target":["https:\/\/solupak.eu\/our-mission\/"]}]},{"@type":"BreadcrumbList","@id":"https:\/\/solupak.eu\/our-mission\/#breadcrumb","itemListElement":[{"@type":"ListItem","position":1,"name":"Home","item":"https:\/\/solupak.eu\/"},{"@type":"ListItem","position":2,"name":"Our Mission"}]},{"@type":"WebSite","@id":"https:\/\/solupak.eu\/#website","url":"https:\/\/solupak.eu\/","name":"Solupak","description":"...just add water","potentialAction":[{"@type":"SearchAction","target":{"@type":"EntryPoint","urlTemplate":"https:\/\/solupak.eu\/?s={search_term_string}"},"query-input":"required name=search_term_string"}],"inLanguage":"es"}]}},"_links":{"self":[{"href":"https:\/\/solupak.eu\/es\/wp-json\/wp\/v2\/pages\/18"}],"collection":[{"href":"https:\/\/solupak.eu\/es\/wp-json\/wp\/v2\/pages"}],"about":[{"href":"https:\/\/solupak.eu\/es\/wp-json\/wp\/v2\/types\/page"}],"author":[{"embeddable":true,"href":"https:\/\/solupak.eu\/es\/wp-json\/wp\/v2\/users\/1"}],"replies":[{"embeddable":true,"href":"https:\/\/solupak.eu\/es\/wp-json\/wp\/v2\/comments?post=18"}],"version-history":[{"count":16,"href":"https:\/\/solupak.eu\/es\/wp-json\/wp\/v2\/pages\/18\/revisions"}],"predecessor-version":[{"id":30577,"href":"https:\/\/solupak.eu\/es\/wp-json\/wp\/v2\/pages\/18\/revisions\/30577"}],"wp:attachment":[{"href":"https:\/\/solupak.eu\/es\/wp-json\/wp\/v2\/media?parent=18"}],"curies":[{"name":"wp","href":"https:\/\/api.w.org\/{rel}","templated":true}]}}