{"id":1174,"date":"2021-02-21T16:40:10","date_gmt":"2021-02-21T16:40:10","guid":{"rendered":"https:\/\/solupak.eu\/?page_id=1174"},"modified":"2021-02-21T16:40:10","modified_gmt":"2021-02-21T16:40:10","slug":"cookie-policy","status":"publish","type":"page","link":"https:\/\/solupak.eu\/es\/cookie-policy\/","title":{"rendered":"Pol\u00edtica de cookies"},"content":{"rendered":"<h2>Este sitio web utiliza cookies.<\/h2>\n\n\n\n<p>Los datos de estas cookies son an\u00f3nimos y se utilizan para proporcionar una mayor funcionalidad, mejorar la relevancia de la informaci\u00f3n y ayudarnos a analizar nuestro tr\u00e1fico.  Tambi\u00e9n compartimos esa informaci\u00f3n an\u00f3nima sobre el uso de nuestro sitio con nuestros socios de an\u00e1lisis.<\/p>\n\n\n\n<p>No utilizamos cookies para recoger o almacenar su informaci\u00f3n personal, por lo que esta informaci\u00f3n no puede utilizarse para identificar qui\u00e9n es usted.  Siempre es posible retirar su consentimiento. Puede hacerlo&nbsp;<a href=\"https:\/\/solupak.eu\/es\/cookies-policy\/\" target=\"_blank\" rel=\"noreferrer noopener\">aqu\u00ed<\/a>. Nosotros, junto con cualquier socio tercero que tenga acceso al administrador del sitio, somos los procesadores de datos. Puede ponerse en contacto con nosotros en el 01924565120<\/p>\n\n\n\n<p>Las cookies son peque\u00f1os archivos de texto que pueden ser utilizados por los sitios web para hacer m\u00e1s eficiente la experiencia del usuario.<br><br>La ley establece que podemos almacenar cookies en su dispositivo si son estrictamente necesarias para el funcionamiento de este sitio. Para todos los dem\u00e1s tipos de cookies necesitamos su permiso.<br><br>Este sitio utiliza diferentes tipos de cookies. Algunas cookies son colocadas por servicios de terceros que aparecen en nuestras p\u00e1ginas.<br><br>Puede modificar o retirar en cualquier momento su consentimiento en la Declaraci\u00f3n de Cookies de nuestro sitio web.<br><br>Obtenga m\u00e1s informaci\u00f3n sobre qui\u00e9nes somos, c\u00f3mo puede ponerse en contacto con nosotros y c\u00f3mo procesamos los datos personales en nuestra Pol\u00edtica de Privacidad.<\/p>\n\n\n\n<p>Su consentimiento se aplica a los siguientes dominios: www.solupak.eu<\/p>","protected":false},"excerpt":{"rendered":"<p>Este sitio web utiliza cookies. Los datos de estas cookies son an\u00f3nimos y se utilizan para proporcionar una mayor funcionalidad, mejorar la relevancia de la informaci\u00f3n y ayudarnos a analizar nuestro tr\u00e1fico.  Tambi\u00e9n compartimos esa informaci\u00f3n an\u00f3nima sobre el uso de nuestro sitio con nuestros socios de an\u00e1lisis. No utilizamos cookies para recoger o almacenar su...<\/p>","protected":false},"author":1,"featured_media":0,"parent":0,"menu_order":0,"comment_status":"closed","ping_status":"closed","template":"","meta":[],"yoast_head":"<!-- This site is optimized with the Yoast SEO plugin v19.7.2 - https:\/\/yoast.com\/wordpress\/plugins\/seo\/ -->\n<title>Cookie Policy - Solupak<\/title>\n<meta name=\"robots\" content=\"index, follow, max-snippet:-1, max-image-preview:large, max-video-preview:-1\" \/>\n<link rel=\"canonical\" href=\"https:\/\/solupak.eu\/es\/cookie-policy\/\" \/>\n<meta property=\"og:locale\" content=\"es_ES\" \/>\n<meta property=\"og:type\" content=\"article\" \/>\n<meta property=\"og:title\" content=\"Cookie Policy - Solupak\" \/>\n<meta property=\"og:description\" content=\"This website uses cookies. The data in these cookies is anonymous and is used to provide enhanced functionality, improved relevancy of information and to help us analyse our traffic.&nbsp; We also share that anonymised information about the use of our site with our analytics partners. We do not use cookies to collect or store your&hellip;\" \/>\n<meta property=\"og:url\" content=\"https:\/\/solupak.eu\/es\/cookie-policy\/\" \/>\n<meta property=\"og:site_name\" content=\"Solupak\" \/>\n<meta name=\"twitter:card\" content=\"summary_large_image\" \/>\n<meta name=\"twitter:label1\" content=\"Tiempo de lectura\" \/>\n\t<meta name=\"twitter:data1\" content=\"1 minuto\" \/>\n<script type=\"application\/ld+json\" class=\"yoast-schema-graph\">{\"@context\":\"https:\/\/schema.org\",\"@graph\":[{\"@type\":\"WebPage\",\"@id\":\"https:\/\/solupak.eu\/es\/cookie-policy\/\",\"url\":\"https:\/\/solupak.eu\/es\/cookie-policy\/\",\"name\":\"Cookie Policy - Solupak\",\"isPartOf\":{\"@id\":\"https:\/\/solupak.eu\/#website\"},\"datePublished\":\"2021-02-21T16:40:10+00:00\",\"dateModified\":\"2021-02-21T16:40:10+00:00\",\"breadcrumb\":{\"@id\":\"https:\/\/solupak.eu\/es\/cookie-policy\/#breadcrumb\"},\"inLanguage\":\"es\",\"potentialAction\":[{\"@type\":\"ReadAction\",\"target\":[\"https:\/\/solupak.eu\/es\/cookie-policy\/\"]}]},{\"@type\":\"BreadcrumbList\",\"@id\":\"https:\/\/solupak.eu\/es\/cookie-policy\/#breadcrumb\",\"itemListElement\":[{\"@type\":\"ListItem\",\"position\":1,\"name\":\"Home\",\"item\":\"https:\/\/solupak.eu\/\"},{\"@type\":\"ListItem\",\"position\":2,\"name\":\"Cookie Policy\"}]},{\"@type\":\"WebSite\",\"@id\":\"https:\/\/solupak.eu\/#website\",\"url\":\"https:\/\/solupak.eu\/\",\"name\":\"Solupak\",\"description\":\"...just add water\",\"potentialAction\":[{\"@type\":\"SearchAction\",\"target\":{\"@type\":\"EntryPoint\",\"urlTemplate\":\"https:\/\/solupak.eu\/?s={search_term_string}\"},\"query-input\":\"required name=search_term_string\"}],\"inLanguage\":\"es\"}]}<\/script>\n<!-- \/ Yoast SEO plugin. -->","yoast_head_json":{"title":"Cookie Policy - Solupak","robots":{"index":"index","follow":"follow","max-snippet":"max-snippet:-1","max-image-preview":"max-image-preview:large","max-video-preview":"max-video-preview:-1"},"canonical":"https:\/\/solupak.eu\/es\/cookie-policy\/","og_locale":"es_ES","og_type":"article","og_title":"Cookie Policy - Solupak","og_description":"This website uses cookies. The data in these cookies is anonymous and is used to provide enhanced functionality, improved relevancy of information and to help us analyse our traffic.&nbsp; We also share that anonymised information about the use of our site with our analytics partners. We do not use cookies to collect or store your&hellip;","og_url":"https:\/\/solupak.eu\/es\/cookie-policy\/","og_site_name":"Solupak","twitter_card":"summary_large_image","twitter_misc":{"Tiempo de lectura":"1 minuto"},"schema":{"@context":"https:\/\/schema.org","@graph":[{"@type":"WebPage","@id":"https:\/\/solupak.eu\/es\/cookie-policy\/","url":"https:\/\/solupak.eu\/es\/cookie-policy\/","name":"Cookie Policy - Solupak","isPartOf":{"@id":"https:\/\/solupak.eu\/#website"},"datePublished":"2021-02-21T16:40:10+00:00","dateModified":"2021-02-21T16:40:10+00:00","breadcrumb":{"@id":"https:\/\/solupak.eu\/es\/cookie-policy\/#breadcrumb"},"inLanguage":"es","potentialAction":[{"@type":"ReadAction","target":["https:\/\/solupak.eu\/es\/cookie-policy\/"]}]},{"@type":"BreadcrumbList","@id":"https:\/\/solupak.eu\/es\/cookie-policy\/#breadcrumb","itemListElement":[{"@type":"ListItem","position":1,"name":"Home","item":"https:\/\/solupak.eu\/"},{"@type":"ListItem","position":2,"name":"Cookie Policy"}]},{"@type":"WebSite","@id":"https:\/\/solupak.eu\/#website","url":"https:\/\/solupak.eu\/","name":"Solupak","description":"...just add water","potentialAction":[{"@type":"SearchAction","target":{"@type":"EntryPoint","urlTemplate":"https:\/\/solupak.eu\/?s={search_term_string}"},"query-input":"required name=search_term_string"}],"inLanguage":"es"}]}},"_links":{"self":[{"href":"https:\/\/solupak.eu\/es\/wp-json\/wp\/v2\/pages\/1174"}],"collection":[{"href":"https:\/\/solupak.eu\/es\/wp-json\/wp\/v2\/pages"}],"about":[{"href":"https:\/\/solupak.eu\/es\/wp-json\/wp\/v2\/types\/page"}],"author":[{"embeddable":true,"href":"https:\/\/solupak.eu\/es\/wp-json\/wp\/v2\/users\/1"}],"replies":[{"embeddable":true,"href":"https:\/\/solupak.eu\/es\/wp-json\/wp\/v2\/comments?post=1174"}],"version-history":[{"count":1,"href":"https:\/\/solupak.eu\/es\/wp-json\/wp\/v2\/pages\/1174\/revisions"}],"predecessor-version":[{"id":1175,"href":"https:\/\/solupak.eu\/es\/wp-json\/wp\/v2\/pages\/1174\/revisions\/1175"}],"wp:attachment":[{"href":"https:\/\/solupak.eu\/es\/wp-json\/wp\/v2\/media?parent=1174"}],"curies":[{"name":"wp","href":"https:\/\/api.w.org\/{rel}","templated":true}]}}