{"id":1171,"date":"2021-02-21T16:39:30","date_gmt":"2021-02-21T16:39:30","guid":{"rendered":"https:\/\/solupak.eu\/?page_id=1171"},"modified":"2021-02-21T16:39:31","modified_gmt":"2021-02-21T16:39:31","slug":"privacy-policy-2","status":"publish","type":"page","link":"https:\/\/solupak.eu\/es\/privacy-policy-2\/","title":{"rendered":"Pol\u00edtica de privacidad"},"content":{"rendered":"<p>A efectos del Reglamento General de Protecci\u00f3n de Datos (\"GDPR\") y de las leyes de protecci\u00f3n de datos del Reino Unido, el controlador es Solupak LTD.<\/p>\n\n\n\n<h2>Acerca de este documento<\/h2>\n\n\n\n<p>Esta pol\u00edtica de privacidad establece la forma en que procesamos sus datos personales\/comerciales y hemos creado esta pol\u00edtica de privacidad para asegurarnos de que usted es consciente de c\u00f3mo utilizamos sus datos como cliente de Solupak LTD.<\/p>\n\n\n\n<h2>C\u00f3mo recogemos su informaci\u00f3n<\/h2>\n\n\n\n<p>Podemos recopilar sus datos personales\/comerciales de algunas formas limitadas, a saber  Directamente de usted, cuando rellena un formulario de solicitud de cuenta, cuando realiza consultas en nuestro sitio web, cuando proporciona informaci\u00f3n sobre los pedidos que nos env\u00eda. De una empresa que hace un pedido en su nombre.<\/p>\n\n\n\n<h2>Tipos de informaci\u00f3n que recogemos<\/h2>\n\n\n\n<p>Podemos recopilar los siguientes tipos de datos personales\/comerciales sobre usted:<\/p>\n\n\n\n<ul><li>Informaci\u00f3n de contacto y comunicaciones (incluyendo direcci\u00f3n(es) de correo electr\u00f3nico, tel\u00e9fono<\/li><li>n\u00fameros de tel\u00e9fono y direcci\u00f3n(es) de entrega\/facturaci\u00f3n y registros de las comunicaciones e interacciones que hemos tenido con usted);<\/li><li>Informaci\u00f3n financiera cuando se solicitan las cuentas;<\/li><\/ul>\n\n\n\n<h2>C\u00f3mo utilizamos los datos personales\/empresariales<\/h2>\n\n\n\n<p>Los datos personales\/comerciales que se nos proporcionen se utilizar\u00e1n para poder cumplir una relaci\u00f3n comercial con usted.<\/p>\n\n\n\n<p>De forma m\u00e1s general, utilizaremos sus datos personales\/comerciales para los siguientes fines:<\/p>\n\n\n\n<ul><li>Administraci\u00f3n de sus pedidos.<\/li><li>Informarle sobre el plazo de entrega.<\/li><li>Recibir el pago de los pedidos realizados.<\/li><li>Cumplimiento de los pedidos de bienes y servicios.<br>Administraci\u00f3n de las solicitudes de cuentas:<\/li><li>Referencias de cr\u00e9dito<\/li><li>Contratos de cr\u00e9dito<\/li><li>Asignar un representante de ventas cuando sea necesario y proporcionarle su contacto<br>informaci\u00f3n;<\/li><li>Almacenamiento de sus datos en la plataforma de software que utilizamos para registrar los pedidos y<br>la facturaci\u00f3n.<\/li><\/ul>\n\n\n\n<h2>Sus preferencias de marketing<\/h2>\n\n\n\n<p>Siempre respetaremos sus deseos con respecto al tipo de comunicaciones que desea recibir de nosotros y c\u00f3mo desea recibirlas. Sin embargo, hay algunas comunicaciones que debemos enviarle independientemente de sus preferencias de marketing para poder cumplir con nuestras obligaciones contractuales con usted como cliente de Solupak Limited.<\/p>\n\n\n\n<p>Ejemplos de estas comunicaciones de servicios esenciales son:<br>Registros de transacciones, como facturas, recibos de pago, remesas y extractos.<\/p>\n\n\n\n<p>Correos relacionados con los clientes, como los recordatorios de pago.<\/p>\n\n\n\n<p>Usted tiene el control de c\u00f3mo nos comunicamos con usted. Puede actualizar sus opciones y\/o sus datos de contacto poni\u00e9ndose en contacto con nosotros en:<\/p>\n\n\n\n<p>Puesto: Solupak unit 6, Ripley Close, Normanton industrial Estate, Normanaton WF6 1TB<br>Tel\u00e9fono: 44 (0) 1924 565 120..<br>Correo electr\u00f3nico: helen.mcdonald@solupak.eu<\/p>\n\n\n\n<h2>Compartir su informaci\u00f3n con otros<\/h2>\n\n\n\n<p>No vendemos ni compartimos sus datos personales\/comerciales para que los utilicen otras organizaciones que no sean las indicadas a continuaci\u00f3n.<\/p>\n\n\n\n<p>Los datos personales\/comerciales recogidos y procesados por nosotros pueden ser compartidos con los siguientes terceros, cuando sea necesario: <\/p>\n\n\n\n<p>Agencias de cobro en caso de facturas impagadas.<\/p>\n\n\n\n<h2>Cu\u00e1nto tiempo se conservan sus datos<\/h2>\n\n\n\n<p>Conservamos sus datos personales\/comerciales s\u00f3lo durante el tiempo necesario para cada prop\u00f3sito que utilizamos.<\/p>\n\n\n\n<h2>Sus derechos<\/h2>\n\n\n\n<p>En determinadas circunstancias, la ley le otorga el derecho a:<\/p>\n\n\n\n<p>Solicitar el acceso a sus datos personales\/empresariales (com\u00fanmente conocido como \"solicitud de acceso del interesado\"). Esto le permite recibir una copia de los datos personales\/empresariales que tenemos sobre usted y comprobar que los estamos procesando legalmente.<\/p>\n\n\n\n<p>Solicitar la correcci\u00f3n de los datos personales\/empresariales que tenemos sobre usted. Esto le permite corregir cualquier informaci\u00f3n incompleta o inexacta que tengamos sobre usted.<\/p>\n\n\n\n<p>Solicitar la supresi\u00f3n de sus datos personales\/comerciales. Esto le permite pedirnos que borremos o eliminemos los datos personales\/comerciales cuando no haya ninguna raz\u00f3n v\u00e1lida para que sigamos trat\u00e1ndolos. Tambi\u00e9n tiene derecho a pedirnos que borremos o eliminemos sus datos personales\/comerciales cuando haya ejercido su derecho a oponerse al tratamiento (v\u00e9ase m\u00e1s abajo).<\/p>\n\n\n\n<p>Oponerse al tratamiento de sus datos personales\/comerciales cuando nos basemos en un inter\u00e9s leg\u00edtimo (o en los de un tercero) y haya algo en su situaci\u00f3n particular que le haga oponerse al tratamiento por este motivo.<\/p>\n\n\n\n<p>Tambi\u00e9n tiene derecho a oponerse cuando tratemos sus datos personales\/comerciales con fines de marketing directo.<\/p>\n\n\n\n<p>Solicitar la restricci\u00f3n del tratamiento de sus datos personales\/empresariales. Esto le permite pedirnos que suspendamos el tratamiento de sus datos personales\/empresariales, por ejemplo, si quiere que establezcamos su exactitud o el motivo del tratamiento. Tambi\u00e9n puede retirar su consentimiento, cuando \u00e9ste sea la base de nuestro tratamiento de datos (sin que ello afecte a la legalidad de nuestro tratamiento anterior basado en el consentimiento). Solicitar la transferencia de sus datos personales\/comerciales a otra parte.<\/p>\n\n\n\n<p>Tenga en cuenta que los derechos anteriores no son absolutos, y podemos tener derecho a rechazar solicitudes cuando se apliquen excepciones.<\/p>\n\n\n\n<h2>Contacto y reclamaciones<\/h2>\n\n\n\n<p>Si tiene alguna duda sobre esta pol\u00edtica de privacidad o sobre c\u00f3mo procesamos sus datos personales\/comerciales, o si desea ejercer alguno de sus derechos legales, puede ponerse en contacto con nosotros en Solupak.<\/p>\n\n\n\n<p>Puesto: Solupak unit 6, Ripley Close, Normanton industrial Estate, Normanaton WF6 1TB<br>Tel\u00e9fono: 44 (0)1924 565 120.<br>Correo electr\u00f3nico: helen.mcdonald@solupak.eu<\/p>\n\n\n\n<p>Si no est\u00e1 satisfecho con la forma en que tratamos sus datos personales\/comerciales, puede presentar una queja al Comisario de Informaci\u00f3n. Puede obtener m\u00e1s informaci\u00f3n sobre sus derechos en virtud de las leyes de protecci\u00f3n de datos aplicables en la Oficina del Comisario de Informaci\u00f3n<\/p>\n\n\n\n<p>sitio web: www.ico.org.uk.<\/p>","protected":false},"excerpt":{"rendered":"<p>A los efectos del Reglamento General de Protecci\u00f3n de Datos (\"GDPR\") y de las leyes de protecci\u00f3n de datos del Reino Unido, el responsable del tratamiento es Solupak LTD. Acerca de este documento Esta pol\u00edtica de privacidad establece la forma en que procesamos sus datos personales\/empresariales y hemos creado esta pol\u00edtica de privacidad para asegurarnos de que es consciente de c\u00f3mo utilizamos sus datos como...<\/p>","protected":false},"author":1,"featured_media":0,"parent":0,"menu_order":0,"comment_status":"closed","ping_status":"closed","template":"","meta":[],"yoast_head":"<!-- This site is optimized with the Yoast SEO plugin v19.7.2 - https:\/\/yoast.com\/wordpress\/plugins\/seo\/ -->\n<title>Privacy Policy - Solupak<\/title>\n<meta name=\"robots\" content=\"index, follow, max-snippet:-1, max-image-preview:large, max-video-preview:-1\" \/>\n<link rel=\"canonical\" href=\"https:\/\/solupak.eu\/es\/privacy-policy-2\/\" \/>\n<meta property=\"og:locale\" content=\"es_ES\" \/>\n<meta property=\"og:type\" content=\"article\" \/>\n<meta property=\"og:title\" content=\"Privacy Policy - Solupak\" \/>\n<meta property=\"og:description\" content=\"For the purposes of the General Data Protection Regulation (&#8220;GDPR&#8221;) and UK data protection laws, the controller is Solupak LTD. About this document This privacy policy sets out the way we process your personal\/business data and we\u2019ve created this privacy policy to make sure you are aware of how we use your data as a&hellip;\" \/>\n<meta property=\"og:url\" content=\"https:\/\/solupak.eu\/es\/privacy-policy-2\/\" \/>\n<meta property=\"og:site_name\" content=\"Solupak\" \/>\n<meta property=\"article:modified_time\" content=\"2021-02-21T16:39:31+00:00\" \/>\n<meta name=\"twitter:card\" content=\"summary_large_image\" \/>\n<meta name=\"twitter:label1\" content=\"Tiempo de lectura\" \/>\n\t<meta name=\"twitter:data1\" content=\"4 minutos\" \/>\n<script type=\"application\/ld+json\" class=\"yoast-schema-graph\">{\"@context\":\"https:\/\/schema.org\",\"@graph\":[{\"@type\":\"WebPage\",\"@id\":\"https:\/\/solupak.eu\/privacy-policy-2\/\",\"url\":\"https:\/\/solupak.eu\/privacy-policy-2\/\",\"name\":\"Privacy Policy - Solupak\",\"isPartOf\":{\"@id\":\"https:\/\/solupak.eu\/#website\"},\"datePublished\":\"2021-02-21T16:39:30+00:00\",\"dateModified\":\"2021-02-21T16:39:31+00:00\",\"breadcrumb\":{\"@id\":\"https:\/\/solupak.eu\/privacy-policy-2\/#breadcrumb\"},\"inLanguage\":\"es\",\"potentialAction\":[{\"@type\":\"ReadAction\",\"target\":[\"https:\/\/solupak.eu\/privacy-policy-2\/\"]}]},{\"@type\":\"BreadcrumbList\",\"@id\":\"https:\/\/solupak.eu\/privacy-policy-2\/#breadcrumb\",\"itemListElement\":[{\"@type\":\"ListItem\",\"position\":1,\"name\":\"Home\",\"item\":\"https:\/\/solupak.eu\/\"},{\"@type\":\"ListItem\",\"position\":2,\"name\":\"Privacy Policy\"}]},{\"@type\":\"WebSite\",\"@id\":\"https:\/\/solupak.eu\/#website\",\"url\":\"https:\/\/solupak.eu\/\",\"name\":\"Solupak\",\"description\":\"...just add water\",\"potentialAction\":[{\"@type\":\"SearchAction\",\"target\":{\"@type\":\"EntryPoint\",\"urlTemplate\":\"https:\/\/solupak.eu\/?s={search_term_string}\"},\"query-input\":\"required name=search_term_string\"}],\"inLanguage\":\"es\"}]}<\/script>\n<!-- \/ Yoast SEO plugin. -->","yoast_head_json":{"title":"Privacy Policy - Solupak","robots":{"index":"index","follow":"follow","max-snippet":"max-snippet:-1","max-image-preview":"max-image-preview:large","max-video-preview":"max-video-preview:-1"},"canonical":"https:\/\/solupak.eu\/es\/privacy-policy-2\/","og_locale":"es_ES","og_type":"article","og_title":"Privacy Policy - Solupak","og_description":"For the purposes of the General Data Protection Regulation (&#8220;GDPR&#8221;) and UK data protection laws, the controller is Solupak LTD. About this document This privacy policy sets out the way we process your personal\/business data and we\u2019ve created this privacy policy to make sure you are aware of how we use your data as a&hellip;","og_url":"https:\/\/solupak.eu\/es\/privacy-policy-2\/","og_site_name":"Solupak","article_modified_time":"2021-02-21T16:39:31+00:00","twitter_card":"summary_large_image","twitter_misc":{"Tiempo de lectura":"4 minutos"},"schema":{"@context":"https:\/\/schema.org","@graph":[{"@type":"WebPage","@id":"https:\/\/solupak.eu\/privacy-policy-2\/","url":"https:\/\/solupak.eu\/privacy-policy-2\/","name":"Privacy Policy - Solupak","isPartOf":{"@id":"https:\/\/solupak.eu\/#website"},"datePublished":"2021-02-21T16:39:30+00:00","dateModified":"2021-02-21T16:39:31+00:00","breadcrumb":{"@id":"https:\/\/solupak.eu\/privacy-policy-2\/#breadcrumb"},"inLanguage":"es","potentialAction":[{"@type":"ReadAction","target":["https:\/\/solupak.eu\/privacy-policy-2\/"]}]},{"@type":"BreadcrumbList","@id":"https:\/\/solupak.eu\/privacy-policy-2\/#breadcrumb","itemListElement":[{"@type":"ListItem","position":1,"name":"Home","item":"https:\/\/solupak.eu\/"},{"@type":"ListItem","position":2,"name":"Privacy Policy"}]},{"@type":"WebSite","@id":"https:\/\/solupak.eu\/#website","url":"https:\/\/solupak.eu\/","name":"Solupak","description":"...just add water","potentialAction":[{"@type":"SearchAction","target":{"@type":"EntryPoint","urlTemplate":"https:\/\/solupak.eu\/?s={search_term_string}"},"query-input":"required name=search_term_string"}],"inLanguage":"es"}]}},"_links":{"self":[{"href":"https:\/\/solupak.eu\/es\/wp-json\/wp\/v2\/pages\/1171"}],"collection":[{"href":"https:\/\/solupak.eu\/es\/wp-json\/wp\/v2\/pages"}],"about":[{"href":"https:\/\/solupak.eu\/es\/wp-json\/wp\/v2\/types\/page"}],"author":[{"embeddable":true,"href":"https:\/\/solupak.eu\/es\/wp-json\/wp\/v2\/users\/1"}],"replies":[{"embeddable":true,"href":"https:\/\/solupak.eu\/es\/wp-json\/wp\/v2\/comments?post=1171"}],"version-history":[{"count":1,"href":"https:\/\/solupak.eu\/es\/wp-json\/wp\/v2\/pages\/1171\/revisions"}],"predecessor-version":[{"id":1172,"href":"https:\/\/solupak.eu\/es\/wp-json\/wp\/v2\/pages\/1171\/revisions\/1172"}],"wp:attachment":[{"href":"https:\/\/solupak.eu\/es\/wp-json\/wp\/v2\/media?parent=1171"}],"curies":[{"name":"wp","href":"https:\/\/api.w.org\/{rel}","templated":true}]}}