{"id":23,"date":"2020-10-23T11:48:48","date_gmt":"2020-10-23T10:48:48","guid":{"rendered":"https:\/\/solupak.eu\/?page_id=23"},"modified":"2021-07-24T11:51:19","modified_gmt":"2021-07-24T10:51:19","slug":"contact","status":"publish","type":"page","link":"https:\/\/solupak.eu\/de\/contact\/","title":{"rendered":"Kontakt"},"content":{"rendered":"<h2>Siehe\u00a0<strong>in Verbindung<\/strong><\/h2><h4>Rufen Sie uns jetzt an unter\u00a0<a title=\"Solupak anrufen\" href=\"tel:[bdvs_bt_get_theme_mod mod=\">+44 (0) 1924 565120<\/a> <a title=\"Solupak anrufen\" href=\"tel:[bdvs_bt_get_theme_mod mod=\">+421 905 293 716<\/a>\u00a0oder senden Sie uns eine Anfrage und wir werden uns bei Ihnen melden<\/h4>\n    <form  id=\"cred_form_258_1\" action=\"https:\/\/solupak.eu\/de\/contact\/\" method=\"post\" data-trp-original-action=\"\/?page_id=23&amp;fl_builder=&amp;_tt=1627123879\">\n<input type=\"text\" id=\"cred_form_258_1_post_title\" name=\"post_title\" value=\"\" output=\"bootstrap\" preset_value=\"\" urlparam=\"\" value_escape=\"\" make_readonly=\"\" placeholder=\"\" select_text=\"\" data-wpt-validate=\"{&quot;required&quot;:{&quot;args&quot;:{&quot;1&quot;:true},&quot;message&quot;:&quot;This field is required&quot;}}\" data-wpt-field-title=\"Website Contact Title\" data-parsley-required=\"true\" data-parsley-required-message=\"This field is required\" data-parsley-credfilesize=\"12582912\" data-wpt-type=\"textfield\" data-wpt-id=\"cred_form_258_1_cred_form_258_1_post_title\" data-wpt-name=\"post_title\" \/>\n<input type=\"text\" id=\"cred_form_258_1_first-name\" name=\"wpcf-first-name\" value=\"\" output=\"bootstrap\" preset_value=\"\" urlparam=\"\" preview=\"\" previewsize=\"\" select_label=\"\" edit_label=\"\" value_escape=\"\" make_readonly=\"\" placeholder=\"Vorname\" select_text=\"\" data-wpt-validate=\"{&quot;required&quot;:{&quot;args&quot;:{&quot;1&quot;:true},&quot;message&quot;:&quot;This field is required.&quot;}}\" data-wpt-field-title=\"First Name\" data-parsley-required=\"true\" data-parsley-required-message=\"This field is required.\" data-parsley-credfilesize=\"12582912\" data-wpt-type=\"textfield\" data-wpt-id=\"cred_form_258_1_cred_form_258_1_first-name\" data-wpt-name=\"wpcf-first-name\" \/>\n<input type=\"text\" id=\"cred_form_258_1_last-name\" name=\"wpcf-last-name\" value=\"\" output=\"bootstrap\" preset_value=\"\" urlparam=\"\" preview=\"\" previewsize=\"\" select_label=\"\" edit_label=\"\" value_escape=\"\" make_readonly=\"\" placeholder=\"Nachname\" select_text=\"\" data-wpt-validate=\"{&quot;required&quot;:{&quot;args&quot;:{&quot;1&quot;:true},&quot;message&quot;:&quot;This field is required.&quot;}}\" data-wpt-field-title=\"Last Name\" data-parsley-required=\"true\" data-parsley-required-message=\"This field is required.\" data-parsley-credfilesize=\"12582912\" data-wpt-type=\"textfield\" data-wpt-id=\"cred_form_258_1_cred_form_258_1_last-name\" data-wpt-name=\"wpcf-last-name\" \/>\n<input type=\"text\" id=\"cred_form_258_1_email\" name=\"wpcf-email\" value=\"\" output=\"bootstrap\" preset_value=\"\" urlparam=\"\" preview=\"\" previewsize=\"\" select_label=\"\" edit_label=\"\" value_escape=\"\" make_readonly=\"\" placeholder=\"E-Mail\" select_text=\"\" data-wpt-validate=\"{&quot;required&quot;:{&quot;args&quot;:{&quot;1&quot;:true},&quot;message&quot;:&quot;This field is required.&quot;}}\" data-wpt-field-title=\"Email\" data-parsley-required=\"true\" data-parsley-required-message=\"This field is required.\" data-parsley-credfilesize=\"12582912\" data-wpt-type=\"textfield\" data-wpt-id=\"cred_form_258_1_cred_form_258_1_email\" data-wpt-name=\"wpcf-email\" \/>\n<input type=\"text\" id=\"cred_form_258_1_phone\" name=\"wpcf-phone\" value=\"\" output=\"bootstrap\" preset_value=\"\" urlparam=\"\" preview=\"\" previewsize=\"\" select_label=\"\" edit_label=\"\" value_escape=\"\" make_readonly=\"\" placeholder=\"Telefon\" select_text=\"\" data-wpt-validate=\"{&quot;required&quot;:{&quot;args&quot;:{&quot;1&quot;:true},&quot;message&quot;:&quot;This field is required.&quot;}}\" data-wpt-field-title=\"Phone\" data-parsley-required=\"true\" data-parsley-required-message=\"This field is required.\" data-parsley-credfilesize=\"12582912\" data-wpt-type=\"textfield\" data-wpt-id=\"cred_form_258_1_cred_form_258_1_phone\" data-wpt-name=\"wpcf-phone\" \/>\n<textarea id=\"cred_form_258_1_message\" name=\"wpcf-message\" output=\"bootstrap\" preset_value=\"\" urlparam=\"\" preview=\"\" previewsize=\"\" select_label=\"\" edit_label=\"\" value_escape=\"\" make_readonly=\"\" placeholder=\"Nachricht\" select_text=\"\" data-wpt-validate=\"{&quot;required&quot;:{&quot;args&quot;:{&quot;1&quot;:true},&quot;message&quot;:&quot;This field is required.&quot;}}\" data-wpt-field-title=\"Message\" data-parsley-required=\"true\" data-parsley-required-message=\"This field is required.\" data-parsley-credfilesize=\"12582912\" rows=\"5\" cols=\"1\" data-wpt-type=\"textarea\" data-wpt-id=\"cred_form_258_1_cred_form_258_1_message\" data-wpt-name=\"wpcf-message\"><\/textarea>\n    <ul><li><label for=\"wpcf-gdpr-checkbox\">\n<input type=\"checkbox\" id=\"cred_form_258_1_gdpr-checkbox\" name=\"wpcf-gdpr-checkbox\" data-wpt-type=\"checkbox\" data-wpt-id=\"cred_form_258_1_cred_form_258_1_gdpr-checkbox\" data-wpt-name=\"wpcf-gdpr-checkbox\" value=\"1\" output=\"bootstrap\" preset_value=\"\" urlparam=\"\" preview=\"\" previewsize=\"\" select_label=\"\" edit_label=\"\" value_escape=\"\" make_readonly=\"\" placeholder=\"\" select_text=\"\" data-wpt-validate=\"{&quot;required&quot;:{&quot;args&quot;:{&quot;1&quot;:true},&quot;message&quot;:&quot;This field is required.&quot;}}\" data-wpt-field-title=\"Tick this box to agree to the use of data as compliant with GDPR.\" data-parsley-required=\"true\" data-parsley-required-message=\"This field is required.\" data-parsley-credfilesize=\"12582912\" \/>\nKreuzen Sie dieses K\u00e4stchen an, um der Verwendung von Daten im Einklang mit der DSGVO zuzustimmen.<\/label><\/li><\/ul><input type=\"hidden\" name=\"_wptoolset_checkbox[cred_form_258_1_wpcf-gdpr-checkbox]\" value=\"1\" \/>\n    <input type=\"submit\" id=\"cred_form_258_1_form_submit_1\" name=\"form_submit_1\" value=\"Nachricht senden\" \/>\n  Bitte best\u00e4tigen Sie reCAPTCHA\n<input type=\"text\" id=\"cred_form_258_1__recaptcha\" name=\"_recaptcha\" value=\"\" data-wpt-type=\"textfield\" data-wpt-id=\"cred_form_258_1_cred_form_258_1__recaptcha\" data-wpt-name=\"_recaptcha\" \/>\n<input type=\"hidden\" id=\"cred_form_258_1__cred_cred_wpnonce_cred_form_258\" name=\"_cred_cred_wpnonce_cred_form_258\" value=\"f8a5ea0e77\" data-wpt-id=\"cred_form_258_1_cred_form_258_1__cred_cred_wpnonce_cred_form_258\" data-wpt-name=\"_cred_cred_wpnonce_cred_form_258\" \/><input type=\"hidden\" id=\"cred_form_258_1__cred_cred_prefix_post_id\" name=\"_cred_cred_prefix_post_id\" value=\"16113\" data-wpt-id=\"cred_form_258_1_cred_form_258_1__cred_cred_prefix_post_id\" data-wpt-name=\"_cred_cred_prefix_post_id\" \/><input type=\"hidden\" id=\"cred_form_258_1__cred_cred_prefix_cred_container_id\" name=\"_cred_cred_prefix_cred_container_id\" value=\"23\" data-wpt-id=\"cred_form_258_1_cred_form_258_1__cred_cred_prefix_cred_container_id\" data-wpt-name=\"_cred_cred_prefix_cred_container_id\" \/><input type=\"hidden\" id=\"cred_form_258_1__cred_cred_prefix_form_id\" name=\"_cred_cred_prefix_form_id\" value=\"258\" data-wpt-id=\"cred_form_258_1_cred_form_258_1__cred_cred_prefix_form_id\" data-wpt-name=\"_cred_cred_prefix_form_id\" \/><input type=\"hidden\" id=\"cred_form_258_1__cred_cred_prefix_form_count\" name=\"_cred_cred_prefix_form_count\" value=\"1\" data-wpt-id=\"cred_form_258_1_cred_form_258_1__cred_cred_prefix_form_count\" data-wpt-name=\"_cred_cred_prefix_form_count\" \/><input type=\"hidden\" name=\"trp-form-language\" value=\"de\"\/><\/form>","protected":false},"excerpt":{"rendered":"<p>Nehmen Sie Kontakt auf Rufen Sie uns jetzt an oder hinterlassen Sie uns eine Anfrage, und wir werden uns bei Ihnen melden Klicken Sie auf dieses Feld, um der Verwendung von Daten gem\u00e4\u00df GDPR zuzustimmen. Bitte best\u00e4tigen Sie reCAPTCHA<\/p>","protected":false},"author":1,"featured_media":0,"parent":0,"menu_order":0,"comment_status":"closed","ping_status":"closed","template":"","meta":[],"yoast_head":"<!-- This site is optimized with the Yoast SEO plugin v19.7.2 - https:\/\/yoast.com\/wordpress\/plugins\/seo\/ -->\n<title>Contact - Solupak<\/title>\n<meta name=\"robots\" content=\"index, follow, max-snippet:-1, max-image-preview:large, max-video-preview:-1\" \/>\n<link rel=\"canonical\" href=\"https:\/\/solupak.eu\/de\/contact\/\" \/>\n<meta property=\"og:locale\" content=\"de_DE\" \/>\n<meta property=\"og:type\" content=\"article\" \/>\n<meta property=\"og:title\" content=\"Contact - Solupak\" \/>\n<meta property=\"og:description\" content=\"Get\u00a0in touch Call us now on\u00a0 \u00a0or leave us an enquiry and we will get back to you Tick this box to agree to the use of data as compliant with GDPR. Please validate reCAPTCHA\" \/>\n<meta property=\"og:url\" content=\"https:\/\/solupak.eu\/de\/contact\/\" \/>\n<meta property=\"og:site_name\" content=\"Solupak\" \/>\n<meta property=\"article:modified_time\" content=\"2021-07-24T10:51:19+00:00\" \/>\n<meta name=\"twitter:card\" content=\"summary_large_image\" \/>\n<script type=\"application\/ld+json\" class=\"yoast-schema-graph\">{\"@context\":\"https:\/\/schema.org\",\"@graph\":[{\"@type\":\"WebPage\",\"@id\":\"https:\/\/solupak.eu\/contact\/\",\"url\":\"https:\/\/solupak.eu\/contact\/\",\"name\":\"Contact - Solupak\",\"isPartOf\":{\"@id\":\"https:\/\/solupak.eu\/#website\"},\"datePublished\":\"2020-10-23T10:48:48+00:00\",\"dateModified\":\"2021-07-24T10:51:19+00:00\",\"breadcrumb\":{\"@id\":\"https:\/\/solupak.eu\/contact\/#breadcrumb\"},\"inLanguage\":\"de\",\"potentialAction\":[{\"@type\":\"ReadAction\",\"target\":[\"https:\/\/solupak.eu\/contact\/\"]}]},{\"@type\":\"BreadcrumbList\",\"@id\":\"https:\/\/solupak.eu\/contact\/#breadcrumb\",\"itemListElement\":[{\"@type\":\"ListItem\",\"position\":1,\"name\":\"Home\",\"item\":\"https:\/\/solupak.eu\/\"},{\"@type\":\"ListItem\",\"position\":2,\"name\":\"Contact\"}]},{\"@type\":\"WebSite\",\"@id\":\"https:\/\/solupak.eu\/#website\",\"url\":\"https:\/\/solupak.eu\/\",\"name\":\"Solupak\",\"description\":\"...just add water\",\"potentialAction\":[{\"@type\":\"SearchAction\",\"target\":{\"@type\":\"EntryPoint\",\"urlTemplate\":\"https:\/\/solupak.eu\/?s={search_term_string}\"},\"query-input\":\"required name=search_term_string\"}],\"inLanguage\":\"de\"}]}<\/script>\n<!-- \/ Yoast SEO plugin. -->","yoast_head_json":{"title":"Contact - Solupak","robots":{"index":"index","follow":"follow","max-snippet":"max-snippet:-1","max-image-preview":"max-image-preview:large","max-video-preview":"max-video-preview:-1"},"canonical":"https:\/\/solupak.eu\/de\/contact\/","og_locale":"de_DE","og_type":"article","og_title":"Contact - Solupak","og_description":"Get\u00a0in touch Call us now on\u00a0 \u00a0or leave us an enquiry and we will get back to you Tick this box to agree to the use of data as compliant with GDPR. Please validate reCAPTCHA","og_url":"https:\/\/solupak.eu\/de\/contact\/","og_site_name":"Solupak","article_modified_time":"2021-07-24T10:51:19+00:00","twitter_card":"summary_large_image","schema":{"@context":"https:\/\/schema.org","@graph":[{"@type":"WebPage","@id":"https:\/\/solupak.eu\/contact\/","url":"https:\/\/solupak.eu\/contact\/","name":"Contact - Solupak","isPartOf":{"@id":"https:\/\/solupak.eu\/#website"},"datePublished":"2020-10-23T10:48:48+00:00","dateModified":"2021-07-24T10:51:19+00:00","breadcrumb":{"@id":"https:\/\/solupak.eu\/contact\/#breadcrumb"},"inLanguage":"de","potentialAction":[{"@type":"ReadAction","target":["https:\/\/solupak.eu\/contact\/"]}]},{"@type":"BreadcrumbList","@id":"https:\/\/solupak.eu\/contact\/#breadcrumb","itemListElement":[{"@type":"ListItem","position":1,"name":"Home","item":"https:\/\/solupak.eu\/"},{"@type":"ListItem","position":2,"name":"Contact"}]},{"@type":"WebSite","@id":"https:\/\/solupak.eu\/#website","url":"https:\/\/solupak.eu\/","name":"Solupak","description":"...just add water","potentialAction":[{"@type":"SearchAction","target":{"@type":"EntryPoint","urlTemplate":"https:\/\/solupak.eu\/?s={search_term_string}"},"query-input":"required name=search_term_string"}],"inLanguage":"de"}]}},"_links":{"self":[{"href":"https:\/\/solupak.eu\/de\/wp-json\/wp\/v2\/pages\/23"}],"collection":[{"href":"https:\/\/solupak.eu\/de\/wp-json\/wp\/v2\/pages"}],"about":[{"href":"https:\/\/solupak.eu\/de\/wp-json\/wp\/v2\/types\/page"}],"author":[{"embeddable":true,"href":"https:\/\/solupak.eu\/de\/wp-json\/wp\/v2\/users\/1"}],"replies":[{"embeddable":true,"href":"https:\/\/solupak.eu\/de\/wp-json\/wp\/v2\/comments?post=23"}],"version-history":[{"count":1,"href":"https:\/\/solupak.eu\/de\/wp-json\/wp\/v2\/pages\/23\/revisions"}],"predecessor-version":[{"id":29,"href":"https:\/\/solupak.eu\/de\/wp-json\/wp\/v2\/pages\/23\/revisions\/29"}],"wp:attachment":[{"href":"https:\/\/solupak.eu\/de\/wp-json\/wp\/v2\/media?parent=23"}],"curies":[{"name":"wp","href":"https:\/\/api.w.org\/{rel}","templated":true}]}}