{"id":21,"date":"2020-10-23T11:48:48","date_gmt":"2020-10-23T10:48:48","guid":{"rendered":"https:\/\/solupak.eu\/?page_id=21"},"modified":"2020-11-11T12:14:21","modified_gmt":"2020-11-11T12:14:21","slug":"faqs","status":"publish","type":"page","link":"https:\/\/solupak.eu\/de\/faqs\/","title":{"rendered":"FAQs"},"content":{"rendered":"<h1>H\u00e4ufig gestellte Fragen\u00a0<strong>Fragen<\/strong><\/h1>\n          <a data-toggle=\"collapse\" href=\"#how-can-i-purchase-the-solupak-daily-cleaning-range-products\" role=\"button\" aria-expanded=\"false\" aria-controls=\"how-can-i-purchase-the-solupak-daily-cleaning-range-products\">\n          <\/a>\n            <strong>Wie kann ich die Produkte der Solupak-Reihe f\u00fcr die t\u00e4gliche Reinigung erwerben?<\/strong>\n            <p>Kontakt <a href=\"mailto:sales@solupak.eu\">sales@solupak.eu<\/a> oder rufen Sie unser Kundendienstteam unter 01924 565120 an, das Ihre Anforderungen besprechen und Sie mit dem richtigen H\u00e4ndler in Verbindung setzen kann.<\/p>\n          <a data-toggle=\"collapse\" href=\"#what-material-is-the-sachet-wrapped-in-and-what-happens-when-it-dissolves\" role=\"button\" aria-expanded=\"false\" aria-controls=\"what-material-is-the-sachet-wrapped-in-and-what-happens-when-it-dissolves\">\n          <\/a>\n            <strong>In welches Material ist der Beutel eingewickelt und was passiert, wenn er sich aufl\u00f6st?<\/strong>\n            <p>Alle unsere wasserl\u00f6slichen Beutel sind in PVA-Folie (Polyvinylalkohol) eingewickelt, die KEIN Kunststoff ist und sich vollst\u00e4ndig in Wasser aufl\u00f6st. Sie ist biologisch abbaubar und bildet einen Teil der Chemie der Reinigungswirkung.<\/p>\n          <a data-toggle=\"collapse\" href=\"#how-do-i-become-a-distributor-for-the-solupak-daily-cleaning-product-range\" role=\"button\" aria-expanded=\"false\" aria-controls=\"how-do-i-become-a-distributor-for-the-solupak-daily-cleaning-product-range\">\n          <\/a>\n            <strong>Wie kann ich Vertriebspartner f\u00fcr die Solupak-Produktpalette f\u00fcr die t\u00e4gliche Reinigung werden?<\/strong>\n            \n          <a data-toggle=\"collapse\" href=\"#what-does-the-clp-hazard-symbol-mean\" role=\"button\" aria-expanded=\"false\" aria-controls=\"what-does-the-clp-hazard-symbol-mean\">\n          <\/a>\n            <strong>Was bedeutet das CLP-Gefahrensymbol?<\/strong>\n            <p>Jedes Produkt tr\u00e4gt sein eigenes CLP-Gefahrensymbol, das sich auf das Pulver im Beutel bezieht, das konzentriert ist. Der Beutel und das Produkt sind in wasserl\u00f6sliche Folie eingewickelt, was bedeutet, dass eine Schutzbarriere zwischen dem Benutzer und dem Produkt besteht. Nach dem Verd\u00fcnnen tr\u00e4gt die L\u00f6sung keine Gefahrenhinweise.<\/p>\n          <a data-toggle=\"collapse\" href=\"#i-have-a-new-product-i-would-to-be-developed-by-solupak-what-are-the-next-steps\" role=\"button\" aria-expanded=\"false\" aria-controls=\"i-have-a-new-product-i-would-to-be-developed-by-solupak-what-are-the-next-steps\">\n          <\/a>\n            <strong>Ich habe ein neues Produkt, das ich von Solupak entwickeln lassen m\u00f6chte.<\/strong>\n            <p>Wir w\u00fcrden uns freuen, mit Ihnen dar\u00fcber zu sprechen, aber die Informationen, die uns am meisten helfen w\u00fcrden, sind die Produktanwendung, der Weg zum Markt und die erwartete Auftragsmenge.<\/p>\n          <a data-toggle=\"collapse\" href=\"#but-isnt-this-product-still-using-plastic-bottles\" role=\"button\" aria-expanded=\"false\" aria-controls=\"but-isnt-this-product-still-using-plastic-bottles\">\n          <\/a>\n            <strong>Aber werden f\u00fcr dieses Produkt nicht immer noch Plastikflaschen verwendet?<\/strong>\n            <p>Einwegplastik ist das Problem, mit dem wir konfrontiert sind! Unser Bottle 4 Life-System bedeutet, dass in unserem System keine Einweg-Plastikflaschen verwendet werden. Sie sind im Siebdruckverfahren bedruckt und k\u00f6nnen immer und immer wieder verwendet werden (........). Und wenn sie das Ende ihrer Lebensdauer erreichen, sind sie recycelbar.<\/p>","protected":false},"excerpt":{"rendered":"<p>H\u00e4ufig gestellte Fragen Wie kann ich die Produkte der Solupak-Reihe f\u00fcr die t\u00e4gliche Reinigung erwerben? Wenden Sie sich an sales@solupak.eu oder rufen Sie unser Kundendienstteam unter 01924 565120 an, das Ihre Anforderungen besprechen und Sie mit dem richtigen H\u00e4ndler in Verbindung setzen kann. In welchem Material ist der Beutel verpackt und was passiert, wenn er sich aufl\u00f6st? Alle...<\/p>","protected":false},"author":1,"featured_media":0,"parent":0,"menu_order":0,"comment_status":"closed","ping_status":"closed","template":"","meta":[],"yoast_head":"<!-- This site is optimized with the Yoast SEO plugin v19.7.2 - https:\/\/yoast.com\/wordpress\/plugins\/seo\/ -->\n<title>FAQs - Solupak<\/title>\n<meta name=\"robots\" content=\"index, follow, max-snippet:-1, max-image-preview:large, max-video-preview:-1\" \/>\n<link rel=\"canonical\" href=\"https:\/\/solupak.eu\/de\/faqs\/\" \/>\n<meta property=\"og:locale\" content=\"de_DE\" \/>\n<meta property=\"og:type\" content=\"article\" \/>\n<meta property=\"og:title\" content=\"FAQs - Solupak\" \/>\n<meta property=\"og:description\" content=\"Frequently Asked\u00a0Questions How can I purchase the Solupak daily cleaning range products? Contact sales@solupak.eu or call our customer service team on 01924 565120 who will be able to discuss your requirements and put you in touch with the right distributor. What material is the sachet wrapped in and what happens when it dissolves? All of&hellip;\" \/>\n<meta property=\"og:url\" content=\"https:\/\/solupak.eu\/de\/faqs\/\" \/>\n<meta property=\"og:site_name\" content=\"Solupak\" \/>\n<meta property=\"article:modified_time\" content=\"2020-11-11T12:14:21+00:00\" \/>\n<meta name=\"twitter:card\" content=\"summary_large_image\" \/>\n<meta name=\"twitter:label1\" content=\"Gesch\u00e4tzte Lesezeit\" \/>\n\t<meta name=\"twitter:data1\" content=\"1\u00a0Minute\" \/>\n<script type=\"application\/ld+json\" class=\"yoast-schema-graph\">{\"@context\":\"https:\/\/schema.org\",\"@graph\":[{\"@type\":\"WebPage\",\"@id\":\"https:\/\/solupak.eu\/faqs\/\",\"url\":\"https:\/\/solupak.eu\/faqs\/\",\"name\":\"FAQs - Solupak\",\"isPartOf\":{\"@id\":\"https:\/\/solupak.eu\/#website\"},\"datePublished\":\"2020-10-23T10:48:48+00:00\",\"dateModified\":\"2020-11-11T12:14:21+00:00\",\"breadcrumb\":{\"@id\":\"https:\/\/solupak.eu\/faqs\/#breadcrumb\"},\"inLanguage\":\"de\",\"potentialAction\":[{\"@type\":\"ReadAction\",\"target\":[\"https:\/\/solupak.eu\/faqs\/\"]}]},{\"@type\":\"BreadcrumbList\",\"@id\":\"https:\/\/solupak.eu\/faqs\/#breadcrumb\",\"itemListElement\":[{\"@type\":\"ListItem\",\"position\":1,\"name\":\"Home\",\"item\":\"https:\/\/solupak.eu\/\"},{\"@type\":\"ListItem\",\"position\":2,\"name\":\"FAQs\"}]},{\"@type\":\"WebSite\",\"@id\":\"https:\/\/solupak.eu\/#website\",\"url\":\"https:\/\/solupak.eu\/\",\"name\":\"Solupak\",\"description\":\"...just add water\",\"potentialAction\":[{\"@type\":\"SearchAction\",\"target\":{\"@type\":\"EntryPoint\",\"urlTemplate\":\"https:\/\/solupak.eu\/?s={search_term_string}\"},\"query-input\":\"required name=search_term_string\"}],\"inLanguage\":\"de\"}]}<\/script>\n<!-- \/ Yoast SEO plugin. -->","yoast_head_json":{"title":"FAQs - Solupak","robots":{"index":"index","follow":"follow","max-snippet":"max-snippet:-1","max-image-preview":"max-image-preview:large","max-video-preview":"max-video-preview:-1"},"canonical":"https:\/\/solupak.eu\/de\/faqs\/","og_locale":"de_DE","og_type":"article","og_title":"FAQs - Solupak","og_description":"Frequently Asked\u00a0Questions How can I purchase the Solupak daily cleaning range products? Contact sales@solupak.eu or call our customer service team on 01924 565120 who will be able to discuss your requirements and put you in touch with the right distributor. What material is the sachet wrapped in and what happens when it dissolves? All of&hellip;","og_url":"https:\/\/solupak.eu\/de\/faqs\/","og_site_name":"Solupak","article_modified_time":"2020-11-11T12:14:21+00:00","twitter_card":"summary_large_image","twitter_misc":{"Gesch\u00e4tzte Lesezeit":"1\u00a0Minute"},"schema":{"@context":"https:\/\/schema.org","@graph":[{"@type":"WebPage","@id":"https:\/\/solupak.eu\/faqs\/","url":"https:\/\/solupak.eu\/faqs\/","name":"FAQs - Solupak","isPartOf":{"@id":"https:\/\/solupak.eu\/#website"},"datePublished":"2020-10-23T10:48:48+00:00","dateModified":"2020-11-11T12:14:21+00:00","breadcrumb":{"@id":"https:\/\/solupak.eu\/faqs\/#breadcrumb"},"inLanguage":"de","potentialAction":[{"@type":"ReadAction","target":["https:\/\/solupak.eu\/faqs\/"]}]},{"@type":"BreadcrumbList","@id":"https:\/\/solupak.eu\/faqs\/#breadcrumb","itemListElement":[{"@type":"ListItem","position":1,"name":"Home","item":"https:\/\/solupak.eu\/"},{"@type":"ListItem","position":2,"name":"FAQs"}]},{"@type":"WebSite","@id":"https:\/\/solupak.eu\/#website","url":"https:\/\/solupak.eu\/","name":"Solupak","description":"...just add water","potentialAction":[{"@type":"SearchAction","target":{"@type":"EntryPoint","urlTemplate":"https:\/\/solupak.eu\/?s={search_term_string}"},"query-input":"required name=search_term_string"}],"inLanguage":"de"}]}},"_links":{"self":[{"href":"https:\/\/solupak.eu\/de\/wp-json\/wp\/v2\/pages\/21"}],"collection":[{"href":"https:\/\/solupak.eu\/de\/wp-json\/wp\/v2\/pages"}],"about":[{"href":"https:\/\/solupak.eu\/de\/wp-json\/wp\/v2\/types\/page"}],"author":[{"embeddable":true,"href":"https:\/\/solupak.eu\/de\/wp-json\/wp\/v2\/users\/1"}],"replies":[{"embeddable":true,"href":"https:\/\/solupak.eu\/de\/wp-json\/wp\/v2\/comments?post=21"}],"version-history":[{"count":4,"href":"https:\/\/solupak.eu\/de\/wp-json\/wp\/v2\/pages\/21\/revisions"}],"predecessor-version":[{"id":314,"href":"https:\/\/solupak.eu\/de\/wp-json\/wp\/v2\/pages\/21\/revisions\/314"}],"wp:attachment":[{"href":"https:\/\/solupak.eu\/de\/wp-json\/wp\/v2\/media?parent=21"}],"curies":[{"name":"wp","href":"https:\/\/api.w.org\/{rel}","templated":true}]}}