{"id":20,"date":"2020-10-23T11:48:48","date_gmt":"2020-10-23T10:48:48","guid":{"rendered":"https:\/\/solupak.eu\/?page_id=20"},"modified":"2021-03-30T11:56:31","modified_gmt":"2021-03-30T10:56:31","slug":"capabilities","status":"publish","type":"page","link":"https:\/\/solupak.eu\/de\/capabilities\/","title":{"rendered":"F\u00e4higkeiten"},"content":{"rendered":"<h1>\n\t\tWir lieben es, L\u00f6sungen zu entwickeln\n\t<\/h1>\n\t<p>Wir sind Hersteller und Innovator von wasserl\u00f6slichen Systemen. Durch die Lagerung und den Vertrieb vor Ort sorgen wir f\u00fcr eine kohlenstoffarme Produktion im Vereinigten K\u00f6nigreich. Das Mischen von Pulvern vor Ort und die selbst gebauten Maschinen zur Herstellung von Beuteln erm\u00f6glichen unseren Kunden eine hohe Produktionsgeschwindigkeit.<\/p>\n<p>Wir legen gro\u00dfen Wert darauf, dass wir bei all unseren Herstellungs-, Test-, Rezeptur- und Verpackungsprozessen den CO2-Fu\u00dfabdruck so gering wie m\u00f6glich halten (wir verwenden recycelbare Verpackungen und wiederverwendbare Flaschen) und gleichzeitig ein Produkt herstellen, das frei von Grausamkeiten ist.<\/p>\n<p>Der Benutzer hat ein geringes Risiko des Kontakts mit Chemikalien, minimale manuelle Handhabung und einfach zu verwendende Reinigungsprodukte. Sowohl die Farbe des Beutels als auch die der Verd\u00fcnnung sind nach BICSc kodiert. Da es hochkonzentriert ist, fallen keine zus\u00e4tzlichen Kosten f\u00fcr den Transport des Wassers im ganzen Land an und es wird nur sehr wenig Platz f\u00fcr die Lagerung ben\u00f6tigt.<\/p>\n\t\t\t\t<img loading=\"lazy\" src=\"https:\/\/solupak.eu\/wp-content\/uploads\/2020\/11\/Solupak-products-web-png-1024x550.png\" alt=\"Solupak-products-web-png\" itemprop=\"image\" height=\"550\" width=\"1024\" title=\"Solupak-Erzeugnisse-web-png\" onerror=\"this.style.display='none'\"  \/>\n\t<h2>Wir lieben Reinigungsl\u00f6sungen<\/h2>\n<p>Solupak ist einer der f\u00fchrenden Experten im Vereinigten K\u00f6nigreich f\u00fcr die Entwicklung und Herstellung von kundenspezifischen wasserl\u00f6slichen Reinigungsprodukten und Systemen f\u00fcr die t\u00e4gliche Reinigung. Die Produkte werden in unserem Produktions- und Verwaltungsb\u00fcro in Yorkshire gemischt, hergestellt und verpackt und in der ganzen Welt vertrieben. Unser Sortiment an Produkten f\u00fcr die t\u00e4gliche Reinigung ist \u00fcber unser britisches H\u00e4ndlernetz erh\u00e4ltlich.<\/p>\n    <a href=\"#get-in-touch\" target=\"_self\" rel=\"noopener noreferrer\">\n    \tKontakt\n    <\/a>\n\t<p>Zu den Vorteilen unserer wasserl\u00f6slichen L\u00f6sungen geh\u00f6ren:<\/p>\n<p>Geringere Logistikkosten, da das Produkt hoch konzentriert ist und kein Wasser transportiert wird<\/p>\n<p>Portionskontrolle<\/p>\n<p>Kein chemischer Kontakt<\/p>\n<p>Geringere Lagerhaltung durch platzsparende, konzentrierte Dosierung Keine manuelle Handhabung<\/p>\n<p>Sie k\u00f6nnen unser freundliches und sachkundiges Team unter 44 (0) 1924 565120 kontaktieren.<\/p>\n    <a href=\"#\" target=\"\" rel=\"noopener noreferrer\">\n    \tSiehe unsere Produktpalette\n    <\/a>\n\t\t\t\t<img loading=\"lazy\" src=\"https:\/\/solupak.eu\/wp-content\/uploads\/2021\/03\/All-purpose_cleaner.png\" alt=\"All-purpose_cleaner\" itemprop=\"image\" height=\"1359\" width=\"1000\" title=\"Allzweckreiniger\" onerror=\"this.style.display='none'\"  \/>","protected":false},"excerpt":{"rendered":"<p>Wir lieben es, L\u00f6sungen zu entwickeln Wir sind Hersteller und Innovatoren von wasserl\u00f6slichen Systemen. Durch die Lagerung und den Vertrieb vor Ort sorgen wir f\u00fcr eine kohlenstoffarme Produktion in Gro\u00dfbritannien. Das Mischen von Pulvern vor Ort und die im eigenen Haus gebauten Maschinen zur Herstellung von Beuteln erm\u00f6glichen unseren Kunden eine hohe Produktionsgeschwindigkeit. Wir konzentrieren uns darauf, sicherzustellen, dass w\u00e4hrend unserer gesamten Herstellung, Pr\u00fcfung, Formulierung und Verpackung...<\/p>","protected":false},"author":1,"featured_media":0,"parent":0,"menu_order":0,"comment_status":"closed","ping_status":"closed","template":"","meta":[],"yoast_head":"<!-- This site is optimized with the Yoast SEO plugin v19.7.2 - https:\/\/yoast.com\/wordpress\/plugins\/seo\/ -->\n<title>Capabilities - Solupak<\/title>\n<meta name=\"robots\" content=\"index, follow, max-snippet:-1, max-image-preview:large, max-video-preview:-1\" \/>\n<link rel=\"canonical\" href=\"https:\/\/solupak.eu\/de\/capabilities\/\" \/>\n<meta property=\"og:locale\" content=\"de_DE\" \/>\n<meta property=\"og:type\" content=\"article\" \/>\n<meta property=\"og:title\" content=\"Capabilities - Solupak\" \/>\n<meta property=\"og:description\" content=\"We Love Developing Solutions We are manufacturers and innovators in water soluble systems. Through local warehousing and distribution we maintain low carbon manufacturing in the UK. On-site blending of powders and in-house built sachet production machinery gives our customers high speed output. We focus on ensuring that throughout all our manufacturing, testing, formulation and packaging&hellip;\" \/>\n<meta property=\"og:url\" content=\"https:\/\/solupak.eu\/de\/capabilities\/\" \/>\n<meta property=\"og:site_name\" content=\"Solupak\" \/>\n<meta property=\"article:modified_time\" content=\"2021-03-30T10:56:31+00:00\" \/>\n<meta property=\"og:image\" content=\"https:\/\/solupak.eu\/wp-content\/uploads\/2020\/11\/Solupak-products-web-png-1024x550.png\" \/>\n<meta name=\"twitter:card\" content=\"summary_large_image\" \/>\n<meta name=\"twitter:label1\" content=\"Gesch\u00e4tzte Lesezeit\" \/>\n\t<meta name=\"twitter:data1\" content=\"1\u00a0Minute\" \/>\n<script type=\"application\/ld+json\" class=\"yoast-schema-graph\">{\"@context\":\"https:\/\/schema.org\",\"@graph\":[{\"@type\":\"WebPage\",\"@id\":\"https:\/\/solupak.eu\/capabilities\/\",\"url\":\"https:\/\/solupak.eu\/capabilities\/\",\"name\":\"Capabilities - Solupak\",\"isPartOf\":{\"@id\":\"https:\/\/solupak.eu\/#website\"},\"datePublished\":\"2020-10-23T10:48:48+00:00\",\"dateModified\":\"2021-03-30T10:56:31+00:00\",\"breadcrumb\":{\"@id\":\"https:\/\/solupak.eu\/capabilities\/#breadcrumb\"},\"inLanguage\":\"de\",\"potentialAction\":[{\"@type\":\"ReadAction\",\"target\":[\"https:\/\/solupak.eu\/capabilities\/\"]}]},{\"@type\":\"BreadcrumbList\",\"@id\":\"https:\/\/solupak.eu\/capabilities\/#breadcrumb\",\"itemListElement\":[{\"@type\":\"ListItem\",\"position\":1,\"name\":\"Home\",\"item\":\"https:\/\/solupak.eu\/\"},{\"@type\":\"ListItem\",\"position\":2,\"name\":\"Capabilities\"}]},{\"@type\":\"WebSite\",\"@id\":\"https:\/\/solupak.eu\/#website\",\"url\":\"https:\/\/solupak.eu\/\",\"name\":\"Solupak\",\"description\":\"...just add water\",\"potentialAction\":[{\"@type\":\"SearchAction\",\"target\":{\"@type\":\"EntryPoint\",\"urlTemplate\":\"https:\/\/solupak.eu\/?s={search_term_string}\"},\"query-input\":\"required name=search_term_string\"}],\"inLanguage\":\"de\"}]}<\/script>\n<!-- \/ Yoast SEO plugin. -->","yoast_head_json":{"title":"Capabilities - Solupak","robots":{"index":"index","follow":"follow","max-snippet":"max-snippet:-1","max-image-preview":"max-image-preview:large","max-video-preview":"max-video-preview:-1"},"canonical":"https:\/\/solupak.eu\/de\/capabilities\/","og_locale":"de_DE","og_type":"article","og_title":"Capabilities - Solupak","og_description":"We Love Developing Solutions We are manufacturers and innovators in water soluble systems. Through local warehousing and distribution we maintain low carbon manufacturing in the UK. On-site blending of powders and in-house built sachet production machinery gives our customers high speed output. We focus on ensuring that throughout all our manufacturing, testing, formulation and packaging&hellip;","og_url":"https:\/\/solupak.eu\/de\/capabilities\/","og_site_name":"Solupak","article_modified_time":"2021-03-30T10:56:31+00:00","og_image":[{"url":"https:\/\/solupak.eu\/wp-content\/uploads\/2020\/11\/Solupak-products-web-png-1024x550.png"}],"twitter_card":"summary_large_image","twitter_misc":{"Gesch\u00e4tzte Lesezeit":"1\u00a0Minute"},"schema":{"@context":"https:\/\/schema.org","@graph":[{"@type":"WebPage","@id":"https:\/\/solupak.eu\/capabilities\/","url":"https:\/\/solupak.eu\/capabilities\/","name":"Capabilities - Solupak","isPartOf":{"@id":"https:\/\/solupak.eu\/#website"},"datePublished":"2020-10-23T10:48:48+00:00","dateModified":"2021-03-30T10:56:31+00:00","breadcrumb":{"@id":"https:\/\/solupak.eu\/capabilities\/#breadcrumb"},"inLanguage":"de","potentialAction":[{"@type":"ReadAction","target":["https:\/\/solupak.eu\/capabilities\/"]}]},{"@type":"BreadcrumbList","@id":"https:\/\/solupak.eu\/capabilities\/#breadcrumb","itemListElement":[{"@type":"ListItem","position":1,"name":"Home","item":"https:\/\/solupak.eu\/"},{"@type":"ListItem","position":2,"name":"Capabilities"}]},{"@type":"WebSite","@id":"https:\/\/solupak.eu\/#website","url":"https:\/\/solupak.eu\/","name":"Solupak","description":"...just add water","potentialAction":[{"@type":"SearchAction","target":{"@type":"EntryPoint","urlTemplate":"https:\/\/solupak.eu\/?s={search_term_string}"},"query-input":"required name=search_term_string"}],"inLanguage":"de"}]}},"_links":{"self":[{"href":"https:\/\/solupak.eu\/de\/wp-json\/wp\/v2\/pages\/20"}],"collection":[{"href":"https:\/\/solupak.eu\/de\/wp-json\/wp\/v2\/pages"}],"about":[{"href":"https:\/\/solupak.eu\/de\/wp-json\/wp\/v2\/types\/page"}],"author":[{"embeddable":true,"href":"https:\/\/solupak.eu\/de\/wp-json\/wp\/v2\/users\/1"}],"replies":[{"embeddable":true,"href":"https:\/\/solupak.eu\/de\/wp-json\/wp\/v2\/comments?post=20"}],"version-history":[{"count":13,"href":"https:\/\/solupak.eu\/de\/wp-json\/wp\/v2\/pages\/20\/revisions"}],"predecessor-version":[{"id":4212,"href":"https:\/\/solupak.eu\/de\/wp-json\/wp\/v2\/pages\/20\/revisions\/4212"}],"wp:attachment":[{"href":"https:\/\/solupak.eu\/de\/wp-json\/wp\/v2\/media?parent=20"}],"curies":[{"name":"wp","href":"https:\/\/api.w.org\/{rel}","templated":true}]}}