{"id":198,"date":"2020-11-06T10:31:31","date_gmt":"2020-11-06T10:31:31","guid":{"rendered":"https:\/\/solupak.eu\/?page_id=198"},"modified":"2020-11-17T17:45:52","modified_gmt":"2020-11-17T17:45:52","slug":"cost","status":"publish","type":"page","link":"https:\/\/solupak.eu\/de\/cost\/","title":{"rendered":"Kosten"},"content":{"rendered":"<h1>\n\t\tKostensparende Vorteile\n\t<\/h1>\n\t\n<p>Neben den enormen positiven Auswirkungen auf die Umwelt, die der Transport ohne Wasser mit sich bringt, ergeben sich auch Vorteile in Bezug auf Kosten und Einsparungen. Das Gewicht der Ladung ist folglich geringer, da keine Fl\u00fcssigkeit zu den Kunden transportiert werden muss; das bedeutet, dass die Kosten f\u00fcr die Lieferung unserer Produkte an Sie und Ihre H\u00e4ndler erheblich gesenkt werden.<\/p>\n<p>Unsere Systeme sind kosteng\u00fcnstige L\u00f6sungen sowohl f\u00fcr kleine Kunden als auch f\u00fcr Gro\u00dfverbraucher. Das liegt daran, dass wir sowohl Konzentrat-Dosiersysteme f\u00fcr gr\u00f6\u00dfere Anwender als auch wasserl\u00f6sliche Beutel f\u00fcr Kunden am anderen Ende des Spektrums bereitstellen k\u00f6nnen. Mit anderen Worten: Solupak-Produkte sind skalierbar - von einem Reiniger bis zu 100+. Dies hat zur Folge, dass <strong>Dosiersicherheit<\/strong>Es besteht keine Gefahr, zu viel von dem Produkt zu verwenden, was wiederum dazu f\u00fchrt, dass <strong>Kostensicherheit<\/strong> da kein Produkt verschwendet wird.<\/p>\n<p>Dar\u00fcber hinaus sind Solupak-Produkte drei Jahre lang haltbar (nat\u00fcrlich nur, wenn sie trocken aufbewahrt werden!). Die Produkte m\u00fcssen nicht innerhalb kurzer Zeit verbraucht werden und nehmen nur wenig Platz im Regal ein, da bis zur Verwendung kein Wasser hinzugef\u00fcgt wird.<\/p>","protected":false},"excerpt":{"rendered":"<p>Kosteneinsparungen Neben den enormen positiven Auswirkungen auf die Umwelt, die der Transport ohne Wasser hat, gibt es auch Vorteile in Bezug auf Kosten und Einsparungen. Das Gewicht der Ladung ist folglich geringer, da keine Fl\u00fcssigkeit zu den Kunden transportiert werden muss; das bedeutet, dass die Kosten f\u00fcr die Lieferung unserer Produkte...<\/p>","protected":false},"author":1,"featured_media":0,"parent":0,"menu_order":0,"comment_status":"closed","ping_status":"closed","template":"","meta":[],"yoast_head":"<!-- This site is optimized with the Yoast SEO plugin v19.7.2 - https:\/\/yoast.com\/wordpress\/plugins\/seo\/ -->\n<title>Cost - Solupak<\/title>\n<meta name=\"robots\" content=\"index, follow, max-snippet:-1, max-image-preview:large, max-video-preview:-1\" \/>\n<link rel=\"canonical\" href=\"https:\/\/solupak.eu\/de\/cost\/\" \/>\n<meta property=\"og:locale\" content=\"de_DE\" \/>\n<meta property=\"og:type\" content=\"article\" \/>\n<meta property=\"og:title\" content=\"Cost - Solupak\" \/>\n<meta property=\"og:description\" content=\"Cost Saving Benefits In addition to the enormous positive environmental impact that zero water transportation has, there are also benefits in terms of costs and savings. The weight of the load is consequently lighter due to there being no liquid to transport to customers; meaning that the cost of delivering our products to you and&hellip;\" \/>\n<meta property=\"og:url\" content=\"https:\/\/solupak.eu\/de\/cost\/\" \/>\n<meta property=\"og:site_name\" content=\"Solupak\" \/>\n<meta property=\"article:modified_time\" content=\"2020-11-17T17:45:52+00:00\" \/>\n<meta name=\"twitter:card\" content=\"summary_large_image\" \/>\n<meta name=\"twitter:label1\" content=\"Gesch\u00e4tzte Lesezeit\" \/>\n\t<meta name=\"twitter:data1\" content=\"1\u00a0Minute\" \/>\n<script type=\"application\/ld+json\" class=\"yoast-schema-graph\">{\"@context\":\"https:\/\/schema.org\",\"@graph\":[{\"@type\":\"WebPage\",\"@id\":\"https:\/\/solupak.eu\/fr\/cost\/\",\"url\":\"https:\/\/solupak.eu\/fr\/cost\/\",\"name\":\"Cost - Solupak\",\"isPartOf\":{\"@id\":\"https:\/\/solupak.eu\/#website\"},\"datePublished\":\"2020-11-06T10:31:31+00:00\",\"dateModified\":\"2020-11-17T17:45:52+00:00\",\"breadcrumb\":{\"@id\":\"https:\/\/solupak.eu\/fr\/cost\/#breadcrumb\"},\"inLanguage\":\"de\",\"potentialAction\":[{\"@type\":\"ReadAction\",\"target\":[\"https:\/\/solupak.eu\/fr\/cost\/\"]}]},{\"@type\":\"BreadcrumbList\",\"@id\":\"https:\/\/solupak.eu\/fr\/cost\/#breadcrumb\",\"itemListElement\":[{\"@type\":\"ListItem\",\"position\":1,\"name\":\"Home\",\"item\":\"https:\/\/solupak.eu\/\"},{\"@type\":\"ListItem\",\"position\":2,\"name\":\"Cost\"}]},{\"@type\":\"WebSite\",\"@id\":\"https:\/\/solupak.eu\/#website\",\"url\":\"https:\/\/solupak.eu\/\",\"name\":\"Solupak\",\"description\":\"...just add water\",\"potentialAction\":[{\"@type\":\"SearchAction\",\"target\":{\"@type\":\"EntryPoint\",\"urlTemplate\":\"https:\/\/solupak.eu\/?s={search_term_string}\"},\"query-input\":\"required name=search_term_string\"}],\"inLanguage\":\"de\"}]}<\/script>\n<!-- \/ Yoast SEO plugin. -->","yoast_head_json":{"title":"Cost - Solupak","robots":{"index":"index","follow":"follow","max-snippet":"max-snippet:-1","max-image-preview":"max-image-preview:large","max-video-preview":"max-video-preview:-1"},"canonical":"https:\/\/solupak.eu\/de\/cost\/","og_locale":"de_DE","og_type":"article","og_title":"Cost - Solupak","og_description":"Cost Saving Benefits In addition to the enormous positive environmental impact that zero water transportation has, there are also benefits in terms of costs and savings. The weight of the load is consequently lighter due to there being no liquid to transport to customers; meaning that the cost of delivering our products to you and&hellip;","og_url":"https:\/\/solupak.eu\/de\/cost\/","og_site_name":"Solupak","article_modified_time":"2020-11-17T17:45:52+00:00","twitter_card":"summary_large_image","twitter_misc":{"Gesch\u00e4tzte Lesezeit":"1\u00a0Minute"},"schema":{"@context":"https:\/\/schema.org","@graph":[{"@type":"WebPage","@id":"https:\/\/solupak.eu\/fr\/cost\/","url":"https:\/\/solupak.eu\/fr\/cost\/","name":"Cost - Solupak","isPartOf":{"@id":"https:\/\/solupak.eu\/#website"},"datePublished":"2020-11-06T10:31:31+00:00","dateModified":"2020-11-17T17:45:52+00:00","breadcrumb":{"@id":"https:\/\/solupak.eu\/fr\/cost\/#breadcrumb"},"inLanguage":"de","potentialAction":[{"@type":"ReadAction","target":["https:\/\/solupak.eu\/fr\/cost\/"]}]},{"@type":"BreadcrumbList","@id":"https:\/\/solupak.eu\/fr\/cost\/#breadcrumb","itemListElement":[{"@type":"ListItem","position":1,"name":"Home","item":"https:\/\/solupak.eu\/"},{"@type":"ListItem","position":2,"name":"Cost"}]},{"@type":"WebSite","@id":"https:\/\/solupak.eu\/#website","url":"https:\/\/solupak.eu\/","name":"Solupak","description":"...just add water","potentialAction":[{"@type":"SearchAction","target":{"@type":"EntryPoint","urlTemplate":"https:\/\/solupak.eu\/?s={search_term_string}"},"query-input":"required name=search_term_string"}],"inLanguage":"de"}]}},"_links":{"self":[{"href":"https:\/\/solupak.eu\/de\/wp-json\/wp\/v2\/pages\/198"}],"collection":[{"href":"https:\/\/solupak.eu\/de\/wp-json\/wp\/v2\/pages"}],"about":[{"href":"https:\/\/solupak.eu\/de\/wp-json\/wp\/v2\/types\/page"}],"author":[{"embeddable":true,"href":"https:\/\/solupak.eu\/de\/wp-json\/wp\/v2\/users\/1"}],"replies":[{"embeddable":true,"href":"https:\/\/solupak.eu\/de\/wp-json\/wp\/v2\/comments?post=198"}],"version-history":[{"count":6,"href":"https:\/\/solupak.eu\/de\/wp-json\/wp\/v2\/pages\/198\/revisions"}],"predecessor-version":[{"id":597,"href":"https:\/\/solupak.eu\/de\/wp-json\/wp\/v2\/pages\/198\/revisions\/597"}],"wp:attachment":[{"href":"https:\/\/solupak.eu\/de\/wp-json\/wp\/v2\/media?parent=198"}],"curies":[{"name":"wp","href":"https:\/\/api.w.org\/{rel}","templated":true}]}}