{"id":18,"date":"2020-10-23T11:48:48","date_gmt":"2020-10-23T10:48:48","guid":{"rendered":"https:\/\/solupak.eu\/?page_id=18"},"modified":"2021-12-02T14:06:36","modified_gmt":"2021-12-02T14:06:36","slug":"our-mission","status":"publish","type":"page","link":"https:\/\/solupak.eu\/de\/our-mission\/","title":{"rendered":"Unser Auftrag"},"content":{"rendered":"<h1>\n\t\tUnser Auftrag\n\t<\/h1>\n\t<h3>Wir wollen der f\u00fchrende Hersteller von wirksamen und preiswerten Reinigungskonzentraten sein, die in wasserl\u00f6slichen Folienbeuteln verpackt sind und unter Einhaltung der h\u00f6chstm\u00f6glichen ethischen Standards hergestellt werden.<\/h3>\n\t\t\t\t<img loading=\"lazy\" src=\"https:\/\/solupak.eu\/wp-content\/uploads\/2021\/03\/Trigger-bottles.png\" alt=\"Trigger-bottles\" itemprop=\"image\" height=\"928\" width=\"1586\" title=\"Trigger-Flaschen\" onerror=\"this.style.display='none'\">\n\t<h2>Unsere Geschichte. Die Zukunft.<\/h2>\n<p>Solupak wurde 1998 gegr\u00fcndet und ist als f\u00fchrender Experte f\u00fcr wasserl\u00f6sliche Produkte bekannt. In fast 20 Jahren hat das Unternehmen mit vielen f\u00fchrenden Marken zusammengearbeitet, um wasserl\u00f6sliche (PVOH) Folien und Granulate zu entwickeln, zu formulieren, zu verpacken und zu vertreiben.<\/p>\n<p>Mit Sitz in Yorkshire im Norden Englands beliefern wir das Vereinigte K\u00f6nigreich und unsere Vertriebsh\u00e4ndler in Europa, dem Fernen Osten und Australien. Als Spezialist f\u00fcr gewerbliche Reinigungsprodukte besch\u00e4ftigen wir ein eigenes Team f\u00fcr technische Formulierung und Entwicklung. Die Herstellung erfolgt vor Ort im Vereinigten K\u00f6nigreich, ebenso wie das Konzept, die Forschung und Entwicklung, die Tests, die Herstellung, die Verpackung und der Vertrieb.<\/p>\n<p>Wir sind sehr stolz auf unsere Umweltfreundlichkeit und sind von Cruelty Free International (fr\u00fcher bekannt als BUAV) und Ecolabel (wo zutreffend) akkreditiert. Alle unsere Produkte sind vegan. Wir halten Patente auf unser Trigger-Sortiment. Unser Produktsortiment ist speziell f\u00fcr den t\u00e4glichen Gebrauch formuliert, wobei kleinere Packungsgr\u00f6\u00dfen die Transport- und Logistikkosten reduzieren. Wir sind vollst\u00e4ndig ISO-zertifiziert nach ISO 9001: 2015 und ISO 14001; Ihr Gesch\u00e4ft ist bei uns in guten H\u00e4nden.<\/p>\n    <a href=\"https:\/\/solupak.eu\/de\/products\/\" target=\"_self\" rel=\"noopener noreferrer\">\n    \tSiehe unsere Produktpalette\n    <\/a>\n\t\t\t\t<img loading=\"lazy\" src=\"https:\/\/solupak.eu\/wp-content\/uploads\/2021\/03\/Degraser-cleaner.png\" alt=\"Degraser-cleaner\" itemprop=\"image\" height=\"1498\" width=\"1000\" title=\"Entgrater-Reiniger\" onerror=\"this.style.display='none'\">","protected":false},"excerpt":{"rendered":"<p>Unsere Mission Wir wollen der f\u00fchrende Hersteller von wirksamen und preisg\u00fcnstigen Reinigungskonzentraten sein, die in wasserl\u00f6slichen Folienbeuteln verpackt sind und nach den h\u00f6chstm\u00f6glichen ethischen Standards hergestellt werden. Unsere Geschichte. Die Zukunft. Solupak wurde 1998 gegr\u00fcndet und ist als f\u00fchrender Experte f\u00fcr wasserl\u00f6sliche Produkte bekannt. Im Laufe von fast 20 Jahren hat das Unternehmen mit...<\/p>","protected":false},"author":1,"featured_media":0,"parent":0,"menu_order":0,"comment_status":"closed","ping_status":"closed","template":"","meta":[],"yoast_head":"<!-- This site is optimized with the Yoast SEO plugin v19.7.2 - https:\/\/yoast.com\/wordpress\/plugins\/seo\/ -->\n<title>Our Mission - Solupak<\/title>\n<meta name=\"robots\" content=\"index, follow, max-snippet:-1, max-image-preview:large, max-video-preview:-1\" \/>\n<link rel=\"canonical\" href=\"https:\/\/solupak.eu\/de\/our-mission\/\" \/>\n<meta property=\"og:locale\" content=\"de_DE\" \/>\n<meta property=\"og:type\" content=\"article\" \/>\n<meta property=\"og:title\" content=\"Our Mission - Solupak\" \/>\n<meta property=\"og:description\" content=\"Our Mission To be the leading producer of effective and value-for-money cleaning concentrate, packed in water soluble film sachets, made by adopting the highest possible ethical standards. Our History.&nbsp;The Future. Solupak was formed in 1998 and is renowned as the leading expert in water soluble products. Over nearly 20 years, the company has worked with&hellip;\" \/>\n<meta property=\"og:url\" content=\"https:\/\/solupak.eu\/de\/our-mission\/\" \/>\n<meta property=\"og:site_name\" content=\"Solupak\" \/>\n<meta property=\"article:modified_time\" content=\"2021-12-02T14:06:36+00:00\" \/>\n<meta property=\"og:image\" content=\"https:\/\/solupak.eu\/wp-content\/uploads\/2021\/03\/Trigger-bottles.png\" \/>\n<meta name=\"twitter:card\" content=\"summary_large_image\" \/>\n<meta name=\"twitter:label1\" content=\"Gesch\u00e4tzte Lesezeit\" \/>\n\t<meta name=\"twitter:data1\" content=\"2\u00a0Minuten\" \/>\n<script type=\"application\/ld+json\" class=\"yoast-schema-graph\">{\"@context\":\"https:\/\/schema.org\",\"@graph\":[{\"@type\":\"WebPage\",\"@id\":\"https:\/\/solupak.eu\/our-mission\/\",\"url\":\"https:\/\/solupak.eu\/our-mission\/\",\"name\":\"Our Mission - Solupak\",\"isPartOf\":{\"@id\":\"https:\/\/solupak.eu\/#website\"},\"datePublished\":\"2020-10-23T10:48:48+00:00\",\"dateModified\":\"2021-12-02T14:06:36+00:00\",\"breadcrumb\":{\"@id\":\"https:\/\/solupak.eu\/our-mission\/#breadcrumb\"},\"inLanguage\":\"de\",\"potentialAction\":[{\"@type\":\"ReadAction\",\"target\":[\"https:\/\/solupak.eu\/our-mission\/\"]}]},{\"@type\":\"BreadcrumbList\",\"@id\":\"https:\/\/solupak.eu\/our-mission\/#breadcrumb\",\"itemListElement\":[{\"@type\":\"ListItem\",\"position\":1,\"name\":\"Home\",\"item\":\"https:\/\/solupak.eu\/\"},{\"@type\":\"ListItem\",\"position\":2,\"name\":\"Our Mission\"}]},{\"@type\":\"WebSite\",\"@id\":\"https:\/\/solupak.eu\/#website\",\"url\":\"https:\/\/solupak.eu\/\",\"name\":\"Solupak\",\"description\":\"...just add water\",\"potentialAction\":[{\"@type\":\"SearchAction\",\"target\":{\"@type\":\"EntryPoint\",\"urlTemplate\":\"https:\/\/solupak.eu\/?s={search_term_string}\"},\"query-input\":\"required name=search_term_string\"}],\"inLanguage\":\"de\"}]}<\/script>\n<!-- \/ Yoast SEO plugin. -->","yoast_head_json":{"title":"Our Mission - Solupak","robots":{"index":"index","follow":"follow","max-snippet":"max-snippet:-1","max-image-preview":"max-image-preview:large","max-video-preview":"max-video-preview:-1"},"canonical":"https:\/\/solupak.eu\/de\/our-mission\/","og_locale":"de_DE","og_type":"article","og_title":"Our Mission - Solupak","og_description":"Our Mission To be the leading producer of effective and value-for-money cleaning concentrate, packed in water soluble film sachets, made by adopting the highest possible ethical standards. Our History.&nbsp;The Future. Solupak was formed in 1998 and is renowned as the leading expert in water soluble products. Over nearly 20 years, the company has worked with&hellip;","og_url":"https:\/\/solupak.eu\/de\/our-mission\/","og_site_name":"Solupak","article_modified_time":"2021-12-02T14:06:36+00:00","og_image":[{"url":"https:\/\/solupak.eu\/wp-content\/uploads\/2021\/03\/Trigger-bottles.png"}],"twitter_card":"summary_large_image","twitter_misc":{"Gesch\u00e4tzte Lesezeit":"2\u00a0Minuten"},"schema":{"@context":"https:\/\/schema.org","@graph":[{"@type":"WebPage","@id":"https:\/\/solupak.eu\/our-mission\/","url":"https:\/\/solupak.eu\/our-mission\/","name":"Our Mission - Solupak","isPartOf":{"@id":"https:\/\/solupak.eu\/#website"},"datePublished":"2020-10-23T10:48:48+00:00","dateModified":"2021-12-02T14:06:36+00:00","breadcrumb":{"@id":"https:\/\/solupak.eu\/our-mission\/#breadcrumb"},"inLanguage":"de","potentialAction":[{"@type":"ReadAction","target":["https:\/\/solupak.eu\/our-mission\/"]}]},{"@type":"BreadcrumbList","@id":"https:\/\/solupak.eu\/our-mission\/#breadcrumb","itemListElement":[{"@type":"ListItem","position":1,"name":"Home","item":"https:\/\/solupak.eu\/"},{"@type":"ListItem","position":2,"name":"Our Mission"}]},{"@type":"WebSite","@id":"https:\/\/solupak.eu\/#website","url":"https:\/\/solupak.eu\/","name":"Solupak","description":"...just add water","potentialAction":[{"@type":"SearchAction","target":{"@type":"EntryPoint","urlTemplate":"https:\/\/solupak.eu\/?s={search_term_string}"},"query-input":"required name=search_term_string"}],"inLanguage":"de"}]}},"_links":{"self":[{"href":"https:\/\/solupak.eu\/de\/wp-json\/wp\/v2\/pages\/18"}],"collection":[{"href":"https:\/\/solupak.eu\/de\/wp-json\/wp\/v2\/pages"}],"about":[{"href":"https:\/\/solupak.eu\/de\/wp-json\/wp\/v2\/types\/page"}],"author":[{"embeddable":true,"href":"https:\/\/solupak.eu\/de\/wp-json\/wp\/v2\/users\/1"}],"replies":[{"embeddable":true,"href":"https:\/\/solupak.eu\/de\/wp-json\/wp\/v2\/comments?post=18"}],"version-history":[{"count":16,"href":"https:\/\/solupak.eu\/de\/wp-json\/wp\/v2\/pages\/18\/revisions"}],"predecessor-version":[{"id":30577,"href":"https:\/\/solupak.eu\/de\/wp-json\/wp\/v2\/pages\/18\/revisions\/30577"}],"wp:attachment":[{"href":"https:\/\/solupak.eu\/de\/wp-json\/wp\/v2\/media?parent=18"}],"curies":[{"name":"wp","href":"https:\/\/api.w.org\/{rel}","templated":true}]}}