{"id":1174,"date":"2021-02-21T16:40:10","date_gmt":"2021-02-21T16:40:10","guid":{"rendered":"https:\/\/solupak.eu\/?page_id=1174"},"modified":"2021-02-21T16:40:10","modified_gmt":"2021-02-21T16:40:10","slug":"cookie-policy","status":"publish","type":"page","link":"https:\/\/solupak.eu\/de\/cookie-policy\/","title":{"rendered":"Cookie-Richtlinie"},"content":{"rendered":"<h2>Diese Website verwendet Cookies.<\/h2>\n\n\n\n<p>Die Daten in diesen Cookies sind anonym und werden verwendet, um die Funktionalit\u00e4t und die Relevanz der Informationen zu verbessern und um uns bei der Analyse unseres Datenverkehrs zu helfen.  Wir geben diese anonymisierten Informationen \u00fcber die Nutzung unserer Website auch an unsere Analysepartner weiter.<\/p>\n\n\n\n<p>Wir verwenden keine Cookies, um Ihre pers\u00f6nlichen Daten zu sammeln oder zu speichern, so dass diese Informationen nicht dazu verwendet werden k\u00f6nnen, Sie zu identifizieren.  Es ist jederzeit m\u00f6glich, Ihre Zustimmung zu widerrufen. Sie k\u00f6nnen das tun&nbsp;<a href=\"https:\/\/solupak.eu\/de\/cookies-policy\/\" target=\"_blank\" rel=\"noreferrer noopener\">hier<\/a>. Wir, sowie jeder dritte Partner, der Zugang zur Verwaltung der Website hat, sind die Datenverarbeiter. Sie k\u00f6nnen uns unter 01924565120 kontaktieren.<\/p>\n\n\n\n<p>Cookies sind kleine Textdateien, die von Websites verwendet werden k\u00f6nnen, um die Erfahrung des Nutzers effizienter zu gestalten.<br><br>Das Gesetz besagt, dass wir Cookies auf Ihrem Ger\u00e4t speichern d\u00fcrfen, wenn sie f\u00fcr den Betrieb dieser Website unbedingt erforderlich sind. F\u00fcr alle anderen Arten von Cookies ben\u00f6tigen wir Ihre Zustimmung.<br><br>Diese Website verwendet verschiedene Arten von Cookies. Einige Cookies werden von Diensten Dritter gesetzt, die auf unseren Seiten erscheinen.<br><br>Sie k\u00f6nnen Ihre Einwilligung jederzeit in der Cookie-Erkl\u00e4rung auf unserer Website \u00e4ndern oder widerrufen.<br><br>In unserer Datenschutzerkl\u00e4rung erfahren Sie mehr dar\u00fcber, wer wir sind, wie Sie uns kontaktieren k\u00f6nnen und wie wir personenbezogene Daten verarbeiten.<\/p>\n\n\n\n<p>Ihre Zustimmung gilt f\u00fcr folgende Bereiche: www.solupak.eu<\/p>","protected":false},"excerpt":{"rendered":"<p>Diese Website verwendet Cookies. Die Daten in diesen Cookies sind anonym und werden verwendet, um die Funktionalit\u00e4t und die Relevanz der Informationen zu verbessern und um uns bei der Analyse unseres Datenverkehrs zu helfen.  Wir geben diese anonymisierten Informationen \u00fcber die Nutzung unserer Website auch an unsere Analysepartner weiter. Wir verwenden keine Cookies, um Ihre Daten zu sammeln oder zu speichern...<\/p>","protected":false},"author":1,"featured_media":0,"parent":0,"menu_order":0,"comment_status":"closed","ping_status":"closed","template":"","meta":[],"yoast_head":"<!-- This site is optimized with the Yoast SEO plugin v19.7.2 - https:\/\/yoast.com\/wordpress\/plugins\/seo\/ -->\n<title>Cookie Policy - Solupak<\/title>\n<meta name=\"robots\" content=\"index, follow, max-snippet:-1, max-image-preview:large, max-video-preview:-1\" \/>\n<link rel=\"canonical\" href=\"https:\/\/solupak.eu\/de\/cookie-policy\/\" \/>\n<meta property=\"og:locale\" content=\"de_DE\" \/>\n<meta property=\"og:type\" content=\"article\" \/>\n<meta property=\"og:title\" content=\"Cookie Policy - Solupak\" \/>\n<meta property=\"og:description\" content=\"This website uses cookies. The data in these cookies is anonymous and is used to provide enhanced functionality, improved relevancy of information and to help us analyse our traffic.&nbsp; We also share that anonymised information about the use of our site with our analytics partners. We do not use cookies to collect or store your&hellip;\" \/>\n<meta property=\"og:url\" content=\"https:\/\/solupak.eu\/de\/cookie-policy\/\" \/>\n<meta property=\"og:site_name\" content=\"Solupak\" \/>\n<meta name=\"twitter:card\" content=\"summary_large_image\" \/>\n<meta name=\"twitter:label1\" content=\"Gesch\u00e4tzte Lesezeit\" \/>\n\t<meta name=\"twitter:data1\" content=\"1\u00a0Minute\" \/>\n<script type=\"application\/ld+json\" class=\"yoast-schema-graph\">{\"@context\":\"https:\/\/schema.org\",\"@graph\":[{\"@type\":\"WebPage\",\"@id\":\"https:\/\/solupak.eu\/es\/cookie-policy\/\",\"url\":\"https:\/\/solupak.eu\/es\/cookie-policy\/\",\"name\":\"Cookie Policy - Solupak\",\"isPartOf\":{\"@id\":\"https:\/\/solupak.eu\/#website\"},\"datePublished\":\"2021-02-21T16:40:10+00:00\",\"dateModified\":\"2021-02-21T16:40:10+00:00\",\"breadcrumb\":{\"@id\":\"https:\/\/solupak.eu\/es\/cookie-policy\/#breadcrumb\"},\"inLanguage\":\"de\",\"potentialAction\":[{\"@type\":\"ReadAction\",\"target\":[\"https:\/\/solupak.eu\/es\/cookie-policy\/\"]}]},{\"@type\":\"BreadcrumbList\",\"@id\":\"https:\/\/solupak.eu\/es\/cookie-policy\/#breadcrumb\",\"itemListElement\":[{\"@type\":\"ListItem\",\"position\":1,\"name\":\"Home\",\"item\":\"https:\/\/solupak.eu\/\"},{\"@type\":\"ListItem\",\"position\":2,\"name\":\"Cookie Policy\"}]},{\"@type\":\"WebSite\",\"@id\":\"https:\/\/solupak.eu\/#website\",\"url\":\"https:\/\/solupak.eu\/\",\"name\":\"Solupak\",\"description\":\"...just add water\",\"potentialAction\":[{\"@type\":\"SearchAction\",\"target\":{\"@type\":\"EntryPoint\",\"urlTemplate\":\"https:\/\/solupak.eu\/?s={search_term_string}\"},\"query-input\":\"required name=search_term_string\"}],\"inLanguage\":\"de\"}]}<\/script>\n<!-- \/ Yoast SEO plugin. -->","yoast_head_json":{"title":"Cookie Policy - Solupak","robots":{"index":"index","follow":"follow","max-snippet":"max-snippet:-1","max-image-preview":"max-image-preview:large","max-video-preview":"max-video-preview:-1"},"canonical":"https:\/\/solupak.eu\/de\/cookie-policy\/","og_locale":"de_DE","og_type":"article","og_title":"Cookie Policy - Solupak","og_description":"This website uses cookies. The data in these cookies is anonymous and is used to provide enhanced functionality, improved relevancy of information and to help us analyse our traffic.&nbsp; We also share that anonymised information about the use of our site with our analytics partners. We do not use cookies to collect or store your&hellip;","og_url":"https:\/\/solupak.eu\/de\/cookie-policy\/","og_site_name":"Solupak","twitter_card":"summary_large_image","twitter_misc":{"Gesch\u00e4tzte Lesezeit":"1\u00a0Minute"},"schema":{"@context":"https:\/\/schema.org","@graph":[{"@type":"WebPage","@id":"https:\/\/solupak.eu\/es\/cookie-policy\/","url":"https:\/\/solupak.eu\/es\/cookie-policy\/","name":"Cookie Policy - Solupak","isPartOf":{"@id":"https:\/\/solupak.eu\/#website"},"datePublished":"2021-02-21T16:40:10+00:00","dateModified":"2021-02-21T16:40:10+00:00","breadcrumb":{"@id":"https:\/\/solupak.eu\/es\/cookie-policy\/#breadcrumb"},"inLanguage":"de","potentialAction":[{"@type":"ReadAction","target":["https:\/\/solupak.eu\/es\/cookie-policy\/"]}]},{"@type":"BreadcrumbList","@id":"https:\/\/solupak.eu\/es\/cookie-policy\/#breadcrumb","itemListElement":[{"@type":"ListItem","position":1,"name":"Home","item":"https:\/\/solupak.eu\/"},{"@type":"ListItem","position":2,"name":"Cookie Policy"}]},{"@type":"WebSite","@id":"https:\/\/solupak.eu\/#website","url":"https:\/\/solupak.eu\/","name":"Solupak","description":"...just add water","potentialAction":[{"@type":"SearchAction","target":{"@type":"EntryPoint","urlTemplate":"https:\/\/solupak.eu\/?s={search_term_string}"},"query-input":"required name=search_term_string"}],"inLanguage":"de"}]}},"_links":{"self":[{"href":"https:\/\/solupak.eu\/de\/wp-json\/wp\/v2\/pages\/1174"}],"collection":[{"href":"https:\/\/solupak.eu\/de\/wp-json\/wp\/v2\/pages"}],"about":[{"href":"https:\/\/solupak.eu\/de\/wp-json\/wp\/v2\/types\/page"}],"author":[{"embeddable":true,"href":"https:\/\/solupak.eu\/de\/wp-json\/wp\/v2\/users\/1"}],"replies":[{"embeddable":true,"href":"https:\/\/solupak.eu\/de\/wp-json\/wp\/v2\/comments?post=1174"}],"version-history":[{"count":1,"href":"https:\/\/solupak.eu\/de\/wp-json\/wp\/v2\/pages\/1174\/revisions"}],"predecessor-version":[{"id":1175,"href":"https:\/\/solupak.eu\/de\/wp-json\/wp\/v2\/pages\/1174\/revisions\/1175"}],"wp:attachment":[{"href":"https:\/\/solupak.eu\/de\/wp-json\/wp\/v2\/media?parent=1174"}],"curies":[{"name":"wp","href":"https:\/\/api.w.org\/{rel}","templated":true}]}}