{"id":1171,"date":"2021-02-21T16:39:30","date_gmt":"2021-02-21T16:39:30","guid":{"rendered":"https:\/\/solupak.eu\/?page_id=1171"},"modified":"2021-02-21T16:39:31","modified_gmt":"2021-02-21T16:39:31","slug":"privacy-policy-2","status":"publish","type":"page","link":"https:\/\/solupak.eu\/de\/privacy-policy-2\/","title":{"rendered":"Datenschutzbestimmungen"},"content":{"rendered":"<p>F\u00fcr die Zwecke der Allgemeinen Datenschutzverordnung (\"GDPR\") und der britischen Datenschutzgesetze ist der f\u00fcr die Verarbeitung Verantwortliche die Solupak LTD.<\/p>\n\n\n\n<h2>\u00dcber dieses Dokument<\/h2>\n\n\n\n<p>Diese Datenschutzrichtlinie beschreibt die Art und Weise, wie wir Ihre pers\u00f6nlichen\/gesch\u00e4ftlichen Daten verarbeiten. Wir haben diese Datenschutzrichtlinie erstellt, um sicherzustellen, dass Sie wissen, wie wir Ihre Daten als Kunde von Solupak LTD verwenden.<\/p>\n\n\n\n<h2>Wie wir Ihre Informationen sammeln<\/h2>\n\n\n\n<p>Wir k\u00f6nnen Ihre pers\u00f6nlichen\/gesch\u00e4ftlichen Daten auf einige wenige Arten erfassen, n\u00e4mlich:  Direkt von Ihnen, wenn Sie ein Kontoantragsformular ausf\u00fcllen, wenn Sie Anfragen auf unserer Website stellen, wenn Sie Informationen zu an uns gesendeten Bestellungen bereitstellen. Von einem Unternehmen, das in Ihrem Namen bestellt.<\/p>\n\n\n\n<h2>Die Arten von Informationen, die wir sammeln<\/h2>\n\n\n\n<p>Wir k\u00f6nnen die folgenden Arten von pers\u00f6nlichen\/gesch\u00e4ftlichen Daten \u00fcber Sie sammeln:<\/p>\n\n\n\n<ul><li>Kontakt- und Kommunikationsinformationen (einschlie\u00dflich E-Mail-Adresse(n), Telefon<\/li><li>Nummern und Liefer-\/Rechnungsanschrift(en) sowie Aufzeichnungen \u00fcber die Kommunikation und Interaktionen, die wir mit Ihnen hatten);<\/li><li>Finanzielle Informationen bei der Beantragung eines Kontos;<\/li><\/ul>\n\n\n\n<h2>Wie wir pers\u00f6nliche\/gesch\u00e4ftliche Daten verwenden<\/h2>\n\n\n\n<p>Die uns zur Verf\u00fcgung gestellten pers\u00f6nlichen\/gesch\u00e4ftlichen Daten werden verwendet, um eine Gesch\u00e4ftsbeziehung mit Ihnen zu erm\u00f6glichen.<\/p>\n\n\n\n<p>Ganz allgemein werden wir Ihre pers\u00f6nlichen\/gesch\u00e4ftlichen Daten f\u00fcr die folgenden Zwecke verwenden:<\/p>\n\n\n\n<ul><li>Verwaltung Ihrer Auftr\u00e4ge.<\/li><li>Information \u00fcber die Vorlaufzeit.<\/li><li>Entgegennahme von Zahlungen f\u00fcr get\u00e4tigte Bestellungen.<\/li><li>Ausf\u00fchrung von Bestellungen von Waren und Dienstleistungen.<br>Verwaltung von Kontoantr\u00e4gen:<\/li><li>Kreditreferenzen<\/li><li>Kreditvereinbarungen<\/li><li>Zuteilung eines Vertreters bei Bedarf und \u00dcbermittlung Ihrer Kontaktdaten an den Vertreter<br>Informationen;<\/li><li>Speicherung Ihrer Daten auf der Softwareplattform, die wir f\u00fcr die Erfassung von Bestellungen und<br>Fakturierung.<\/li><\/ul>\n\n\n\n<h2>Ihre Marketingpr\u00e4ferenzen<\/h2>\n\n\n\n<p>Wir respektieren stets Ihre W\u00fcnsche hinsichtlich der Art der Mitteilungen, die Sie von uns erhalten m\u00f6chten, und der Art und Weise, wie Sie diese erhalten m\u00f6chten. Es gibt jedoch einige Mitteilungen, die wir Ihnen unabh\u00e4ngig von Ihren Marketingpr\u00e4ferenzen zusenden m\u00fcssen, damit wir unsere vertraglichen Verpflichtungen gegen\u00fcber Ihnen als Kunde von Solupak Limited erf\u00fcllen k\u00f6nnen.<\/p>\n\n\n\n<p>Beispiele f\u00fcr diese wesentlichen Dienstmitteilungen sind:<br>Aufzeichnungen \u00fcber Transaktionen, wie Rechnungen, Zahlungseing\u00e4nge, \u00dcberweisungen und Ausz\u00fcge.<\/p>\n\n\n\n<p>Kundenbezogene Mailings wie Zahlungserinnerungen.<\/p>\n\n\n\n<p>Sie haben die Kontrolle dar\u00fcber, wie wir mit Ihnen kommunizieren. Sie k\u00f6nnen Ihre Auswahl und\/oder Ihre Kontaktdaten aktualisieren, indem Sie sich mit uns in Verbindung setzen:<\/p>\n\n\n\n<p>Post: Solupak Einheit 6, Ripley Close, Normanton industrial Estate, Normanaton WF6 1TB<br>Telefon: 44 (0) 1924 565 120..<br>E-Mail: helen.mcdonald@solupak.eu<\/p>\n\n\n\n<h2>Weitergabe Ihrer Informationen an andere<\/h2>\n\n\n\n<p>Wir verkaufen Ihre pers\u00f6nlichen\/gesch\u00e4ftlichen Daten nicht und geben sie auch nicht an andere Organisationen weiter, die sie anders als im Folgenden beschrieben verwenden.<\/p>\n\n\n\n<p>Die von uns gesammelten und verarbeiteten pers\u00f6nlichen\/gesch\u00e4ftlichen Daten k\u00f6nnen, falls erforderlich, an folgende Dritte weitergegeben werden <\/p>\n\n\n\n<p>Inkassob\u00fcros im Falle unbezahlter Rechnungen.<\/p>\n\n\n\n<h2>Wie lange Ihre Informationen aufbewahrt werden<\/h2>\n\n\n\n<p>Wir bewahren Ihre pers\u00f6nlichen\/gesch\u00e4ftlichen Daten nur so lange auf, wie es f\u00fcr den jeweiligen Zweck, f\u00fcr den wir sie verwenden, erforderlich ist.<\/p>\n\n\n\n<h2>Ihre Rechte<\/h2>\n\n\n\n<p>Unter bestimmten Umst\u00e4nden haben Sie laut Gesetz das Recht auf:<\/p>\n\n\n\n<p>Zugang zu Ihren pers\u00f6nlichen\/gesch\u00e4ftlichen Daten beantragen (allgemein bekannt als \"Antrag auf Zugang zu den Daten\"). Auf diese Weise k\u00f6nnen Sie eine Kopie der pers\u00f6nlichen\/gesch\u00e4ftlichen Daten erhalten, die wir \u00fcber Sie gespeichert haben, und \u00fcberpr\u00fcfen, ob wir sie rechtm\u00e4\u00dfig verarbeiten.<\/p>\n\n\n\n<p>Sie k\u00f6nnen die Berichtigung der pers\u00f6nlichen\/gesch\u00e4ftlichen Daten beantragen, die wir \u00fcber Sie gespeichert haben. Auf diese Weise k\u00f6nnen Sie unvollst\u00e4ndige oder ungenaue Informationen, die wir \u00fcber Sie gespeichert haben, korrigieren lassen.<\/p>\n\n\n\n<p>Antrag auf L\u00f6schung Ihrer pers\u00f6nlichen\/gesch\u00e4ftlichen Daten. Auf diese Weise k\u00f6nnen Sie uns auffordern, Ihre personenbezogenen\/gesch\u00e4ftlichen Daten zu l\u00f6schen oder zu entfernen, wenn es keinen triftigen Grund gibt, sie weiter zu verarbeiten. Sie haben auch das Recht, uns zu bitten, Ihre personenbezogenen\/gesch\u00e4ftlichen Daten zu l\u00f6schen oder zu entfernen, wenn Sie von Ihrem Recht Gebrauch gemacht haben, der Verarbeitung zu widersprechen (siehe unten).<\/p>\n\n\n\n<p>Widerspruch gegen die Verarbeitung Ihrer pers\u00f6nlichen\/gesch\u00e4ftlichen Daten, wenn wir uns auf ein berechtigtes Interesse (oder das eines Dritten) berufen und es etwas in Ihrer besonderen Situation gibt, das Sie veranlasst, der Verarbeitung aus diesem Grund zu widersprechen.<\/p>\n\n\n\n<p>Sie haben auch das Recht, Widerspruch einzulegen, wenn wir Ihre pers\u00f6nlichen\/gesch\u00e4ftlichen Daten f\u00fcr Direktmarketingzwecke verarbeiten.<\/p>\n\n\n\n<p>die Einschr\u00e4nkung der Verarbeitung Ihrer pers\u00f6nlichen\/gesch\u00e4ftlichen Daten beantragen. Auf diese Weise k\u00f6nnen Sie uns bitten, die Verarbeitung Ihrer personenbezogenen\/gesch\u00e4ftlichen Daten auszusetzen, wenn Sie z. B. m\u00f6chten, dass wir die Richtigkeit der Daten oder den Grund f\u00fcr ihre Verarbeitung \u00fcberpr\u00fcfen. Sie k\u00f6nnen auch Ihre Einwilligung widerrufen, wenn diese die Grundlage f\u00fcr die Verarbeitung Ihrer Daten ist (ohne dass die Rechtm\u00e4\u00dfigkeit unserer fr\u00fcheren, auf der Einwilligung beruhenden Verarbeitung beeintr\u00e4chtigt wird). Sie k\u00f6nnen die \u00dcbermittlung Ihrer pers\u00f6nlichen\/gesch\u00e4ftlichen Daten an eine andere Partei verlangen.<\/p>\n\n\n\n<p>Bitte beachten Sie, dass die oben genannten Rechte nicht absolut sind und wir berechtigt sein k\u00f6nnen, Anfragen abzulehnen, wenn Ausnahmen gelten.<\/p>\n\n\n\n<h2>Kontakt und Beschwerden<\/h2>\n\n\n\n<p>Wenn Sie Fragen zu dieser Datenschutzerkl\u00e4rung oder zur Verarbeitung Ihrer pers\u00f6nlichen\/gesch\u00e4ftlichen Daten haben oder eines Ihrer gesetzlichen Rechte aus\u00fcben m\u00f6chten, k\u00f6nnen Sie sich an Solupak wenden.<\/p>\n\n\n\n<p>Post: Solupak Einheit 6, Ripley Close, Normanton industrial Estate, Normanaton WF6 1TB<br>Telefon: 44 (0)1924 565 120.<br>E-Mail: helen.mcdonald@solupak.eu<\/p>\n\n\n\n<p>Wenn Sie mit der Art und Weise, wie wir Ihre pers\u00f6nlichen\/gesch\u00e4ftlichen Daten verarbeiten, nicht zufrieden sind, k\u00f6nnen Sie eine Beschwerde beim Information Commissioner einreichen. Mehr \u00fcber Ihre Rechte nach den geltenden Datenschutzgesetzen erfahren Sie beim Information Commissioner's Office<\/p>\n\n\n\n<p>Website: www.ico.org.uk.<\/p>","protected":false},"excerpt":{"rendered":"<p>Im Sinne der Allgemeinen Datenschutzverordnung (\"GDPR\") und der britischen Datenschutzgesetze ist der f\u00fcr die Verarbeitung Verantwortliche die Solupak LTD. \u00dcber dieses Dokument Diese Datenschutzrichtlinie beschreibt die Art und Weise, wie wir Ihre pers\u00f6nlichen\/gesch\u00e4ftlichen Daten verarbeiten, und wir haben diese Datenschutzrichtlinie erstellt, um sicherzustellen, dass Sie wissen, wie wir Ihre Daten...<\/p>","protected":false},"author":1,"featured_media":0,"parent":0,"menu_order":0,"comment_status":"closed","ping_status":"closed","template":"","meta":[],"yoast_head":"<!-- This site is optimized with the Yoast SEO plugin v19.7.2 - https:\/\/yoast.com\/wordpress\/plugins\/seo\/ -->\n<title>Privacy Policy - Solupak<\/title>\n<meta name=\"robots\" content=\"index, follow, max-snippet:-1, max-image-preview:large, max-video-preview:-1\" \/>\n<link rel=\"canonical\" href=\"https:\/\/solupak.eu\/de\/privacy-policy-2\/\" \/>\n<meta property=\"og:locale\" content=\"de_DE\" \/>\n<meta property=\"og:type\" content=\"article\" \/>\n<meta property=\"og:title\" content=\"Privacy Policy - Solupak\" \/>\n<meta property=\"og:description\" content=\"For the purposes of the General Data Protection Regulation (&#8220;GDPR&#8221;) and UK data protection laws, the controller is Solupak LTD. About this document This privacy policy sets out the way we process your personal\/business data and we\u2019ve created this privacy policy to make sure you are aware of how we use your data as a&hellip;\" \/>\n<meta property=\"og:url\" content=\"https:\/\/solupak.eu\/de\/privacy-policy-2\/\" \/>\n<meta property=\"og:site_name\" content=\"Solupak\" \/>\n<meta property=\"article:modified_time\" content=\"2021-02-21T16:39:31+00:00\" \/>\n<meta name=\"twitter:card\" content=\"summary_large_image\" \/>\n<meta name=\"twitter:label1\" content=\"Gesch\u00e4tzte Lesezeit\" \/>\n\t<meta name=\"twitter:data1\" content=\"4\u00a0Minuten\" \/>\n<script type=\"application\/ld+json\" class=\"yoast-schema-graph\">{\"@context\":\"https:\/\/schema.org\",\"@graph\":[{\"@type\":\"WebPage\",\"@id\":\"https:\/\/solupak.eu\/privacy-policy-2\/\",\"url\":\"https:\/\/solupak.eu\/privacy-policy-2\/\",\"name\":\"Privacy Policy - Solupak\",\"isPartOf\":{\"@id\":\"https:\/\/solupak.eu\/#website\"},\"datePublished\":\"2021-02-21T16:39:30+00:00\",\"dateModified\":\"2021-02-21T16:39:31+00:00\",\"breadcrumb\":{\"@id\":\"https:\/\/solupak.eu\/privacy-policy-2\/#breadcrumb\"},\"inLanguage\":\"de\",\"potentialAction\":[{\"@type\":\"ReadAction\",\"target\":[\"https:\/\/solupak.eu\/privacy-policy-2\/\"]}]},{\"@type\":\"BreadcrumbList\",\"@id\":\"https:\/\/solupak.eu\/privacy-policy-2\/#breadcrumb\",\"itemListElement\":[{\"@type\":\"ListItem\",\"position\":1,\"name\":\"Home\",\"item\":\"https:\/\/solupak.eu\/\"},{\"@type\":\"ListItem\",\"position\":2,\"name\":\"Privacy Policy\"}]},{\"@type\":\"WebSite\",\"@id\":\"https:\/\/solupak.eu\/#website\",\"url\":\"https:\/\/solupak.eu\/\",\"name\":\"Solupak\",\"description\":\"...just add water\",\"potentialAction\":[{\"@type\":\"SearchAction\",\"target\":{\"@type\":\"EntryPoint\",\"urlTemplate\":\"https:\/\/solupak.eu\/?s={search_term_string}\"},\"query-input\":\"required name=search_term_string\"}],\"inLanguage\":\"de\"}]}<\/script>\n<!-- \/ Yoast SEO plugin. -->","yoast_head_json":{"title":"Privacy Policy - Solupak","robots":{"index":"index","follow":"follow","max-snippet":"max-snippet:-1","max-image-preview":"max-image-preview:large","max-video-preview":"max-video-preview:-1"},"canonical":"https:\/\/solupak.eu\/de\/privacy-policy-2\/","og_locale":"de_DE","og_type":"article","og_title":"Privacy Policy - Solupak","og_description":"For the purposes of the General Data Protection Regulation (&#8220;GDPR&#8221;) and UK data protection laws, the controller is Solupak LTD. About this document This privacy policy sets out the way we process your personal\/business data and we\u2019ve created this privacy policy to make sure you are aware of how we use your data as a&hellip;","og_url":"https:\/\/solupak.eu\/de\/privacy-policy-2\/","og_site_name":"Solupak","article_modified_time":"2021-02-21T16:39:31+00:00","twitter_card":"summary_large_image","twitter_misc":{"Gesch\u00e4tzte Lesezeit":"4\u00a0Minuten"},"schema":{"@context":"https:\/\/schema.org","@graph":[{"@type":"WebPage","@id":"https:\/\/solupak.eu\/privacy-policy-2\/","url":"https:\/\/solupak.eu\/privacy-policy-2\/","name":"Privacy Policy - Solupak","isPartOf":{"@id":"https:\/\/solupak.eu\/#website"},"datePublished":"2021-02-21T16:39:30+00:00","dateModified":"2021-02-21T16:39:31+00:00","breadcrumb":{"@id":"https:\/\/solupak.eu\/privacy-policy-2\/#breadcrumb"},"inLanguage":"de","potentialAction":[{"@type":"ReadAction","target":["https:\/\/solupak.eu\/privacy-policy-2\/"]}]},{"@type":"BreadcrumbList","@id":"https:\/\/solupak.eu\/privacy-policy-2\/#breadcrumb","itemListElement":[{"@type":"ListItem","position":1,"name":"Home","item":"https:\/\/solupak.eu\/"},{"@type":"ListItem","position":2,"name":"Privacy Policy"}]},{"@type":"WebSite","@id":"https:\/\/solupak.eu\/#website","url":"https:\/\/solupak.eu\/","name":"Solupak","description":"...just add water","potentialAction":[{"@type":"SearchAction","target":{"@type":"EntryPoint","urlTemplate":"https:\/\/solupak.eu\/?s={search_term_string}"},"query-input":"required name=search_term_string"}],"inLanguage":"de"}]}},"_links":{"self":[{"href":"https:\/\/solupak.eu\/de\/wp-json\/wp\/v2\/pages\/1171"}],"collection":[{"href":"https:\/\/solupak.eu\/de\/wp-json\/wp\/v2\/pages"}],"about":[{"href":"https:\/\/solupak.eu\/de\/wp-json\/wp\/v2\/types\/page"}],"author":[{"embeddable":true,"href":"https:\/\/solupak.eu\/de\/wp-json\/wp\/v2\/users\/1"}],"replies":[{"embeddable":true,"href":"https:\/\/solupak.eu\/de\/wp-json\/wp\/v2\/comments?post=1171"}],"version-history":[{"count":1,"href":"https:\/\/solupak.eu\/de\/wp-json\/wp\/v2\/pages\/1171\/revisions"}],"predecessor-version":[{"id":1172,"href":"https:\/\/solupak.eu\/de\/wp-json\/wp\/v2\/pages\/1171\/revisions\/1172"}],"wp:attachment":[{"href":"https:\/\/solupak.eu\/de\/wp-json\/wp\/v2\/media?parent=1171"}],"curies":[{"name":"wp","href":"https:\/\/api.w.org\/{rel}","templated":true}]}}